{"id":11930,"date":"2023-01-10T04:39:43","date_gmt":"2023-01-10T07:39:43","guid":{"rendered":"https:\/\/cursos.talentup.cl\/?post_type=product&#038;p=11930"},"modified":"2024-02-07T23:37:10","modified_gmt":"2024-02-08T02:37:10","slug":"lee-3-libros-por-semana","status":"publish","type":"product","link":"https:\/\/cursos.talentup.cl\/?product=lee-3-libros-por-semana","title":{"rendered":"LEE 3 LIBROS POR SEMANA"},"content":{"rendered":"<p>El 99% de las personas leen y comprenden solo entre 50 y 250 Palabras por minuto.  <\/p>\n<p>\u00a1La misma velocidad que leer\u00eda un ni\u00f1o de 10 a\u00f1os!<\/p>\n<p>En la era de la informaci\u00f3n quien aprende m\u00e1s r\u00e1pido genera mayores resultados.<\/p>\n<p>\u00a1Con el MasterClass LEE 3 LIBROS POR SEMANA Aprende a retener lo que lees sin necesidad de devolverte! <\/p>\n<p>Ponle un motor turbo a tu cerebro y triplica tu velocidad de lectura con un libro al d\u00eda, a trav\u00e9s de una metodolog\u00eda comprobada.<\/p>\n<p>\u00bfQU\u00c9 VAS A LOGRAR?<\/p>\n<p>Triplicar tu velocidad de lectura llegando a +1,000 PPM y comprender el 100% de lo que lees en 30 d\u00edas o menos.<\/p>\n<p>Mantener m\u00e1xima concentraci\u00f3n, mientras lees incluso si lo haces por varias horas.<\/p>\n<p>Retener todo lo que lees y nunca regresar la p\u00e1gina porque te olvidaste lo que dec\u00eda.<\/p>\n<p>Crear el h\u00e1bito de la lectura diaria, para que sientas deseos de leer en vez de resistencia.<\/p>\n<p>Leer un libro al d\u00eda de una sentada, en apenas un par de horas y nunca dejarlo sin terminar.<\/p>\n<p>Aprender las 7 t\u00e9cnicas de lectura de nuestro m\u00e9todo 3 Libros por Semana que hicieron Gabriel Blanco leer 1,000 libros en 1,000 d\u00edas y establecer un nuevo r\u00e9cord mundial.<\/p>\n<p>Aprender 10 veces m\u00e1s r\u00e1pido a convertirte en un experto, en cualquier tema en tiempo r\u00e9cord.<\/p>\n<p>Adquirir conocimientos, pensar y tomar decisiones como un genio.<\/p>\n<p>Acceder\u00e1s al certificado descargable avalado por Hotmart y Seminarios Online.<\/p>\n<p>\u00bfC\u00d3MO LO VAS A LOGRAR?<\/p>\n<p>Con m\u00e1s de 30 videos, con clases intensivas (90% pr\u00e1ctico) con videos en alta definici\u00f3n divididos en 5 m\u00f3dulos con las siguientes tem\u00e1ticas:<\/p>\n<p>M\u00d3DULO #1 &#8211; Eliminar Paradigmas<\/p>\n<p>Video #1 &#8211; Bienvenida al Curso.<br \/>\nVideo #2 &#8211; Tu Plan de Lectura en 30 D\u00edas.<br \/>\nVideo #3 &#8211; Objetivos del Programa.<br \/>\nVideo #4 &#8211; Tu Objetivo Personal.<br \/>\nVideo #5 &#8211; La Raz\u00f3n #1 Para Leer R\u00e1pido.<br \/>\nVideo #6a &#8211; Eliminar Paradigmas &#8211; Parte 1.<br \/>\nVideo #6b &#8211; Eliminar Paradigmas &#8211; Parte 2.<\/p>\n<p>M\u00d3DULO #2 &#8211; Conocer Los Fundamentos de La Metodolog\u00eda<\/p>\n<p>Video #7 &#8211; Introducci\u00f3n al M\u00f3dulo #2.<br \/>\nVideo #7a &#8211; Malos H\u00e1bitos de Lectura.<br \/>\nVideo #7b &#8211; Velocidad del Movimiento Ocular.<br \/>\nVideo #7c &#8211; Capacidad del Rango Visual.<\/p>\n<p>M\u00d3DULO #3 &#8211; Aprender Los Fundamentos de La Metodolog\u00eda<\/p>\n<p>Video #8 &#8211; Introducci\u00f3n M\u00f3dulo #3.<br \/>\nVideo #9 &#8211; \u00bfC\u00f3mo Medir Tu Velocidad de Lectura.<br \/>\nVideo #10 &#8211; Lo Que Nadie Te Dijo Antes de Leer.<br \/>\nVideo #11 &#8211; Las 7 T\u00e9cnicas de Lectura Veloz.<br \/>\nVideo #12 &#8211; La T\u00e9cnica del Guiador.<br \/>\nVideo #13a &#8211; T\u00e9cnica de Impacto Visual.<br \/>\nVideo #13b &#8211; Ejercicio de Impacto Visual.<br \/>\nVideo #14 &#8211; T\u00e9cnica de Lectura Espacial.<br \/>\nVideo #15 &#8211; Tablas de Walter Schulte.<br \/>\nVideo #16a &#8211; T\u00e9cnica de Saltos y Fijaci\u00f3n.<br \/>\nVideo #16b &#8211; C\u00f3mo Crear Tus Propios Ejercicios de Lectura.<br \/>\nVideo #17 &#8211; T\u00e9cnica de Fijaci\u00f3n Central.<br \/>\nVideo #18 &#8211; T\u00e9cnica del Tarareo.<br \/>\nVideo #19 &#8211; T\u00e9cnica del Enfoque.<\/p>\n<p>M\u00d3DULO #4 &#8211; Practicar La Habilidad<\/p>\n<p>Video #20 &#8211; Introducci\u00f3n M\u00f3dulo #4.<br \/>\nVideo #21 &#8211; Gu\u00eda R\u00e1pida Antes de Leer.<br \/>\nVideo #22 &#8211; El Mundo Actual de la Lectura.<\/p>\n<p>M\u00d3DULO #5 &#8211; Desarrollar La Habilidad<\/p>\n<p>Video #23 &#8211; Introducci\u00f3n al M\u00f3dulo #5.<br \/>\nVideo #24 &#8211; El Secreto #1 para Retener Informaci\u00f3n.<br \/>\nVideo #25 &#8211; M\u00e9todo de Implementaci\u00f3n Inmediata.<br \/>\nVideo #26 &#8211; M\u00e9todo Adquisici\u00f3n de Conocimiento Sectorizado.<br \/>\nVideo #27 &#8211; M\u00e9todo de Documentaci\u00f3n.<\/p>\n<p>ACERCA DEL PRODUCTOR<\/p>\n<p>Desarrollado por GABRIEL BLANCO Y ALBERTO VERA. <\/p>\n<p>Gabriel es empresario digital y r\u00e9cord mundial de lectura certificado por \u00abOfficial World Record\u00bb, al lograr leer 1,000 libros en 1,000 d\u00edas. As\u00ed es, 1 Libro por d\u00eda sin parar. <\/p>\n<p>Alberto es ingeniero residente en Alemania, experto en Mapas Mentales certificado por Tony Buzan y es el dise\u00f1ador inicial del Sistema de Lectura R\u00e1pida \u00ab3 Libros por Semana\u00bb.<\/p>\n<p>Con la uni\u00f3n de estas dos fuerzas se perfecciono este m\u00e9todo para ponerlo a disposici\u00f3n de todo el mundo hispano.<\/p>\n","protected":false},"excerpt":{"rendered":"<p>El 99% de las personas leen y comprenden solo entre 50 y 250 Palabras por minuto.  <\/p>\n<p>\u00a1La misma velocidad que leer\u00eda un ni\u00f1o de 10 a\u00f1os!<\/p>\n<p>En la era de la informaci\u00f3n quien aprende m\u00e1s r\u00e1pido genera mayores resultados.<\/p>\n<p>\u00a1Con el MasterClass LEE 3 LIBROS POR SEMANA Aprende a retener lo que lees sin necesidad de devolverte! <\/p>\n<p>Ponle un motor turbo a tu cerebro y triplica tu velocidad de lectura con un libro al d\u00eda, a trav\u00e9s de una metodolog\u00eda comprobada.<\/p>\n","protected":false},"featured_media":3517,"template":"","meta":{"_joinchat":[]},"product_brand":[],"product_cat":[320,344],"product_tag":[],"class_list":{"0":"post-11930","1":"product","2":"type-product","3":"status-publish","4":"has-post-thumbnail","6":"product_cat-desarrollo-personal","7":"product_cat-todos","9":"first","10":"instock","11":"sale","12":"shipping-taxable","13":"product-type-external"},"_links":{"self":[{"href":"https:\/\/cursos.talentup.cl\/index.php?rest_route=\/wp\/v2\/product\/11930","targetHints":{"allow":["GET"]}}],"collection":[{"href":"https:\/\/cursos.talentup.cl\/index.php?rest_route=\/wp\/v2\/product"}],"about":[{"href":"https:\/\/cursos.talentup.cl\/index.php?rest_route=\/wp\/v2\/types\/product"}],"version-history":[{"count":2,"href":"https:\/\/cursos.talentup.cl\/index.php?rest_route=\/wp\/v2\/product\/11930\/revisions"}],"predecessor-version":[{"id":14234,"href":"https:\/\/cursos.talentup.cl\/index.php?rest_route=\/wp\/v2\/product\/11930\/revisions\/14234"}],"wp:featuredmedia":[{"embeddable":true,"href":"https:\/\/cursos.talentup.cl\/index.php?rest_route=\/wp\/v2\/media\/3517"}],"wp:attachment":[{"href":"https:\/\/cursos.talentup.cl\/index.php?rest_route=%2Fwp%2Fv2%2Fmedia&parent=11930"}],"wp:term":[{"taxonomy":"product_brand","embeddable":true,"href":"https:\/\/cursos.talentup.cl\/index.php?rest_route=%2Fwp%2Fv2%2Fproduct_brand&post=11930"},{"taxonomy":"product_cat","embeddable":true,"href":"https:\/\/cursos.talentup.cl\/index.php?rest_route=%2Fwp%2Fv2%2Fproduct_cat&post=11930"},{"taxonomy":"product_tag","embeddable":true,"href":"https:\/\/cursos.talentup.cl\/index.php?rest_route=%2Fwp%2Fv2%2Fproduct_tag&post=11930"}],"curies":[{"name":"wp","href":"https:\/\/api.w.org\/{rel}","templated":true}]}}