{"id":11931,"date":"2023-01-10T04:39:43","date_gmt":"2023-01-10T07:39:43","guid":{"rendered":"https:\/\/cursos.talentup.cl\/?post_type=product&#038;p=11931"},"modified":"2024-02-07T23:37:10","modified_gmt":"2024-02-08T02:37:10","slug":"mentalidad-emprendedora","status":"publish","type":"product","link":"https:\/\/cursos.talentup.cl\/?product=mentalidad-emprendedora","title":{"rendered":"MENTALIDAD EMPRENDEDORA"},"content":{"rendered":"<p>\u00bfCu\u00e1ntas personas viven dejando de lado sus sue\u00f1os? Sin motivaci\u00f3n y al borde de una crisis econ\u00f3mica y mental.<\/p>\n<p>Muchos emprendedores entierran su energ\u00eda ante la primera dificultad.<\/p>\n<p>Con el MasterClass MENTALIDAD EMPRENDEDORA, desarrolla la confianza que necesitas para comenzar tu negocio.<\/p>\n<p>Aprende a manejar el riesgo, si\u00e9ntete valiente y dale una patada a los miedos que detienen tu fuerza emprendedora, con estrategia.<\/p>\n<p>\u00bfQU\u00c9 VAS A LOGRAR?<\/p>\n<p>Aprender de un curso basado en coaching: c\u00f3mo desatar tu potencial emprendedor.<\/p>\n<p>Ser\u00e1s capaz, de quitarte la m\u00e1scara que llevas puesta para encarnar a la persona L\u00edder que llevas dentro y que est\u00e1 ansiosa por salir a escena.<\/p>\n<p>Ganar mayor confianza, mejores posibilidades y una seguridad s\u00f3lida basada en el autoconocimiento y la aceptaci\u00f3n.<\/p>\n<p>Accede a tu recurso m\u00e1s preciado; la motivaci\u00f3n para pasar a la acci\u00f3n.<\/p>\n<p>Reconocer tus recursos internos para manejar adecuadamente la escasez, con resultados en finanzas, reconocimiento, buenas relaciones y realizaci\u00f3n personal.<\/p>\n<p>Acceder al certificado avalado por Hotmart y Seminarios Online.<\/p>\n<p>\u00bfC\u00d3MO LO VAS A LOGRAR?<\/p>\n<p>A trav\u00e9s de un Master Class basado en los procesos de coaching 1 a 1 basado en la experiencia de JUAN CANTABELLA, su productor con resultados incre\u00edbles. <\/p>\n<p>Dirigido a personas en situaci\u00f3n de estancamiento profesional, con baja autoestima, falta de motivaci\u00f3n, procrastinaci\u00f3n constante y sensaci\u00f3n de sinsentido vital, interesados en desatar su potencial a trav\u00e9s de la poderosa metodolog\u00eda guiada con los siguientes m\u00f3dulos:<\/p>\n<p>PARTE 1: L\u00cdDER DE TU VIDA EN CONSTRUCCI\u00d3N.<\/p>\n<p>LECCI\u00d3N 1. Por qu\u00e9 es crucial ser l\u00edder de tu vida en el s. xxi<br \/>\nLECCI\u00d3N 2. El test del prop\u00f3sito de vida para conocer tu punto DE PARTIDA.<br \/>\nLECCI\u00d3N 3. Profundizando en ti: tus habilidades incre\u00edbles.<br \/>\nLECCI\u00d3N 4. Sacando brillo a lo que de verdad te importa.<br \/>\nLECCI\u00d3N 5. Tomando la decisi\u00f3n que va a cambiar la perspectiva de tu vida.<br \/>\nLECCI\u00d3N 6. D\u00e1ndole la vuelta a la tortilla: cambia las creencias que te limitan.<br \/>\nLECCI\u00d3N 7. Dejando salir a la persona l\u00edder que habita dentro de ti.<br \/>\nLECCI\u00d3N 8. Identificando tus rasgos diferenciadores.<br \/>\nLECCI\u00d3N 9. Creando el manual de tu esencia de l\u00edder.<\/p>\n<p>PARTE 2: SIENDO L\u00cdDER DE TU VIDA.<\/p>\n<p>LECCI\u00d3N 10. Dominando tu intuici\u00f3n: desatando tu poder de l\u00edder de tu vida.<\/p>\n<p>ACERCA DEL AUTOR<\/p>\n<p>Desarrollado por JUAN CANTABELLA, Coach Personal certificado por la Asociaci\u00f3n Internacional de Coaching y Mentoring y Actor Profesional graduado en Artes Esc\u00e9nicas. Cuenta con 10 a\u00f1os de formaci\u00f3n autodidacta en Desarrollo Personal.<\/p>\n<p>A trav\u00e9s de trabajar el poder de la mentalidad, alcanz\u00f3 r\u00e1pidamente su \u00e9xito actoral. Luego comenz\u00f3 como Coach Personal, ayudando a profesionales y emprendedores a ser l\u00edderes de su vida, desatando su potencial y conect\u00e1ndolos con su Prop\u00f3sito.<\/p>\n","protected":false},"excerpt":{"rendered":"<p>\u00bfCu\u00e1ntas personas viven dejando de lado sus sue\u00f1os? Sin motivaci\u00f3n y al borde de una crisis econ\u00f3mica y mental.<\/p>\n<p>Muchos emprendedores entierran su energ\u00eda ante la primera dificultad.<\/p>\n<p>Con el MasterClass MENTALIDAD EMPRENDEDORA, desarrolla la confianza que necesitas para comenzar tu negocio.<\/p>\n<p>Aprende a manejar el riesgo, si\u00e9ntete valiente y dale una patada a los miedos que detienen tu fuerza emprendedora, con estrategia.<\/p>\n","protected":false},"featured_media":3518,"template":"","meta":{"_joinchat":[]},"product_brand":[],"product_cat":[320,344],"product_tag":[],"class_list":{"0":"post-11931","1":"product","2":"type-product","3":"status-publish","4":"has-post-thumbnail","6":"product_cat-desarrollo-personal","7":"product_cat-todos","9":"first","10":"instock","11":"sale","12":"shipping-taxable","13":"product-type-external"},"_links":{"self":[{"href":"https:\/\/cursos.talentup.cl\/index.php?rest_route=\/wp\/v2\/product\/11931","targetHints":{"allow":["GET"]}}],"collection":[{"href":"https:\/\/cursos.talentup.cl\/index.php?rest_route=\/wp\/v2\/product"}],"about":[{"href":"https:\/\/cursos.talentup.cl\/index.php?rest_route=\/wp\/v2\/types\/product"}],"version-history":[{"count":2,"href":"https:\/\/cursos.talentup.cl\/index.php?rest_route=\/wp\/v2\/product\/11931\/revisions"}],"predecessor-version":[{"id":14235,"href":"https:\/\/cursos.talentup.cl\/index.php?rest_route=\/wp\/v2\/product\/11931\/revisions\/14235"}],"wp:featuredmedia":[{"embeddable":true,"href":"https:\/\/cursos.talentup.cl\/index.php?rest_route=\/wp\/v2\/media\/3518"}],"wp:attachment":[{"href":"https:\/\/cursos.talentup.cl\/index.php?rest_route=%2Fwp%2Fv2%2Fmedia&parent=11931"}],"wp:term":[{"taxonomy":"product_brand","embeddable":true,"href":"https:\/\/cursos.talentup.cl\/index.php?rest_route=%2Fwp%2Fv2%2Fproduct_brand&post=11931"},{"taxonomy":"product_cat","embeddable":true,"href":"https:\/\/cursos.talentup.cl\/index.php?rest_route=%2Fwp%2Fv2%2Fproduct_cat&post=11931"},{"taxonomy":"product_tag","embeddable":true,"href":"https:\/\/cursos.talentup.cl\/index.php?rest_route=%2Fwp%2Fv2%2Fproduct_tag&post=11931"}],"curies":[{"name":"wp","href":"https:\/\/api.w.org\/{rel}","templated":true}]}}