{"id":11932,"date":"2023-01-10T04:39:44","date_gmt":"2023-01-10T07:39:44","guid":{"rendered":"https:\/\/cursos.talentup.cl\/?post_type=product&#038;p=11932"},"modified":"2024-02-07T23:37:10","modified_gmt":"2024-02-08T02:37:10","slug":"de-malcriado-a-responsable","status":"publish","type":"product","link":"https:\/\/cursos.talentup.cl\/?product=de-malcriado-a-responsable","title":{"rendered":"DE MALCRIADO A RESPONSABLE"},"content":{"rendered":"<p>Durante la ni\u00f1ez, los hijos comienzan a fortalecer sus h\u00e1bitos.<\/p>\n<p>Cuando las reglas no son claras tienden a imponerlas.<\/p>\n<p>Con el Programa DE MALCRIADO A RESPONSABLE, desarrolla buenas pr\u00e1cticas en tus hijos para que puedan tener h\u00e1bitos positivos en la edad adulta.<br \/>\nAprende como orientarlos para que desarrollen una personalidad \u00fanica con objetivos enfocados.<\/p>\n<p>\u00bfQU\u00c9 VAS A LOGRAR?<\/p>\n<p>Aprender\u00e1s a reconocer y a modificar conductas espec\u00edficas en tu hijo que te ayudar\u00e1n a sembrar h\u00e1bitos desde el amor.<\/p>\n<p>Conocer\u00e1s el desarrollo de agendas productivas.<\/p>\n<p>Aprender\u00e1s c\u00f3mo desarrollar el potencial de tu hijo y ser parte del mismo.<\/p>\n<p>Identificar\u00e1s cu\u00e1les son las \u00e1reas de enfoque en d\u00f3nde la atenci\u00f3n del ni\u00f1o requiere m\u00e1s de ti y en d\u00f3nde tendr\u00e1s que ser t\u00fa el que gu\u00eda su desarrollo.<\/p>\n<p>Lograr\u00e1s identificar cu\u00e1les han sido los h\u00e1bitos y las actividades que tu hijo ha venido desarrollando hasta ahora y cu\u00e1l ser\u00e1 su posible resultado.<\/p>\n<p>Aprender\u00e1s que es una conducta y cuando poder identificarla en una determinada situaci\u00f3n.<\/p>\n<p>Acceder al certificado avalado por Hotmart y Seminarios Online.<\/p>\n<p>\u00bfC\u00d3MO LO VAS A LOGRAR?<\/p>\n<p>Mediante un curso completo y paso a paso donde ayudamos a padres e hijos a un mejor desarrollo personal, cambiar las creencias limitantes y crecer felizmente en familia.<\/p>\n<p>M\u00d3DULO 1: Bienvenida al programa<\/p>\n<p>Video 1. Introducci\u00f3n y bienvenida al curso H\u00e1bitos para ni\u00f1os.<\/p>\n<p>M\u00d3DULO 2: Trabajando los H\u00e1bitos<\/p>\n<p>Video 2. Descubriendo y Creando H\u00e1bitos Positivos.<br \/>\nVideo 3. Practiquemos lo aprendido en la lecci\u00f3n anterior.<\/p>\n<p>M\u00d3DULO 3: Conductas que construyen la personalidad<\/p>\n<p>Video 4. Reforzando Conductas del Ni\u00f1o.<br \/>\nVideo 5. Practiquemos lo aprendido en la lecci\u00f3n anterior.<\/p>\n<p>M\u00d3DULO 4: En equipo es mejor<\/p>\n<p>Video 6. Formando Equipos de Apoyo.<br \/>\nVideo 7. Practiquemos lo aprendido en la lecci\u00f3n anterior.<\/p>\n<p>M\u00d3DULO 5: Reforzando H\u00e1bitos y Conductas indeseadas<\/p>\n<p>Video 8. Reconocimiento y atenci\u00f3n de conductas indeseadas.<br \/>\nVideo 9. Practiquemos lo aprendido en la lecci\u00f3n anterior.<\/p>\n<p>ACERCA DEL PRODUCTOR<\/p>\n<p>Desarrollado por ADONAYS BOSQUE, Psicoterapeuta Cl\u00ednica Infantil con m\u00e1s de 3 a\u00f1os de experiencia en trabajo con Padres y familias disfuncionales.<\/p>\n<p>Especialista en diagn\u00f3sticos psicol\u00f3gicos infantiles como Trastorno de Atenci\u00f3n e hiperactividad, trastornos del espectro autista, trastornos de las habilidades del lenguaje, psicomotricidad y estudios realizados en estr\u00e9s de Padres que ejecuten una crianza activa.<\/p>\n","protected":false},"excerpt":{"rendered":"<p>Durante la ni\u00f1ez, los hijos comienzan a fortalecer sus h\u00e1bitos.<\/p>\n<p>Cuando las reglas no son claras tienden a imponerlas.<\/p>\n<p>Con el Programa DE MALCRIADO A RESPONSABLE, desarrolla buenas pr\u00e1cticas en tus hijos para que puedan tener h\u00e1bitos positivos en la edad adulta.<br \/>\nAprende como orientarlos para que desarrollen una personalidad \u00fanica con objetivos enfocados.<\/p>\n","protected":false},"featured_media":3519,"template":"","meta":{"_joinchat":[]},"product_brand":[],"product_cat":[320,344],"product_tag":[],"class_list":{"0":"post-11932","1":"product","2":"type-product","3":"status-publish","4":"has-post-thumbnail","6":"product_cat-desarrollo-personal","7":"product_cat-todos","9":"first","10":"instock","11":"sale","12":"shipping-taxable","13":"product-type-external"},"_links":{"self":[{"href":"https:\/\/cursos.talentup.cl\/index.php?rest_route=\/wp\/v2\/product\/11932","targetHints":{"allow":["GET"]}}],"collection":[{"href":"https:\/\/cursos.talentup.cl\/index.php?rest_route=\/wp\/v2\/product"}],"about":[{"href":"https:\/\/cursos.talentup.cl\/index.php?rest_route=\/wp\/v2\/types\/product"}],"version-history":[{"count":2,"href":"https:\/\/cursos.talentup.cl\/index.php?rest_route=\/wp\/v2\/product\/11932\/revisions"}],"predecessor-version":[{"id":14236,"href":"https:\/\/cursos.talentup.cl\/index.php?rest_route=\/wp\/v2\/product\/11932\/revisions\/14236"}],"wp:featuredmedia":[{"embeddable":true,"href":"https:\/\/cursos.talentup.cl\/index.php?rest_route=\/wp\/v2\/media\/3519"}],"wp:attachment":[{"href":"https:\/\/cursos.talentup.cl\/index.php?rest_route=%2Fwp%2Fv2%2Fmedia&parent=11932"}],"wp:term":[{"taxonomy":"product_brand","embeddable":true,"href":"https:\/\/cursos.talentup.cl\/index.php?rest_route=%2Fwp%2Fv2%2Fproduct_brand&post=11932"},{"taxonomy":"product_cat","embeddable":true,"href":"https:\/\/cursos.talentup.cl\/index.php?rest_route=%2Fwp%2Fv2%2Fproduct_cat&post=11932"},{"taxonomy":"product_tag","embeddable":true,"href":"https:\/\/cursos.talentup.cl\/index.php?rest_route=%2Fwp%2Fv2%2Fproduct_tag&post=11932"}],"curies":[{"name":"wp","href":"https:\/\/api.w.org\/{rel}","templated":true}]}}