{"id":11934,"date":"2023-01-10T04:39:44","date_gmt":"2023-01-10T07:39:44","guid":{"rendered":"https:\/\/cursos.talentup.cl\/?post_type=product&#038;p=11934"},"modified":"2024-02-07T23:37:10","modified_gmt":"2024-02-08T02:37:10","slug":"rescata-tu-matrimonio","status":"publish","type":"product","link":"https:\/\/cursos.talentup.cl\/?product=rescata-tu-matrimonio","title":{"rendered":"RESCATA TU MATRIMONIO"},"content":{"rendered":"<p>\u00bfEres feliz con tu matrimonio o relaci\u00f3n de pareja?<\/p>\n<p>El 89% de las parejas que se separan, toman esta decisi\u00f3n sin buscar ayuda o una orientaci\u00f3n clara.<\/p>\n<p>Con el MASTER CLASS RESCATA TU MATRIMONIO, Aprende a superar cualquier crisis.<\/p>\n<p>Aplica herramientas para conectar con los gustos y preferencias de tu pareja, la sexualidad y hasta las finanzas personales.<\/p>\n<p>Crea un proyecto de vida que salve tu relaci\u00f3n sin perder la batalla.<\/p>\n<p>\u00bfQU\u00c9 VAS A LOGRAR?<\/p>\n<p>Vivir el matrimonio que siempre quisiste tener, lleno de amor y felicidad.<\/p>\n<p>Vencer el orgullo y el miedo para recuperar el amor que necesitas y reiniciar una nueva relaci\u00f3n.<\/p>\n<p>Desarrollar herramientas para resolver los conflictos con respeto, amor y madurez.<\/p>\n<p>Tener una sexualidad plena y amorosa.<\/p>\n<p>Proyectar tu pareja en proyectos de crecimiento econ\u00f3mico y de bienestar familiar.<\/p>\n<p>Identificar los riesgos de crisis potenciales y resolverlos antes de un colapso en la relaci\u00f3n.<\/p>\n<p>Acceder al certificado descargable, avalado por Hotmart y Seminarios Online.<\/p>\n<p>\u00bfC\u00d3MO LO VAMOS A LOGRAR?<\/p>\n<p>A partir de un curso completo dividido en dos partes:<\/p>\n<p>1.\tLa PRIMERA PARTE tiene el objetivo de tener herramientas para manejar la crisis en pocos d\u00edas para lograr un proceso de perd\u00f3n y reconciliaci\u00f3n y un compromiso que los guiar\u00e1 con nuevos prop\u00f3sitos de respeto y amor.<\/p>\n<p>2.\tEn la SEGUNDA PARTE, comenzar un camino hacia la felicidad con una nueva forma de ver la relaci\u00f3n, m\u00e1s feliz y con un amor mucho m\u00e1s maduro y estable.<\/p>\n<p>TEM\u00c1TICAS:<\/p>\n<p>Evita las conductas que da\u00f1an la relaci\u00f3n.<br \/>\nLo que no me gusta de mi esposa.<br \/>\nLo que no me gusta de mi esposo.<br \/>\nEl arte de la comunicaci\u00f3n efectiva.<br \/>\nSexualidad: Luna de miel para siempre.<br \/>\nFinanzas familiares y trabajo.<br \/>\nEl lugar que deben ocupar mi familia y mis amigos.<br \/>\nTiempo solo para dos.<br \/>\nProyecto de vida juntos.<\/p>\n<p>M\u00d3DULOS:<\/p>\n<p>Video 1 Clase introductoria.<br \/>\nVideo 2 Hablemos y arreglemos nuestra relaci\u00f3n.<br \/>\nVideo 3 Lo que me lastima de ti.<br \/>\nVideo 4 La decisi\u00f3n de seguir juntos.<br \/>\nVideo 5 Evita las conductas que da\u00f1an la relaci\u00f3n (1 parte).<br \/>\nVideo 6 Evita las conductas que da\u00f1an la relaci\u00f3n (2 parte).<br \/>\nVideo 7 Lo que no me gusta de mi esposa.<br \/>\nVideo 9 EL arte de la comunicaci\u00f3n efectiva.<br \/>\nVideo 10 Sexualidad_ \u00a1Luna de miel para siempre!<br \/>\nVideo 11 finanzas familiares y trabajo.<br \/>\nVideo 12 El lugar que debe ocupar mi familia y mis amigos.<br \/>\nVideo 13 Tiempo solo para dos.<br \/>\nVideo 14 Proyecto de vida juntos.<br \/>\nVideo 15 \u00daltimas recomendaciones y despedida.<\/p>\n<p>ACERCA DE LOS PRODUCTORES:<\/p>\n<p>YARELIS ALDAZORO Y H\u00c9CTOR CAMACHO. Ambos, consejeros y consultores con m\u00e1s de 20 a\u00f1os de experiencia en formaci\u00f3n para la familia, con \u00e9nfasis en matrimonios, parejas en uni\u00f3n libre, manejo de conflictos en adolescentes y j\u00f3venes en proceso de noviazgo en Venezuela.<\/p>\n<p>As\u00ed mismo, con formaci\u00f3n en Coaching en dependencia emocional aplicada a matrimonios, Coaching en resoluci\u00f3n de conflictos matrimoniales y Coaching para impartir cursos prematrimoniales, entre otros.<\/p>\n<p>Amplia trayectoria en talleres de crecimiento y resoluci\u00f3n de conflictos para adolescentes y j\u00f3venes en Venezuela. <\/p>\n","protected":false},"excerpt":{"rendered":"<p>\u00bfEres feliz con tu matrimonio o relaci\u00f3n de pareja?<\/p>\n<p>El 89% de las parejas que se separan, toman esta decisi\u00f3n sin buscar ayuda o una orientaci\u00f3n clara.<\/p>\n<p>Con el MASTER CLASS RESCATA TU MATRIMONIO, Aprende a superar cualquier crisis.<\/p>\n<p>Aplica herramientas para conectar con los gustos y preferencias de tu pareja, la sexualidad y hasta las finanzas personales.<\/p>\n<p>Crea un proyecto de vida que salve tu relaci\u00f3n sin perder la batalla.<\/p>\n","protected":false},"featured_media":3521,"template":"","meta":{"_joinchat":[]},"product_brand":[],"product_cat":[320,344],"product_tag":[],"class_list":{"0":"post-11934","1":"product","2":"type-product","3":"status-publish","4":"has-post-thumbnail","6":"product_cat-desarrollo-personal","7":"product_cat-todos","9":"first","10":"instock","11":"sale","12":"shipping-taxable","13":"product-type-external"},"_links":{"self":[{"href":"https:\/\/cursos.talentup.cl\/index.php?rest_route=\/wp\/v2\/product\/11934","targetHints":{"allow":["GET"]}}],"collection":[{"href":"https:\/\/cursos.talentup.cl\/index.php?rest_route=\/wp\/v2\/product"}],"about":[{"href":"https:\/\/cursos.talentup.cl\/index.php?rest_route=\/wp\/v2\/types\/product"}],"version-history":[{"count":2,"href":"https:\/\/cursos.talentup.cl\/index.php?rest_route=\/wp\/v2\/product\/11934\/revisions"}],"predecessor-version":[{"id":14238,"href":"https:\/\/cursos.talentup.cl\/index.php?rest_route=\/wp\/v2\/product\/11934\/revisions\/14238"}],"wp:featuredmedia":[{"embeddable":true,"href":"https:\/\/cursos.talentup.cl\/index.php?rest_route=\/wp\/v2\/media\/3521"}],"wp:attachment":[{"href":"https:\/\/cursos.talentup.cl\/index.php?rest_route=%2Fwp%2Fv2%2Fmedia&parent=11934"}],"wp:term":[{"taxonomy":"product_brand","embeddable":true,"href":"https:\/\/cursos.talentup.cl\/index.php?rest_route=%2Fwp%2Fv2%2Fproduct_brand&post=11934"},{"taxonomy":"product_cat","embeddable":true,"href":"https:\/\/cursos.talentup.cl\/index.php?rest_route=%2Fwp%2Fv2%2Fproduct_cat&post=11934"},{"taxonomy":"product_tag","embeddable":true,"href":"https:\/\/cursos.talentup.cl\/index.php?rest_route=%2Fwp%2Fv2%2Fproduct_tag&post=11934"}],"curies":[{"name":"wp","href":"https:\/\/api.w.org\/{rel}","templated":true}]}}