{"id":11935,"date":"2023-01-10T04:39:44","date_gmt":"2023-01-10T07:39:44","guid":{"rendered":"https:\/\/cursos.talentup.cl\/?post_type=product&#038;p=11935"},"modified":"2024-02-07T23:37:10","modified_gmt":"2024-02-08T02:37:10","slug":"marca-personal-para-empleados-y-empresarios","status":"publish","type":"product","link":"https:\/\/cursos.talentup.cl\/?product=marca-personal-para-empleados-y-empresarios","title":{"rendered":"MARCA PERSONAL PARA EMPLEADOS Y EMPRESARIOS"},"content":{"rendered":"<p>La MARCA PERSONAL es el activo m\u00e1s poderoso que tenemos para vender nuestro conocimiento.<\/p>\n<p>No tener esta presencia de marca clara, puede afectar tus niveles de recordaci\u00f3n y los resultados.<\/p>\n<p>Con el MasterClass MARCA PERSONAL PARA EMPLEADOS Y EMPRESARIOS, puedes asegurar esa presencia que necesitas.<\/p>\n<p>Aprende c\u00f3mo hacer un Blog, un Podcast, publicar por redes, generar embudos de ventas y muchas cosas m\u00e1s para obtener los mejores resultados.<\/p>\n<p>\u00bfQU\u00c9 VAS A LOGRAR?<\/p>\n<p>Empezar un negocio como independiente o como Freelancer para comercializar tu conocimiento.<\/p>\n<p>Posicionar tu marca profesional de forma efectiva y convertirte en un referente de la industria.<\/p>\n<p>Obtener m\u00e1s y mejores ofertas de empleo al proyectar una imagen presencial y digital s\u00f3lida.<\/p>\n<p>Diferenciarte y destacarte dentro de millones de aplicantes a vacantes o licitaci\u00f3n de proyectos rentables.<\/p>\n<p>Impulsar tu negocio, teniendo acceso a m\u00e1s clientes potenciales, mejor cualificados.<\/p>\n<p>Darle un vuelco a tu carrera profesional YA.<\/p>\n<p>Crear tus propias oportunidades de venta y de empleo convirti\u00e9ndote en un referente de tu industria y aumentando el valor de tu marca personal.<\/p>\n<p>Acceder al certificado descargable avalado por Hotmart y Seminarios Online.<\/p>\n<p>\u00bfC\u00d3MO LO VAS A LOGRAR?<\/p>\n<p>Este Masterclass online incluye estrategias, revisi\u00f3n de casos de \u00e9xito y demos en tiempo real usando herramientas del siguiente contenido:<\/p>\n<p>7 Estrategias COMPROBADAS con m\u00e1s de 100 profesionales sobre c\u00f3mo posicionar tu marca:<\/p>\n<p>Introducci\u00f3n.<br \/>\nCrear tu presencia en l\u00ednea.<br \/>\nAlimentaci\u00f3n del embudo de ventas.<br \/>\nCanales de producci\u00f3n de contenido.<br \/>\nMedios de ingreso.<br \/>\n\u00bfC\u00f3mo aumentar nuestra influencia online?<br \/>\nIncrementar nuestra experiencia y credenciales<br \/>\nAumentar networking profesional<\/p>\n<p>Bonus 3 &#8211; D\u00edas de posts.<br \/>\nBonus 2 &#8211; \u00bfC\u00f3mo publicar con impacto?<br \/>\nDemo 1 &#8211; Creando un anuncio en Google.<br \/>\nDemo 2 &#8211; Creando un anuncio en Facebook.<br \/>\nDemo 3 &#8211; Creando un anuncio en LinkedIn.<\/p>\n<p>ACERCA DEL PRODUCTOR:<\/p>\n<p>Desarrollado RICARDO P\u00c9REZ, growth marketer con m\u00e1s de 6 a\u00f1os de experiencia creando e impulsando marcas en diferentes pa\u00edses. <\/p>\n<p>Ha apoyado a los clientes a crecer sus marcas profesionales y personales en casi todas las plataformas en l\u00ednea y usando los principales canales de comunicaci\u00f3n. (blogs, videos, podcasts, etc\u2026)  <\/p>\n","protected":false},"excerpt":{"rendered":"<p>La MARCA PERSONAL es el activo m\u00e1s poderoso que tenemos para vender nuestro conocimiento.<\/p>\n<p>No tener esta presencia de marca clara, puede afectar tus niveles de recordaci\u00f3n y los resultados.<\/p>\n<p>Con el MasterClass MARCA PERSONAL PARA EMPLEADOS Y EMPRESARIOS, puedes asegurar esa presencia que necesitas.<\/p>\n<p>Aprende c\u00f3mo hacer un Blog, un Podcast, publicar por redes, generar embudos de ventas y muchas cosas m\u00e1s para obtener los mejores resultados.<\/p>\n","protected":false},"featured_media":3522,"template":"","meta":{"_joinchat":[]},"product_brand":[],"product_cat":[320,344],"product_tag":[],"class_list":{"0":"post-11935","1":"product","2":"type-product","3":"status-publish","4":"has-post-thumbnail","6":"product_cat-desarrollo-personal","7":"product_cat-todos","9":"first","10":"instock","11":"sale","12":"shipping-taxable","13":"product-type-external"},"_links":{"self":[{"href":"https:\/\/cursos.talentup.cl\/index.php?rest_route=\/wp\/v2\/product\/11935","targetHints":{"allow":["GET"]}}],"collection":[{"href":"https:\/\/cursos.talentup.cl\/index.php?rest_route=\/wp\/v2\/product"}],"about":[{"href":"https:\/\/cursos.talentup.cl\/index.php?rest_route=\/wp\/v2\/types\/product"}],"version-history":[{"count":2,"href":"https:\/\/cursos.talentup.cl\/index.php?rest_route=\/wp\/v2\/product\/11935\/revisions"}],"predecessor-version":[{"id":14239,"href":"https:\/\/cursos.talentup.cl\/index.php?rest_route=\/wp\/v2\/product\/11935\/revisions\/14239"}],"wp:featuredmedia":[{"embeddable":true,"href":"https:\/\/cursos.talentup.cl\/index.php?rest_route=\/wp\/v2\/media\/3522"}],"wp:attachment":[{"href":"https:\/\/cursos.talentup.cl\/index.php?rest_route=%2Fwp%2Fv2%2Fmedia&parent=11935"}],"wp:term":[{"taxonomy":"product_brand","embeddable":true,"href":"https:\/\/cursos.talentup.cl\/index.php?rest_route=%2Fwp%2Fv2%2Fproduct_brand&post=11935"},{"taxonomy":"product_cat","embeddable":true,"href":"https:\/\/cursos.talentup.cl\/index.php?rest_route=%2Fwp%2Fv2%2Fproduct_cat&post=11935"},{"taxonomy":"product_tag","embeddable":true,"href":"https:\/\/cursos.talentup.cl\/index.php?rest_route=%2Fwp%2Fv2%2Fproduct_tag&post=11935"}],"curies":[{"name":"wp","href":"https:\/\/api.w.org\/{rel}","templated":true}]}}