{"id":11936,"date":"2023-01-10T04:39:44","date_gmt":"2023-01-10T07:39:44","guid":{"rendered":"https:\/\/cursos.talentup.cl\/?post_type=product&#038;p=11936"},"modified":"2024-02-07T23:37:10","modified_gmt":"2024-02-08T02:37:10","slug":"tu-talento-tu-emprendimiento","status":"publish","type":"product","link":"https:\/\/cursos.talentup.cl\/?product=tu-talento-tu-emprendimiento","title":{"rendered":"TU TALENTO \u2013 TU EMPRENDIMIENTO"},"content":{"rendered":"<p>\u00bfTe has preguntado c\u00f3mo sacarle provecho a lo que m\u00e1s te gusta?<\/p>\n<p>Hay muchas personas con excelentes ideas que no las llevan a cabo\u2026uno de ellos podr\u00eda ser t\u00fa.<\/p>\n<p>Con el MasterClass TU TALENTO, TU EMPRENDIMIENTO, puedes comenzar tu propio negocio digital haciendo aquello que m\u00e1s sabes.<\/p>\n<p>Potencia tus habilidades, convirti\u00e9ndolas en un producto digital exitoso, usando correctamente Facebook, Instagram, YouTube y TikTok.<\/p>\n<p>\u00bfQU\u00c9 VAS A LOGRAR?<\/p>\n<p>Aumentar tus resultados transformando tus habilidades en un negocio rentable por internet.<\/p>\n<p>Conocerte a ti mismo identificando tus habilidades, reconociendo y confrontando los miedos que no te han dejado avanzar hacia tu prosperidad econ\u00f3mica y profesional.<\/p>\n<p>Relacionarte mejor con el dinero atrayendo la prosperidad y la abundancia ilimitada a tu vida.<\/p>\n<p>Conocer historias inspiradoras de otras personas, como t\u00fa, que hoy en d\u00eda hacen lo que aman y ganan dinero por ello.<\/p>\n<p>Reconocer tu talento y c\u00f3mo monetizarlo convirti\u00e9ndolo en un negocio exitoso en la era digital.<\/p>\n<p>Convertir tu conocimiento en un producto digital que te genere ingresos residuales de por vida.<br \/>\nAprender a comercializar tus productos f\u00edsicos a nivel global, ampliando tu mercado y maximizando tus ganancias.<\/p>\n<p>Aprender a generar ingresos cobrando de una forma segura y sin salir de tu casa a trav\u00e9s de las diferentes plataformas digitales.<\/p>\n<p>Conocer los m\u00e9todos m\u00e1s efectivos para monetizar tus redes sociales: Youtube, TikTok, Instagram y Tik Tok.<\/p>\n<p>Construir relaciones de valor con tus clientes.<\/p>\n<p>Aprender a desarrollar un plan financiero b\u00e1sico para que crezca tu negocio.<\/p>\n<p>Pertenecer a una comunidad de econom\u00eda solidaria donde puedes crear nuevos amigos mientras haces dinero con tu talento.<\/p>\n<p>Acceder al certificado avalado por Hotmart y Seminarios Online.<\/p>\n<p>\u00bfC\u00d3MO LO VAS A LOGRAR?<\/p>\n<p>Mediante un recorrido guiado y paso a paso, te invitamos a vivir una experiencia educativa \u00fanica a trav\u00e9s de m\u00e1s de 4 horas de video distribuidos en 7 m\u00f3dulos. <\/p>\n<p>Te explicaremos de la forma m\u00e1s clara, f\u00e1cil y efectiva c\u00f3mo lograr grandes resultados a partir de las siguientes tem\u00e1ticas:<\/p>\n<p>Parte 1. \u00bfQui\u00e9nes somos y qu\u00e9 vas a lograr.<br \/>\nParte 2. Adquiere la mentalidad correcta para alcanzar tus objetivos.<br \/>\nParte 3. Equilibra tus pensamientos frente al dinero y entra en un estado de abundancia.<br \/>\nParte 4. \u00bfC\u00f3mo funciona nuestro cerebro_ \u00bfPor qu\u00e9 saber esto te ayuda a identificar tu talento.<br \/>\nParte 5. Alinea tu vida con tu vocaci\u00f3n. Haciendo un cambio de paradigma profesional.<br \/>\nParte 6. Reconoce tu prop\u00f3sito de vida para lograr que tu talento te genere ingresos.<br \/>\nParte 7. Confronta los miedos que no te dejan avanzar.<br \/>\nParte 8. Aplica el Test de 34 Talentos de CliftonStrengths y reconoce tus 5 talentos dominantes.<br \/>\nParte 9. Entrevista a dos empresarias ejemplo de c\u00f3mo monetizar un talento.<br \/>\nParte 10. Convierte tu talento en un producto.<br \/>\nParte 11. Monetiza tu conocimiento y habilidades a trav\u00e9s de los cursos digitales.<br \/>\nParte 12. Gana dinero a trav\u00e9s de plantillas digitales.<br \/>\nParte 13. Convierte lo que sabes en clases virtuales EN VIVO.<br \/>\nParte 14. Convierte tu talento y pasi\u00f3n por la escritura en un BLOG que te generar\u00e1 ingresos pasivos en el tiempo.<br \/>\nParte 15. Ofrece Servicios En L\u00ednea y rentabiliza tus habilidades.<br \/>\nParte 16. Monetiza tu conocimiento a trav\u00e9s de Test Online.<br \/>\nParte 17. Monetiza tu lista de recursos a trav\u00e9s de un Directorio Online.<br \/>\nParte 18. Lo que has estudiado por un largo tiempo lo puedes convertir en una Investigaci\u00f3n para vender En L\u00ednea.<br \/>\nParte 19. Vende valiosa informaci\u00f3n a trav\u00e9s de Newsletters.<br \/>\nParte 20. Si tu talento es la voz comparte y monetiza tu conocimiento a trav\u00e9s de un PODCAST.<br \/>\nParte 21. \u00bfTe gusta hacer videos_ Convierte en un YOUTUBER y gana dinero al hacerlo.<br \/>\nParte 22. El Arte de escribir puede convertirse en un Ebook.<br \/>\nParte 23. Crea Audiolibros y gana dinero a trav\u00e9s de ellos.<br \/>\nParte 24. Gu\u00edas Online_ tu conocimiento orienta a otras personas y te genera ingresos.<br \/>\nParte 25. Comparte tu conocimiento por medio de un Checklist pr\u00e1ctico y rentable.<br \/>\nParte 26. Workbooks_ sintetiza tus conocimientos y genera valor a los dem\u00e1s.<br \/>\nParte 27. Talleres y Din\u00e1micas_ una fuente de ingresos a partir de compartir tu experiencia en el manejo de grupos.<br \/>\nParte 28. Si ya tienes un producto f\u00edsico, te ense\u00f1amos como volverlo digital y venderlo en l\u00ednea.<br \/>\nParte 29. Si tu talento es la M\u00fasica aprende a monetizarlo.<br \/>\nParte 30. Recrea toda una experiencia a tus clientes. No te limites s\u00f3lo a vender un producto.<br \/>\nParte 31. TIK TOK_ Una de las plataformas mas usadas en la actualidad.<br \/>\nParte 32. Monetiza tu voz a trav\u00e9s de Voices.com.<br \/>\nParte 33. Si tienes habilidades con los n\u00fameros la opci\u00f3n para monetizar tu talento es hacer TRADING.<br \/>\nParte 34. \u00bfTe destacas por capturar los mejores momentos_ Monetiza tu talento vendiendo tus fotograf\u00edas.<br \/>\nParte 35. Flexjobs_ genera ingresos en l\u00ednea y sin salir de casa.<br \/>\nParte 36. Freelancer_ gana dinero realizando trabajos para personas que necesitan tus habilidades.<br \/>\nParte 37. Taskrabbit_ la plataforma de trabajos presenciales para que generes ingresos en tu \u00e1rea.<br \/>\nParte 38. Introducci\u00f3n a la comercializaci\u00f3n.<br \/>\nParte 39. Aprende a vender tus Infoproductos.<br \/>\nParte 40. C\u00f3mo puedes usar FACEBOOKS ADS para vender tus infoproductos.<br \/>\nParte 41. Comercializa tus productos f\u00edsicos en las mejores plataformas digitales.<br \/>\nParte 42. Aprende a vender tus conocimientos profesionales En L\u00ednea.<br \/>\nParte 43. Aprende a comercializar tus Clases en L\u00ednea.<br \/>\nParte 44. Implementa m\u00e9todos adecuados para que cobres por tus servicios o productos de manera \u00e1gil y segura.<br \/>\nParte 45. Construye relaciones de valor con tus clientes a trav\u00e9s del Marketing Relacional.<br \/>\nParte 46. Aplica un plan financiero para que tu empresa crezca exponencialmente en el tiempo.<br \/>\nParte 47. Despedida y mensaje final.<\/p>\n<p>ACERCA DE LOS PRODUCTORES:<\/p>\n<p>MAR\u00cdA ALEJANDRA N\u00da\u00d1EZ: Es dise\u00f1adora gr\u00e1fica y Marketer. Su mayor talento es el servicio. lo reconoci\u00f3 creando exitosos modelos de negocio de alojamientos tur\u00edsticos y a trav\u00e9s de su empresa. Educa a miles de personas a partir de lo que mejor sabe hacer: Superhost en Airbnb. <\/p>\n<p>Agente inmobiliaria con m\u00e1s de 10 a\u00f1os haciendo lo que ama, generando m\u00e1s de 100mil USD al a\u00f1o en ingresos. Este entrenamiento es basado en su conocimiento y sus habilidades. <\/p>\n<p>JAVIER CURTIDOR; M\u00e1ster en Marketing Digital y MBA. Empresario y destacado productor de cursos digitales a trav\u00e9s de los cu\u00e1les ha logrado desarrollar importantes propuestas innovadoras y productivas enfocadas al crecimiento personal y los negocios. <\/p>\n<p>Adem\u00e1s, es m\u00fasico, conferencista, locutor, podcaster, experto en PNL y COACH. Hoy genera ingresos a partir de sus talentos y habilidades y haciendo lo que ama. Te llevar\u00e1 a trav\u00e9s de este apasionante recorrido donde lograr\u00e1s monetizar tu talento, hacer lo que m\u00e1s te gusta y lograr que te paguen por ello.<\/p>\n","protected":false},"excerpt":{"rendered":"<p>\u00bfTe has preguntado c\u00f3mo sacarle provecho a lo que m\u00e1s te gusta?<\/p>\n<p>Hay muchas personas con excelentes ideas que no las llevan a cabo\u2026uno de ellos podr\u00eda ser t\u00fa.<\/p>\n<p>Con el MasterClass TU TALENTO, TU EMPRENDIMIENTO, puedes comenzar tu propio negocio digital haciendo aquello que m\u00e1s sabes.<\/p>\n<p>Potencia tus habilidades, convirti\u00e9ndolas en un producto digital exitoso, usando correctamente Facebook, Instagram, YouTube y TikTok.<\/p>\n","protected":false},"featured_media":3523,"template":"","meta":{"_joinchat":[]},"product_brand":[],"product_cat":[320,344],"product_tag":[],"class_list":{"0":"post-11936","1":"product","2":"type-product","3":"status-publish","4":"has-post-thumbnail","6":"product_cat-desarrollo-personal","7":"product_cat-todos","9":"first","10":"instock","11":"sale","12":"shipping-taxable","13":"product-type-external"},"_links":{"self":[{"href":"https:\/\/cursos.talentup.cl\/index.php?rest_route=\/wp\/v2\/product\/11936","targetHints":{"allow":["GET"]}}],"collection":[{"href":"https:\/\/cursos.talentup.cl\/index.php?rest_route=\/wp\/v2\/product"}],"about":[{"href":"https:\/\/cursos.talentup.cl\/index.php?rest_route=\/wp\/v2\/types\/product"}],"version-history":[{"count":2,"href":"https:\/\/cursos.talentup.cl\/index.php?rest_route=\/wp\/v2\/product\/11936\/revisions"}],"predecessor-version":[{"id":14240,"href":"https:\/\/cursos.talentup.cl\/index.php?rest_route=\/wp\/v2\/product\/11936\/revisions\/14240"}],"wp:featuredmedia":[{"embeddable":true,"href":"https:\/\/cursos.talentup.cl\/index.php?rest_route=\/wp\/v2\/media\/3523"}],"wp:attachment":[{"href":"https:\/\/cursos.talentup.cl\/index.php?rest_route=%2Fwp%2Fv2%2Fmedia&parent=11936"}],"wp:term":[{"taxonomy":"product_brand","embeddable":true,"href":"https:\/\/cursos.talentup.cl\/index.php?rest_route=%2Fwp%2Fv2%2Fproduct_brand&post=11936"},{"taxonomy":"product_cat","embeddable":true,"href":"https:\/\/cursos.talentup.cl\/index.php?rest_route=%2Fwp%2Fv2%2Fproduct_cat&post=11936"},{"taxonomy":"product_tag","embeddable":true,"href":"https:\/\/cursos.talentup.cl\/index.php?rest_route=%2Fwp%2Fv2%2Fproduct_tag&post=11936"}],"curies":[{"name":"wp","href":"https:\/\/api.w.org\/{rel}","templated":true}]}}