{"id":11967,"date":"2023-01-10T04:39:48","date_gmt":"2023-01-10T07:39:48","guid":{"rendered":"https:\/\/cursos.talentup.cl\/?post_type=product&#038;p=11967"},"modified":"2024-02-07T23:37:10","modified_gmt":"2024-02-08T02:37:10","slug":"persuasion-para-alcanzar-tus-metas","status":"publish","type":"product","link":"https:\/\/cursos.talentup.cl\/?product=persuasion-para-alcanzar-tus-metas","title":{"rendered":"PERSUASI\u00d3N PARA ALCANZAR TUS METAS"},"content":{"rendered":"<p>\u201cLa habilidad que cualquier emprendedor necesita\u201d<\/p>\n<p>Acumular conocimiento no siempre asegura resultados. <\/p>\n<p>Si no sabes convencer, lograrlo ser\u00e1 m\u00e1s dif\u00edcil.<\/p>\n<p>Con el MasterClass PERSUACI\u00d3N PARA ALCANZAR TUS METAS conocer\u00e1s las t\u00e9cnicas de influencia y los principios de negociaci\u00f3n que grandes empresarios y emprendedores dominan para ser exitosos.<\/p>\n<p>Conoce t\u00e9cnicas basadas en las neurociencias que te llevar\u00e1n a impactar tus estrategias de marketing, a partir de herramientas que te llevar\u00e1n a entrar en la mente de las personas.<\/p>\n<p>Figuras extraordinarias como Tony Robbins, Elon Musk y Warren Buffett coincidieron en que aprender a persuadir es la habilidad m\u00e1s importante que debe adquirir una persona para educar a sus hijos, formar un equipo de trabajo, vender un producto o servicio; conseguir empleo un ascenso o conquistar a tu pareja, tus clientes, etc.<\/p>\n<p>\u00bfQU\u00c9 VAS A LOGRAR?<\/p>\n<p>1.\tComprender c\u00f3mo funciona el cerebro y el comportamiento humano, para persuadir efectivamente.<\/p>\n<p>2.\tConocer y aplicar + de 30 T\u00e9cnicas de persuasi\u00f3n avanzada.<\/p>\n<p>3.\tDescubrir c\u00f3mo hacer para ganar el \u201cS\u00cd\u201d de los dem\u00e1s con una f\u00f3rmula infalible.<\/p>\n<p>4.\tDetectar personas manipuladoras y defenderte de abusos potenciales.<\/p>\n<p>5.\tEliminar los errores m\u00e1s comunes al momento de persuadir.<\/p>\n<p>6.\tAplicar los patrones ling\u00fc\u00edsticos para persuadir (qu\u00e9 decir, cu\u00e1ndo y c\u00f3mo decirlo) las f\u00f3rmulas perfectas para aplicar las t\u00e9cnicas de persuasi\u00f3n en cada momento.<\/p>\n<p>7.\tLlevar las leyes de la persuasi\u00f3n al \u00e1mbito de las ventas, para ganarte el coraz\u00f3n de todos tus clientes y ser un vendedor exitoso.<\/p>\n<p>8.\tConocer los principios de la Negociaci\u00f3n efectiva, y la diferencia fundamental que tiene con la persuasi\u00f3n y evitar errores que la mayor\u00eda de las personas comete.<\/p>\n<p>9.\tDesarrollar la habilidad para \u201cmeterte\u201d en la cabeza de los dem\u00e1s y as\u00ed persuadir efectivamente.<\/p>\n<p>10.\tAcceder al certificado avalado por Hotmart y seminarios Online.<\/p>\n<p>\u00bfC\u00d3MO LO VAS A LOGRAR?<\/p>\n<p>Mediante una metodolog\u00eda guiada a partir de 8 pasos: <\/p>\n<p>Video 1 Introducci\u00f3n a la Persuasi\u00f3n \u00c9tica Avanzada.<br \/>\nVideo 2 Fundamentos de la persuasi\u00f3n.<br \/>\nVideo 3 Diferencia con la manipulaci\u00f3n.<br \/>\nVideo 4 Naturaleza y conducta humana.<br \/>\nVideo 5 El principio N\u00b01 de la persuasi\u00f3n.<br \/>\nVideo 6 Ley de la voluntad y del ego\u00edsmo.<br \/>\nVideo 7 Ley de la reciprocidad y de la escasez.<br \/>\nVideo 8 Ley del antecedente, autoridad y sorpresa.<br \/>\nVideo 9 Ley de la simplicidad, empaque e imagen.<br \/>\nVideo 10 Ley del elogio, atractivo y fe.<br \/>\nVideo 11 Ley del contraste, afinidad y PNL.<br \/>\nVideo 12 Ley de la asosiaci\u00f3n, consistencia y secreto.<br \/>\nVideo 13 Importando Objetos p1.<br \/>\nVideo 14 Ley del 3, verbo y fama.<br \/>\nVideo 15 Ley de la confianza, balance, manada y geograf\u00eda.<br \/>\nVideo 16 Errores comunes al persuadir.<br \/>\nVideo 17 Evitar la manipulaci\u00f3n y abuso.<br \/>\nVideo 18 T\u00e9cnicas de manipulaci\u00f3n.<br \/>\nVideo 19 Defensas contra la manipulaci\u00f3n.<br \/>\nVideo 20 Patrones ling\u00fc\u00edsticos.<br \/>\nVideo 21 Bonus 1 &#8211; Patr\u00f3n para lograr el S\u00cd.<br \/>\nVideo 22 Bonus 1- Patrones de elecci\u00f3n.<br \/>\nVideo 23 Bonus 2 VENTAS.<br \/>\nVideo 24 Bonus 3 negociaci\u00f3n y regalo final.<br \/>\nDIAPOSITIVAS.<\/p>\n<p>ACERCA DEL PRODUCTOR:<\/p>\n<p>Desarrollado por JUAN IGNACIO BUSICO, un emprendedor innato de 21 a\u00f1os y un gran estudioso del funcionamiento del cerebro humano, administraci\u00f3n de empresas y neurociencias aplicadas a marketing y ventas. <\/p>\n<p>Luego de escribir su libro \u201cPersuasi\u00f3n \u00c9tica Avanzada\u201d, Juan quiso transmitir todo su conocimiento y t\u00e9cnicas de persuasi\u00f3n a un formato audiovisual, ya que es fundamental para persuadir; haciendo uso del lenguaje corporal y los tonos de voz, los cuales no pueden ser transmitidos con ejemplos pr\u00e1cticos por medio de la escritura.<\/p>\n","protected":false},"excerpt":{"rendered":"<p>\u201cLa habilidad que cualquier emprendedor necesita\u201d<\/p>\n<p>Acumular conocimiento no siempre asegura resultados. <\/p>\n<p>Si no sabes convencer, lograrlo ser\u00e1 m\u00e1s dif\u00edcil.<\/p>\n<p>Con el MasterClass PERSUACI\u00d3N PARA ALCANZAR TUS METAS conocer\u00e1s las t\u00e9cnicas de influencia y los principios de negociaci\u00f3n que grandes empresarios y emprendedores dominan para ser exitosos.<\/p>\n<p>Conoce t\u00e9cnicas basadas en las neurociencias que te llevar\u00e1n a impactar tus estrategias de marketing, a partir de herramientas que te llevar\u00e1n a entrar en la mente de las personas.<\/p>\n<p>Figuras extraordinarias como Tony Robbins, Elon Musk y Warren Buffett coincidieron en que aprender a persuadir es la habilidad m\u00e1s importante que debe adquirir una persona para educar a sus hijos, formar un equipo de trabajo, vender un producto o servicio; conseguir empleo un ascenso o conquistar a tu pareja, tus clientes, etc.<\/p>\n","protected":false},"featured_media":3524,"template":"","meta":{"_joinchat":[]},"product_brand":[],"product_cat":[320,344],"product_tag":[],"class_list":{"0":"post-11967","1":"product","2":"type-product","3":"status-publish","4":"has-post-thumbnail","6":"product_cat-desarrollo-personal","7":"product_cat-todos","9":"first","10":"instock","11":"sale","12":"shipping-taxable","13":"product-type-external"},"_links":{"self":[{"href":"https:\/\/cursos.talentup.cl\/index.php?rest_route=\/wp\/v2\/product\/11967","targetHints":{"allow":["GET"]}}],"collection":[{"href":"https:\/\/cursos.talentup.cl\/index.php?rest_route=\/wp\/v2\/product"}],"about":[{"href":"https:\/\/cursos.talentup.cl\/index.php?rest_route=\/wp\/v2\/types\/product"}],"version-history":[{"count":2,"href":"https:\/\/cursos.talentup.cl\/index.php?rest_route=\/wp\/v2\/product\/11967\/revisions"}],"predecessor-version":[{"id":14241,"href":"https:\/\/cursos.talentup.cl\/index.php?rest_route=\/wp\/v2\/product\/11967\/revisions\/14241"}],"wp:featuredmedia":[{"embeddable":true,"href":"https:\/\/cursos.talentup.cl\/index.php?rest_route=\/wp\/v2\/media\/3524"}],"wp:attachment":[{"href":"https:\/\/cursos.talentup.cl\/index.php?rest_route=%2Fwp%2Fv2%2Fmedia&parent=11967"}],"wp:term":[{"taxonomy":"product_brand","embeddable":true,"href":"https:\/\/cursos.talentup.cl\/index.php?rest_route=%2Fwp%2Fv2%2Fproduct_brand&post=11967"},{"taxonomy":"product_cat","embeddable":true,"href":"https:\/\/cursos.talentup.cl\/index.php?rest_route=%2Fwp%2Fv2%2Fproduct_cat&post=11967"},{"taxonomy":"product_tag","embeddable":true,"href":"https:\/\/cursos.talentup.cl\/index.php?rest_route=%2Fwp%2Fv2%2Fproduct_tag&post=11967"}],"curies":[{"name":"wp","href":"https:\/\/api.w.org\/{rel}","templated":true}]}}