{"id":11977,"date":"2023-01-10T04:39:48","date_gmt":"2023-01-10T07:39:48","guid":{"rendered":"https:\/\/cursos.talentup.cl\/?post_type=product&#038;p=11977"},"modified":"2024-02-07T23:37:14","modified_gmt":"2024-02-08T02:37:14","slug":"flujo-de-caja-para-emprendedores","status":"publish","type":"product","link":"https:\/\/cursos.talentup.cl\/?product=flujo-de-caja-para-emprendedores","title":{"rendered":"FLUJO DE CAJA PARA EMPRENDEDORES"},"content":{"rendered":"<p>\u00bfQU\u00c9 VAS A LOGRAR?<\/p>\n<p>Como profesional, nos encanta darle todo el apoyo a los emprendedores para que alcancen el \u00e9xito. Sin embargo, aquellos suelen enfocarse solo en Comprar, Producir, Almacenar, Vender, pero muy poco en procesos de apoyo; Contabilidad, Recursos Humanos, Sistemas y procesos Jur\u00eddicos.<\/p>\n<p>Muchos de ellos, realizan acciones indebidas al no definir uno salario para ellos mismos, combinan sus dineros personales con los del negocio y al final del d\u00eda no saben si pierden, ganan y el resultante es que piden prestado para solventar sus gastos de funcionamiento cuando probablemente las ventas sean suficientes para cubrirlos.<\/p>\n<p>Luego se preguntan:<\/p>\n<p>\u00bfSi vendo bien, por qu\u00e9 no veo el dinero, no cumplo mis metas de ventas sin obtener utilidades?<br \/>\n\u00bfSi tengo buen margen, por qu\u00e9 no veo el efectivo en caja y tengo que pedir dinero prestado?<br \/>\nY tienden a frustrarse un poco y a avanzar con muchas dudas haciendo gastos innecesarios en publicidad.<\/p>\n<p>Con este MasterClass lograr\u00e1s:<\/p>\n<p>Aprender a manejar un flujo de efectivo no solo para el negocio sino a nivel personal.<br \/>\nHacer control d\u00eda a d\u00eda de forma sencilla.<br \/>\nRealizar un Informe Mensual de su desempe\u00f1o diario.<br \/>\nConstruir un Flujo de Caja Mensual y Anual para su an\u00e1lisis.<br \/>\nIdentificar distintos tipos de Cuadre Diario seg\u00fan su negocio.<br \/>\nEntender la diferencia y los usos de las Finanzas y la Contabilidad.<br \/>\nAprender a conocer los principios y las bases de la contabilidad.<br \/>\nConocer la estructura contable y la naturaleza de las cuentas.<br \/>\nEntender la importancia de los Estados Financieros en la toma de decisiones.<br \/>\nRealizar un presupuesto de Ventas Anual con impacto en el Flujo de Caja mes a mes.<br \/>\nConocer las distintas alternativas del Apalancamiento.<\/p>\n<p>Desarrollado por: JOS\u00c9 LUIS IZQUIERDO JARAMILLO, Administrador de Empresas Cum Laude de la Universidad Icesi 2002, Auditor Interno en Contabilidad y Procesos. Con m\u00e1s de 15 a\u00f1os de trabajo en micro, peque\u00f1as y medianas empresas (MiPyme). As\u00ed mismo, Director Ejecutivo de Ascomy \u2013 (Asociaci\u00f3n de Comerciantes del Municipio de Yumbo) y 6 a\u00f1os en el \u00e1rea comercial de grandes empresas en el sector servicios en Colpatria, Banco BBVA Horizonte y consumo masivo en Fleischmann Foods en la Costa Norte. <\/p>\n<p>Actualmente, es Consultor Pyme con la marca Stanzia Home y Marketer Digital, productor y coproductor de Infoproductos digitales con Seminarios.Online.<\/p>\n<p>\u00bfC\u00d3MO LO VAS A LOGRAR?<\/p>\n<p>Este Master Class contiene plantillas en Excel muy bien elaboradas, editables y a disposici\u00f3n del comprador donde tendr\u00e1s las explicaciones tema a tema para que realices tus presupuestos, lleves a cabo tus registros y generes unos informes Financieros b\u00e1sicos. Co una explicaci\u00f3n completa e indicadores para que los sepas interpretar, analizar y sean de gran utilidad para la toma de decisiones de su negocio a partir de las siguientes tem\u00e1ticas:<\/p>\n<p>Construyendo el Cuadre Diario<br \/>\nConstruyendo el Flujo de Caja.<br \/>\nInforme de Caja Mensual.<br \/>\nHerramientas aplicadas diariamente para tu negocio.<br \/>\nModelos de Cuadre Diario ajustables a tu tipo de negocio.<br \/>\nTipos de Cuadre Diarios.<br \/>\nPresupuesto de ventas con efecto en el flujo de caja.<br \/>\nConceptos y principios contables y financieros para una correcta toma de decisiones.<br \/>\nContabilidad vs Finanzas.<br \/>\nConceptos de Estados Financieros.<br \/>\nConstruyendo el Presupuesto de Caja.<br \/>\nRepaso\/s\u00edntesis de los temas vistos.<br \/>\nConclusiones.<\/p>\n","protected":false},"excerpt":{"rendered":"<p>Como profesional, nos encanta darle todo el apoyo a los emprendedores para que alcancen el \u00e9xito. Sin embargo, aquellos suelen enfocarse solo en Comprar, Producir, Almacenar, Vender, pero muy poco en procesos de apoyo; Contabilidad, Recursos Humanos, Sistemas y procesos Jur\u00eddicos.<\/p>\n","protected":false},"featured_media":3534,"template":"","meta":{"_joinchat":[]},"product_brand":[],"product_cat":[320,344],"product_tag":[],"class_list":{"0":"post-11977","1":"product","2":"type-product","3":"status-publish","4":"has-post-thumbnail","6":"product_cat-desarrollo-personal","7":"product_cat-todos","9":"first","10":"instock","11":"sale","12":"shipping-taxable","13":"product-type-external"},"_links":{"self":[{"href":"https:\/\/cursos.talentup.cl\/index.php?rest_route=\/wp\/v2\/product\/11977","targetHints":{"allow":["GET"]}}],"collection":[{"href":"https:\/\/cursos.talentup.cl\/index.php?rest_route=\/wp\/v2\/product"}],"about":[{"href":"https:\/\/cursos.talentup.cl\/index.php?rest_route=\/wp\/v2\/types\/product"}],"version-history":[{"count":2,"href":"https:\/\/cursos.talentup.cl\/index.php?rest_route=\/wp\/v2\/product\/11977\/revisions"}],"predecessor-version":[{"id":14251,"href":"https:\/\/cursos.talentup.cl\/index.php?rest_route=\/wp\/v2\/product\/11977\/revisions\/14251"}],"wp:featuredmedia":[{"embeddable":true,"href":"https:\/\/cursos.talentup.cl\/index.php?rest_route=\/wp\/v2\/media\/3534"}],"wp:attachment":[{"href":"https:\/\/cursos.talentup.cl\/index.php?rest_route=%2Fwp%2Fv2%2Fmedia&parent=11977"}],"wp:term":[{"taxonomy":"product_brand","embeddable":true,"href":"https:\/\/cursos.talentup.cl\/index.php?rest_route=%2Fwp%2Fv2%2Fproduct_brand&post=11977"},{"taxonomy":"product_cat","embeddable":true,"href":"https:\/\/cursos.talentup.cl\/index.php?rest_route=%2Fwp%2Fv2%2Fproduct_cat&post=11977"},{"taxonomy":"product_tag","embeddable":true,"href":"https:\/\/cursos.talentup.cl\/index.php?rest_route=%2Fwp%2Fv2%2Fproduct_tag&post=11977"}],"curies":[{"name":"wp","href":"https:\/\/api.w.org\/{rel}","templated":true}]}}