{"id":11980,"date":"2023-01-10T04:39:49","date_gmt":"2023-01-10T07:39:49","guid":{"rendered":"https:\/\/cursos.talentup.cl\/?post_type=product&#038;p=11980"},"modified":"2024-02-07T23:37:14","modified_gmt":"2024-02-08T02:37:14","slug":"cambia","status":"publish","type":"product","link":"https:\/\/cursos.talentup.cl\/?product=cambia","title":{"rendered":"CAMBIA"},"content":{"rendered":"<p>\u00bfQU\u00c9 VAS A LOGRAR? <\/p>\n<p>Todos merecemos cumplir nuestros sue\u00f1os y mantener el estilo de vida que deseamos, \u00bfQu\u00e9 crees que hace que algunas personas lo puedan lograr y otras no? \u00bfC\u00f3mo ser\u00edas si fueras pr\u00f3spero?<\/p>\n<p>Aplica t\u00e9cnicas de PNL para cambiar programaciones de carencia.<br \/>\nEn este curso aprender\u00e1s t\u00e9cnicas de la Programaci\u00f3n Neuroling\u00fc\u00edstica (PNL), que te permitir\u00e1n eliminar los obst\u00e1culos mentales y emocionales que te impiden vivir una vida de prosperidad integral.<\/p>\n<p>En PNL hay un pilar de \u00e9xito, \u00abSi \u00e9l puede, yo tambi\u00e9n puedo\u00bb. Accede a este curso y pru\u00e9bate a ti mismo que t\u00fa tambi\u00e9n puedes. \u00danete al m\u00e9todo de aprendizaje que est\u00e1 cambiando vidas con los siguientes beneficios:<\/p>\n<p>Saldar\u00e1s cuentas emocionales; la principal raz\u00f3n para generar nuevas fuentes de ingreso.<br \/>\nEntender\u00e1s el papel que juega la familia en tu prosperidad.<br \/>\nObtendr\u00e1s ejercicios pr\u00e1cticos para transformar y mantener t\u00fa nuevo estado de vida.<br \/>\nComprender\u00e1s \u00bfQu\u00e9 es y qu\u00e9 no es la PNL? sus fundamentos y efectividad.<br \/>\nContar\u00e1s con el acompa\u00f1amiento del facilitador, quien guiar\u00e1 t\u00fa proceso de aprendizaje.<br \/>\nAprender\u00e1s 9 t\u00e9cnicas para eliminar creencias que obstaculizan t\u00fa prosperidad. <\/p>\n<p>Este programa est\u00e1 indicado para:<\/p>\n<p>1. Personas que desean mejorar su estado actual de empleo, salud y relaciones familiares. \u00a1As\u00ed es! Salud, dinero y amor, \u00bfQui\u00e9n no quiere esto?<br \/>\n2. Personas que desean cambiar sus patrones mentales de carencia generalizada. Dominar esa \u201cvocecita interna\u201d que te repite una y otra vez, \u00abNo puedes\u00bb.<br \/>\n3. Personas que siempre han querido hacer algo diferente y repitan los mismos patrones familiares donde incluso algunos te dicen: \u201cEn tu familia nunca se ha podido\u201d.<br \/>\n4. Personas que quieren poner el conocimiento en pr\u00e1ctica para tener un cambio real en su prosperidad. \u00bfDe qu\u00e9 te vale tener toda la teor\u00eda, si no la practicas?<br \/>\n5. Personas que trabajan 24\/7 y tienen un estilo de vida incongruente a tanto esfuerzo. <\/p>\n<p>Desarrollado por ALBA MAR\u00cdA RUIZ OT\u00c1LORA, directora de la organizaci\u00f3n \u00abSer\u00e1s Libre Academia\u00bb. Trainer de trainers en Programaci\u00f3n Neuroling\u00fc\u00edstica, avalada por la ITA (International Trainers Academy of NLP) y por John Grinder co-creador del PNL. Ha acompa\u00f1ado a m\u00e1s de 1.000 personas en sesiones personalizadas e impactado a equipos de trabajo en organizaciones del sector p\u00fablico y privado con t\u00e9cnicas focalizadas de PNL. Es enfermera, mam\u00e1 de dos hijos y una viajera apasionada.  <\/p>\n<p>\u00bfC\u00d3MO LO VAS A LOGRAR?<\/p>\n<p>A trav\u00e9s de un m\u00e9todo innovador de aprendizaje dise\u00f1ado espec\u00edficamente para generar una simbiosis entre la teor\u00eda y la pr\u00e1ctica de las t\u00e9cnicas PNL. Sentir\u00e1s que est\u00e1s en un taller presencial en donde practicas las t\u00e9cnicas una y otra vez. \u00bfEst\u00e1s preparado para el cambio? <\/p>\n<p>Con m\u00e1s de 25 recursos en video y formatos de t\u00e9cnicas al interior de 4 bloques tem\u00e1ticos con actualizaciones permanentes en el tiempo donde se mezclan t\u00e9cnicas, ejercicios y casos que har\u00e1n que tu proceso de aprendizaje sea m\u00e1s f\u00e1cil, pr\u00e1ctico y divertido con los siguientes m\u00f3dulos:<\/p>\n<p>M\u00d3DULO 1: El mundo de la Programaci\u00f3n Neuroling\u00fc\u00edstica: \u00bfQu\u00e9 es y que no es la PNL? Vu\u00e9lvete aliado de tu mente inconsciente, caracter\u00edsticas y tus circuitos de prosperidad. <\/p>\n<p>M\u00d3DULO 2: Revaluando tus circuitos neuronales de prosperidad. Elimina esa voz en tu mente. Reprograma tu mente y toma acci\u00f3n con pensamientos de abundancia. (T\u00e9cnicas, Protocolo t\u00e9cnica OUT-IN, cambio de creencias) <\/p>\n<p>Bonus: Sana tu relaci\u00f3n con tus padres para generar prosperidad integral.<\/p>\n<p>M\u00d3DULO 3: T\u00e9cnica AAA. Agradece para atraer tu prosperidad, Protocolo Diario de la Gratitud<br \/>\nY el Protocolo de Afirmaciones positivas. Act\u00faa para obtener la prosperidad que mereces.<\/p>\n<p>M\u00d3DULO 4: Mi nueva relaci\u00f3n con el Dinero. Adem\u00e1s, encontrar\u00e1s una pr\u00e1ctica de prosperidad denominada: \u201ccuentas millonarias\u201d y el Formato 7 cuentas millonarias de Formulaci\u00f3n de objetivos para una vida de abundancia. <\/p>\n","protected":false},"excerpt":{"rendered":"<p>Todos merecemos cumplir nuestros sue\u00f1os y mantener el estilo de vida que deseamos, \u00bfQu\u00e9 crees que hace que algunas personas lo puedan lograr y otras no? \u00bfC\u00f3mo ser\u00edas si fueras pr\u00f3spero?<\/p>\n<p>Aplica t\u00e9cnicas de PNL para cambiar programaciones de carencia.<br \/>\nEn este curso aprender\u00e1s t\u00e9cnicas de la Programaci\u00f3n Neuroling\u00fc\u00edstica (PNL), que te permitir\u00e1n eliminar los obst\u00e1culos mentales y emocionales que te impiden vivir una vida de prosperidad integral.<\/p>\n","protected":false},"featured_media":3537,"template":"","meta":{"_joinchat":[]},"product_brand":[],"product_cat":[320,344],"product_tag":[],"class_list":{"0":"post-11980","1":"product","2":"type-product","3":"status-publish","4":"has-post-thumbnail","6":"product_cat-desarrollo-personal","7":"product_cat-todos","9":"first","10":"instock","11":"sale","12":"shipping-taxable","13":"product-type-external"},"_links":{"self":[{"href":"https:\/\/cursos.talentup.cl\/index.php?rest_route=\/wp\/v2\/product\/11980","targetHints":{"allow":["GET"]}}],"collection":[{"href":"https:\/\/cursos.talentup.cl\/index.php?rest_route=\/wp\/v2\/product"}],"about":[{"href":"https:\/\/cursos.talentup.cl\/index.php?rest_route=\/wp\/v2\/types\/product"}],"version-history":[{"count":2,"href":"https:\/\/cursos.talentup.cl\/index.php?rest_route=\/wp\/v2\/product\/11980\/revisions"}],"predecessor-version":[{"id":14254,"href":"https:\/\/cursos.talentup.cl\/index.php?rest_route=\/wp\/v2\/product\/11980\/revisions\/14254"}],"wp:featuredmedia":[{"embeddable":true,"href":"https:\/\/cursos.talentup.cl\/index.php?rest_route=\/wp\/v2\/media\/3537"}],"wp:attachment":[{"href":"https:\/\/cursos.talentup.cl\/index.php?rest_route=%2Fwp%2Fv2%2Fmedia&parent=11980"}],"wp:term":[{"taxonomy":"product_brand","embeddable":true,"href":"https:\/\/cursos.talentup.cl\/index.php?rest_route=%2Fwp%2Fv2%2Fproduct_brand&post=11980"},{"taxonomy":"product_cat","embeddable":true,"href":"https:\/\/cursos.talentup.cl\/index.php?rest_route=%2Fwp%2Fv2%2Fproduct_cat&post=11980"},{"taxonomy":"product_tag","embeddable":true,"href":"https:\/\/cursos.talentup.cl\/index.php?rest_route=%2Fwp%2Fv2%2Fproduct_tag&post=11980"}],"curies":[{"name":"wp","href":"https:\/\/api.w.org\/{rel}","templated":true}]}}