{"id":11981,"date":"2023-01-10T04:39:49","date_gmt":"2023-01-10T07:39:49","guid":{"rendered":"https:\/\/cursos.talentup.cl\/?post_type=product&#038;p=11981"},"modified":"2024-02-07T23:37:15","modified_gmt":"2024-02-08T02:37:15","slug":"habitox","status":"publish","type":"product","link":"https:\/\/cursos.talentup.cl\/?product=habitox","title":{"rendered":"HABITOX"},"content":{"rendered":"<p>\u00bfQU\u00c9 VAS A LOGRAR?<br \/>\nSon nuestras conductas t\u00f3xicas creadas a lo largo del tiempo a las que se les conoce como HABITOX (H\u00e1bitos t\u00f3xicos) Son aquellas actitudes las que acaban destruyendo familias, vidas, sue\u00f1os y emprendimientos. Representan los cambios negativos en la forma de pensar y en el manejo de las emociones. Interfieren en las acciones y por \u00faltimo en los resultados.<\/p>\n<p>Muchas personas intentan revertir esta situaci\u00f3n desde la voluntad o la motivaci\u00f3n, iniciando ciclos recurrentes de fracaso en la b\u00fasqueda de ese cambio esperado. Con este curso lograr\u00e1s:<\/p>\n<p>Desafiar tus creencias limitantes y recurrentes para construir tu sistema de pensamiento y as\u00ed generar buenas decisiones.<br \/>\nPreparar tu mente a nuevas posibilidades y orientarla al logro desde la acci\u00f3n, no desde la raz\u00f3n<br \/>\nEncontrar ese gran \u201cPor qu\u00e9\u201d y \u201cPara qu\u00e9\u201d donde esto sea s\u00f3lido en el tiempo.<br \/>\nComprender la raz\u00f3n de ser de aquellas acciones limitantes que nos impiden conseguir dinero y nos alejan de la prosperidad con la que siempre hemos so\u00f1ado.<br \/>\nAprender el origen de esos h\u00e1bitos; de d\u00f3nde vienen, por qu\u00e9 persisten y encontrar aquel \u201cHABITOX\u201d que m\u00e1s nos limita nuestra capacidad de lograr, tener, ser o crear.<br \/>\nDesarrollar acciones contundentes con herramientas claras y aplicables para \u201chacer que las cosas sucedan\u201d y se traduzcan en pensamientos positivos, proyectos, cifras y hechos. <\/p>\n<p>Desarrollado por DARIO ROSAS, Coach ontol\u00f3gico certificado por la ICF (International Coach Federation) con est\u00e1ndares internacionales siendo miembro activo. Diplomatura en PNL (Programaci\u00f3n Neuro Ling\u00fc\u00edstica). certificado por CAME (Confederaci\u00f3n Argentina de Mediana Empresa). Busca respuestas por s\u00ed solo en su b\u00fasqueda constante de un cambio para su vida. Adem\u00e1s, participa de menor\u00edas y programas dictados por l\u00edderes de la industria del desarrollo personal como Bob Proctor, Tony Robbins y Bryan Tracy entre otros. Adem\u00e1s, es fundador de \u201cPsicolog\u00eda del logro\u201d <\/p>\n<p>\u00bfC\u00d3MO LO VAS A LOGRAR?<br \/>\nLas personas no logran lo que quieren por lo que HACEN, SINO por lo que no hacen o no pueden soltar (apegos). No importa el comportamiento que se desea cambiar, puede ser t\u00f3xico, emocional, financiero, social, da igual. Somos seres %100 emocionales, y es esa la raz\u00f3n que nos hace cambiar. Este MasterClass tiene toda una metodolog\u00eda desarrollada de forma f\u00e1cil y motivante con los siguientes m\u00f3dulos:<\/p>\n<p>1: Primer gran paso \u201cLa decisi\u00f3n\u201d: Tomar responsabilidad de nuestras acciones y malas decisiones.<br \/>\n2: El \u201cpoder de las palabras\u201d: Reprogramar el lenguaje que cambies tu comportamiento.<br \/>\n3 H\u00e1bitos: \u201cLa ciencia del h\u00e1bito\u201d instalar esa creencia en el subconsciente.<br \/>\n4: Reprogramaci\u00f3n del subconsciente: para que la persona entienda y VEA la posibilidad del cambio como se ha ido programando su cerebro.<br \/>\n5: La ciencia del cambio comportamental: 5 pasos atreves de una gu\u00eda descargable, con acompa\u00f1amiento a la persona.<br \/>\n6. La regla de oro la disciplina: Desarrollar disciplina, y c\u00f3mo batallar momentos dif\u00edciles como recurso fundamental para lograr cualquier cambio.<\/p>\n<p>Adem\u00e1s, un BONUS: <\/p>\n<p>C\u00f3mo aumentar tus niveles de VOLUNTAD<\/p>\n<p>Gu\u00eda de desintoxicaci\u00f3n: Los HABITOX tienen que ver con la alimentaci\u00f3n.<\/p>\n<p>Master Class de \u201cHAMBRE MENTAL\u201d como evitar la alimentaci\u00f3n emocional.<\/p>\n<p>01 Mod N\u00ba1 Bienvenida y presentaci\u00f3n.<br \/>\n02 Mod N\u00ba2 Primer gran paso para la decisi\u00f3n MENTALIDAD ADECUADA.<br \/>\n03 Mod N\u00ba2 Primer gran paso la decisi\u00f3n MENTALIDAD ADECUADA.<br \/>\n04 Mod N\u00ba3 El poder de las palabras.<br \/>\n05 Mod N\u00ba3 El poder de las palabras.<br \/>\n06 Mod N\u00ba 4 H\u00e1bitos, Qu\u00e9 son y c\u00f3mo hakearlos. (parte 1)<br \/>\n07 Mod N\u00ba 4 H\u00e1bitos, Qu\u00e9 son y c\u00f3mo hakearlos. (parte 2)<br \/>\n08 Mod N\u00ba5 La ciencia del cambio comportamental.<br \/>\n09 Mod N\u00ba5 Punto N\u00ba1 Decida lo que desea.<br \/>\n10 Mod N\u00ba5 Punto N\u00ba2 Asocie dolor a no cambiar y placer a cambiar.<br \/>\n11 Mod N\u00ba5 Meditaci\u00f3n Visualizaci\u00f3n Placer y dolor (meditaciones).<\/p>\n<p>\u00a6 MEDITACIONES DOLOR Y PLACER<\/p>\n<p>12 Mod N\u00ba5 Punto N\u00ba 3 Interrumpa el HABITOX.<br \/>\n13 Mod N\u00b05 Punto N\u00ba4 Remplazo del HABITOX.<br \/>\n14 Mod N\u00ba5 Punto N\u00ba5 Condiciona el Comportamiento.<\/p>\n<p>\u00a6 MEDITACION RECURSOS<\/p>\n<p>15 Mod 5\u00ba Punto N\u00ba6 Reforzamiento y recompensa variable.<br \/>\n16 Mod 5\u00ba Comprobaci\u00f3n Ecol\u00f3gica.<br \/>\n17 Mod N\u00ba6 La regla de oro para el \u00e9xito.<br \/>\n18 Bonus extra: \u201cHambre Emocional\u201d.<br \/>\n19 C\u00f3mo lograr una voluntad Inquebrantable.<\/p>\n","protected":false},"excerpt":{"rendered":"<p>Son nuestras conductas t\u00f3xicas creadas a lo largo del tiempo a las que se les conoce como HABITOX (H\u00e1bitos t\u00f3xicos) Son aquellas actitudes las que acaban destruyendo familias, vidas, sue\u00f1os y emprendimientos. Representan los cambios negativos en la forma de pensar y en el manejo de las emociones. Interfieren en las acciones y por \u00faltimo en los resultados.<\/p>\n","protected":false},"featured_media":3539,"template":"","meta":{"_joinchat":[]},"product_brand":[],"product_cat":[320,344],"product_tag":[],"class_list":{"0":"post-11981","1":"product","2":"type-product","3":"status-publish","4":"has-post-thumbnail","6":"product_cat-desarrollo-personal","7":"product_cat-todos","9":"first","10":"instock","11":"sale","12":"shipping-taxable","13":"product-type-external"},"_links":{"self":[{"href":"https:\/\/cursos.talentup.cl\/index.php?rest_route=\/wp\/v2\/product\/11981","targetHints":{"allow":["GET"]}}],"collection":[{"href":"https:\/\/cursos.talentup.cl\/index.php?rest_route=\/wp\/v2\/product"}],"about":[{"href":"https:\/\/cursos.talentup.cl\/index.php?rest_route=\/wp\/v2\/types\/product"}],"version-history":[{"count":2,"href":"https:\/\/cursos.talentup.cl\/index.php?rest_route=\/wp\/v2\/product\/11981\/revisions"}],"predecessor-version":[{"id":14255,"href":"https:\/\/cursos.talentup.cl\/index.php?rest_route=\/wp\/v2\/product\/11981\/revisions\/14255"}],"wp:featuredmedia":[{"embeddable":true,"href":"https:\/\/cursos.talentup.cl\/index.php?rest_route=\/wp\/v2\/media\/3539"}],"wp:attachment":[{"href":"https:\/\/cursos.talentup.cl\/index.php?rest_route=%2Fwp%2Fv2%2Fmedia&parent=11981"}],"wp:term":[{"taxonomy":"product_brand","embeddable":true,"href":"https:\/\/cursos.talentup.cl\/index.php?rest_route=%2Fwp%2Fv2%2Fproduct_brand&post=11981"},{"taxonomy":"product_cat","embeddable":true,"href":"https:\/\/cursos.talentup.cl\/index.php?rest_route=%2Fwp%2Fv2%2Fproduct_cat&post=11981"},{"taxonomy":"product_tag","embeddable":true,"href":"https:\/\/cursos.talentup.cl\/index.php?rest_route=%2Fwp%2Fv2%2Fproduct_tag&post=11981"}],"curies":[{"name":"wp","href":"https:\/\/api.w.org\/{rel}","templated":true}]}}