{"id":11982,"date":"2023-01-10T04:39:49","date_gmt":"2023-01-10T07:39:49","guid":{"rendered":"https:\/\/cursos.talentup.cl\/?post_type=product&#038;p=11982"},"modified":"2024-02-07T23:37:15","modified_gmt":"2024-02-08T02:37:15","slug":"reprogramate","status":"publish","type":"product","link":"https:\/\/cursos.talentup.cl\/?product=reprogramate","title":{"rendered":"REPROGR\u00c1MATE"},"content":{"rendered":"<p>\u00bfQU\u00c9 VAS A LOGRAR?<\/p>\n<p>Muchas personas presentan grandes dificultades para manejar sus emociones, afectando la seguridad en s\u00ed mismas y perdiendo el norte en la ejecuci\u00f3n de su proyecto de vida.<\/p>\n<p>Este es un MasterClass de reprogramaci\u00f3n mental con ejercicios breves y efectivos para superar las barreras emocionales que nos generan sentimientos de soledad, miedos y frustraciones.<br \/>\nUn curso especializado, con ejercicios pr\u00e1cticos que, al ser aplicados durante 21 d\u00edas, podr\u00e1s experimentar cambios sustanciales donde aprender\u00e1s:<\/p>\n<p>C\u00f3mo desarrollar tu inteligencia emocional para tomar buenas decisiones<br \/>\nC\u00f3mo manejar tus miedos para enfrentar mejor los obst\u00e1culos que se te presentan<br \/>\nC\u00f3mo poner en concordancia tu autoimagen con tus sue\u00f1os y metas.<\/p>\n<p>Desarrollado por JAIRO GUERRERO R; Coach internacional de alto nivel. Master en liderazgo y desarrollo organizacional. Conferencista motivacional y promotor de proyectos de desarrollo humano para empresas y asociaciones. Certificado en PNL y con experiencia en Neuro Marketing, Neuro Ventas, Neuro Oratoria, Marca personal y Desarrollo del ser. Asesor en Relaciones Humanas y Servicio al Cliente.<\/p>\n<p>Miembro de la RED MUNDIAL DE CONFERENCISTAS con sede en Alemania. Creador y desarrollador de las t\u00e9cnicas de audio motivaci\u00f3n y audio visualizaci\u00f3n de \u201cM\u00fasica para el \u00e9xito\u201d para la programaci\u00f3n mental y el mejoramiento personal en las diferentes \u00e1reas de desarrollo del ser humano. Licenciado en Pedagog\u00eda musical y compositor. Con experiencia internacional y en Colombia en m\u00e1s de 8 ciudades para empresas e instituciones educativas con excelentes resultados. Ha participado en programas de televisi\u00f3n como \u201cLleg\u00f3 la Hora\u201d de RCN con Andrea Serna y \u201cNocturna RCN\u201d Con Carlos Bol\u00edvar 2 reconocidos presentadores colombianos.<\/p>\n<p>\u00bfC\u00d3MO LO VAS A LOGRAR?<\/p>\n<p>A trav\u00e9s de un curso guiado paso a paso, donde deber\u00e1s escuchar cada m\u00f3dulo una o varias veces al d\u00eda hasta el m\u00f3dulo 6 para poderte auto programarte. Despu\u00e9s, el d\u00eda 7 puedes utilizarlo para realizar una de las lecturas complementarias. Posteriormente, debes iniciar nuevamente el ciclo durante 3 semanas con base a unos m\u00f3dulos definidos de la siguiente forma:<\/p>\n<p>M\u00d3DULO 1 &#8211; D\u00cdA 1: C\u00f3mo manejar la soledad (video)<br \/>\nM\u00d3DULO 2 &#8211; D\u00cdA 2: C\u00f3mo prevenir la depresi\u00f3n (video)<br \/>\nM\u00d3DULO 3 &#8211; D\u00cdA 3: C\u00f3mo controlar tus temores (video)<br \/>\nM\u00d3DULO 4 &#8211; D\u00cdA 4: C\u00f3mo poner el miedo a tu favor (video)<br \/>\nM\u00d3DULO 5 &#8211; D\u00cdA 5: C\u00f3mo controlar tus emociones (video)<br \/>\nM\u00d3DULO 6 &#8211; D\u00cdA 6: El secreto para alcanzar tus metas sin fallar (video)<br \/>\nM\u00d3DULO 7: D\u00cdA 7: Lecturas complementarias<\/p>\n","protected":false},"excerpt":{"rendered":"<p>Muchas personas presentan grandes dificultades para manejar sus emociones, afectando la seguridad en s\u00ed mismas y perdiendo el norte en la ejecuci\u00f3n de su proyecto de vida.<\/p>\n<p>Este es un MasterClass de reprogramaci\u00f3n mental con ejercicios breves y efectivos para superar las barreras emocionales que nos generan sentimientos de soledad, miedos y frustraciones.<br \/>\nUn curso especializado, con ejercicios pr\u00e1cticos que, al ser aplicados durante 21 d\u00edas, podr\u00e1s experimentar cambios sustanciales donde aprender\u00e1s:<\/p>\n<p>C\u00f3mo desarrollar tu inteligencia emocional para tomar buenas decisiones<br \/>\nC\u00f3mo manejar tus miedos para enfrentar mejor los obst\u00e1culos que se te presentan<br \/>\nC\u00f3mo poner en concordancia tu autoimagen con tus sue\u00f1os y metas.<\/p>\n","protected":false},"featured_media":3540,"template":"","meta":{"_joinchat":[]},"product_brand":[],"product_cat":[320,344],"product_tag":[],"class_list":{"0":"post-11982","1":"product","2":"type-product","3":"status-publish","4":"has-post-thumbnail","6":"product_cat-desarrollo-personal","7":"product_cat-todos","9":"first","10":"instock","11":"sale","12":"shipping-taxable","13":"product-type-external"},"_links":{"self":[{"href":"https:\/\/cursos.talentup.cl\/index.php?rest_route=\/wp\/v2\/product\/11982","targetHints":{"allow":["GET"]}}],"collection":[{"href":"https:\/\/cursos.talentup.cl\/index.php?rest_route=\/wp\/v2\/product"}],"about":[{"href":"https:\/\/cursos.talentup.cl\/index.php?rest_route=\/wp\/v2\/types\/product"}],"version-history":[{"count":2,"href":"https:\/\/cursos.talentup.cl\/index.php?rest_route=\/wp\/v2\/product\/11982\/revisions"}],"predecessor-version":[{"id":14256,"href":"https:\/\/cursos.talentup.cl\/index.php?rest_route=\/wp\/v2\/product\/11982\/revisions\/14256"}],"wp:featuredmedia":[{"embeddable":true,"href":"https:\/\/cursos.talentup.cl\/index.php?rest_route=\/wp\/v2\/media\/3540"}],"wp:attachment":[{"href":"https:\/\/cursos.talentup.cl\/index.php?rest_route=%2Fwp%2Fv2%2Fmedia&parent=11982"}],"wp:term":[{"taxonomy":"product_brand","embeddable":true,"href":"https:\/\/cursos.talentup.cl\/index.php?rest_route=%2Fwp%2Fv2%2Fproduct_brand&post=11982"},{"taxonomy":"product_cat","embeddable":true,"href":"https:\/\/cursos.talentup.cl\/index.php?rest_route=%2Fwp%2Fv2%2Fproduct_cat&post=11982"},{"taxonomy":"product_tag","embeddable":true,"href":"https:\/\/cursos.talentup.cl\/index.php?rest_route=%2Fwp%2Fv2%2Fproduct_tag&post=11982"}],"curies":[{"name":"wp","href":"https:\/\/api.w.org\/{rel}","templated":true}]}}