{"id":11983,"date":"2023-01-10T04:39:49","date_gmt":"2023-01-10T07:39:49","guid":{"rendered":"https:\/\/cursos.talentup.cl\/?post_type=product&#038;p=11983"},"modified":"2024-02-07T23:37:15","modified_gmt":"2024-02-08T02:37:15","slug":"matematicas-para-la-universidad","status":"publish","type":"product","link":"https:\/\/cursos.talentup.cl\/?product=matematicas-para-la-universidad","title":{"rendered":"MATEM\u00c1TICAS PARA LA UNIVERSIDAD"},"content":{"rendered":"<p>\u00bfQU\u00c9 VAS A LOGRAR?<\/p>\n<p>La mayor\u00eda de las universidades incluyen asignaturas de matem\u00e1ticas y por lo general, los estudiantes no tienen las bases necesarias para afrontar de manera exitosa estos cursos. Adem\u00e1s, los estudiantes pierden enormes sumas de dinero en cursos de verano para poder pasar estas asignaturas; atrasando su carrera y afectando su econom\u00eda y la de su familia.<\/p>\n<p>Con este MasterClass, desarrollas las habilidades matem\u00e1ticas b\u00e1sicas necesarias no solo para el ingreso a la U sino tambi\u00e9n para el entendimiento de las diferentes materias que tengan esta base. <\/p>\n<p>Este curso est\u00e1 dirigido a todos aquellos estudiantes que deseen empezar una carrera profesional, t\u00e9cnica o tecnol\u00f3gica. Tambi\u00e9n est\u00e1 orientado para los \u00faltimos niveles de educaci\u00f3n secundaria y para todos aquellos amantes de las matem\u00e1ticas que quieran repasar y recordar diferentes conceptos. Con este curso lograr\u00e1s:<\/p>\n<p>Dar contexto a los conjuntos de los n\u00fameros que sirven de base para las finanzas y la estad\u00edstica.<br \/>\nDesarrollar con facilidad operaciones con n\u00fameros racionales y decimales desde su forma m\u00e1s pr\u00e1ctica y sencilla.<br \/>\nRealizar la comprobaci\u00f3n de las operaciones por medio de las diferentes funciones de la calculadora cient\u00edfica al alcance de todos<br \/>\nAplicar las propiedades de potenciaci\u00f3n a diferentes expresiones algebraicas para su simplificaci\u00f3n.<br \/>\nIdentificar los diferentes logaritmos y solucionarlos por medio de las propiedades y de las funciones en la calculadora.<br \/>\nY los m\u00e1s importante, fortalecer las bases que necesitas para entender las aplicaciones en tus finanzas personales y los procesos administrativos de una empresa.<\/p>\n<p>Desarrollado por YENY BORDA, Lic. en Matem\u00e1ticas. Especialista en matem\u00e1tica aplicada con \u00e9nfasis en sistemas Din\u00e1micos. Magister en investigaci\u00f3n y docencia universitaria con \u00e9nfasis en matem\u00e1ticas; obteniendo GRADO CON HONORES SUMMA CUM LAUDE.<\/p>\n<p>Doctoranda en educaci\u00f3n y mediaci\u00f3n pedag\u00f3gica. Amplia experiencia en docencia con desde primaria hasta posgrado. Gran inter\u00e9s en temas de matem\u00e1tica y su emocionalidad. Ponente en diversos eventos internacionales y nacionales. Autora de diversos art\u00edculos. Experiencia en administraci\u00f3n educativa; siendo coordinadora de un programa de matem\u00e1ticas y de su departamento con m\u00e1s de 40 docentes universitarios a cargo por m\u00e1s de 5 a\u00f1os. Actualmente es profesora de Maestr\u00eda y pregrado con intereses investigativos en matem\u00e1tica emocional.<\/p>\n<p>\u00bfC\u00d3MO LO VAS A LOGRAR?<\/p>\n<p>Este curso esta divido en 5 m\u00f3dulos din\u00e1micos y f\u00e1ciles de entender, donde se combinan la teor\u00eda con la pr\u00e1ctica de los conceptos vistos. Adem\u00e1s, se anexan los formatos en pdf, las diapositivas para el estudio de los diferentes temas y de los ejercicios realizados, en los cuales se abordar\u00e1n los siguientes temas:<\/p>\n<p>M\u00f3dulo 1: Conjuntos num\u00e9ricos, la base de las operaciones matem\u00e1ticas: N\u00fameros reales<br \/>\nPropiedades de los n\u00fameros reales, \u00bfC\u00f3mo pasar de decimal a fracci\u00f3n? operaciones entre n\u00fameros enteros.<\/p>\n<p>M\u00f3dulo 2: N\u00fameros racionales, la representaci\u00f3n de las medidas. (operaciones entre n\u00fameros racionales y uso de la calculadora).<\/p>\n<p>M\u00f3dulo 3: Expresiones exponenciales, introducci\u00f3n al \u00e1lgebra: (Potenciaci\u00f3n, Simplificaci\u00f3n de expresiones algebraicas con potenciaci\u00f3n y uso de la calculadora).<\/p>\n<p>M\u00f3dulo 4: Logaritmos; la base de las finanzas: (Logaritmos, clases, propiedades de los logaritmos y simplificaci\u00f3n de expresiones logar\u00edtmicas)<\/p>\n<p>M\u00f3dulo 5: Radicaci\u00f3n; base fundamental de la estad\u00edstica. (Propiedades, simplificaci\u00f3n de expresiones algebraicas con radicaci\u00f3n y potenciaci\u00f3n, racionalizaci\u00f3n y uso de la calculadora)<\/p>\n","protected":false},"excerpt":{"rendered":"<p>La mayor\u00eda de las universidades incluyen asignaturas de matem\u00e1ticas y por lo general, los estudiantes no tienen las bases necesarias para afrontar de manera exitosa estos cursos. Adem\u00e1s, los estudiantes pierden enormes sumas de dinero en cursos de verano para poder pasar estas asignaturas; atrasando su carrera y afectando su econom\u00eda y la de su familia.<\/p>\n","protected":false},"featured_media":3541,"template":"","meta":{"_joinchat":[]},"product_brand":[],"product_cat":[320,344],"product_tag":[],"class_list":{"0":"post-11983","1":"product","2":"type-product","3":"status-publish","4":"has-post-thumbnail","6":"product_cat-desarrollo-personal","7":"product_cat-todos","9":"first","10":"instock","11":"sale","12":"shipping-taxable","13":"product-type-external"},"_links":{"self":[{"href":"https:\/\/cursos.talentup.cl\/index.php?rest_route=\/wp\/v2\/product\/11983","targetHints":{"allow":["GET"]}}],"collection":[{"href":"https:\/\/cursos.talentup.cl\/index.php?rest_route=\/wp\/v2\/product"}],"about":[{"href":"https:\/\/cursos.talentup.cl\/index.php?rest_route=\/wp\/v2\/types\/product"}],"version-history":[{"count":2,"href":"https:\/\/cursos.talentup.cl\/index.php?rest_route=\/wp\/v2\/product\/11983\/revisions"}],"predecessor-version":[{"id":14257,"href":"https:\/\/cursos.talentup.cl\/index.php?rest_route=\/wp\/v2\/product\/11983\/revisions\/14257"}],"wp:featuredmedia":[{"embeddable":true,"href":"https:\/\/cursos.talentup.cl\/index.php?rest_route=\/wp\/v2\/media\/3541"}],"wp:attachment":[{"href":"https:\/\/cursos.talentup.cl\/index.php?rest_route=%2Fwp%2Fv2%2Fmedia&parent=11983"}],"wp:term":[{"taxonomy":"product_brand","embeddable":true,"href":"https:\/\/cursos.talentup.cl\/index.php?rest_route=%2Fwp%2Fv2%2Fproduct_brand&post=11983"},{"taxonomy":"product_cat","embeddable":true,"href":"https:\/\/cursos.talentup.cl\/index.php?rest_route=%2Fwp%2Fv2%2Fproduct_cat&post=11983"},{"taxonomy":"product_tag","embeddable":true,"href":"https:\/\/cursos.talentup.cl\/index.php?rest_route=%2Fwp%2Fv2%2Fproduct_tag&post=11983"}],"curies":[{"name":"wp","href":"https:\/\/api.w.org\/{rel}","templated":true}]}}