{"id":11989,"date":"2023-01-10T04:39:49","date_gmt":"2023-01-10T07:39:49","guid":{"rendered":"https:\/\/cursos.talentup.cl\/?post_type=product&#038;p=11989"},"modified":"2024-02-07T23:37:15","modified_gmt":"2024-02-08T02:37:15","slug":"flores-tejidas-de-crochet","status":"publish","type":"product","link":"https:\/\/cursos.talentup.cl\/?product=flores-tejidas-de-crochet","title":{"rendered":"FLORES TEJIDAS DE CROCHET"},"content":{"rendered":"<p>\u00bfTe imaginas crear hermosos ramos de flores que no se marchiten? <\/p>\n<p>Con el Master Class FLORES TEJIDAS DE CROCHET, realizar\u00e1s y crear\u00e1s hermosos bouquets de flores para regalar, decorar cualquier espacio, o para vender<br \/>\ny llevar\u00e1s tu emprendimiento a otro nivel.<\/p>\n<p>\u00bfQU\u00c9 VAS A LOGRAR?<\/p>\n<p>Lograr\u00e1s crear una variedad de incre\u00edbles flores tejidas.<\/p>\n<p>Lograr\u00e1s personalizar diferentes estilos para los pedidos solicitados.<\/p>\n<p>Aprender\u00e1s a identificar los grosores y funcionalidad de los ganchos.<\/p>\n<p>Lograr\u00e1s realizar distintas t\u00e9cnicas de tejido.<\/p>\n<p>Tendr\u00e1s el listado de todos los materiales necesarios para crear cada t\u00e9cnica.<\/p>\n<p>Conocer\u00e1s tips para lograr un mejor acabado en tus creaciones.<\/p>\n<p>Aprender\u00e1s a decorar tus bouquets en distintas presentaciones.<\/p>\n<p>Pondr\u00e1s a prueba tu creatividad y experimentar\u00e1s con varias paletas de colores.<\/p>\n<p>Adem\u00e1s de valiosos bonos al final del curso, en los que te daremos tips para que tus ramos de calidad y sobresalgan.<\/p>\n<p>Acceder\u00e1s al certificado avalado por Hotmart y Seminarios Online.<\/p>\n<p>\u00bfC\u00d3MO LO VAS A LOGRAR?<\/p>\n<p>A trav\u00e9s del siguiente contenido, estructurado paso a paso:<\/p>\n<p>M\u00d3DULO 1 &#8211; FLORES TEJIDAS DE CROCHET<\/p>\n<p>Presentaci\u00f3n del curso.<br \/>\n\u00bfQu\u00e9 aprender\u00e1s en este curso? <\/p>\n<p>M\u00d3DULO 2 &#8211; MATERIALES Y PUNTADAS<\/p>\n<p>Materiales necesarios y tipos de ganchos.<br \/>\nRealizaci\u00f3n de anillo m\u00e1gico y distintos puntos.<\/p>\n<p>M\u00d3DULO 3 &#8211; FORRADO DE TALLOS<\/p>\n<p>Procedimiento para forrar tallos. <\/p>\n<p>M\u00d3DULO 4 &#8211; TULIP\u00c1N TEJIDO A CROCHET<\/p>\n<p>Patr\u00f3n de tejido del del Tulip\u00e1n a crochet.<br \/>\nUni\u00f3n de la flor al tallo.<\/p>\n<p>M\u00d3DULO 5 &#8211; LAVANDAS DE CROCHET<\/p>\n<p>Patr\u00f3n del tejido de una lavanda a crochet y uni\u00f3n de la flor al tallo.<\/p>\n<p>M\u00d3DULO 6 &#8211; ROSA DE TEJIDA DE CROCHET<\/p>\n<p>Patr\u00f3n del tejido de p\u00e9talo grande.<br \/>\nPatr\u00f3n del tejido p\u00e9talo mediano y peque\u00f1o.<br \/>\nPatr\u00f3n del tejido estrella y uni\u00f3n de la flor al tallo.<\/p>\n<p>M\u00d3DULO 7 &#8211; GIRASOL TEJIDO A CROCHET<\/p>\n<p>Patr\u00f3n del tejido estrella y uni\u00f3n de la flor al tallo.<br \/>\nP\u00e9talos y uni\u00f3n de la flor al tallo.<\/p>\n<p>M\u00d3DULO 8 &#8211; FLOR COSMO TEJIDO A CROCHET<\/p>\n<p>Patr\u00f3n de Cosmo tejido de crochet.<br \/>\nCentro de la flor y uni\u00f3n de la flor al tallo.<\/p>\n<p>M\u00d3DULO 9 \u2013 DESPEDIDA DEL CURSO<\/p>\n<p>Despedida del curso.<\/p>\n<p>M\u00d3DULO 10 &#8211; MATERIAL ADICIONAL (BONOS)<\/p>\n<p>Bono 1: Empaque de flores.<br \/>\nBono 2: Patr\u00f3n de flores para decorar pluma.<br \/>\nBono 3: Tips para darle un toque especial a tus bouquets.<br \/>\nBono 4: Varita m\u00e1gica.<br \/>\nBono 5: Pedrer\u00eda en flores.<br \/>\nBono 6: Separador de libros.<br \/>\nBono 7: Hojas.<\/p>\n<p>M\u00d3DULO 11 \u2013 VIDEO RESPUESTAS<\/p>\n<p>\u00bfD\u00f3nde conseguir los estambres para las flores?<br \/>\n\u00bfD\u00f3nde conseguir ganchos?<br \/>\n\u00bfComo calcular el valor de un ramo?<br \/>\n\u00bfRecomiendan comprar el material por Amazon o Mercado Libre?<br \/>\n\u00bfPor donde pasa el gancho?<br \/>\n\u00bfQu\u00e9 gancho debo utilizar?<\/p>\n<p>M\u00d3DULO 12 &#8211; \u00bfC\u00d3MO OBTENER TU CERTIFICADO?<\/p>\n<p>\u00bfC\u00f3mo obtener tu certificado?<\/p>\n<p>ACERCA DE LAS PRODUCTORAS<\/p>\n<p>Desarrollado por la mercad\u00f3loga ROSA MARIANA RUBIO CASTILL\u00d3N y la ingeniera ARELY PERALTA ESQUIVEL, j\u00f3venes mexicanas, mujeres emprendedoras, amantes del dise\u00f1o y la decoraci\u00f3n, de la creaci\u00f3n de prendas personalizadas y la producci\u00f3n para redes.<\/p>\n<p>Se han dedicado durante tres a\u00f1os al desarrollo de prendas y accesorios de crochet, pero debido a la alta demanda en flores tejidas se han especializado y enfocado m\u00e1s en la creaci\u00f3n de arreglos.<\/p>\n<p>Son due\u00f1as su propio negocio que actualmente se encuentra en M\u00e9xico y realizan env\u00edos a todas las ciudades del pa\u00eds.<\/p>\n<p>Les encanta estar en constante capacitaci\u00f3n para mejorar la calidad de los productos, aman aceptar nuevos retos y recibir pedidos personalizados en los que puedan poner a prueba su creatividad y destreza; buscan siempre adaptarse a las nuevas tendencias y les encanta asesorar a sus clientes para que queden 100% satisfechos con el servicio\u201d<\/p>\n","protected":false},"excerpt":{"rendered":"<p>\u00bfTe imaginas crear hermosos ramos de flores que no se marchiten? <\/p>\n<p>Con el Master Class FLORES TEJIDAS DE CROCHET, realizar\u00e1s y crear\u00e1s hermosos bouquets de flores para regalar, decorar cualquier espacio, o para vender<br \/>\ny llevar\u00e1s tu emprendimiento a otro nivel.<\/p>\n","protected":false},"featured_media":3578,"template":"","meta":{"_joinchat":[]},"product_brand":[],"product_cat":[321,344],"product_tag":[],"class_list":{"0":"post-11989","1":"product","2":"type-product","3":"status-publish","4":"has-post-thumbnail","6":"product_cat-diseno","7":"product_cat-todos","9":"first","10":"instock","11":"sale","12":"shipping-taxable","13":"product-type-external"},"_links":{"self":[{"href":"https:\/\/cursos.talentup.cl\/index.php?rest_route=\/wp\/v2\/product\/11989","targetHints":{"allow":["GET"]}}],"collection":[{"href":"https:\/\/cursos.talentup.cl\/index.php?rest_route=\/wp\/v2\/product"}],"about":[{"href":"https:\/\/cursos.talentup.cl\/index.php?rest_route=\/wp\/v2\/types\/product"}],"version-history":[{"count":2,"href":"https:\/\/cursos.talentup.cl\/index.php?rest_route=\/wp\/v2\/product\/11989\/revisions"}],"predecessor-version":[{"id":14263,"href":"https:\/\/cursos.talentup.cl\/index.php?rest_route=\/wp\/v2\/product\/11989\/revisions\/14263"}],"wp:featuredmedia":[{"embeddable":true,"href":"https:\/\/cursos.talentup.cl\/index.php?rest_route=\/wp\/v2\/media\/3578"}],"wp:attachment":[{"href":"https:\/\/cursos.talentup.cl\/index.php?rest_route=%2Fwp%2Fv2%2Fmedia&parent=11989"}],"wp:term":[{"taxonomy":"product_brand","embeddable":true,"href":"https:\/\/cursos.talentup.cl\/index.php?rest_route=%2Fwp%2Fv2%2Fproduct_brand&post=11989"},{"taxonomy":"product_cat","embeddable":true,"href":"https:\/\/cursos.talentup.cl\/index.php?rest_route=%2Fwp%2Fv2%2Fproduct_cat&post=11989"},{"taxonomy":"product_tag","embeddable":true,"href":"https:\/\/cursos.talentup.cl\/index.php?rest_route=%2Fwp%2Fv2%2Fproduct_tag&post=11989"}],"curies":[{"name":"wp","href":"https:\/\/api.w.org\/{rel}","templated":true}]}}