{"id":11991,"date":"2023-01-10T04:39:49","date_gmt":"2023-01-10T07:39:49","guid":{"rendered":"https:\/\/cursos.talentup.cl\/?post_type=product&#038;p=11991"},"modified":"2024-02-07T23:37:15","modified_gmt":"2024-02-08T02:37:15","slug":"disena-carteras-en-macrame-para-emprender","status":"publish","type":"product","link":"https:\/\/cursos.talentup.cl\/?product=disena-carteras-en-macrame-para-emprender","title":{"rendered":"DISE\u00d1A CARTERAS EN MACRAM\u00c9 PARA EMPRENDER"},"content":{"rendered":"<p>\u00bfSab\u00edas que el macram\u00e9 es una tendencia de decoraci\u00f3n en alza?<\/p>\n<p>Con el Master Class DISE\u00d1A CARTERAS EN MACRAM\u00c9 PARA EMPRENDER, crear\u00e1s tus propias bolsas, carteras y accesorios, convirtiendo esta habilidad en un emprendimiento altamente rentable.<\/p>\n<p>\u00bfQU\u00c9 VAS A LOGRAR?<\/p>\n<p>Conocer\u00e1s todos los materiales necesarios para crear tus proyectos.<\/p>\n<p>Aprender\u00e1s a tejer con diferentes materiales.<\/p>\n<p>Identificar\u00e1s qu\u00e9 clase de hilos utilizar.<\/p>\n<p>Conocer\u00e1s cu\u00e1les son los nudos b\u00e1sicos para la realizaci\u00f3n de tu cartera.<\/p>\n<p>Pondr\u00e1s en pr\u00e1ctica las recomendaciones para cuidar tus dise\u00f1os.<\/p>\n<p>Aprender\u00e1s a tejer dos estilos de cartera. <\/p>\n<p>Aprender\u00e1s como hacer un accesorio decorativo para tu cartera.<\/p>\n<p>Aprender\u00e1s c\u00f3mo cuidar tus dise\u00f1os para una mayor durabilidad.<\/p>\n<p>Lograr\u00e1s poner precios a tus creaciones para poder venderlos.<\/p>\n<p>Aprender\u00e1s a reutilizar los sobrantes de tus trabajos para otras creaciones.<\/p>\n<p>Lograr\u00e1s confeccionar tu propio ovillo de trapillo con una tela en desuso.<\/p>\n<p>Conocer\u00e1s los 7 tips para montar un negocio con el macram\u00e9.<\/p>\n<p>Lograr\u00e1s regular tus niveles de estr\u00e9s y ansiedad como terapia alternativa.<\/p>\n<p>Reforzar\u00e1s tu motricidad fina, perfeccionando movimientos sutiles en tus manos.<\/p>\n<p>Aumentar\u00e1s tu capacidad de creatividad e imaginaci\u00f3n.<\/p>\n<p>Acceder\u00e1s al certificado avalado por Hotmart y Seminarios Online.<\/p>\n<p>\u00bfC\u00d3MO LO VAS A LOGRAR?<\/p>\n<p>A trav\u00e9s del siguiente contenido, estructurado paso a paso:<\/p>\n<p>M\u00d3DULO 1 &#8211; INTRODUCCI\u00d3N<\/p>\n<p>Bienvenida.<br \/>\nSobre m\u00ed.<br \/>\nLo que lograr\u00e1s.<br \/>\nRecomendaciones<br \/>\nQu\u00e9 materiales vas a utilizar.<br \/>\nTe\u00f3rico de nudos.<br \/>\nPr\u00e1cticas de nudos.<\/p>\n<p>M\u00d3DULO 2 &#8211; REALIZACI\u00d3N DE LA CARTERA<\/p>\n<p>Presentaci\u00f3n de la cartera.<br \/>\nC\u00f3mo colocar los hilos en la base y hacer el nudo alondra.<br \/>\nC\u00f3mo tejer con nudos planos y hasta que largo.<br \/>\nC\u00f3mo hacer la tapa de la cartera.<br \/>\nC\u00f3mo hacer el punto fest\u00f3n en la tapa de la cartera.<br \/>\nC\u00f3mo cortar y peinar los flecos de la cartera.<br \/>\nC\u00f3mo hacer la costura lateral de la cartera.<br \/>\nC\u00f3mo realizar el cord\u00f3n o las asas de la cartera.<br \/>\nPresentaci\u00f3n de cartera de mano.<br \/>\nQu\u00e9 materiales vas a utilizar.<br \/>\nCuantas cuerdas cortar y c\u00f3mo comenzar la cartera.<br \/>\nC\u00f3mo hacer la manija.<br \/>\nC\u00f3mo unir la manija con el tejido red.<br \/>\nC\u00f3mo desmontar el tejido de la base y c\u00f3mo coser los laterales.<br \/>\nContinuaci\u00f3n de como coser los laterales de la cartera.<br \/>\nC\u00f3mo cortar las cuerdas de los laterales de la cartera.<br \/>\nC\u00f3mo hacer la correa de la cartera.<br \/>\nC\u00f3mo hacer un accesorio para decorar la cartera.<\/p>\n<p>M\u00d3DULO 3 &#8211; MATERIAL ADICIONAL (BONOS)<\/p>\n<p>Introducci\u00f3n al material adicional.<br \/>\nC\u00f3mo hacer aretes con los restos de hilos.<br \/>\nC\u00f3mo realizar llaveros.<br \/>\nC\u00f3mo realizar un ovillo de trapillo con tela en desuso.<br \/>\nPDF (7 Tips de c\u00f3mo montar un negocio con el macram\u00e9).<\/p>\n<p>M\u00d3DULO 4 &#8211; VIDEO RESPUESTAS<\/p>\n<p>Introducci\u00f3n Preguntas frecuentes.<br \/>\n\u00bfQu\u00e9 clase de hilo se necesita para hacer macram\u00e9?<br \/>\n\u00bfD\u00f3nde comprar el hilo para realizar mis creaciones?<br \/>\n\u00bfQu\u00e9 hago con los sobrantes cuando termin\u00f3 un dise\u00f1o en macram\u00e9?<br \/>\n\u00bfC\u00f3mo cuido mi trabajo en macram\u00e9.<br \/>\n\u00bfQu\u00e9 precio le pongo a mi trabajo en macram\u00e9 para poder venderlo?<\/p>\n<p>M\u00d3DULO 5 &#8211; \u00bfC\u00d3MO OBTENER TU CERTIFICADO?<\/p>\n<p>\u00bfC\u00f3mo obtener tu certificado?<\/p>\n<p>ACERCA DE LA PRODUCTORA<\/p>\n<p>Desarrollado por CLAUDIA BEATRIZ COLLANTE, docente y artesana recibida hace 12 a\u00f1os de experiencia en el arte del macram\u00e9, certificada en la Escuela P\u00fablica Rep\u00fablica del Portugal en Buenos Aires, Argentina. <\/p>\n<p>Trabaja dando clases en Educaci\u00f3n no formal para adultos en las escuelas. Ayuda a trav\u00e9s de las clases de macram\u00e9 a los adultos a recuperar la motricidad fina que durante los a\u00f1os van perdiendo e incentiva a presentar en ferias y en diferentes establecimientos educativos las creaciones que realizan.<\/p>\n","protected":false},"excerpt":{"rendered":"<p>\u00bfSab\u00edas que el macram\u00e9 es una tendencia de decoraci\u00f3n en alza?<\/p>\n<p>Con el Master Class DISE\u00d1A CARTERAS EN MACRAM\u00c9 PARA EMPRENDER, crear\u00e1s tus propias bolsas, carteras y accesorios, convirtiendo esta habilidad en un emprendimiento altamente rentable.<\/p>\n","protected":false},"featured_media":3549,"template":"","meta":{"_joinchat":[]},"product_brand":[],"product_cat":[321,344],"product_tag":[],"class_list":{"0":"post-11991","1":"product","2":"type-product","3":"status-publish","4":"has-post-thumbnail","6":"product_cat-diseno","7":"product_cat-todos","9":"first","10":"instock","11":"sale","12":"shipping-taxable","13":"product-type-external"},"_links":{"self":[{"href":"https:\/\/cursos.talentup.cl\/index.php?rest_route=\/wp\/v2\/product\/11991","targetHints":{"allow":["GET"]}}],"collection":[{"href":"https:\/\/cursos.talentup.cl\/index.php?rest_route=\/wp\/v2\/product"}],"about":[{"href":"https:\/\/cursos.talentup.cl\/index.php?rest_route=\/wp\/v2\/types\/product"}],"version-history":[{"count":2,"href":"https:\/\/cursos.talentup.cl\/index.php?rest_route=\/wp\/v2\/product\/11991\/revisions"}],"predecessor-version":[{"id":14265,"href":"https:\/\/cursos.talentup.cl\/index.php?rest_route=\/wp\/v2\/product\/11991\/revisions\/14265"}],"wp:featuredmedia":[{"embeddable":true,"href":"https:\/\/cursos.talentup.cl\/index.php?rest_route=\/wp\/v2\/media\/3549"}],"wp:attachment":[{"href":"https:\/\/cursos.talentup.cl\/index.php?rest_route=%2Fwp%2Fv2%2Fmedia&parent=11991"}],"wp:term":[{"taxonomy":"product_brand","embeddable":true,"href":"https:\/\/cursos.talentup.cl\/index.php?rest_route=%2Fwp%2Fv2%2Fproduct_brand&post=11991"},{"taxonomy":"product_cat","embeddable":true,"href":"https:\/\/cursos.talentup.cl\/index.php?rest_route=%2Fwp%2Fv2%2Fproduct_cat&post=11991"},{"taxonomy":"product_tag","embeddable":true,"href":"https:\/\/cursos.talentup.cl\/index.php?rest_route=%2Fwp%2Fv2%2Fproduct_tag&post=11991"}],"curies":[{"name":"wp","href":"https:\/\/api.w.org\/{rel}","templated":true}]}}