{"id":12029,"date":"2023-01-10T04:39:54","date_gmt":"2023-01-10T07:39:54","guid":{"rendered":"https:\/\/cursos.talentup.cl\/?post_type=product&#038;p=12029"},"modified":"2024-02-07T23:37:16","modified_gmt":"2024-02-08T02:37:16","slug":"diseno-grafico-para-redes-sociales","status":"publish","type":"product","link":"https:\/\/cursos.talentup.cl\/?product=diseno-grafico-para-redes-sociales","title":{"rendered":"DISE\u00d1O GR\u00c1FICO PARA REDES SOCIALES"},"content":{"rendered":"<p>\u00bfSientes que el dise\u00f1o gr\u00e1fico es una necesidad actualmente?<\/p>\n<p>Con el MasterClass DISE\u00d1O GR\u00c1FICO PARA REDES SOCIALES, dise\u00f1ar\u00e1s como un profesional para tus redes sociales o para la de tus clientes.<\/p>\n<p>\u00bfQU\u00c9 VAS A LOGRAR?<\/p>\n<p>Dise\u00f1ar\u00e1s como un profesional del dise\u00f1o gr\u00e1fico ya sea para tus redes sociales propias o las redes sociales de tus clientes.<\/p>\n<p>Conocer\u00e1s y podr\u00e1s poner en pr\u00e1ctica fundamentos b\u00e1sicos para dise\u00f1ar mejor.<\/p>\n<p>Aprender\u00e1s a dise\u00f1ar desde cero siguiendo los patrones tanto gr\u00e1fico como de contenido de un kit de plantillas base.<\/p>\n<p>Ser\u00e1s capaz de dise\u00f1ar artes gr\u00e1ficas mucho m\u00e1s impactantes, organizadas, funcionales y sobre todo vendedoras. <\/p>\n<p>Dise\u00f1ar\u00e1s sin complicaciones, de manera recursiva, sin programas costosos o dif\u00edciles de manejar y sobre todo en tiempo r\u00e9cord.<\/p>\n<p>Aprender\u00e1s a utilizar herramientas gratuitas que se ejecutan directamente en un navegador web, por lo tanto, no tendr\u00e1s que instalar programas y podr\u00e1s dise\u00f1ar libremente desde cualquier computador.<\/p>\n<p>Conocer\u00e1s librer\u00edas gratuitas que te ayudar\u00e1n a ser m\u00e1s \u00e1gil y recursivo en el momento de dise\u00f1ar para tus redes sociales.<\/p>\n<p>Aprender\u00e1s a conseguir y crear dise\u00f1os con fotograf\u00edas, ilustraciones, \u00edconos.<\/p>\n<p>Acceder\u00e1s al certificado avalado por Hotmart y Seminarios Online.<\/p>\n<p>\u00bfC\u00d3MO LO VAS A LOGRAR?<\/p>\n<p>A trav\u00e9s del siguiente contenido, estructurado paso a paso:<\/p>\n<p>M\u00f3dulo 1 &#8211; Introducci\u00f3n<\/p>\n<p>Bienvenida.<br \/>\nImportancia del dise\u00f1o gr\u00e1fico.<\/p>\n<p>M\u00f3dulo 2 &#8211; Aprende a dise\u00f1ar sin ser dise\u00f1ador<\/p>\n<p>Reglas de composici\u00f3n fotogr\u00e1fica.<br \/>\nEl dise\u00f1o y las leyes de la composici\u00f3n.<br \/>\nLa psicolog\u00eda o la teor\u00eda del color.<br \/>\nClasificaci\u00f3n de las tipograf\u00edas.<\/p>\n<p>M\u00f3dulo 3 &#8211; Recursos y t\u00e9cnicas de dise\u00f1o gr\u00e1fico en acci\u00f3n<\/p>\n<p>Recursos y t\u00e9cnicas de dise\u00f1o gr\u00e1fico en acci\u00f3n.<\/p>\n<p>M\u00f3dulo 4 &#8211; Formatos y contenido de una imagen\/Ad<\/p>\n<p>Formatos y tama\u00f1os de im\u00e1genes y videos.<br \/>\nAnatom\u00eda de las im\u00e1genes.<\/p>\n<p>M\u00f3dulo 5 &#8211; El mundo del Video<\/p>\n<p>Organiza la idea para tu video \/ Storyboard.<\/p>\n<p>M\u00f3dulo 6- \u00bfD\u00f3nde dise\u00f1ar sin Adobe? Con herramientas GRATUITAS<\/p>\n<p>Herramienta 1.<br \/>\nHerramienta 2.<br \/>\nHerramienta 3.<\/p>\n<p>M\u00f3dulo 7 &#8211; Vectores sin Illustrator con herramientas GRATUITAS<\/p>\n<p>Herramienta 1.<br \/>\nM Herramienta 2.<br \/>\nHerramienta 3.<br \/>\n2 herramientas m\u00e1s.<\/p>\n<p>M\u00f3dulo 8 &#8211; Pixeles sin Photoshop con herramientas GRATUITAS<\/p>\n<p>Pixeles sin Photoshop I.<br \/>\nPixeles sin Photoshop II.<\/p>\n<p>M\u00f3dulo 9- Librer\u00edas de Material GRATUITO<\/p>\n<p>Librer\u00edas &#8211; im\u00e1genes.<br \/>\nLibrer\u00edas de ilustraciones.<br \/>\nLibrer\u00edas de iconos.<br \/>\nLibrer\u00edas de videos.<br \/>\nLibrer\u00edas de audios.<\/p>\n<p>M\u00f3dulo 10 &#8211; Edici\u00f3n de video desde tu celular<\/p>\n<p>Edici\u00f3n &#8211; App 1.<br \/>\nEdici\u00f3n &#8211; App 2.<\/p>\n<p>M\u00f3dulo 11 &#8211; Esquemas seguros de dise\u00f1o<\/p>\n<p>Esquemas seguros para tus publicaciones.<br \/>\nEjemplos y plantillas.<\/p>\n<p>M\u00f3dulo 12 &#8211; Herramientas de infarto<\/p>\n<p>Herramientas de infarto.<\/p>\n<p>Bonos<\/p>\n<p>Bono 1 &#8211; Curso de Facebook Ads para principiantes.<br \/>\nBono 2 &#8211; Plan Editorial gen\u00e9rico para  Instagram.<br \/>\nBono 3 &#8211; Plan Editorial de nichos para Instagram.<\/p>\n<p>Video respuestas a preguntas frecuentes<\/p>\n<p>1.- \u00bfD\u00f3nde puedo acceder a las herramientas del curso?<br \/>\n2.- \u00bfC\u00f3mo hacer siluetas con fondo transparente?<\/p>\n<p>ACERCA DE LA PRODUCTORA<\/p>\n<p>Desarrollado por ANA VIRGINIA RODR\u00cdGUEZ RODR\u00cdGUEZ, dise\u00f1adora gr\u00e1fica multimedia con m\u00e1s de 10 a\u00f1os de experiencia desenvolvi\u00e9ndose en el sector, ha desempe\u00f1ado su profesi\u00f3n tanto en medios impresos como en medios digitales. Siendo este segundo su especialidad. <\/p>\n<p>Ha colaborado para instituciones importantes de su pa\u00eds natal Ecuador, entre ellas la Empresa P\u00fablica de transporte PORTOVIAL EP, el medio de comunicaci\u00f3n EDIASA S.A. \u201cEl Diario\u201d y la prestigiosa Pontificia Universidad Cat\u00f3lica del Ecuador PUCE. Gracias a su trayectoria conoce de primera mano la efectividad del dise\u00f1o gr\u00e1fico en fusi\u00f3n con el marketing digital.<\/p>\n","protected":false},"excerpt":{"rendered":"<p>\u00bfSientes que el dise\u00f1o gr\u00e1fico es una necesidad actualmente?<\/p>\n<p>Con el MasterClass DISE\u00d1O GR\u00c1FICO PARA REDES SOCIALES, dise\u00f1ar\u00e1s como un profesional para tus redes sociales o para la de tus clientes.<\/p>\n","protected":false},"featured_media":3558,"template":"","meta":{"_joinchat":[]},"product_brand":[],"product_cat":[321,344],"product_tag":[],"class_list":{"0":"post-12029","1":"product","2":"type-product","3":"status-publish","4":"has-post-thumbnail","6":"product_cat-diseno","7":"product_cat-todos","9":"first","10":"instock","11":"sale","12":"shipping-taxable","13":"product-type-external"},"_links":{"self":[{"href":"https:\/\/cursos.talentup.cl\/index.php?rest_route=\/wp\/v2\/product\/12029","targetHints":{"allow":["GET"]}}],"collection":[{"href":"https:\/\/cursos.talentup.cl\/index.php?rest_route=\/wp\/v2\/product"}],"about":[{"href":"https:\/\/cursos.talentup.cl\/index.php?rest_route=\/wp\/v2\/types\/product"}],"version-history":[{"count":2,"href":"https:\/\/cursos.talentup.cl\/index.php?rest_route=\/wp\/v2\/product\/12029\/revisions"}],"predecessor-version":[{"id":14273,"href":"https:\/\/cursos.talentup.cl\/index.php?rest_route=\/wp\/v2\/product\/12029\/revisions\/14273"}],"wp:featuredmedia":[{"embeddable":true,"href":"https:\/\/cursos.talentup.cl\/index.php?rest_route=\/wp\/v2\/media\/3558"}],"wp:attachment":[{"href":"https:\/\/cursos.talentup.cl\/index.php?rest_route=%2Fwp%2Fv2%2Fmedia&parent=12029"}],"wp:term":[{"taxonomy":"product_brand","embeddable":true,"href":"https:\/\/cursos.talentup.cl\/index.php?rest_route=%2Fwp%2Fv2%2Fproduct_brand&post=12029"},{"taxonomy":"product_cat","embeddable":true,"href":"https:\/\/cursos.talentup.cl\/index.php?rest_route=%2Fwp%2Fv2%2Fproduct_cat&post=12029"},{"taxonomy":"product_tag","embeddable":true,"href":"https:\/\/cursos.talentup.cl\/index.php?rest_route=%2Fwp%2Fv2%2Fproduct_tag&post=12029"}],"curies":[{"name":"wp","href":"https:\/\/api.w.org\/{rel}","templated":true}]}}