{"id":12048,"date":"2023-01-10T04:39:55","date_gmt":"2023-01-10T07:39:55","guid":{"rendered":"https:\/\/cursos.talentup.cl\/?post_type=product&#038;p=12048"},"modified":"2024-02-07T23:37:21","modified_gmt":"2024-02-08T02:37:21","slug":"matematicas-para-mamas","status":"publish","type":"product","link":"https:\/\/cursos.talentup.cl\/?product=matematicas-para-mamas","title":{"rendered":"MATEM\u00c1TICAS PARA MAM\u00c1S"},"content":{"rendered":"<p>\u00bfSab\u00edas que el apoyo de mam\u00e1 en el aprendizaje de las matem\u00e1ticas, fomenta la motivaci\u00f3n y amor en esta materia?<\/p>\n<p>Con el MASTER CLASS MATEM\u00c1TICAS PARA MAM\u00c1S, tu hijo desarrollar\u00e1 habilidades, mejorar\u00e1 su autoestima y tendr\u00e1 la confianza que necesita para alcanzar el \u00e9xito en el colegio.<\/p>\n<p>\u00bfQU\u00c9 VAS A LOGRAR?<\/p>\n<p>Conocer\u00e1s tips pr\u00e1cticos para que tu hijo tenga \u00e9xito en sus ex\u00e1menes, as\u00ed se sentir\u00e1 menos ansioso, estar\u00e1 m\u00e1s preparado y tendr\u00e1 \u00e9xito tanto con las notas como con el aprendizaje profundo.<\/p>\n<p>Ayudar\u00e1s a tu hijo ense\u00f1\u00e1ndole el entendimiento y la comprensi\u00f3n que necesita para ganar o recuperar su confianza. <\/p>\n<p>Explicar\u00e1s a tu hijo los fundamentos de las matem\u00e1ticas en poco tiempo.<\/p>\n<p>Conocer\u00e1s el proceso de divisi\u00f3n americana.<\/p>\n<p>Conocer\u00e1s las familias num\u00e9ricas conformadas por tres cifras, las cuales facilitan el proceso de pensamiento matem\u00e1tico y permiten tener mayor noci\u00f3n y entendimiento de c\u00f3mo conectar la multiplicaci\u00f3n con la divisi\u00f3n.<\/p>\n<p>Acceder\u00e1s a pr\u00e1ctica explicativa con familias de operaciones; complementando la multiplicaci\u00f3n y divisi\u00f3n, encontrando la opci\u00f3n correcta en el material complementario.<\/p>\n<p>Profundizar\u00e1s en los conceptos de divisi\u00f3n a trav\u00e9s de operaciones con familias num\u00e9ricas y de esta manera apoyar\u00e1s a tu hijo mostr\u00e1ndole la conexi\u00f3n entre la divisi\u00f3n y multiplicaci\u00f3n.<\/p>\n<p>Apoyar\u00e1s a tu hijo a determinar qu\u00e9 cantidad, expresada en fracciones, es mayor o menor.<\/p>\n<p>Entender\u00e1s la aplicaci\u00f3n de la intersecci\u00f3n de los ejes X y Y y c\u00f3mo ubicar un objeto en el plano cartesiano. <\/p>\n<p>Conocer\u00e1s una plataforma interactiva (Geogebra), la cual permite planear, dise\u00f1ar y ver de forma din\u00e1mica los movimientos en el plano.<\/p>\n<p>Acceder\u00e1s al certificado avalado por Hotmart y Seminarios Online.<\/p>\n<p>\u00bfC\u00d3MO LO VAS A LOGRAR?<\/p>\n<p>A trav\u00e9s del siguiente contenido, estructurado paso a paso:<\/p>\n<p>M\u00d3DULO 1 &#8211; \u00a1MAM\u00c1, CON TU APOYO TU HIJO AMAR\u00c1 LAS MATEM\u00c1TICAS!<\/p>\n<p>Introducci\u00f3n.<br \/>\nJustificaci\u00f3n.<\/p>\n<p>M\u00d3DULO 2 &#8211; DIVISI\u00d3N<\/p>\n<p>Divisi\u00f3n Americana<br \/>\nDivisi\u00f3n relacionada a la multiplicaci\u00f3n<br \/>\nFamilias num\u00e9ricas<br \/>\nPr\u00e1ctica con familias num\u00e9ricas para la multiplicaci\u00f3n y divisi\u00f3n I<br \/>\nPr\u00e1ctica con familias num\u00e9ricas para la multiplicaci\u00f3n y divisi\u00f3n II<br \/>\nDivisi\u00f3n con decimales <\/p>\n<p>M\u00d3DULO 3 &#8211; FRACCIONARIOS<\/p>\n<p>Fraccionarios para mam\u00e1s<br \/>\nCompara fracciones opci\u00f3n m\u00faltiple<br \/>\nFracci\u00f3n en un conjunto<br \/>\nFracci\u00f3n en la recta num\u00e9rica<br \/>\nNombra la fracci\u00f3n<\/p>\n<p>M\u00d3DULO 4 &#8211; COORDENADAS<\/p>\n<p>Plano cartesiano<br \/>\nDetermina las coordenadas<br \/>\nCoordenadas positivas y negativas<br \/>\nMovimientos en el plano<br \/>\nReflexi\u00f3n en el plano<br \/>\nRotaci\u00f3n en el plano<br \/>\nTranslaci\u00f3n en el plano<\/p>\n<p>M\u00d3DULO 5 &#8211; MATERIAL ADICIONAL (BONOS)<\/p>\n<p>Siete Estrategias Ganadoras para que tu hijo tenga \u00e9xito en sus ex\u00e1menes de math<br \/>\nApp de juego para desarrollar pensamiento matem\u00e1tico<br \/>\nLibro virtual C\u00f3mo ayudar a sus hijos a tener \u00e9xito en la escuela<\/p>\n<p>M\u00d3DULO 6 &#8211; VIDEO RESPUESTAS<\/p>\n<p>\u00bfC\u00f3mo usar la plataforma Geogebra?<br \/>\n\u00bfC\u00f3mo hallar porcentajes?<\/p>\n<p>M\u00d3DULO 7 &#8211; \u00bfC\u00d3MO OBTENER TU CERTIFICADO?<\/p>\n<p>\u00bfC\u00f3mo obtener tu certificado?<\/p>\n<p>ACERCA DEL PRODUCTOR<\/p>\n<p>Desarrollado por ALEJANDRO G\u00d3MEZ, Ingeniero electr\u00f3nico y Licenciado en Biling\u00fcismo, con estudios y formaci\u00f3n en Baruch College, Hunter College, Columbia University, entre otras. <\/p>\n<p>Durante sus m\u00e1s de 16 a\u00f1os de experiencia ense\u00f1ando en colegios biling\u00fces, instituciones IB, Colegios Cambridge, ha formado y acompa\u00f1ado a m\u00e1s de 1.300 ni\u00f1os en las \u00e1reas de matem\u00e1ticas, geometr\u00eda, ingl\u00e9s como segunda lengua, esto, le ha permitido elaborar estrategias y construir din\u00e1micas que apoyan verdaderamente a los ni\u00f1os en el camino de las matem\u00e1ticas, contribuyendo a que el ni\u00f1o gane seguridad en su capacidad para resolver problemas, confianza en s\u00ed mismo, autonom\u00eda y elimine sus temores, evitando as\u00ed el estr\u00e9s, la irascibilidad, la ansiedad, el insomnio, y frustraci\u00f3n, todo esto, gracias al acompa\u00f1amiento adecuado, ya que el ni\u00f1o logra mejorar su percepci\u00f3n de logro, entendiendo que es capaz y que lo puede lograr.<\/p>\n","protected":false},"excerpt":{"rendered":"<p>\u00bfSab\u00edas que el apoyo de mam\u00e1 en el aprendizaje de las matem\u00e1ticas, fomenta la motivaci\u00f3n y amor en esta materia?<\/p>\n<p>Con el MASTER CLASS MATEM\u00c1TICAS PARA MAM\u00c1S, tu hijo desarrollar\u00e1 habilidades, mejorar\u00e1 su autoestima y tendr\u00e1 la confianza que necesita para alcanzar el \u00e9xito en el colegio.<\/p>\n","protected":false},"featured_media":3597,"template":"","meta":{"_joinchat":[]},"product_brand":[],"product_cat":[323,344],"product_tag":[],"class_list":{"0":"post-12048","1":"product","2":"type-product","3":"status-publish","4":"has-post-thumbnail","6":"product_cat-educacion","7":"product_cat-todos","9":"first","10":"instock","11":"sale","12":"shipping-taxable","13":"product-type-external"},"_links":{"self":[{"href":"https:\/\/cursos.talentup.cl\/index.php?rest_route=\/wp\/v2\/product\/12048","targetHints":{"allow":["GET"]}}],"collection":[{"href":"https:\/\/cursos.talentup.cl\/index.php?rest_route=\/wp\/v2\/product"}],"about":[{"href":"https:\/\/cursos.talentup.cl\/index.php?rest_route=\/wp\/v2\/types\/product"}],"version-history":[{"count":2,"href":"https:\/\/cursos.talentup.cl\/index.php?rest_route=\/wp\/v2\/product\/12048\/revisions"}],"predecessor-version":[{"id":14293,"href":"https:\/\/cursos.talentup.cl\/index.php?rest_route=\/wp\/v2\/product\/12048\/revisions\/14293"}],"wp:featuredmedia":[{"embeddable":true,"href":"https:\/\/cursos.talentup.cl\/index.php?rest_route=\/wp\/v2\/media\/3597"}],"wp:attachment":[{"href":"https:\/\/cursos.talentup.cl\/index.php?rest_route=%2Fwp%2Fv2%2Fmedia&parent=12048"}],"wp:term":[{"taxonomy":"product_brand","embeddable":true,"href":"https:\/\/cursos.talentup.cl\/index.php?rest_route=%2Fwp%2Fv2%2Fproduct_brand&post=12048"},{"taxonomy":"product_cat","embeddable":true,"href":"https:\/\/cursos.talentup.cl\/index.php?rest_route=%2Fwp%2Fv2%2Fproduct_cat&post=12048"},{"taxonomy":"product_tag","embeddable":true,"href":"https:\/\/cursos.talentup.cl\/index.php?rest_route=%2Fwp%2Fv2%2Fproduct_tag&post=12048"}],"curies":[{"name":"wp","href":"https:\/\/api.w.org\/{rel}","templated":true}]}}