{"id":12096,"date":"2023-01-10T04:40:00","date_gmt":"2023-01-10T07:40:00","guid":{"rendered":"https:\/\/cursos.talentup.cl\/?post_type=product&#038;p=12096"},"modified":"2024-02-07T23:37:23","modified_gmt":"2024-02-08T02:37:23","slug":"diseno-e-ilustracion-automotriz","status":"publish","type":"product","link":"https:\/\/cursos.talentup.cl\/?product=diseno-e-ilustracion-automotriz","title":{"rendered":"DISE\u00d1O E ILUSTRACI\u00d3N AUTOMOTRIZ"},"content":{"rendered":"<p>Imag\u00ednate hacer ilustraciones y dise\u00f1os de tus autos favoritos para generar altos ingresos.<\/p>\n<p>Con el Programa DISE\u00d1O E ILUSTRACI\u00d3N AUTOMOTRIZ, aprende las mejores t\u00e9cnicas de ilustraci\u00f3n y dise\u00f1o digital con Sketchbook pro y dale un nuevo rumbo a tus dibujos!<\/p>\n<p>Aprende t\u00e9cnicas de trazado, conoce los puntos de luz, las capas y los detalles con prestigiosas marcas como Ferrari y Aston Martin<\/p>\n<p>Factura, potenciando tu creatividad, dise\u00f1ando el auto de tus sue\u00f1os.<\/p>\n<p>\u00bfQU\u00c9 VAS A LOGRAR?<\/p>\n<p>Aqu\u00ed aprender\u00e1s:<\/p>\n<p>C\u00f3mo empezar una ilustraci\u00f3n desde 0.<\/p>\n<p>T\u00e9cnicas para un trazado perfecto.<\/p>\n<p>C\u00f3mo distinguir los puntos de luz.<\/p>\n<p>Herramientas para dar textura y color a tus dise\u00f1os.<\/p>\n<p>Modificaciones a tus autos favoritos.<\/p>\n<p>C\u00f3mo vender y promocionar tus ilustraciones.<\/p>\n<p>Animaci\u00f3n b\u00e1sica con fotogramas.<\/p>\n<p>Acceder\u00e1s al certificado avalado por Hotmart y Seminarios Online.<\/p>\n<p>\u00bfC\u00d3MO LO VAS A LOGRAR?<\/p>\n<p>A trav\u00e9s de 27 clases:<\/p>\n<p>Clase 1: Introducci\u00f3n.<br \/>\nClase 2: Conociendo las herramientas.<br \/>\nClase 3: Aprendiendo trazado. (Ferrari FXX K)<br \/>\nClase 4: Aprende a Usar Capas.<br \/>\nClase 5: Detallando Faros.<br \/>\nClase 6: Continuaci\u00f3n del trazado.<br \/>\nClase 7: La importancia de los detalles.<br \/>\nClase 8: Detallando Tom\u00e1s de aire (Ferrari FXX K).<br \/>\nClase 9: Trazando parabrisas.<br \/>\nClase 10: Time lapse parte 1.<br \/>\nClase 11: Time Lapse parte 2.<br \/>\nClase 12: Time Lapse Ferrari FXX K final.<br \/>\nClase 13: Aprende a capturar Texturas y color.<br \/>\nClase 14: Aplicando color a los retrovisores.<br \/>\nClase 15: Aplicando color a los faros.<br \/>\nClase 16: \u00a1Hora de terminar tu ilustraci\u00f3n!<br \/>\nClase 17: Nuevo proyecto. \u00a1Aston Martin Valkyrie!<br \/>\nClase 18: Trazando Aston Martin Valkyrie parte 1.<br \/>\nClase 19: Trazando Aston Martin Valkyrie parte 2.<br \/>\nClase 20: \u00a1Hora de darle color al Aston!<br \/>\nClase 21: La importancia del color en los detalles.<br \/>\nClase 22: Time lapse con colores parte 1.<br \/>\nClase 23: Time lapse con colores parte 2.<br \/>\nClase 24: Aprendiendo a modificar un auto<br \/>\nClase 25: Modificaci\u00f3n y color listos.<br \/>\nClase 26: Clase de animaci\u00f3n.<br \/>\nClase 27: Sketchbook mobile \u2013 Aprende a vender ilustraciones y dise\u00f1os.<\/p>\n<p>ACERCA DEL PRODUCTOR<\/p>\n<p>Desarrollado por MIGUEL \u00c1NGEL ARCE. Dise\u00f1ador industrial.<\/p>\n<p>Experiencia trabajando como profesor de dise\u00f1o en la fundaci\u00f3n Actuar por Bol\u00edvar y trabaja actualmente para empresas en el \u00e1rea local e internacional.<\/p>\n<p>Desde hace muchos a\u00f1os ha sentido pasi\u00f3n por el \u00e1mbito automotriz, admirando siempre marcas ic\u00f3nicas, como Ferrari y Alfa Romeo, est\u00e1 pasi\u00f3n lo llev\u00f3 a enfocar su \u00e1mbito profesional a una carrera relacionada con el dise\u00f1o, ah\u00ed pudo aprender muchos programas que llamaron su atenci\u00f3n y uno de estos fue Sketchbook pro.<\/p>\n<p>Despu\u00e9s de un a\u00f1o de pr\u00e1ctica sus dise\u00f1os tomaron otro rumbo, tanto las ilustraciones como los dise\u00f1os, fueron mejorando cada vez m\u00e1s, llamando la atenci\u00f3n a un p\u00fablico m\u00e1s profesional, esto le ha abierto puertas que le han permitido trabajar para personas en Estados Unidos, Espa\u00f1a, M\u00e9xico, Sud\u00e1frica y Colombia. <\/p>\n<p>Sin duda alguna, este programa es una excelente herramienta para todos los dise\u00f1adores en potencia y amantes al mundo automotriz.<\/p>\n","protected":false},"excerpt":{"rendered":"<p>Imag\u00ednate hacer ilustraciones y dise\u00f1os de tus autos favoritos para generar altos ingresos.<\/p>\n<p>Con el Programa DISE\u00d1O E ILUSTRACI\u00d3N AUTOMOTRIZ, aprende las mejores t\u00e9cnicas de ilustraci\u00f3n y dise\u00f1o digital con Sketchbook pro y dale un nuevo rumbo a tus dibujos!<\/p>\n<p>Aprende t\u00e9cnicas de trazado, conoce los puntos de luz, las capas y los detalles con prestigiosas marcas como Ferrari y Aston Martin<\/p>\n<p>Factura, potenciando tu creatividad, dise\u00f1ando el auto de tus sue\u00f1os.<\/p>\n","protected":false},"featured_media":3595,"template":"","meta":{"_joinchat":[]},"product_brand":[],"product_cat":[323,344],"product_tag":[],"class_list":{"0":"post-12096","1":"product","2":"type-product","3":"status-publish","4":"has-post-thumbnail","6":"product_cat-educacion","7":"product_cat-todos","9":"first","10":"instock","11":"sale","12":"shipping-taxable","13":"product-type-external"},"_links":{"self":[{"href":"https:\/\/cursos.talentup.cl\/index.php?rest_route=\/wp\/v2\/product\/12096","targetHints":{"allow":["GET"]}}],"collection":[{"href":"https:\/\/cursos.talentup.cl\/index.php?rest_route=\/wp\/v2\/product"}],"about":[{"href":"https:\/\/cursos.talentup.cl\/index.php?rest_route=\/wp\/v2\/types\/product"}],"version-history":[{"count":2,"href":"https:\/\/cursos.talentup.cl\/index.php?rest_route=\/wp\/v2\/product\/12096\/revisions"}],"predecessor-version":[{"id":14312,"href":"https:\/\/cursos.talentup.cl\/index.php?rest_route=\/wp\/v2\/product\/12096\/revisions\/14312"}],"wp:featuredmedia":[{"embeddable":true,"href":"https:\/\/cursos.talentup.cl\/index.php?rest_route=\/wp\/v2\/media\/3595"}],"wp:attachment":[{"href":"https:\/\/cursos.talentup.cl\/index.php?rest_route=%2Fwp%2Fv2%2Fmedia&parent=12096"}],"wp:term":[{"taxonomy":"product_brand","embeddable":true,"href":"https:\/\/cursos.talentup.cl\/index.php?rest_route=%2Fwp%2Fv2%2Fproduct_brand&post=12096"},{"taxonomy":"product_cat","embeddable":true,"href":"https:\/\/cursos.talentup.cl\/index.php?rest_route=%2Fwp%2Fv2%2Fproduct_cat&post=12096"},{"taxonomy":"product_tag","embeddable":true,"href":"https:\/\/cursos.talentup.cl\/index.php?rest_route=%2Fwp%2Fv2%2Fproduct_tag&post=12096"}],"curies":[{"name":"wp","href":"https:\/\/api.w.org\/{rel}","templated":true}]}}