{"id":12106,"date":"2023-01-10T04:40:01","date_gmt":"2023-01-10T07:40:01","guid":{"rendered":"https:\/\/cursos.talentup.cl\/?post_type=product&#038;p=12106"},"modified":"2024-02-07T23:37:24","modified_gmt":"2024-02-08T02:37:24","slug":"dropshipping-crea-tu-tienda-online","status":"publish","type":"product","link":"https:\/\/cursos.talentup.cl\/?product=dropshipping-crea-tu-tienda-online","title":{"rendered":"DROPSHIPPING: CREA TU TIENDA ONLINE"},"content":{"rendered":"<p>\u00bfQuieres escapar del sistema tradicional?<\/p>\n<p>Con el MasterClass DROPSHIPPING: CREA TU TIENDA ONLINE, emprende, gana libertad y vive la vida que quieres.<\/p>\n<p>\u00bfQU\u00c9 VAS A LOGRAR?<\/p>\n<p>Te convertir\u00e1s en un experto en la venta de productos f\u00edsicos por internet, el programa m\u00e1s completo para emprender con tu propia tienda de Dropshipping.<\/p>\n<p>Conseguir\u00e1s tus primeras ventas, con la explicaci\u00f3n precisa para que sea f\u00e1cil y r\u00e1pido el proceso de creaci\u00f3n. <\/p>\n<p>Tendr\u00e1s la posibilidad de crear un negocio 100% online.<\/p>\n<p>Construir\u00e1s una tienda digital.<\/p>\n<p>Aprovechar\u00e1s los beneficios del eCommerce.<\/p>\n<p>Conocer\u00e1s herramientas para hacer crecer tu tienda.<\/p>\n<p>Encontrar\u00e1s tu producto winner (Ganador).<\/p>\n<p>Dispondr\u00e1s de la estrategia ganadora para vender tus productos en Facebook ads.<\/p>\n<p>Acceder\u00e1s al certificado avalado por Hotmart y Seminarios Online.<\/p>\n<p>\u00bfC\u00d3MO LO VAS A LOGRAR?<\/p>\n<p>A trav\u00e9s del siguiente contenido, estructurado paso a paso:<\/p>\n<p>M\u00f3dulo No.1 Tus primeros pasos<\/p>\n<p>Bienvenida.<br \/>\nQue vas a lograr.<br \/>\nIntroducci\u00f3n y recomendaciones.<br \/>\nConceptos b\u00e1sicos de Dropshipping.<\/p>\n<p>M\u00f3dulo No.2 B\u00fasqueda y selecci\u00f3n del producto<\/p>\n<p>Tienda general o nicho.<br \/>\nQue nicho seleccionar.<br \/>\nCaracter\u00edsticas de un producto ganador.<br \/>\nB\u00fasqueda y selecci\u00f3n del producto ganador.<br \/>\nB\u00fasqueda del producto p1.<br \/>\nB\u00fasqueda del producto p2.<br \/>\nPrecio ideal del producto para tu tienda.<br \/>\nResumen y conclusiones. <\/p>\n<p>M\u00f3dulo No.3 Construye tu tienda<\/p>\n<p>Creaci\u00f3n de tienda en Shopify.<br \/>\nCreaci\u00f3n de dominio.<br \/>\nConfiguraci\u00f3n del tema en Shopify.<br \/>\nEl mejor tema del 2022.<br \/>\nConfiguraci\u00f3n de interfaz de Shopify.<br \/>\nPol\u00edticas legales.<br \/>\nCreaci\u00f3n de la tienda.<br \/>\nCreaci\u00f3n de pol\u00edticas en la tienda.<br \/>\nInstalaci\u00f3n de Oberlo.<br \/>\nInstalaci\u00f3n de Tracking.<br \/>\nCreaci\u00f3n del copi.<br \/>\nAplicaciones sugeridas.<\/p>\n<p>M\u00f3dulo No.4 Facebook Ads para Dropshipping<\/p>\n<p>P\u00e1gina de Facebook y logo.<br \/>\nConociendo Facebook business.<br \/>\nObjetivo de campa\u00f1as.<br \/>\nConociendo Facebook business p2.<\/p>\n<p>M\u00f3dulo No.5 BONOS<\/p>\n<p>Ebook \/ secretos del Dropshipping.<br \/>\nTop 10 productos para vender.<br \/>\nMejores proveedores para hacer Dropshipping.<\/p>\n<p>M\u00f3dulo No.4 (Video respuestas)<\/p>\n<p>C\u00f3mo encontrar un producto winner.<\/p>\n<p>ACERCA DE LA PRODUCTORA<\/p>\n<p>Desarrollado por VALENTINA PINEDO, joven emprendedora online reconocida dentro del mundo del eCommerce y Marketing Digital por su gran desempe\u00f1o en las ventas por internet. <\/p>\n<p>Es as\u00ed como a sus 23 a\u00f1os ha logrado negocios\/tiendas digitales ganadores en el mundo del Dropshipping. <\/p>\n<p>En estos \u00faltimos tiempos ha conseguido transformar radicalmente los resultados de clientes repartidos por todo el mundo, que ya han pasado por sus manos.<\/p>\n<p>Privacidad<br \/>\nTu informaci\u00f3n est\u00e1 100% segura<br \/>\nCompra segura<br \/>\nAmbiente seguro y autenticado<br \/>\nEntrega por email<br \/>\nAcceso al producto entregado por email<br \/>\nContenido aprobado<br \/>\n100% revisado y aprobado<\/p>\n","protected":false},"excerpt":{"rendered":"<p>\u00bfQuieres escapar del sistema tradicional?<\/p>\n<p>Con el MasterClass DROPSHIPPING: CREA TU TIENDA ONLINE, emprende, gana libertad y vive la vida que quieres.<\/p>\n","protected":false},"featured_media":3606,"template":"","meta":{"_joinchat":[]},"product_brand":[],"product_cat":[324,344],"product_tag":[],"class_list":{"0":"post-12106","1":"product","2":"type-product","3":"status-publish","4":"has-post-thumbnail","6":"product_cat-emprendimiento-digital","7":"product_cat-todos","9":"first","10":"instock","11":"sale","12":"shipping-taxable","13":"product-type-external"},"_links":{"self":[{"href":"https:\/\/cursos.talentup.cl\/index.php?rest_route=\/wp\/v2\/product\/12106","targetHints":{"allow":["GET"]}}],"collection":[{"href":"https:\/\/cursos.talentup.cl\/index.php?rest_route=\/wp\/v2\/product"}],"about":[{"href":"https:\/\/cursos.talentup.cl\/index.php?rest_route=\/wp\/v2\/types\/product"}],"version-history":[{"count":2,"href":"https:\/\/cursos.talentup.cl\/index.php?rest_route=\/wp\/v2\/product\/12106\/revisions"}],"predecessor-version":[{"id":14322,"href":"https:\/\/cursos.talentup.cl\/index.php?rest_route=\/wp\/v2\/product\/12106\/revisions\/14322"}],"wp:featuredmedia":[{"embeddable":true,"href":"https:\/\/cursos.talentup.cl\/index.php?rest_route=\/wp\/v2\/media\/3606"}],"wp:attachment":[{"href":"https:\/\/cursos.talentup.cl\/index.php?rest_route=%2Fwp%2Fv2%2Fmedia&parent=12106"}],"wp:term":[{"taxonomy":"product_brand","embeddable":true,"href":"https:\/\/cursos.talentup.cl\/index.php?rest_route=%2Fwp%2Fv2%2Fproduct_brand&post=12106"},{"taxonomy":"product_cat","embeddable":true,"href":"https:\/\/cursos.talentup.cl\/index.php?rest_route=%2Fwp%2Fv2%2Fproduct_cat&post=12106"},{"taxonomy":"product_tag","embeddable":true,"href":"https:\/\/cursos.talentup.cl\/index.php?rest_route=%2Fwp%2Fv2%2Fproduct_tag&post=12106"}],"curies":[{"name":"wp","href":"https:\/\/api.w.org\/{rel}","templated":true}]}}