{"id":12151,"date":"2023-01-10T04:40:06","date_gmt":"2023-01-10T07:40:06","guid":{"rendered":"https:\/\/cursos.talentup.cl\/?post_type=product&#038;p=12151"},"modified":"2024-02-07T23:37:25","modified_gmt":"2024-02-08T02:37:25","slug":"ajedre-kids-ajedrez-para-ninos","status":"publish","type":"product","link":"https:\/\/cursos.talentup.cl\/?product=ajedre-kids-ajedrez-para-ninos","title":{"rendered":"AJEDRE-KIDS (AJEDREZ PARA NI\u00d1OS)"},"content":{"rendered":"<p>\u00bfSab\u00edas que la pr\u00e1ctica del Ajedrez promueve el desarrollo mental?<\/p>\n<p>Con el MasterClass AJEDRE-KIDS AJEDREZ PARA NI\u00d1OS, tu hijo desarrollar\u00e1 su potencial para ser m\u00e1s productivo en su aprendizaje.<\/p>\n<p>\u00bfQU\u00c9 VAS A LOGRAR?<\/p>\n<p>Conocer\u00e1s los conceptos sobre \u00bfQu\u00e9 es el ajedrez?<\/p>\n<p>Conocer\u00e1s los beneficios que da el aprender y jugar ajedrez.<\/p>\n<p>Sabr\u00e1s acerca de la historia del ajedrez.<\/p>\n<p>Conocer\u00e1s el origen de la palabra \u201cAjedrez\u201d.<\/p>\n<p>Conocer\u00e1s como est\u00e1 conformado el tablero de juego.<\/p>\n<p>Aprender\u00e1s a colocar correctamente el tablero.<\/p>\n<p>Conocer\u00e1s las reglas y el nombre de cada una de las piezas y como colocarlas correctamente en el tablero.<\/p>\n<p>Aprender\u00e1s y practicar\u00e1s el movimiento de cada una de las piezas.<\/p>\n<p>Acceder\u00e1s al certificado avalado por Hotmart y Seminarios Online.<\/p>\n<p>\u00bfC\u00d3MO LO VAS A LOGRAR?<\/p>\n<p>A trav\u00e9s del siguiente contenido, estructurado paso a paso:<\/p>\n<p>M\u00f3dulo 1 \u2013 Ajedre-Kids<\/p>\n<p>Bienvenida.<br \/>\nRecomendaci\u00f3n.<br \/>\nTemario.<\/p>\n<p>M\u00f3dulo 2 &#8211; Parte pr\u00e1ctica<\/p>\n<p>\u00bfQu\u00e9 es el ajedrez?<br \/>\nHistoria del ajedrez.<br \/>\nEl tablero.<br \/>\nLas piezas en el tablero.<br \/>\nEl pe\u00f3n.<br \/>\nEl pe\u00f3n captura.<br \/>\nLa torre.<br \/>\nEl alfil.<br \/>\nEl caballo.<br \/>\nEl caballo captura.<br \/>\nLa dama.<br \/>\nLa dama captura.<br \/>\nEl rey.<br \/>\nEl jaque.<br \/>\nEl mate.<br \/>\nLa coronaci\u00f3n.<br \/>\nTablas o empate.<\/p>\n<p>M\u00f3dulo 3 &#8211; Material adicional (BONOS)<\/p>\n<p>Bono 1: Partida de practica \u201cEl Bar\u00f3n y el Aldeano\u201d.<br \/>\nBono 2: Conclusiones.<\/p>\n<p>M\u00f3dulo 4 &#8211; Video respuestas.<\/p>\n<p>\u00bfQu\u00e9 es el ajedrez?<br \/>\n\u00bfPor qu\u00e9 es bueno jugar al ajedrez y que beneficios se obtienen?<\/p>\n<p>ACERCA DEL PRODUCTOR<\/p>\n<p>Desarrollado por TZURIEL DAVID, joven inquieto y apasionado del Ajedrez, que lleva m\u00e1s de 10 a\u00f1os en la pr\u00e1ctica del apasionante juego-ciencia.<\/p>\n<p>Estudiante, emprendedor, deportista y ajedrecista, ha desarrollado este entretenido y gran curso \u201cAjedre-Kids\u201d (ajedrez para ni\u00f1os) con la intenci\u00f3n de impulsar las habilidades de pensamiento en los ni\u00f1os de cinco a\u00f1os en adelante.<\/p>\n<p>Con la direcci\u00f3n del profesor Ulises David (exalumno de la Fundaci\u00f3n Institute Kasparov) busca promover todos los beneficios que se pueden obtener con la pr\u00e1ctica del apasionante, entretenido y divertido juego que es el Ajedrez.<\/p>\n","protected":false},"excerpt":{"rendered":"<p>\u00bfSab\u00edas que la pr\u00e1ctica del Ajedrez promueve el desarrollo mental?<\/p>\n<p>Con el MasterClass AJEDRE-KIDS AJEDREZ PARA NI\u00d1OS, tu hijo desarrollar\u00e1 su potencial para ser m\u00e1s productivo en su aprendizaje.<\/p>\n","protected":false},"featured_media":4674,"template":"","meta":{"_joinchat":[]},"product_brand":[],"product_cat":[325,344],"product_tag":[],"class_list":{"0":"post-12151","1":"product","2":"type-product","3":"status-publish","4":"has-post-thumbnail","6":"product_cat-entretenimiento-y-hobbies","7":"product_cat-todos","9":"first","10":"instock","11":"sale","12":"shipping-taxable","13":"product-type-external"},"_links":{"self":[{"href":"https:\/\/cursos.talentup.cl\/index.php?rest_route=\/wp\/v2\/product\/12151","targetHints":{"allow":["GET"]}}],"collection":[{"href":"https:\/\/cursos.talentup.cl\/index.php?rest_route=\/wp\/v2\/product"}],"about":[{"href":"https:\/\/cursos.talentup.cl\/index.php?rest_route=\/wp\/v2\/types\/product"}],"version-history":[{"count":2,"href":"https:\/\/cursos.talentup.cl\/index.php?rest_route=\/wp\/v2\/product\/12151\/revisions"}],"predecessor-version":[{"id":14335,"href":"https:\/\/cursos.talentup.cl\/index.php?rest_route=\/wp\/v2\/product\/12151\/revisions\/14335"}],"wp:featuredmedia":[{"embeddable":true,"href":"https:\/\/cursos.talentup.cl\/index.php?rest_route=\/wp\/v2\/media\/4674"}],"wp:attachment":[{"href":"https:\/\/cursos.talentup.cl\/index.php?rest_route=%2Fwp%2Fv2%2Fmedia&parent=12151"}],"wp:term":[{"taxonomy":"product_brand","embeddable":true,"href":"https:\/\/cursos.talentup.cl\/index.php?rest_route=%2Fwp%2Fv2%2Fproduct_brand&post=12151"},{"taxonomy":"product_cat","embeddable":true,"href":"https:\/\/cursos.talentup.cl\/index.php?rest_route=%2Fwp%2Fv2%2Fproduct_cat&post=12151"},{"taxonomy":"product_tag","embeddable":true,"href":"https:\/\/cursos.talentup.cl\/index.php?rest_route=%2Fwp%2Fv2%2Fproduct_tag&post=12151"}],"curies":[{"name":"wp","href":"https:\/\/api.w.org\/{rel}","templated":true}]}}