{"id":12157,"date":"2023-01-10T04:40:07","date_gmt":"2023-01-10T07:40:07","guid":{"rendered":"https:\/\/cursos.talentup.cl\/?post_type=product&#038;p=12157"},"modified":"2024-02-07T23:37:26","modified_gmt":"2024-02-08T02:37:26","slug":"magia-para-seducir","status":"publish","type":"product","link":"https:\/\/cursos.talentup.cl\/?product=magia-para-seducir","title":{"rendered":"MAGIA PARA SEDUCIR"},"content":{"rendered":"<p>\u00bfSab\u00edas que con la magia mejoras tus habilidades comunicativas, pierdes el miedo a hablar en p\u00fablico e incluso puedes CONQUISTAR UNA PERSONA?<\/p>\n<p>Con el programa MAGIA PARA SEDUCIR, aprende las habilidades de persuasi\u00f3n que usan los grandes magos para entretener y sorprender a las personas con actos de magia. <\/p>\n<p>Usa las cartas a tu favor, aprendiendo trucos incre\u00edbles que te ayudar\u00e1n a conseguir grandes resultados en todo lo que te propongas.<\/p>\n<p>Sorprende y conquista con el MasterClass MAGIA PARA SEDUCIR. <\/p>\n<p>\u00bfQU\u00c9 VAS A LOGRAR?<\/p>\n<p>Lograr\u00e1s desde cero el manejo apropiado de la dial\u00e9ctica persuasiva.<\/p>\n<p>Aprender\u00e1s con una metodolog\u00eda aprobada por magos a realizar trucos fant\u00e1sticos con cartas. <\/p>\n<p>T\u00e9cnicas de manejo de barajas. <\/p>\n<p>C\u00f3mo crear un di\u00e1logo efectivo a quien le realizar\u00e1s los experimentos de magia, sin que tus espectadores se percatan que eres un mago profesional. <\/p>\n<p>Aprender\u00e1s 7 trucos impresionantes con cartas, que dejar\u00e1n con la boca abierta a todas las personas que tengas a tu alrededor en una fiesta, reuni\u00f3n o ciudad que visites. <\/p>\n<p>Acceder\u00e1s a certificado avalado por Hotmart y Seminarios.Online<\/p>\n<p>\u00bfC\u00d3MO LO VAS A LOGRAR?<\/p>\n<p>A trav\u00e9s del siguiente contenido estructurado paso a paso:<\/p>\n<p>VIDEO 1: Introducci\u00f3n<br \/>\nVIDEO 2: Manejo de la Baraja de Cartas<br \/>\nVIDEO 3: Reacci\u00f3n truco del Destino, La carta de la coincidencia.<br \/>\nVIDEO 4: Explicaci\u00f3n del Efecto de magia Destino, La carta de la coincidencia<br \/>\nVIDEO 5: Di\u00e1logo y texto del Efecto de magia Destino, La carta de la coincidencia<br \/>\nVIDEO 6: Reacci\u00f3n truco Conexi\u00f3n con un Desconocido<br \/>\nVIDEO 7: Explicaci\u00f3n del Efecto de magia Conexi\u00f3n con un Desconocido<br \/>\nVIDEO 8: Di\u00e1logo y texto del Efecto de magia Conexi\u00f3n con un Desconocido<br \/>\nVIDEO 9: Reacci\u00f3n truco Adivinando la Carta con las Pulsaciones.<br \/>\nVIDEO 10: Explicaci\u00f3n del Efecto de magia Adivinando la Carta con las Pulsaciones.<br \/>\nVIDEO 11: Di\u00e1logo y texto del Efecto de magia Adivinando la Carta con las Pulsaciones<br \/>\nVIDEO 12: Reacci\u00f3n del truco La Chica de mis Sue\u00f1os<br \/>\nVIDEO 13: Explicaci\u00f3n del Efecto de magia La Chica de mis Sue\u00f1os.<br \/>\nVIDEO 14: Reacci\u00f3n del truco El Universo y sus Se\u00f1ales.<br \/>\nVIDEO 15: Explicaci\u00f3n del efecto de magia El Universo y sus Se\u00f1ales.<br \/>\nVIDEO 16: Di\u00e1logo y texto del efecto de magia El Universo y sus Se\u00f1ales.<br \/>\nVIDEO 17: Reacci\u00f3n del truco Leyendo tu mente y adivinando la carta.<br \/>\nVIDEO 18: Explicaci\u00f3n del efecto de magia Leyendo tu mente y adivinando la carta.<br \/>\nVIDEO 19: Reacci\u00f3n del truco Intercambiando cartas con la Boca<br \/>\nVIDEO 20: Explicaci\u00f3n del efecto de magia Intercambiando cartas con la Boca<br \/>\nVIDEO 21: Di\u00e1logo y texto del efecto de magia Intercambiando cartas con la Boca<\/p>\n<p>ACERCA DEL PRODUCTOR<\/p>\n<p>Desarrollado por ITALO CASTILLO, mago profesional de Santiago de Chile. <\/p>\n<p>Un apasionado por la magia con cartas, ilusionismo, magia infantil y street magic. <\/p>\n<p>Ha recorrido m\u00e1s de 5 pa\u00edses gracias a la magia. Dictando conferencias para magos en Estados Unidos, Chile, Argentina y Colombia, talleres y shows para todo tipo de personas.<\/p>\n<p>Privacidad<br \/>\nTu informaci\u00f3n est\u00e1 100% segura<br \/>\nCompra segura<br \/>\nAmbiente seguro y autenticado<br \/>\nEntrega por email<br \/>\nAcceso al producto entregado por email<br \/>\nContenido aprobado<br \/>\n100% revisado y aprobado<\/p>\n<p>BONO No 1: DOS  TRUCOS CON CARTA ROJA<\/p>\n<p>> Clase 1. La Carta roja en el maso.<br \/>\n> Clase 2. Carta rota y recompuesta.<\/p>\n<p>BONO No 2: DOS  TRUCOS JUGANDO CON EL TIEMPO<\/p>\n<p>> Clase 1. Volviendo en el tiempo.<br \/>\n> Clase 2. La carta bajo el reloj.<\/p>\n<p>BONO No 3: TRUCOS DE PERSUACI\u00d3N CON CARTAS<\/p>\n<p>> Clase 1. Escuchando la carta.<br \/>\n> Clase 2. La carta ambiciosa.<\/p>\n<p>BONO No 4: JUEGOS DE CAMBIO DE CARTAS<\/p>\n<p>> Clase 1. Jugando con los ases.<br \/>\n> Clase 2. Cambiando las cartas. <\/p>\n","protected":false},"excerpt":{"rendered":"<p>\u00bfSab\u00edas que con la magia mejoras tus habilidades comunicativas, pierdes el miedo a hablar en p\u00fablico e incluso puedes CONQUISTAR UNA PERSONA?<\/p>\n<p>Con el programa MAGIA PARA SEDUCIR, aprende las habilidades de persuasi\u00f3n que usan los grandes magos para entretener y sorprender a las personas con actos de magia. <\/p>\n<p>Usa las cartas a tu favor, aprendiendo trucos incre\u00edbles que te ayudar\u00e1n a conseguir grandes resultados en todo lo que te propongas.<\/p>\n<p>Sorprende y conquista con el MasterClass MAGIA PARA SEDUCIR. <\/p>\n","protected":false},"featured_media":4679,"template":"","meta":{"_joinchat":[]},"product_brand":[],"product_cat":[325,344],"product_tag":[],"class_list":{"0":"post-12157","1":"product","2":"type-product","3":"status-publish","4":"has-post-thumbnail","6":"product_cat-entretenimiento-y-hobbies","7":"product_cat-todos","9":"first","10":"instock","11":"sale","12":"shipping-taxable","13":"product-type-external"},"_links":{"self":[{"href":"https:\/\/cursos.talentup.cl\/index.php?rest_route=\/wp\/v2\/product\/12157","targetHints":{"allow":["GET"]}}],"collection":[{"href":"https:\/\/cursos.talentup.cl\/index.php?rest_route=\/wp\/v2\/product"}],"about":[{"href":"https:\/\/cursos.talentup.cl\/index.php?rest_route=\/wp\/v2\/types\/product"}],"version-history":[{"count":2,"href":"https:\/\/cursos.talentup.cl\/index.php?rest_route=\/wp\/v2\/product\/12157\/revisions"}],"predecessor-version":[{"id":14340,"href":"https:\/\/cursos.talentup.cl\/index.php?rest_route=\/wp\/v2\/product\/12157\/revisions\/14340"}],"wp:featuredmedia":[{"embeddable":true,"href":"https:\/\/cursos.talentup.cl\/index.php?rest_route=\/wp\/v2\/media\/4679"}],"wp:attachment":[{"href":"https:\/\/cursos.talentup.cl\/index.php?rest_route=%2Fwp%2Fv2%2Fmedia&parent=12157"}],"wp:term":[{"taxonomy":"product_brand","embeddable":true,"href":"https:\/\/cursos.talentup.cl\/index.php?rest_route=%2Fwp%2Fv2%2Fproduct_brand&post=12157"},{"taxonomy":"product_cat","embeddable":true,"href":"https:\/\/cursos.talentup.cl\/index.php?rest_route=%2Fwp%2Fv2%2Fproduct_cat&post=12157"},{"taxonomy":"product_tag","embeddable":true,"href":"https:\/\/cursos.talentup.cl\/index.php?rest_route=%2Fwp%2Fv2%2Fproduct_tag&post=12157"}],"curies":[{"name":"wp","href":"https:\/\/api.w.org\/{rel}","templated":true}]}}