{"id":12165,"date":"2023-01-10T04:40:07","date_gmt":"2023-01-10T07:40:07","guid":{"rendered":"https:\/\/cursos.talentup.cl\/?post_type=product&#038;p=12165"},"modified":"2024-02-07T23:37:27","modified_gmt":"2024-02-08T02:37:27","slug":"ventriloquia-show","status":"publish","type":"product","link":"https:\/\/cursos.talentup.cl\/?product=ventriloquia-show","title":{"rendered":"VENTRILOQU\u00cdA SHOW"},"content":{"rendered":"<p>La ventriloqu\u00eda es el arte de hablar sin mover los labios y conectar a tu p\u00fablico.<\/p>\n<p>Con el MasterClass VENTRILOQU\u00cdA SHOW, aprende las t\u00e9cnicas que har\u00e1n que tu talento brille.<br \/>\nIMPACTA a tu audiencia haci\u00e9ndoles creer que tu voz viene de lugares incre\u00edbles.<\/p>\n<p>Crea guiones y n\u00fameros elaborados que sorprenden.<br \/>\nEstimula tu imaginaci\u00f3n y genera altos ingresos con un divertido Show.<\/p>\n<p>\u00bfQU\u00c9 VAS A LOGRAR?<\/p>\n<p>Obtendr\u00e1s las claves para triunfar como ventr\u00edlocuo\/a.<\/p>\n<p>Comprender\u00e1s las t\u00e9cnicas que hacen creer que la voz viene de lugares incre\u00edbles.<\/p>\n<p>Desarrollar\u00e1s tu parte creativa, aprendiendo a crear guiones y n\u00fameros elaborados.<\/p>\n<p>Estimular\u00e1s tu imaginaci\u00f3n.<\/p>\n<p>Acceder\u00e1s al certificado avalado por Hotmart y Seminarios Online.<\/p>\n<p>\u00bfC\u00d3MO LO VAS A LOGRAR?<\/p>\n<p>A trav\u00e9s de los m\u00f3dulos, que te entregar\u00e1n el siguiente contenido:<\/p>\n<p>Mitos y verdades.<\/p>\n<p>El diafragma, como usarlo.<\/p>\n<p>Como usar los dientes.<\/p>\n<p>Las voces y sus tonos.<\/p>\n<p>Vocalizaci\u00f3n perfecta.<\/p>\n<p>Tipos de mu\u00f1ecos.<\/p>\n<p>Los movimientos que dan vida a tus mu\u00f1ecos.<\/p>\n<p>Guiones, como hacerlos.<\/p>\n<p>ACERCA DEL PRODUCTOR<\/p>\n<p>Desarrollado por CHRISTIAN MIR\u00d3, quien est\u00e1 considerado como uno de los mejores ventr\u00edlocuos de Espa\u00f1a.<\/p>\n<p>No solo por su impecable t\u00e9cnica, sino tambi\u00e9n por su calidad art\u00edstica.<\/p>\n<p>Como docente, ha desarrollado un m\u00e9todo \u00fanico y personal para ense\u00f1ar ventriloqu\u00eda. <\/p>\n<p>Es autor de los libros \u201cLa ilusi\u00f3n de la vida \u2013 Manual de ventriloquia\u201d y \u201cConclusiones \u2013 razonamientos esc\u00e9nicos para magos\u201d.<\/p>\n<p>Es profesor de ventriloqu\u00eda y mentalismo en el Real Centro Universitario Mar\u00eda Cristina del Escorial, en la \u00fanica carrera de ilusionismo de Europa.<\/p>\n<p>Ha impartido masterclasses, talleres y conferencias en la mayor\u00eda de asociaciones m\u00e1gicas de Espa\u00f1a e Italia.<\/p>\n<p>Sus m\u00e9todos tienen fundamentos pedag\u00f3gicos, ya que es maestro de profesi\u00f3n.<\/p>\n<p>Como artista ha trabajado durante muchos a\u00f1os en las m\u00e1s prestigiosas compa\u00f1\u00edas de crucero europeas y norteamericanas.<\/p>\n<p>Ha actuado en los mejores teatros y salas de Espa\u00f1a, como el Benidorm Palace, o \u00faltimamente, con su show unipersonal en los teatros Reina Victoria y Pr\u00edncipe Gran V\u00eda, de Madrid.<\/p>\n<p>Ha actuado en el \u201cMonday Night Magic\u201d de Nueva York, y los m\u00e1s importantes festivales europeos de ilusionismo.<\/p>\n<p>Privacidad<br \/>\nTu informaci\u00f3n est\u00e1 100% segura<br \/>\nCompra segura<br \/>\nAmbiente seguro y autenticado<br \/>\nEntrega por email<br \/>\nAcceso al producto entregado por email<br \/>\nContenido aprobado<br \/>\n100% revisado y aprobado<\/p>\n<p>??<\/p>\n","protected":false},"excerpt":{"rendered":"<p>La ventriloqu\u00eda es el arte de hablar sin mover los labios y conectar a tu p\u00fablico.<\/p>\n<p>Con el MasterClass VENTRILOQU\u00cdA SHOW, aprende las t\u00e9cnicas que har\u00e1n que tu talento brille.<br \/>\nIMPACTA a tu audiencia haci\u00e9ndoles creer que tu voz viene de lugares incre\u00edbles.<\/p>\n<p>Crea guiones y n\u00fameros elaborados que sorprenden.<br \/>\nEstimula tu imaginaci\u00f3n y genera altos ingresos con un divertido Show.<\/p>\n","protected":false},"featured_media":4687,"template":"","meta":{"_joinchat":[]},"product_brand":[],"product_cat":[325,344],"product_tag":[],"class_list":{"0":"post-12165","1":"product","2":"type-product","3":"status-publish","4":"has-post-thumbnail","6":"product_cat-entretenimiento-y-hobbies","7":"product_cat-todos","9":"first","10":"instock","11":"sale","12":"shipping-taxable","13":"product-type-external"},"_links":{"self":[{"href":"https:\/\/cursos.talentup.cl\/index.php?rest_route=\/wp\/v2\/product\/12165","targetHints":{"allow":["GET"]}}],"collection":[{"href":"https:\/\/cursos.talentup.cl\/index.php?rest_route=\/wp\/v2\/product"}],"about":[{"href":"https:\/\/cursos.talentup.cl\/index.php?rest_route=\/wp\/v2\/types\/product"}],"version-history":[{"count":2,"href":"https:\/\/cursos.talentup.cl\/index.php?rest_route=\/wp\/v2\/product\/12165\/revisions"}],"predecessor-version":[{"id":14348,"href":"https:\/\/cursos.talentup.cl\/index.php?rest_route=\/wp\/v2\/product\/12165\/revisions\/14348"}],"wp:featuredmedia":[{"embeddable":true,"href":"https:\/\/cursos.talentup.cl\/index.php?rest_route=\/wp\/v2\/media\/4687"}],"wp:attachment":[{"href":"https:\/\/cursos.talentup.cl\/index.php?rest_route=%2Fwp%2Fv2%2Fmedia&parent=12165"}],"wp:term":[{"taxonomy":"product_brand","embeddable":true,"href":"https:\/\/cursos.talentup.cl\/index.php?rest_route=%2Fwp%2Fv2%2Fproduct_brand&post=12165"},{"taxonomy":"product_cat","embeddable":true,"href":"https:\/\/cursos.talentup.cl\/index.php?rest_route=%2Fwp%2Fv2%2Fproduct_cat&post=12165"},{"taxonomy":"product_tag","embeddable":true,"href":"https:\/\/cursos.talentup.cl\/index.php?rest_route=%2Fwp%2Fv2%2Fproduct_tag&post=12165"}],"curies":[{"name":"wp","href":"https:\/\/api.w.org\/{rel}","templated":true}]}}