{"id":12166,"date":"2023-01-10T04:40:07","date_gmt":"2023-01-10T07:40:07","guid":{"rendered":"https:\/\/cursos.talentup.cl\/?post_type=product&#038;p=12166"},"modified":"2024-02-07T23:37:27","modified_gmt":"2024-02-08T02:37:27","slug":"aprende-mesas-con-resina","status":"publish","type":"product","link":"https:\/\/cursos.talentup.cl\/?product=aprende-mesas-con-resina","title":{"rendered":"APRENDE MESAS CON RESINA"},"content":{"rendered":"<p>\u00bfSabes todo lo que puedes hacer con resina?<\/p>\n<p>Con el MasterClass, APRENDE MESAS CON RESINA, sabr\u00e1s como hacerlo sin necesidad de usar HERRAMIENTAS COSTOSAS.<\/p>\n<p>Aqu\u00ed encuentras todas las t\u00e9cnicas, el funcionamiento y c\u00f3mo crear tus propios dise\u00f1os. <\/p>\n<p>Este, puede ser tu Hobby o incluso una profesi\u00f3n altamente rentable, que ya es tendencia mundial.<\/p>\n<p>Crea mesas incre\u00edbles, con colores y acabados impactantes<\/p>\n<p>\u00bfQU\u00c9 VAS A LOGRAR?<\/p>\n<p>Aprender\u00e1s a crear y dise\u00f1ar tus propios productos, con resina en este caso todo tipo de mesas con resina.<\/p>\n<p>Conocer\u00e1s c\u00f3mo funciona la resina y sus diferentes usos.<\/p>\n<p>Aprender\u00e1s c\u00f3mo poder aplicarla en los diferentes espacios correctamente.<\/p>\n<p>Lograr\u00e1s realizar este tipo de trabajos con resina SIN NECESIDAD DE HERRAMIENTAS.<\/p>\n<p>Aprender\u00e1s todas las t\u00e9cnicas, el paso a paso la teor\u00eda.<\/p>\n<p>Conocer\u00e1s los diferentes funcionamientos de la resina en los entornos de las mesas y as\u00ed crear tus propios dise\u00f1os.<\/p>\n<p>Acceder al certificado avalado por Hotmart y Seminarios Online.<\/p>\n<p>\u00bfC\u00d3MO LO VAS A LOGRAR?<\/p>\n<p>A trav\u00e9s del siguiente contenido, estructurado paso a paso:<\/p>\n<p>Video 1 Bienvenida.<br \/>\nVideo 1.2 que es la resina.<br \/>\nBonus de documentos.<br \/>\nVideo 2 Introducci\u00f3n.<br \/>\nVideo 3 Tips y recomendaciones.<br \/>\nVideo 4 Relleno de la grieta o fisura.<br \/>\nVideo 5 Contabilidad.<br \/>\nVideo 6 Ficha t\u00e9cnica.<br \/>\nVideo 7 C\u00e1lculo de resina.<br \/>\nVideo 8 Lo que no debes hacer.<br \/>\nVideo 9 Armando el molde.<br \/>\nVideo 10 Sellado del molde.<br \/>\nVideo 11 Aplicados de resina.<br \/>\nVideo 12 Aplicados de resina.<br \/>\nVideo 13 Aplicados de resina.<br \/>\nVideo 14 Desmoldando.<br \/>\nVideo 15 Proceso de lijado.<br \/>\nVideo 16 Aplicados de resina para el acabado.<br \/>\nVideo 17 Resultado final.<br \/>\nVideo 18 Escogiendo la madera.<br \/>\nVideo 19 (Explicaci\u00f3n del molde).<br \/>\nVideo 20 (Explicaci\u00f3n del molde).<br \/>\nVideo 21 Aplicaci\u00f3n del relleno.<br \/>\nVideo 22 (Aplicaci\u00f3n del relleno).<br \/>\nVideo 23 (Procesos de lijado).<br \/>\nVideo 24 Sellado y aplicaci\u00f3n de resina.<br \/>\nVideo 25 Explicaci\u00f3n.<br \/>\nVideo 26 Preguntas frecuentes.<br \/>\nVideo 27 REGALO ESPECIAL.<br \/>\nVideo 28 Final.<\/p>\n<p>ACERCA DEL PRODUCTOR<\/p>\n<p>Desarrollado por LEONARDO DE JES\u00daS JIM\u00c9NEZ LE\u00d3N, empresario, decorador de interiores, carpintero, ebanista, t\u00e9cnico en hoteler\u00eda e informaci\u00f3n tur\u00edstica, estudiante ingenier\u00eda electr\u00f3nica.<\/p>\n<p>Personal Certificado por la Universidad de la magdalena y por el SENA en Colombia. <\/p>\n","protected":false},"excerpt":{"rendered":"<p>\u00bfSabes todo lo que puedes hacer con resina?<\/p>\n<p>Con el MasterClass, APRENDE MESAS CON RESINA, sabr\u00e1s como hacerlo sin necesidad de usar HERRAMIENTAS COSTOSAS.<\/p>\n<p>Aqu\u00ed encuentras todas las t\u00e9cnicas, el funcionamiento y c\u00f3mo crear tus propios dise\u00f1os. <\/p>\n<p>Este, puede ser tu Hobby o incluso una profesi\u00f3n altamente rentable, que ya es tendencia mundial.<\/p>\n<p>Crea mesas incre\u00edbles, con colores y acabados impactantes<\/p>\n","protected":false},"featured_media":4689,"template":"","meta":{"_joinchat":[]},"product_brand":[],"product_cat":[325,344],"product_tag":[],"class_list":{"0":"post-12166","1":"product","2":"type-product","3":"status-publish","4":"has-post-thumbnail","6":"product_cat-entretenimiento-y-hobbies","7":"product_cat-todos","9":"first","10":"instock","11":"sale","12":"shipping-taxable","13":"product-type-external"},"_links":{"self":[{"href":"https:\/\/cursos.talentup.cl\/index.php?rest_route=\/wp\/v2\/product\/12166","targetHints":{"allow":["GET"]}}],"collection":[{"href":"https:\/\/cursos.talentup.cl\/index.php?rest_route=\/wp\/v2\/product"}],"about":[{"href":"https:\/\/cursos.talentup.cl\/index.php?rest_route=\/wp\/v2\/types\/product"}],"version-history":[{"count":2,"href":"https:\/\/cursos.talentup.cl\/index.php?rest_route=\/wp\/v2\/product\/12166\/revisions"}],"predecessor-version":[{"id":14349,"href":"https:\/\/cursos.talentup.cl\/index.php?rest_route=\/wp\/v2\/product\/12166\/revisions\/14349"}],"wp:featuredmedia":[{"embeddable":true,"href":"https:\/\/cursos.talentup.cl\/index.php?rest_route=\/wp\/v2\/media\/4689"}],"wp:attachment":[{"href":"https:\/\/cursos.talentup.cl\/index.php?rest_route=%2Fwp%2Fv2%2Fmedia&parent=12166"}],"wp:term":[{"taxonomy":"product_brand","embeddable":true,"href":"https:\/\/cursos.talentup.cl\/index.php?rest_route=%2Fwp%2Fv2%2Fproduct_brand&post=12166"},{"taxonomy":"product_cat","embeddable":true,"href":"https:\/\/cursos.talentup.cl\/index.php?rest_route=%2Fwp%2Fv2%2Fproduct_cat&post=12166"},{"taxonomy":"product_tag","embeddable":true,"href":"https:\/\/cursos.talentup.cl\/index.php?rest_route=%2Fwp%2Fv2%2Fproduct_tag&post=12166"}],"curies":[{"name":"wp","href":"https:\/\/api.w.org\/{rel}","templated":true}]}}