{"id":12206,"date":"2023-01-10T04:40:12","date_gmt":"2023-01-10T07:40:12","guid":{"rendered":"https:\/\/cursos.talentup.cl\/?post_type=product&#038;p=12206"},"modified":"2024-02-07T23:37:28","modified_gmt":"2024-02-08T02:37:28","slug":"maestro-del-ukelele","status":"publish","type":"product","link":"https:\/\/cursos.talentup.cl\/?product=maestro-del-ukelele","title":{"rendered":"MAESTRO DEL UKELELE"},"content":{"rendered":"<p>El Ukelele es el instrumento de cuerda principal en la isla de Pascua, Haw\u00e1i y Tahit\u00ed.<\/p>\n<p>Tienes que conocer el MASTER CLASS MAESTROS DEL UKELELE. Sin importar la edad, este instrumento es perfecto por su tama\u00f1o compacto y c\u00f3modo, adem\u00e1s es uno de los m\u00e1s sencillos de interpretar.<\/p>\n<p>Toca los ritmos de tu m\u00fasica preferida, potenciar la rapidez y habilidad con tus dedos.<\/p>\n<p>\u00bfQU\u00c9 VAS A LOGRAR?<\/p>\n<p>Aprender un instrumento sin importar la edad que tengas debido a su practicidad y facilidad para aprender.<\/p>\n<p>Conocer y dominar un instrumento, f\u00e1cil de llevar por su tama\u00f1o compacto y c\u00f3modo que te acompa\u00f1a cualquier lugar.<\/p>\n<p>Apasionarte por su sonido envolvente y ser el centro de una reuni\u00f3n con tus amigos.<\/p>\n<p>Ofrecer una experiencia agradable a tus familiares y conocidos o sencillamente adquirir un nuevo talento.<\/p>\n<p>Desarrollar las habilidades b\u00e1sicas para tocar uno de los instrumentos m\u00e1s compactos y completos del mundo.<\/p>\n<p>Convertirte en un int\u00e9rprete completo del ukelele.<\/p>\n<p>Tocar los ritmos de tu m\u00fasica favorita demostrando \u201cun talento que ten\u00edas oculto\u201d.<\/p>\n<p>Interiorizar las t\u00e9cnicas necesarias para aprender acordes de manera sencilla.<\/p>\n<p>Potenciar la rapidez y habilidad con tus dedos.<\/p>\n<p>Ver la m\u00fasica como algo m\u00e1s que una habilidad.<\/p>\n<p>Tocar tus primeras canciones con las que siempre has so\u00f1ado en tiempo r\u00e9cord.<\/p>\n<p>Acceder al certificado descargable avalado por Hotmart y Seminarios Online.<\/p>\n<p>\u00bfC\u00d3MO LO VAS A LOGRAR?<\/p>\n<p>A trav\u00e9s de 14 sencillas y pr\u00e1cticas lecciones que te llevar\u00e1n paso a paso sin que te pierdas en el incre\u00edble camino de la m\u00fasica.<br \/>\nSe combinan ejercicios pr\u00e1cticos con habilidades t\u00e9cnicas para lograr que tu proceso de aprendizaje sea m\u00e1s f\u00e1cil y divertido y que te permitir\u00e1n tocar 13 canciones conocidas a trav\u00e9s de los siguientes m\u00f3dulos:<\/p>\n<p>Bienvenida al curso.<\/p>\n<p>Tipos de ukelele y partes del mismo.<\/p>\n<p>Numeraci\u00f3n de los dedos y postura.<\/p>\n<p>Afinaci\u00f3n del instrumento.<\/p>\n<p>Las notas y la notaci\u00f3n internacional.<\/p>\n<p>Ejercicios pr\u00e1cticos con y sin el ukelele.<\/p>\n<p>Acordes, qu\u00e9 son y c\u00f3mo identificarlos.<\/p>\n<p>Acordes mayores.<\/p>\n<p>Tus primeras 5 canciones.<\/p>\n<p>Acordes menores.<\/p>\n<p>Canciones con acordes mayores y menores.<\/p>\n<p>Acordes Sostenidos.<\/p>\n<p>Canciones con acordes sostenidos.<\/p>\n<p>Rasgueos y arpegios.<\/p>\n<p>Mi filosof\u00eda de la m\u00fasica y extras (apps y seguimiento).<\/p>\n<p>ACERCA DEL PRODUCTOR:<\/p>\n<p>Desarrollado por SEBASTIAN SALAMANCA, pedagogo con m\u00e1s de 15 a\u00f1os en el mundo de la m\u00fasica y 10 a\u00f1os de experiencia dando clases a personas de todas las edades; ni\u00f1os, j\u00f3venes y adultos.<\/p>\n<p>Adem\u00e1s, domina varios instrumentos como resultado de una amplia trayectoria en diferentes g\u00e9neros musicales.<\/p>\n","protected":false},"excerpt":{"rendered":"<p>El Ukelele es el instrumento de cuerda principal en la isla de Pascua, Haw\u00e1i y Tahit\u00ed.<\/p>\n<p>Tienes que conocer el MASTER CLASS MAESTROS DEL UKELELE. Sin importar la edad, este instrumento es perfecto por su tama\u00f1o compacto y c\u00f3modo, adem\u00e1s es uno de los m\u00e1s sencillos de interpretar.<\/p>\n<p>Toca los ritmos de tu m\u00fasica preferida, potenciar la rapidez y habilidad con tus dedos.<\/p>\n","protected":false},"featured_media":4699,"template":"","meta":{"_joinchat":[]},"product_brand":[],"product_cat":[325,344],"product_tag":[],"class_list":{"0":"post-12206","1":"product","2":"type-product","3":"status-publish","4":"has-post-thumbnail","6":"product_cat-entretenimiento-y-hobbies","7":"product_cat-todos","9":"first","10":"instock","11":"sale","12":"shipping-taxable","13":"product-type-external"},"_links":{"self":[{"href":"https:\/\/cursos.talentup.cl\/index.php?rest_route=\/wp\/v2\/product\/12206","targetHints":{"allow":["GET"]}}],"collection":[{"href":"https:\/\/cursos.talentup.cl\/index.php?rest_route=\/wp\/v2\/product"}],"about":[{"href":"https:\/\/cursos.talentup.cl\/index.php?rest_route=\/wp\/v2\/types\/product"}],"version-history":[{"count":2,"href":"https:\/\/cursos.talentup.cl\/index.php?rest_route=\/wp\/v2\/product\/12206\/revisions"}],"predecessor-version":[{"id":14359,"href":"https:\/\/cursos.talentup.cl\/index.php?rest_route=\/wp\/v2\/product\/12206\/revisions\/14359"}],"wp:featuredmedia":[{"embeddable":true,"href":"https:\/\/cursos.talentup.cl\/index.php?rest_route=\/wp\/v2\/media\/4699"}],"wp:attachment":[{"href":"https:\/\/cursos.talentup.cl\/index.php?rest_route=%2Fwp%2Fv2%2Fmedia&parent=12206"}],"wp:term":[{"taxonomy":"product_brand","embeddable":true,"href":"https:\/\/cursos.talentup.cl\/index.php?rest_route=%2Fwp%2Fv2%2Fproduct_brand&post=12206"},{"taxonomy":"product_cat","embeddable":true,"href":"https:\/\/cursos.talentup.cl\/index.php?rest_route=%2Fwp%2Fv2%2Fproduct_cat&post=12206"},{"taxonomy":"product_tag","embeddable":true,"href":"https:\/\/cursos.talentup.cl\/index.php?rest_route=%2Fwp%2Fv2%2Fproduct_tag&post=12206"}],"curies":[{"name":"wp","href":"https:\/\/api.w.org\/{rel}","templated":true}]}}