{"id":12208,"date":"2023-01-10T04:40:12","date_gmt":"2023-01-10T07:40:12","guid":{"rendered":"https:\/\/cursos.talentup.cl\/?post_type=product&#038;p=12208"},"modified":"2024-02-07T23:37:28","modified_gmt":"2024-02-08T02:37:28","slug":"salsa-social-para-principiantes","status":"publish","type":"product","link":"https:\/\/cursos.talentup.cl\/?product=salsa-social-para-principiantes","title":{"rendered":"SALSA SOCIAL PARA PRINCIPIANTES"},"content":{"rendered":"<p>Este es un MasterClass dedicado a aprender a bailar salsa, desde cero hasta llegar a un nivel intermedio, bas\u00e1ndose en las herramientas que necesita una persona para poder disfrutar el baile en una fiesta o reuni\u00f3n social.<\/p>\n<p>Puedes vencer el miedo a hacer el rid\u00edculo, aprendiendo pasos y movimientos \u00fatiles para bailar de forma social. Adem\u00e1s, vas a ganar seguridad y dominar un ritmo incre\u00edble con diferentes pasos y vueltas.<\/p>\n<p>\u00bfQU\u00c9 VAS A LOGRAR?<\/p>\n<p>Aprender c\u00f3mo llevar el ritmo correctamente para que te puedas conectar con tu pareja mientras sientes el poder de la m\u00fasica en tus pies.<\/p>\n<p>Contar con contenido nuevo de pasos y alcanzar tus metas de baile que iras mejorando en una l\u00ednea de tiempo.<\/p>\n<p>Recibir contenido adicional para que tu proceso de aprendizaje sea mucho m\u00e1s din\u00e1mico y divertido. <\/p>\n<p>Contar con pistas musicales elaboradas para entender mejor la m\u00fasica que vas a bailar.<\/p>\n<p>Tener mayor seguridad y autoconfianza al bailar, lo cual va a impactar en tus habilidades de relacionamiento social.<\/p>\n<p>Conocer la historia de la salsa, su esencia vital y evoluci\u00f3n.<\/p>\n<p>Guiar a tu pareja de baile para que sienta el ritmo de la misma forma como lo est\u00e1s haciendo.<\/p>\n<p>Seguir a tu pareja de baile y ejercitarte mientras lo haces.<\/p>\n<p>Bailar bien de tal forma que puedas entenderte con cualquier persona.<\/p>\n<p>Iniciar con pie derecho en el mundo del baile de la salsa y convertirte en el alma de la fiesta<\/p>\n<p>\u00bfC\u00d3MO LO VAS A LOGRAR?<\/p>\n<p>A partir de clases que combinan la teor\u00eda e historia de la m\u00fasica salsa con movimientos corporales para que puedas realizar los pasos con mucho m\u00e1s sabor. <\/p>\n<p>Son clases explicadas paso a paso, con el conteo musical, la m\u00fasica e incluso c\u00e1mara lenta para que no pierdas ning\u00fan detalle, y empieces a dar tus primeros pasos en el mundo de la salsa.<\/p>\n<p>Desarrollado a partir de las siguientes tem\u00e1ticas:<\/p>\n<p>Introducci\u00f3n y presentaci\u00f3n.<br \/>\nT\u00e9cnica b\u00e1sica de mov corporal\/Pies, mov corporal\/Torso, Movimiento corporal\/Pies + torso + brazos y actividades complementarias.<br \/>\nT\u00e9cnica b\u00e1sica de movimiento \/ brazos<br \/>\nTeor\u00eda e historia de la salsa.<br \/>\nActividad complementaria.<br \/>\nCalentamiento y disociaci\u00f3n corporal.<br \/>\nAtr\u00e1s &#8211; Atr\u00e1s<br \/>\nIntroducci\u00f3n a sesiones pr\u00e1cticas<br \/>\nPr\u00e1ctica m\u00fasica lenta<br \/>\nPr\u00e1ctica m\u00fasica media<br \/>\nPr\u00e1ctica m\u00fasica r\u00e1pida<br \/>\nLateral \/ Lado &#8211; Lado<br \/>\nPr\u00e1ctica m\u00fasica lenta (Lateral \/ Lado &#8211; Lado)<br \/>\nPr\u00e1ctica m\u00fasica media (Lateral \/ Lado &#8211; Lado)<br \/>\nPr\u00e1ctica m\u00fasica r\u00e1pida (Lateral \/ Lado &#8211; Lado)<br \/>\nAdelante y atr\u00e1s<br \/>\nPr\u00e1ctica m\u00fasica lenta (Adelante y atr\u00e1s)<br \/>\nPr\u00e1ctica m\u00fasica media (Adelante y atr\u00e1s)<br \/>\nPr\u00e1ctica m\u00fasica r\u00e1pida (Adelante y atr\u00e1s)<br \/>\nTap \/ Pique<br \/>\nDoble a los lados<br \/>\nPr\u00e1ctica m\u00fasica lenta (Doble a los lados)<br \/>\nPr\u00e1ctica m\u00fasica media (Doble a los lados)<br \/>\nPr\u00e1ctica m\u00fasica r\u00e1pida (Doble a los lados)<br \/>\nAtr\u00e1s atr\u00e1s con cambio de frente<br \/>\nPr\u00e1ctica m\u00fasica lenta (Atr\u00e1s atr\u00e1s con cambio de frente)<br \/>\nPr\u00e1ctica m\u00fasica media (Atr\u00e1s atr\u00e1s con cambio de frente)<br \/>\nPr\u00e1ctica m\u00fasica r\u00e1pida (Atr\u00e1s atr\u00e1s con cambio de frente)<br \/>\nDoble adelante y atr\u00e1s<br \/>\nPr\u00e1ctica m\u00fasica lenta (Doble adelante y atr\u00e1s)<br \/>\nPr\u00e1ctica m\u00fasica media (Doble adelante y atr\u00e1s)<br \/>\nPr\u00e1ctica m\u00fasica r\u00e1pida (Doble adelante y atr\u00e1s)<br \/>\nAdelante adelante<br \/>\nPr\u00e1ctica m\u00fasica lenta (Adelante adelante)<br \/>\nPr\u00e1ctica m\u00fasica media (Adelante adelante)<br \/>\nPr\u00e1ctica m\u00fasica r\u00e1pida (Adelante adelante)<br \/>\nLateral cruzado<br \/>\nPr\u00e1ctica m\u00fasica lenta (Lateral cruzado)<br \/>\nPr\u00e1ctica m\u00fasica media (Lateral cruzado)<br \/>\nPr\u00e1ctica m\u00fasica r\u00e1pida (Lateral cruzado)<br \/>\nPivote<br \/>\nPr\u00e1ctica m\u00fasica lenta (Pivote)<br \/>\nPr\u00e1ctica m\u00fasica media (Pivote)<br \/>\nPr\u00e1ctica m\u00fasica r\u00e1pida (Pivote)<br \/>\nTransiciones de los pasos<br \/>\nIntroducci\u00f3n Pasos en pareja<br \/>\nPasos en pareja<br \/>\nPasos en pareja &#8211; Lateral<br \/>\nPasos en pareja &#8211; Adelante y atr\u00e1s<br \/>\nPasos en pareja &#8211; Doble a los lados<br \/>\nPasos en pareja &#8211; Atr\u00e1s atr\u00e1s abre<br \/>\nPasos en pareja &#8211; Doble adelante y atr\u00e1s<br \/>\nPasos en pareja &#8211; Adelante adelante<br \/>\nPasos en pareja &#8211; Lateral cruzado<br \/>\nPasos en pareja &#8211; Pivot<br \/>\nCon m\u00fasica todos los abrazos<br \/>\nComunidad salsa social<\/p>\n<p>ACERCA DEL PRODUCTOR<\/p>\n<p>Desarrollado por JUAN DAVID BERNAL, artista nacido en Cali, Colombia, amante de la Salsa, la Bachata y ritmos latinos con 20 a\u00f1os de trayectoria y experiencia como bailar\u00edn. <\/p>\n<p>Ha sido profesor, director art\u00edstico y core\u00f3grafo en reconocidas escuelas y espect\u00e1culos a nivel internacional como Estilo y sabor, DELIRIO \/ hecho en Cali, SALSODROMO\/Desfile inaugural de la feria de Cali, Ecuador Salsa Congress y Tropical Dance en Ecuador. <\/p>\n<p>Adem\u00e1s, como instructor y core\u00f3grafo en grandes espect\u00e1culos le ha permitido desarrollar un novedoso m\u00e9todo que facilita el aprendizaje para llevar a los estudiantes desde cero y que juntos cumplamos sus objetivos en el baile.<\/p>\n","protected":false},"excerpt":{"rendered":"<p>Este es un MasterClass dedicado a aprender a bailar salsa, desde cero hasta llegar a un nivel intermedio, bas\u00e1ndose en las herramientas que necesita una persona para poder disfrutar el baile en una fiesta o reuni\u00f3n social.<\/p>\n<p>Puedes vencer el miedo a hacer el rid\u00edculo, aprendiendo pasos y movimientos \u00fatiles para bailar de forma social. Adem\u00e1s, vas a ganar seguridad y dominar un ritmo incre\u00edble con diferentes pasos y vueltas.<\/p>\n","protected":false},"featured_media":4701,"template":"","meta":{"_joinchat":[]},"product_brand":[],"product_cat":[325,344],"product_tag":[],"class_list":{"0":"post-12208","1":"product","2":"type-product","3":"status-publish","4":"has-post-thumbnail","6":"product_cat-entretenimiento-y-hobbies","7":"product_cat-todos","9":"first","10":"instock","11":"sale","12":"shipping-taxable","13":"product-type-external"},"_links":{"self":[{"href":"https:\/\/cursos.talentup.cl\/index.php?rest_route=\/wp\/v2\/product\/12208","targetHints":{"allow":["GET"]}}],"collection":[{"href":"https:\/\/cursos.talentup.cl\/index.php?rest_route=\/wp\/v2\/product"}],"about":[{"href":"https:\/\/cursos.talentup.cl\/index.php?rest_route=\/wp\/v2\/types\/product"}],"version-history":[{"count":2,"href":"https:\/\/cursos.talentup.cl\/index.php?rest_route=\/wp\/v2\/product\/12208\/revisions"}],"predecessor-version":[{"id":14361,"href":"https:\/\/cursos.talentup.cl\/index.php?rest_route=\/wp\/v2\/product\/12208\/revisions\/14361"}],"wp:featuredmedia":[{"embeddable":true,"href":"https:\/\/cursos.talentup.cl\/index.php?rest_route=\/wp\/v2\/media\/4701"}],"wp:attachment":[{"href":"https:\/\/cursos.talentup.cl\/index.php?rest_route=%2Fwp%2Fv2%2Fmedia&parent=12208"}],"wp:term":[{"taxonomy":"product_brand","embeddable":true,"href":"https:\/\/cursos.talentup.cl\/index.php?rest_route=%2Fwp%2Fv2%2Fproduct_brand&post=12208"},{"taxonomy":"product_cat","embeddable":true,"href":"https:\/\/cursos.talentup.cl\/index.php?rest_route=%2Fwp%2Fv2%2Fproduct_cat&post=12208"},{"taxonomy":"product_tag","embeddable":true,"href":"https:\/\/cursos.talentup.cl\/index.php?rest_route=%2Fwp%2Fv2%2Fproduct_tag&post=12208"}],"curies":[{"name":"wp","href":"https:\/\/api.w.org\/{rel}","templated":true}]}}