{"id":12213,"date":"2023-01-10T04:40:12","date_gmt":"2023-01-10T07:40:12","guid":{"rendered":"https:\/\/cursos.talentup.cl\/?post_type=product&#038;p=12213"},"modified":"2024-02-07T23:37:29","modified_gmt":"2024-02-08T02:37:29","slug":"escribe-tus-propias-canciones","status":"publish","type":"product","link":"https:\/\/cursos.talentup.cl\/?product=escribe-tus-propias-canciones","title":{"rendered":"ESCRIBE TUS PROPIAS CANCIONES"},"content":{"rendered":"<p>Un porcentaje muy alto de los m\u00fasicos, artistas o bandas desconocen m\u00e9todos eficientes para trabajar su creatividad a la hora de escribir buenas letras de canciones. Muchos no entienden los diferentes trucos y m\u00e9todos para que resulten atractivas, pegadizas, enamoren y se diferencien del resto.<\/p>\n<p>Por otro lado, se piensa que el arte de escribir buenas canciones se atribuye s\u00f3lo a momentos de inspiraci\u00f3n, dejando de lado factores como el trabajo, ejercicios pr\u00e1cticos y la capacidad de expresarnos mejor y con fluidez a la hora de transmitir un sentimiento con nuestras letras. <\/p>\n<p>Este es un MasterClass donde podr\u00e1s POTENCIAR TU HABILIDAD DE ESCRIBIR LETRAS DE CANCIONES con facilidad; activando tu nivel de creatividad art\u00edstica gracias a la t\u00e9cnica apropiada.<\/p>\n","protected":false},"excerpt":{"rendered":"<p>Un porcentaje muy alto de los m\u00fasicos, artistas o bandas desconocen m\u00e9todos eficientes para trabajar su creatividad a la hora de escribir buenas letras de canciones. Muchos no entienden los diferentes trucos y m\u00e9todos para que resulten atractivas, pegadizas, enamoren y se diferencien del resto.<\/p>\n<p>Por otro lado, se piensa que el arte de escribir buenas canciones se atribuye s\u00f3lo a momentos de inspiraci\u00f3n, dejando de lado factores como el trabajo, ejercicios pr\u00e1cticos y la capacidad de expresarnos mejor y con fluidez a la hora de transmitir un sentimiento con nuestras letras. <\/p>\n<p>Este es un MasterClass donde podr\u00e1s POTENCIAR TU HABILIDAD DE ESCRIBIR LETRAS DE CANCIONES con facilidad; activando tu nivel de creatividad art\u00edstica gracias a la t\u00e9cnica apropiada.<\/p>\n","protected":false},"featured_media":4706,"template":"","meta":{"_joinchat":[]},"product_brand":[],"product_cat":[325,344],"product_tag":[],"class_list":{"0":"post-12213","1":"product","2":"type-product","3":"status-publish","4":"has-post-thumbnail","6":"product_cat-entretenimiento-y-hobbies","7":"product_cat-todos","9":"first","10":"instock","11":"sale","12":"shipping-taxable","13":"product-type-external"},"_links":{"self":[{"href":"https:\/\/cursos.talentup.cl\/index.php?rest_route=\/wp\/v2\/product\/12213","targetHints":{"allow":["GET"]}}],"collection":[{"href":"https:\/\/cursos.talentup.cl\/index.php?rest_route=\/wp\/v2\/product"}],"about":[{"href":"https:\/\/cursos.talentup.cl\/index.php?rest_route=\/wp\/v2\/types\/product"}],"version-history":[{"count":2,"href":"https:\/\/cursos.talentup.cl\/index.php?rest_route=\/wp\/v2\/product\/12213\/revisions"}],"predecessor-version":[{"id":14366,"href":"https:\/\/cursos.talentup.cl\/index.php?rest_route=\/wp\/v2\/product\/12213\/revisions\/14366"}],"wp:featuredmedia":[{"embeddable":true,"href":"https:\/\/cursos.talentup.cl\/index.php?rest_route=\/wp\/v2\/media\/4706"}],"wp:attachment":[{"href":"https:\/\/cursos.talentup.cl\/index.php?rest_route=%2Fwp%2Fv2%2Fmedia&parent=12213"}],"wp:term":[{"taxonomy":"product_brand","embeddable":true,"href":"https:\/\/cursos.talentup.cl\/index.php?rest_route=%2Fwp%2Fv2%2Fproduct_brand&post=12213"},{"taxonomy":"product_cat","embeddable":true,"href":"https:\/\/cursos.talentup.cl\/index.php?rest_route=%2Fwp%2Fv2%2Fproduct_cat&post=12213"},{"taxonomy":"product_tag","embeddable":true,"href":"https:\/\/cursos.talentup.cl\/index.php?rest_route=%2Fwp%2Fv2%2Fproduct_tag&post=12213"}],"curies":[{"name":"wp","href":"https:\/\/api.w.org\/{rel}","templated":true}]}}