{"id":12214,"date":"2023-01-10T04:40:12","date_gmt":"2023-01-10T07:40:12","guid":{"rendered":"https:\/\/cursos.talentup.cl\/?post_type=product&#038;p=12214"},"modified":"2024-02-07T23:37:30","modified_gmt":"2024-02-08T02:37:30","slug":"tu-propio-video-juego-con-unity-illustrator","status":"publish","type":"product","link":"https:\/\/cursos.talentup.cl\/?product=tu-propio-video-juego-con-unity-illustrator","title":{"rendered":"TU PROPIO VIDEO JUEGO CON UNITY + ILLUSTRATOR"},"content":{"rendered":"<p>\u201cEste es el curso donde aprender\u00e1s a dise\u00f1ar y desarrollar tu historia de videojuego desde cero, con dos programas pr\u00e1cticos donde aprendes las t\u00e9cnicas correctas\u201d <\/p>\n<p>\u00bfQU\u00c9 VAS A LOGRAR?  <\/p>\n<p>Conocer\u00e1s todas las herramientas, ventanas y funciones de Unity, un programa especializado para la creaci\u00f3n de videojuegos 2D y 3D.<br \/>\nConceptualizaremos nuestra idea de juego a trav\u00e9s del Game Design.<br \/>\nAprender\u00e1s a convertir tus dibujos de papel, en piezas digitales y a utilizar estas piezas para la creaci\u00f3n de tu propio videojuego.<br \/>\nProfundizaremos en Illustrator como software de ilustraci\u00f3n y a trav\u00e9s de un proceso estandarizado cualquier boceto en papel.<br \/>\nProgramaremos las mec\u00e1nicas principales de nuestro juego, implementaremos sonidos y part\u00edculas, hasta tener todo terminado.<br \/>\nAl finalizar exportaremos nuestro videojuego para que cualquier persona pueda jugarlo.<br \/>\nTendr\u00e1s acceso al grupo exclusivo de Facebook donde contaras con el apoyo y la retroalimentaci\u00f3n de la comunidad y los instructores.<br \/>\nDominar Unity, el motor de videojuegos m\u00e1s popular de la industria<br \/>\nDise\u00f1ar y planear videojuegos a trav\u00e9s de plantillas y documentos estandarizados como la hoja de personajes.<br \/>\nDigitalizar cualquier Boceto o Sketch con Illustrator.<br \/>\nDesarrollar tus Assets 2D para la creaci\u00f3n de cualquier idea de juego.<br \/>\nAprender las bases de la programaci\u00f3n en C# para la implementaci\u00f3n de mec\u00e1nicas y funciones.<br \/>\nExportar tu videojuego terminado y compartirlo con todos tus amigos y familiares.<br \/>\nClaridad, diversi\u00f3n y profesionalismo en las lecciones que facilitar\u00e1n tu conocimiento.<br \/>\nLa mayor\u00eda de nuestros estudiantes publican sus propios videojuegos demostrando resultados reales y alto nivel de satisfacci\u00f3n.<\/p>\n<p>\u00bfC\u00d3MO LO VAS A LOGRAR?<\/p>\n<p>Este MasterClass est\u00e1 compuesto por 110 clases y 7 m\u00f3dulos donde abordaremos los temas necesarios para la creaci\u00f3n del proyecto final, un Endless Runner 2D (tipo de videojuego)<\/p>\n<p>M\u00e1s de 103 clases y 9 horas de contenido<br \/>\nGarant\u00eda de rembolso por 7 d\u00edas<br \/>\nClases en HD (1920&#215;1080)<\/p>\n<p>Desarrolladas a trav\u00e9s de los siguientes m\u00f3dulos:<\/p>\n<p>M\u00f3dulo 1: Intro Bienvenida de los instructores y todo el equipo de Casta Tutors, con acceso exclusivo al grupo exclusivo de estudiantes para crear tus juegos.<br \/>\nM\u00f3dulo 2: Todo acerca de Unity como motor de videojuegos, Instalaci\u00f3n y herramientas con ejemplos pr\u00e1cticos.<br \/>\nM\u00f3dulo 3: Arte \u2013 Illustrator: Instalaci\u00f3n con herramientas de digitalizaci\u00f3n de Assets 2D, proceso de ilustraci\u00f3n y utilizaci\u00f3n del software digitalizaci\u00f3n de sketch o boceto.<br \/>\nM\u00f3dulo 4: Dise\u00f1o de videojuegos, nuestra idea de juego: A trav\u00e9s de diferentes plantillas de dise\u00f1o. Dise\u00f1o y realizaci\u00f3n de Sketch para los personajes.<br \/>\nM\u00f3dulo 5: Ilustrando nuestros bocetos de p\u00e1ginas: Digitalizaci\u00f3n de los Assets 2D dise\u00f1ados en el m\u00f3dulo anterior para la creaci\u00f3n del videojuego.<br \/>\nM\u00f3dulo 6: Programaci\u00f3n: Bases para programar nuestro videojuego, lenguaje de programaci\u00f3n y primer videojuego con c\u00f3digo (pr\u00e1ctica) \u201cEl juego del adivino\u201d.<br \/>\nM\u00f3dulo 7: Cierre: Compartiremos nuestro propio videojuego.<\/p>\n<p>DIRIGIDO A:<\/p>\n<p>J\u00f3venes y adultos que pertenecen a industrias creativas, interesados en el arte, la programaci\u00f3n, el dibujo, la ilustraci\u00f3n digital, la animaci\u00f3n 2D; principiantes y avanzados.<\/p>\n<p>ACERCA DEL PRODUCTOR<\/p>\n<p>Desarrollado por SANTIAGO CASTA\u00d1O DELGADO, dise\u00f1ador y desarrollador de videojuegos especializado en el desarrollo 2D y manejo del motor UNITY.<\/p>\n<p>Por casi 5 a\u00f1os ha trabajado en la producci\u00f3n y publicaci\u00f3n de videojuegos de manera profesional. Ha alcanzado grandes \u00e9xitos de la mano de grandes personajes como Daniel Samper Ospina, reconocido periodista y youtuber colombiano.<\/p>\n<p>Con \u00e9l se public\u00f3 un videojuego educativo \u00abHola Soy Danny Mi Puto Juego\u00bb de s\u00e1tira pol\u00edtica, que alcanz\u00f3 m\u00e1s de 150.000 descargas. Adem\u00e1s, ha creado campa\u00f1as como \u201cSomos Panas\u201d (campa\u00f1a de ayuda a venezolanos) y \u201cUn l\u00edder en mi lugar\u201d<\/p>\n<p>\u00abTu Propio Video Juego Con Unity E\u00bb: Es el enlace del videojuego m\u00e1s exitoso que ha creado Santiago, publicado en la Play Store con m\u00e1s de 100.000 descargas. <\/p>\n","protected":false},"excerpt":{"rendered":"<p>\u201cEste es el curso donde aprender\u00e1s a dise\u00f1ar y desarrollar tu historia de videojuego desde cero, con dos programas pr\u00e1cticos donde aprendes las t\u00e9cnicas correctas\u201d <\/p>\n","protected":false},"featured_media":4707,"template":"","meta":{"_joinchat":[]},"product_brand":[],"product_cat":[325,344],"product_tag":[],"class_list":{"0":"post-12214","1":"product","2":"type-product","3":"status-publish","4":"has-post-thumbnail","6":"product_cat-entretenimiento-y-hobbies","7":"product_cat-todos","9":"first","10":"instock","11":"sale","12":"shipping-taxable","13":"product-type-external"},"_links":{"self":[{"href":"https:\/\/cursos.talentup.cl\/index.php?rest_route=\/wp\/v2\/product\/12214","targetHints":{"allow":["GET"]}}],"collection":[{"href":"https:\/\/cursos.talentup.cl\/index.php?rest_route=\/wp\/v2\/product"}],"about":[{"href":"https:\/\/cursos.talentup.cl\/index.php?rest_route=\/wp\/v2\/types\/product"}],"version-history":[{"count":2,"href":"https:\/\/cursos.talentup.cl\/index.php?rest_route=\/wp\/v2\/product\/12214\/revisions"}],"predecessor-version":[{"id":14367,"href":"https:\/\/cursos.talentup.cl\/index.php?rest_route=\/wp\/v2\/product\/12214\/revisions\/14367"}],"wp:featuredmedia":[{"embeddable":true,"href":"https:\/\/cursos.talentup.cl\/index.php?rest_route=\/wp\/v2\/media\/4707"}],"wp:attachment":[{"href":"https:\/\/cursos.talentup.cl\/index.php?rest_route=%2Fwp%2Fv2%2Fmedia&parent=12214"}],"wp:term":[{"taxonomy":"product_brand","embeddable":true,"href":"https:\/\/cursos.talentup.cl\/index.php?rest_route=%2Fwp%2Fv2%2Fproduct_brand&post=12214"},{"taxonomy":"product_cat","embeddable":true,"href":"https:\/\/cursos.talentup.cl\/index.php?rest_route=%2Fwp%2Fv2%2Fproduct_cat&post=12214"},{"taxonomy":"product_tag","embeddable":true,"href":"https:\/\/cursos.talentup.cl\/index.php?rest_route=%2Fwp%2Fv2%2Fproduct_tag&post=12214"}],"curies":[{"name":"wp","href":"https:\/\/api.w.org\/{rel}","templated":true}]}}