{"id":12218,"date":"2023-01-10T04:40:13","date_gmt":"2023-01-10T07:40:13","guid":{"rendered":"https:\/\/cursos.talentup.cl\/?post_type=product&#038;p=12218"},"modified":"2024-02-07T23:37:30","modified_gmt":"2024-02-08T02:37:30","slug":"gelatinas-florales-3d","status":"publish","type":"product","link":"https:\/\/cursos.talentup.cl\/?product=gelatinas-florales-3d","title":{"rendered":"GELATINAS FLORALES 3D"},"content":{"rendered":"<p>\u00bfQUE VAS A LOGRAR?<\/p>\n<p>\u00bfSab\u00edas que m\u00e1s del 70% de las reuniones familiares que se realizan en casa y las reuniones sociales siempre utilizan los mismos postres, y solo el 30% rompe ese estereotipo?<\/p>\n<p>\u00bfTe gustar\u00eda ser parte de ese 30% y marcar la diferencia ofreciendo a tu familia o a tu clientela unos postres de alto nivel y que se robaran la mirada de todos?<\/p>\n<p>En este entrenamiento vas a recibir todo el conocimiento te\u00f3rico y pr\u00e1ctico para la elaboraci\u00f3n de un postre catalogado como una obra de arte culinaria, llamado Gelatinas Florales en 3D que es tendencia mundial. <\/p>\n<p>Este curso te abrir\u00e1 las puertas a un mundo completamente nuevo, lleno de oportunidades, para sorprender con estos postres y convertirlos en un negocio muy rentable y sorprender a tu familia y amigos.<\/p>\n<p>Ofrecer postres novedosos puede ser una forma de darle un toque de distinci\u00f3n y elegancia a una reuni\u00f3n y tambi\u00e9n puede ser la forma de tener un negocio que sobresalga en el \u00e1mbito gastron\u00f3mico de tu ciudad, y aqu\u00ed podr\u00e1s aprender:<\/p>\n<p>Recetas para la preparaci\u00f3n de Gelatinas florales 3D \u00fanicas.<br \/>\nComo crear un postre \u00fanico y con el plus de poder ser diet\u00e9tico y apto para diab\u00e9ticos.<br \/>\nTendr\u00e1s las bases para crear un nuevo negocio o ampliar tu negocio actual<br \/>\nPodr\u00e1s ofrecer un producto \u00fanico y elegante para reuniones y eventos en tu ciudad.<br \/>\nAumentaras significativamente las ventas de tu negocio o empezaras uno muy rentable.<br \/>\nCrearas un producto inolvidable que te convertir\u00e1 en un referente en el \u00e1rea de reposter\u00eda.<br \/>\nTe convertir\u00e1s en una persona o marca muy reconocida en tu comunidad.<\/p>\n<p>Desarrollado por ALEJANDRO NIETO MEDINA, Coach de emprendimiento empresarial due\u00f1o de m\u00faltiples negocios de emprendimiento y negocios sostenibles, entre ellos \u201cPostres de la Abuela Marujita\u201d negocio familiar que desde hace 8 a\u00f1os ofrece postres exclusivos para eventos sociales.<\/p>\n<p>Ha participado en ferias de emprendimiento dando a conocer sus Gelatinas en 3D lo cual lo ha llevado a tener reconocimiento en su ciudad por su impresionante producto. <\/p>\n<p>En el \u00faltimo a\u00f1o se traz\u00f3 el prop\u00f3sito de dar a conocer este arte y poder ense\u00f1arlo a personas que quieran emprender con este novedoso postre, para lo cual comenz\u00f3 impartiendo cursos presenciales en su ciudad y ahora busca cruzar fronteras llevando este conocimiento a todos los rincones del planeta por medio de su curso virtual.<\/p>\n<p>\u00bfCOMO LO VAS A LOGRAR?<\/p>\n<p>Este curso te llevara paso a paso desde los conceptos m\u00e1s b\u00e1sicos hasta las t\u00e9cnicas m\u00e1s avanzadas para convertirte en experto o experta en la preparaci\u00f3n y comercializaci\u00f3n de este espectacular producto, y lo vas a lograr siguiente a tu ritmo y con mucha atenci\u00f3n estas 23 clases en videos Full HD que te mostraran cada detalle que debes dominar, conociendo las recetas, herramientas e ingredientes necesario para su desarrollo.<\/p>\n<p>Las 23 clases est\u00e1n dise\u00f1adas para que puedas ir conociendo el proceso de preparaci\u00f3n y junto a tu creatividad lograr crear espectaculares Gelatinas Florales en 3D.<\/p>\n<p>El contenido del curso es el siguiente:<\/p>\n<p>MODULO 1 (Conociendo El Arte de las Gelatinas Florales 3D)<\/p>\n<p>Parte No. 1 (Presentaci\u00f3n del Curso)<br \/>\nParte No. 2 (Que Aprender\u00e1s en el Curso)<br \/>\nParte No. 3 (Que son las Gelatinas Florales 3D)<br \/>\nParte No. 4 (Convierte tus gelatinas en un negocio)<\/p>\n<p>MODULO 2 (Prepar\u00e1ndonos para Empezar)<\/p>\n<p>Parte No. 5 (Herramientas y Accesorios)<br \/>\nParte No. 6 (Ingredientes)<br \/>\nParte No. 7 (Recomendaciones)<\/p>\n<p>MODULO 3 (Primeros Pasos)<\/p>\n<p>Parte No. 8 (Preparaci\u00f3n de la base)<br \/>\nParte No. 9 (Mezcla de la Base al Fuego)<br \/>\nParte No. 10 (Preparando los Moldes)<br \/>\nParte No. 11 (Enmoldado y refrigeraci\u00f3n)<br \/>\nParte No. 12 (Preparaci\u00f3n de colores)<br \/>\nParte No. 13 (Preparaci\u00f3n de colores # 2)<\/p>\n<p>MODULO 4 (Manos a la Obra)<\/p>\n<p>Parte No. 14 (Primera Flor)<br \/>\nParte No. 15 (Inyectando un girasol)<br \/>\nParte No. 16 (Trabajando al aire libre)<\/p>\n<p>MODULO 5 (Flores a Otro Nivel)<\/p>\n<p>Parte No. 17 (T\u00e9cnica de hojas a 90\u00b0)<br \/>\nParte No. 18 (Margarita inspirada en la naturaleza)<br \/>\nParte No. 19 (Elaboraci\u00f3n de una rosa)<br \/>\nParte No. 20 (Elaboraci\u00f3n del postre esponjado)<\/p>\n<p>MODULO 6 (Jardines y Pasos Finales)<\/p>\n<p>Parte No. 21 (Elaboraci\u00f3n de un jard\u00edn de flores)<br \/>\nParte No. 22 (Terminando jard\u00edn, flor extra y postre final)<br \/>\nParte No. 23 (Desmoldado)<\/p>\n<p>MODULO 7 (RECETAS EXTRAS)<\/p>\n<p>Parte No. 24 (9 E-books de recetas de postres para eventos y celebraciones)<\/p>\n","protected":false},"excerpt":{"rendered":"<p>\u00bfSab\u00edas que m\u00e1s del 70% de las reuniones familiares que se realizan en casa y las reuniones sociales siempre utilizan los mismos postres, y solo el 30% rompe ese estereotipo?<\/p>\n<p>\u00bfTe gustar\u00eda ser parte de ese 30% y marcar la diferencia ofreciendo a tu familia o a tu clientela unos postres de alto nivel y que se robaran la mirada de todos?<\/p>\n<p>En este entrenamiento vas a recibir todo el conocimiento te\u00f3rico y pr\u00e1ctico para la elaboraci\u00f3n de un postre catalogado como una obra de arte culinaria, llamado Gelatinas Florales en 3D que es tendencia mundial. <\/p>\n","protected":false},"featured_media":4711,"template":"","meta":{"_joinchat":[]},"product_brand":[],"product_cat":[325,344],"product_tag":[],"class_list":{"0":"post-12218","1":"product","2":"type-product","3":"status-publish","4":"has-post-thumbnail","6":"product_cat-entretenimiento-y-hobbies","7":"product_cat-todos","9":"first","10":"instock","11":"sale","12":"shipping-taxable","13":"product-type-external"},"_links":{"self":[{"href":"https:\/\/cursos.talentup.cl\/index.php?rest_route=\/wp\/v2\/product\/12218","targetHints":{"allow":["GET"]}}],"collection":[{"href":"https:\/\/cursos.talentup.cl\/index.php?rest_route=\/wp\/v2\/product"}],"about":[{"href":"https:\/\/cursos.talentup.cl\/index.php?rest_route=\/wp\/v2\/types\/product"}],"version-history":[{"count":2,"href":"https:\/\/cursos.talentup.cl\/index.php?rest_route=\/wp\/v2\/product\/12218\/revisions"}],"predecessor-version":[{"id":14371,"href":"https:\/\/cursos.talentup.cl\/index.php?rest_route=\/wp\/v2\/product\/12218\/revisions\/14371"}],"wp:featuredmedia":[{"embeddable":true,"href":"https:\/\/cursos.talentup.cl\/index.php?rest_route=\/wp\/v2\/media\/4711"}],"wp:attachment":[{"href":"https:\/\/cursos.talentup.cl\/index.php?rest_route=%2Fwp%2Fv2%2Fmedia&parent=12218"}],"wp:term":[{"taxonomy":"product_brand","embeddable":true,"href":"https:\/\/cursos.talentup.cl\/index.php?rest_route=%2Fwp%2Fv2%2Fproduct_brand&post=12218"},{"taxonomy":"product_cat","embeddable":true,"href":"https:\/\/cursos.talentup.cl\/index.php?rest_route=%2Fwp%2Fv2%2Fproduct_cat&post=12218"},{"taxonomy":"product_tag","embeddable":true,"href":"https:\/\/cursos.talentup.cl\/index.php?rest_route=%2Fwp%2Fv2%2Fproduct_tag&post=12218"}],"curies":[{"name":"wp","href":"https:\/\/api.w.org\/{rel}","templated":true}]}}