{"id":12231,"date":"2023-01-10T04:40:13","date_gmt":"2023-01-10T07:40:13","guid":{"rendered":"https:\/\/cursos.talentup.cl\/?post_type=product&#038;p=12231"},"modified":"2024-02-07T23:37:31","modified_gmt":"2024-02-08T02:37:31","slug":"maquillaje-fx","status":"publish","type":"product","link":"https:\/\/cursos.talentup.cl\/?product=maquillaje-fx","title":{"rendered":"MAQUILLAJE FX"},"content":{"rendered":"<p>\u00bfQU\u00c9 VAS A LOGRAR?<\/p>\n<p>Eres una persona altamente creativa, distinta a todos. Quieres sorprender a tu p\u00fablico con un maquillaje \u00fanico. Te gusta la ciencia ficci\u00f3n y te conectas con los personajes ic\u00f3nicos de las pel\u00edculas. Es m\u00e1s, te gustar\u00eda ser uno de ellos o transformar a las personas para que lo sean.<\/p>\n<p>Este es un programa muy completo, perfectamente dise\u00f1ado con todos los elementos audiovisuales y t\u00e9cnicos que necesitas para aprender a desarrollar un maquillaje FX (de efectos especiales) que sorprenda a tu p\u00fablico, en una fiesta de disfraces, un festival o un evento importante.<\/p>\n<p>Con este producto digital lograr\u00e1s:<\/p>\n<p> Desarrollar las competencias que necesitas para trabajar en producciones de   bajo, medio y alto presupuesto.<\/p>\n<p> Construir tus propias criaturas con las t\u00e9cnicas necesarias para adecuarlas a cualquier dise\u00f1o. <\/p>\n<p>Aplicar t\u00e9cnicas alternativas para que los estudiantes que no tengan acceso a materiales profesionales puedan desarrollarlos por s\u00ed mismos.<\/p>\n<p>Aprender de forma intuitiva y pr\u00e1ctica c\u00f3mo transformar tus ideas en personajes que jam\u00e1s te esperaste ver. <\/p>\n<p>Realizar personajes, escenarios y objetos usando efectos especiales realizados por t\u00ed mismo.<\/p>\n<p>Generar en las personas altos niveles de dramatismo, humor, temor, felicidad y cualquier sentimiento que quieras despertar a partir del maquillaje FX (Efectos especiales). <\/p>\n<p>Desarrollar t\u00e9cnicas usadas en la industria del cine, con todos los elementos que necesitas con resultados altamente profesionales. <\/p>\n<p>Desarrollado por ALEJANDRO URIBE; fundador de la productora de entretenimiento BIMANA; una f\u00e1brica de ideas para la felicidad, especialistas en el dise\u00f1o de personajes. Dise\u00f1ador gr\u00e1fico de la Colegiatura Colombiana. Inici\u00f3 toda su carrera de Efectos especiales en Argentina. Se especializ\u00f3 en la prestigiosa Cinema Makeup School en Hollywood. Ha participado en la realizaci\u00f3n de varias pel\u00edculas Colombianas. Adem\u00e1s Creador y fundador de Metamorphosis FX; una escuela de efectos especiales en Ecuador. Hizo la producci\u00f3n de \u201cPretty Boy, Dirty Boy\u00bb de Maluma. Particip\u00f3 en m\u00e1s de 15 festivales culturales a nivel mundial. Con experiencia en Argentina, M\u00e9xico, USA, Canad\u00e1, Portugal, Espa\u00f1a, Francia, Italia y Alemania entre otros. Realizador de personajes gigantes para la inauguraci\u00f3n de los Juegos Centroamericanos y del caribe en el 2018 Barranquilla (Col).<\/p>\n<p>\u00bfC\u00d3MO LO VAS A LOGRAR?<\/p>\n<p>El 90% de todo el conocimiento para la realizaci\u00f3n de este curso est\u00e1 inspirado en la leyenda de los efectos especiales Dick Smith. All\u00ed aprenderas a partir del maquillaje FX a tomar soluciones pr\u00e1cticas visualmente impactantes, aplicadas a problemas complejos; desarrollados con los siguientes m\u00f3dulos:<\/p>\n<p>Pr\u00f3tesis de ojos con alto nivel de realismo.<br \/>\nMolde de rostro, pr\u00f3tesis, cuernos y modelados sobre plano.<br \/>\nRealizaci\u00f3n de \u201cEfecto calvicie\u201d<br \/>\n Dise\u00f1o de pr\u00f3tesis dentales, vaciado y resanado.<br \/>\n Desarrollo de prepintura y acabados.<br \/>\nAplicaci\u00f3n de la calva y pr\u00f3tesis en personajes ic\u00f3nicos.<br \/>\nEnsamble de los ojos, dientes y cuernos.<br \/>\n Maquillaje final para generar impacto.<\/p>\n","protected":false},"excerpt":{"rendered":"<p>\u00bfQU\u00c9 VAS A LOGRAR?<\/p>\n<p>Eres una persona altamente creativa, distinta a todos. Quieres sorprender a tu p\u00fablico con un maquillaje \u00fanico. Te gusta la ciencia ficci\u00f3n y te conectas con los personajes ic\u00f3nicos de las pel\u00edculas. Es m\u00e1s, te gustar\u00eda ser uno de ellos o transformar a las personas para que lo sean.<\/p>\n<p>Este es un programa muy completo, perfectamente dise\u00f1ado con todos los elementos audiovisuales y t\u00e9cnicos que necesitas para aprender a desarrollar un maquillaje FX (de efectos especiales) que sorprenda a tu p\u00fablico, en una fiesta de disfraces, un festival o un evento importante.<\/p>\n<p>Con este producto digital lograr\u00e1s:<\/p>\n<p> Desarrollar las competencias que necesitas para trabajar en producciones de   bajo, medio y alto presupuesto.<\/p>\n<p> Construir tus propias criaturas con las t\u00e9cnicas necesarias para adecuarlas a cualquier dise\u00f1o. <\/p>\n<p>Aplicar t\u00e9cnicas alternativas para que los estudiantes que no tengan acceso a materiales profesionales puedan desarrollarlos por s\u00ed mismos.<\/p>\n<p>Aprender de forma intuitiva y pr\u00e1ctica c\u00f3mo transformar tus ideas en personajes que jam\u00e1s te esperaste ver. <\/p>\n<p>Realizar personajes, escenarios y objetos usando efectos especiales realizados por t\u00ed mismo.<\/p>\n<p>Generar en las personas altos niveles de dramatismo, humor, temor, felicidad y cualquier sentimiento que quieras despertar a partir del maquillaje FX (Efectos especiales). <\/p>\n<p>Desarrollar t\u00e9cnicas usadas en la industria del cine, con todos los elementos que necesitas con resultados altamente profesionales. <\/p>\n<p>Desarrollado por ALEJANDRO URIBE; fundador de la productora de entretenimiento BIMANA; una f\u00e1brica de ideas para la felicidad, especialistas en el dise\u00f1o de personajes. Dise\u00f1ador gr\u00e1fico de la Colegiatura Colombiana. Inici\u00f3 toda su carrera de Efectos especiales en Argentina. Se especializ\u00f3 en la prestigiosa Cinema Makeup School en Hollywood. Ha participado en la realizaci\u00f3n de varias pel\u00edculas Colombianas. Adem\u00e1s Creador y fundador de Metamorphosis FX; una escuela de efectos especiales en Ecuador. Hizo la producci\u00f3n de \u201cPretty Boy, Dirty Boy\u00bb de Maluma. Particip\u00f3 en m\u00e1s de 15 festivales culturales a nivel mundial. Con experiencia en Argentina, M\u00e9xico, USA, Canad\u00e1, Portugal, Espa\u00f1a, Francia, Italia y Alemania entre otros. Realizador de personajes gigantes para la inauguraci\u00f3n de los Juegos Centroamericanos y del caribe en el 2018 Barranquilla (Col).<\/p>\n","protected":false},"featured_media":4726,"template":"","meta":{"_joinchat":[]},"product_brand":[],"product_cat":[325,344],"product_tag":[],"class_list":{"0":"post-12231","1":"product","2":"type-product","3":"status-publish","4":"has-post-thumbnail","6":"product_cat-entretenimiento-y-hobbies","7":"product_cat-todos","9":"first","10":"instock","11":"sale","12":"shipping-taxable","13":"product-type-external"},"_links":{"self":[{"href":"https:\/\/cursos.talentup.cl\/index.php?rest_route=\/wp\/v2\/product\/12231","targetHints":{"allow":["GET"]}}],"collection":[{"href":"https:\/\/cursos.talentup.cl\/index.php?rest_route=\/wp\/v2\/product"}],"about":[{"href":"https:\/\/cursos.talentup.cl\/index.php?rest_route=\/wp\/v2\/types\/product"}],"version-history":[{"count":2,"href":"https:\/\/cursos.talentup.cl\/index.php?rest_route=\/wp\/v2\/product\/12231\/revisions"}],"predecessor-version":[{"id":14384,"href":"https:\/\/cursos.talentup.cl\/index.php?rest_route=\/wp\/v2\/product\/12231\/revisions\/14384"}],"wp:featuredmedia":[{"embeddable":true,"href":"https:\/\/cursos.talentup.cl\/index.php?rest_route=\/wp\/v2\/media\/4726"}],"wp:attachment":[{"href":"https:\/\/cursos.talentup.cl\/index.php?rest_route=%2Fwp%2Fv2%2Fmedia&parent=12231"}],"wp:term":[{"taxonomy":"product_brand","embeddable":true,"href":"https:\/\/cursos.talentup.cl\/index.php?rest_route=%2Fwp%2Fv2%2Fproduct_brand&post=12231"},{"taxonomy":"product_cat","embeddable":true,"href":"https:\/\/cursos.talentup.cl\/index.php?rest_route=%2Fwp%2Fv2%2Fproduct_cat&post=12231"},{"taxonomy":"product_tag","embeddable":true,"href":"https:\/\/cursos.talentup.cl\/index.php?rest_route=%2Fwp%2Fv2%2Fproduct_tag&post=12231"}],"curies":[{"name":"wp","href":"https:\/\/api.w.org\/{rel}","templated":true}]}}