{"id":12273,"date":"2023-01-10T04:40:18","date_gmt":"2023-01-10T07:40:18","guid":{"rendered":"https:\/\/cursos.talentup.cl\/?post_type=product&#038;p=12273"},"modified":"2024-02-07T23:37:33","modified_gmt":"2024-02-08T02:37:33","slug":"feng-shui-practico","status":"publish","type":"product","link":"https:\/\/cursos.talentup.cl\/?product=feng-shui-practico","title":{"rendered":"FENG SHUI PR\u00c1CTICO"},"content":{"rendered":"<p>\u00bfSab\u00edas que el amor, el dinero, la salud y el trabajo se reflejan en tu hogar y es necesario armonizarlas?<\/p>\n<p>Con el MasterClass FENG SHUI PR\u00c1CTICO, mejorar\u00e1s la armon\u00eda en tu casa y disfrutar\u00e1s de abundancia en todas las \u00e1reas de tu vida.<\/p>\n<p>\u00bfQU\u00c9 VAS A LOGRAR?<\/p>\n<p>Tendr\u00e1s tu negocio propio y altamente rentable. Adem\u00e1s, con la explicaci\u00f3n precisa para que sea f\u00e1cil y r\u00e1pido. <\/p>\n<p>Obtendr\u00e1s los conocimientos principales para armonizar los espacios de tu casa desde lo b\u00e1sico y en forma sencilla.<\/p>\n<p>Aprender\u00e1s f\u00e1cil y r\u00e1pido cu\u00e1les son los principios y aplicaciones del Feng Shui.<\/p>\n<p>Observar\u00e1s y ordenar\u00e1s tus espacios para mejorar el flujo de la energ\u00eda.<\/p>\n<p>Aprender\u00e1s la teor\u00eda del Ying y Yang y de los 5 elementos fundamentales para lograr resultados sorprendentes.<\/p>\n<p>Aprender\u00e1s los secretos utilizados en el Feng Shui para lograr la prosperidad.<\/p>\n<p>Decorar\u00e1s cada lugar para mejorar cada aspecto de tu vida.<\/p>\n<p>Sabr\u00e1s qu\u00e9 objetos son \u00fatiles y cu\u00e1les no te aportan beneficios.<\/p>\n<p>Te sentir\u00e1s en armon\u00eda y paz.<\/p>\n<p>Entender\u00e1s por qu\u00e9 no lograbas avanzar y cu\u00e1les son tus mayores bloqueos.<\/p>\n<p>Conocer\u00e1s que la energ\u00eda de la prosperidad de tu hogar debe ser activada para disfrutar de la abundancia en tu c\u00edrculo familiar y laboral.<\/p>\n<p>Tendr\u00e1s un bono exclusivo sobre rituales para utilizados en Feng Shui.<\/p>\n<p>Obtendr\u00e1s un bono exclusivo sobre la armon\u00eda en tu billetera para atraer dinero.<\/p>\n<p>Acceder\u00e1s al certificado avalado por Hotmart y Seminarios Online.<\/p>\n<p>\u00bfC\u00d3MO LO VAS A LOGRAR?<\/p>\n<p>A trav\u00e9s del siguiente contenido, estructurado paso a paso:<\/p>\n<p>M\u00d3DULO 1 &#8211; INTRODUCCI\u00d3N AL FENG SHUI<\/p>\n<p>Presentaci\u00f3n.<br \/>\nIntroducci\u00f3n.<br \/>\nEl CHI, el Ying y el Yang.<\/p>\n<p>M\u00d3DULO 2 &#8211; EL MAPA BAGUA<\/p>\n<p>Trazado del mapa Bagua.<br \/>\nLos faltantes y sobrantes.<\/p>\n<p>M\u00d3DULO 3 &#8211; LAS \u00c1REAS DEL MAPA BAGUA<\/p>\n<p>La entrada.<br \/>\n\u00c1rea de benefactores.<br \/>\n\u00c1rea carrera y profesi\u00f3n.<br \/>\n\u00c1rea conocimiento y saber.<br \/>\n\u00c1rea creatividad e hijos.<br \/>\n\u00c1rea salud y familia.<br \/>\n\u00c1rea pareja y amor.<br \/>\n\u00c1rea fama y reputaci\u00f3n.<br \/>\n\u00c1rea de la riqueza y la prosperidad.<br \/>\nCetro Tai CHI.<\/p>\n<p>M\u00d3DULO 4 &#8211; ESPECIALES DE FENG SHUI<\/p>\n<p>Velas en Feng Shui.<br \/>\nAromaterapia.<br \/>\nAcuarios y peceras.<br \/>\nLas fuentes de agua.<br \/>\nL\u00e1mparas de sal y selenita.<br \/>\nElementos activadores.<br \/>\nLas 5 plantas para el dinero.<br \/>\nLos colores en el Feng shui.<\/p>\n<p>M\u00d3DULO 5 &#8211; CONSEJOS ESPECIALES<\/p>\n<p>La cocina en el Feng shui.<br \/>\nLos ba\u00f1os en el Feng shui.<br \/>\nConsejos para monoambientes.<br \/>\nAprende a decorar y armonizar con Feng shui.<br \/>\nUn buen cabecero para la cama.<br \/>\nLos 3 secretos del Feng shui.<br \/>\nLos 10 minerales m\u00e1s usados en Feng shui.           <\/p>\n<p>MODULO 6 &#8211; MATERIAL ADICIONAL (BONOS)<\/p>\n<p>Bono 1: Tres rituales del Feng shui.<br \/>\nBono 2: La abundancia en tu billetera.<\/p>\n<p>M\u00d3DULO 7 \u2013 VIDEO RESPUESTAS<\/p>\n<p>\u00bfPor d\u00f3nde comienzo?<br \/>\n\u00bfQu\u00e9 pasa si al trazar el plano un \u00e1rea me cae en dos habitaciones?<br \/>\n\u00bfC\u00f3mo saber que la energ\u00eda est\u00e1 estancada?<br \/>\n\u00bfQu\u00e9 sucede si tengo muchas cosas acumuladas?<br \/>\n\u00bfSe debe armar un mapa Bagua diferente para el jard\u00edn?<\/p>\n<p>M\u00d3DULO 8 &#8211; \u00bfC\u00d3MO OBTENER TU CERTIFICADO?<\/p>\n<p>\u00bfC\u00f3mo obtener tu certificado?<\/p>\n<p>ACERCA DE LA PRODUCTORA<\/p>\n<p>Desarrollado por ESTHER GUTBROD con m\u00e1s de 20 a\u00f1os de experiencia en terapias alternativas. <\/p>\n<p>Egresada de la Escuela de Feng Shui de Rosario en Argentina, continu\u00f3 su capacitaci\u00f3n en Buenos Aires en la escuela de Feng shui profesional de Patricia Traversa. Formada adem\u00e1s en Biodecodificaci\u00f3n aplicando el m\u00e9todo de Biodecodificaci\u00f3n ambiental, un curso especial de armado de fuentes de agua.<\/p>\n<p>Complementando su capacitaci\u00f3n continuamente con diferentes cursos de perfeccionamiento y poniendo en pr\u00e1ctica todo lo aprendido.<\/p>\n","protected":false},"excerpt":{"rendered":"<p>\u00bfSab\u00edas que el amor, el dinero, la salud y el trabajo se reflejan en tu hogar y es necesario armonizarlas?<\/p>\n<p>Con el MasterClass FENG SHUI PR\u00c1CTICO, mejorar\u00e1s la armon\u00eda en tu casa y disfrutar\u00e1s de abundancia en todas las \u00e1reas de tu vida.<\/p>\n","protected":false},"featured_media":6714,"template":"","meta":{"_joinchat":[]},"product_brand":[],"product_cat":[326,344],"product_tag":[],"class_list":{"0":"post-12273","1":"product","2":"type-product","3":"status-publish","4":"has-post-thumbnail","6":"product_cat-espiritualidad","7":"product_cat-todos","9":"first","10":"instock","11":"sale","12":"shipping-taxable","13":"product-type-external"},"_links":{"self":[{"href":"https:\/\/cursos.talentup.cl\/index.php?rest_route=\/wp\/v2\/product\/12273","targetHints":{"allow":["GET"]}}],"collection":[{"href":"https:\/\/cursos.talentup.cl\/index.php?rest_route=\/wp\/v2\/product"}],"about":[{"href":"https:\/\/cursos.talentup.cl\/index.php?rest_route=\/wp\/v2\/types\/product"}],"version-history":[{"count":2,"href":"https:\/\/cursos.talentup.cl\/index.php?rest_route=\/wp\/v2\/product\/12273\/revisions"}],"predecessor-version":[{"id":14394,"href":"https:\/\/cursos.talentup.cl\/index.php?rest_route=\/wp\/v2\/product\/12273\/revisions\/14394"}],"wp:featuredmedia":[{"embeddable":true,"href":"https:\/\/cursos.talentup.cl\/index.php?rest_route=\/wp\/v2\/media\/6714"}],"wp:attachment":[{"href":"https:\/\/cursos.talentup.cl\/index.php?rest_route=%2Fwp%2Fv2%2Fmedia&parent=12273"}],"wp:term":[{"taxonomy":"product_brand","embeddable":true,"href":"https:\/\/cursos.talentup.cl\/index.php?rest_route=%2Fwp%2Fv2%2Fproduct_brand&post=12273"},{"taxonomy":"product_cat","embeddable":true,"href":"https:\/\/cursos.talentup.cl\/index.php?rest_route=%2Fwp%2Fv2%2Fproduct_cat&post=12273"},{"taxonomy":"product_tag","embeddable":true,"href":"https:\/\/cursos.talentup.cl\/index.php?rest_route=%2Fwp%2Fv2%2Fproduct_tag&post=12273"}],"curies":[{"name":"wp","href":"https:\/\/api.w.org\/{rel}","templated":true}]}}