{"id":12276,"date":"2023-01-10T04:40:19","date_gmt":"2023-01-10T07:40:19","guid":{"rendered":"https:\/\/cursos.talentup.cl\/?post_type=product&#038;p=12276"},"modified":"2024-02-07T23:37:33","modified_gmt":"2024-02-08T02:37:33","slug":"mandalas-para-la-sanacion-emocional","status":"publish","type":"product","link":"https:\/\/cursos.talentup.cl\/?product=mandalas-para-la-sanacion-emocional","title":{"rendered":"MANDALAS PARA LA SANACI\u00d3N EMOCIONAL"},"content":{"rendered":"<p>\u00bfTe gustar\u00eda aprender a dibujar hermosas mandalas, mientras vas sanando emociones?<\/p>\n<p>Con el MasterClass MANDALAS PARA LA SANACI\u00d3N EMOCIONAL, enfocar\u00e1s tu energ\u00eda en el momento PRESENTE mientras creas obras de arte \u00fanicas.<\/p>\n<p>\u00bfQU\u00c9 VAS A LOGRAR?<\/p>\n<p>Aumentar\u00e1s tu creatividad e imaginaci\u00f3n a trav\u00e9s de la creaci\u00f3n de mandalas de manera profesional.<\/p>\n<p>Disminuir\u00e1s tus niveles de ansiedad y estr\u00e9s mediante el dibujo y pintura de mandalas. <\/p>\n<p>Sanar\u00e1s emociones de manera natural siguiendo patrones de creaci\u00f3n que te permitir\u00e1n fluir y elevar tu vibraci\u00f3n.<\/p>\n<p>Estimular\u00e1s ambos hemisferios del cerebro, mientras creas tambi\u00e9n piensas, recuerdas, y sientes enfocando tu energ\u00eda en el presente.<\/p>\n<p>Despertar\u00e1s tu conciencia y espiritualidad, al intencionar cada mandala y convertirlo en una ofrenda art\u00edstica.<\/p>\n<p>Experimentar\u00e1s una conexi\u00f3n contigo mismo, al mismo tiempo que tienes pensamientos m\u00e1s positivos.<\/p>\n<p>Aumentar\u00e1s tus per\u00edodos de concentraci\u00f3n y entusiasmo, por tratarse de una actividad art\u00edstica y emocional.<\/p>\n<p>Acceder\u00e1s al certificado avalado por Hotmart y Seminarios Online.<\/p>\n<p>\u00bfC\u00d3MO LO VAS A LOGRAR?<\/p>\n<p>A trav\u00e9s del siguiente contenido, estructurado paso a paso:<\/p>\n<p>MODULO 1 &#8211; INTRODUCCI\u00d3N E HISTORIA<\/p>\n<p>Introducci\u00f3n.<br \/>\nDefinici\u00f3n y origen.<br \/>\nM\u00e1ndalas en el universo.<br \/>\nLos patrones mandalicos.<\/p>\n<p>MODULO 2 &#8211; BENEFICIOS DE LAS MANDALAS<\/p>\n<p>Beneficios de las mandalas.<br \/>\nDesarrollo de la imaginaci\u00f3n y creatividad al crear mandalas.<\/p>\n<p>MODULO 3 &#8211; MATERIALES B\u00c1SICOS Y T\u00c9CNICAS PARA PINTAR<\/p>\n<p>Conociendo los materiales b\u00e1sicos \u2013 Parte I.<br \/>\nConociendo los materiales b\u00e1sicos \u2013 Parte II.<br \/>\nT\u00e9cnicas para pintar las mandalas \u2013 Parte I.<br \/>\nT\u00e9cnicas para pintar las mandalas \u2013 Parte II.<br \/>\nT\u00e9cnicas para pintar las mandalas \u2013 Parte III.<br \/>\nEl espacio de trabajo.<\/p>\n<p>MODULO 4 &#8211; CREACI\u00d3N DE LA MANDALA<\/p>\n<p>El momento de intencionar la mandala.<br \/>\nEstructura de la mandala.<br \/>\nLa creaci\u00f3n de la mandala \u2013 Parte I.<br \/>\nLa creaci\u00f3n de la mandala \u2013 Parte II.<br \/>\nLa creaci\u00f3n de la mandala \u2013 Parte III.<br \/>\nFiguras b\u00e1sicas de ornamentaci\u00f3n \u2013 Parte I.<br \/>\nDefinimos el centro de poder.<br \/>\nFiguras b\u00e1sicas de ornamentaci\u00f3n \u2013 Parte II.<br \/>\nFinalizando los ornamentos.<br \/>\nColorear la mandala \u2013 Parte I.<br \/>\nColorear la mandala \u2013 Parte II.<br \/>\nColorear la mandala \u2013 Parte III.<br \/>\nConclusi\u00f3n del coloreado.<\/p>\n<p>MODULO 5 &#8211; LOS DETALLES DE LA MANDALA<\/p>\n<p>El cierre visual.<br \/>\nRellenos y sombreados \u2013 Parte I.<br \/>\nRellenos y sombreados \u2013 Parte II.<br \/>\nAntes de la firma del artista.<br \/>\nLa firma del artista.<br \/>\nBeneficios de las mandalas, sanaci\u00f3n de emociones, pensamientos positivos.<br \/>\nFinalizaci\u00f3n de la mandala.<\/p>\n<p>MODULO 6 \u2013 MATERIAL ADICIONAL (BONOS)<\/p>\n<p>Idea para Enmarcar tu Mandala.<br \/>\nAprovechar los dise\u00f1os de Mandalas como idea de negocio.<\/p>\n<p>MODULO 7 &#8211; VIDEO RESPUESTAS<\/p>\n<p>Cu\u00e1les son los beneficios m\u00e1s importantes del trabajo con las Mandalas<br \/>\nC\u00f3mo calculo el precio de mis productos<br \/>\n\u00bfCu\u00e1l es la t\u00e9cnica m\u00e1s econ\u00f3mica para pintar Mandalas?<\/p>\n<p>MODULO 8 &#8211; \u00bfC\u00d3MO OBTENER TU CERTIFICADO?<\/p>\n<p>\u00bfC\u00f3mo obtener tu certificado?<\/p>\n<p>ACERCA DE LA PRODUCTORA<\/p>\n<p>Desarrollado por NURY MATARRITA VARGAS, docente graduada de La Universidad de Costa Rica, certificada como dibujante y muralista por el Instituto Nacional de Aprendizaje de Costa Rica.<\/p>\n<p>Es artista de coraz\u00f3n, y decidi\u00f3 dejar la educaci\u00f3n en las aulas por una educaci\u00f3n m\u00e1s libre, y menos formal, en donde su prop\u00f3sito es inspirar a trav\u00e9s de su estilo m\u00e1ndalas como su sello personal, es adem\u00e1s artista del facepainting, cuerpos pintados, y tatuajes de Henna. Desde hace 4 a\u00f1os cuenta con el patrocinio de la marca mexicana AQUABONDS, que le brinda proyecci\u00f3n como artista y como instructora.<\/p>\n<p>En 2019 gan\u00f3 el primer lugar en Body Painting en la categor\u00eda inicial en el Congreso Internacional PRISM\u00c1TICA realizado en la Ciudad de M\u00e9xico.<\/p>\n<p>Hace 13 a\u00f1os vive del arte, encontr\u00f3 la magia de la vida en sus dones art\u00edsticos y decidi\u00f3 convertirlos en su estilo de vida, complement\u00e1ndolos con capacitaci\u00f3n constante, y diversificaci\u00f3n de t\u00e9cnicas para crear desde cualquier lugar donde se encuentre, ha viajado por Costa Rica, M\u00e9xico, y Argentina capacitando y empoderando mujeres en diferentes t\u00e9cnicas del arte.<\/p>\n<p>Como amante y creadora de artesan\u00edas, tambi\u00e9n posee una marca de Joyer\u00eda artesanal muy posicionada en Costa Rica y est\u00e1 a su vez es un espacio de capacitaci\u00f3n presencial para que muchas mujeres disfruten y desarrollen su potencial.<\/p>\n<p>Disfruta de sus clases como parte de una cadena de inspiraci\u00f3n infinita y proceso de aprendizaje aut\u00e9ntico y vivencial, en donde las personas son lo m\u00e1s importante.<\/p>\n<p>Todo lo que Nury aporta en sus programas, es transmitido desde su propia experiencia.<\/p>\n","protected":false},"excerpt":{"rendered":"<p>\u00bfTe gustar\u00eda aprender a dibujar hermosas mandalas, mientras vas sanando emociones?<\/p>\n<p>Con el MasterClass MANDALAS PARA LA SANACI\u00d3N EMOCIONAL, enfocar\u00e1s tu energ\u00eda en el momento PRESENTE mientras creas obras de arte \u00fanicas.<\/p>\n","protected":false},"featured_media":6717,"template":"","meta":{"_joinchat":[]},"product_brand":[],"product_cat":[326,344],"product_tag":[],"class_list":{"0":"post-12276","1":"product","2":"type-product","3":"status-publish","4":"has-post-thumbnail","6":"product_cat-espiritualidad","7":"product_cat-todos","9":"first","10":"instock","11":"sale","12":"shipping-taxable","13":"product-type-external"},"_links":{"self":[{"href":"https:\/\/cursos.talentup.cl\/index.php?rest_route=\/wp\/v2\/product\/12276","targetHints":{"allow":["GET"]}}],"collection":[{"href":"https:\/\/cursos.talentup.cl\/index.php?rest_route=\/wp\/v2\/product"}],"about":[{"href":"https:\/\/cursos.talentup.cl\/index.php?rest_route=\/wp\/v2\/types\/product"}],"version-history":[{"count":2,"href":"https:\/\/cursos.talentup.cl\/index.php?rest_route=\/wp\/v2\/product\/12276\/revisions"}],"predecessor-version":[{"id":14397,"href":"https:\/\/cursos.talentup.cl\/index.php?rest_route=\/wp\/v2\/product\/12276\/revisions\/14397"}],"wp:featuredmedia":[{"embeddable":true,"href":"https:\/\/cursos.talentup.cl\/index.php?rest_route=\/wp\/v2\/media\/6717"}],"wp:attachment":[{"href":"https:\/\/cursos.talentup.cl\/index.php?rest_route=%2Fwp%2Fv2%2Fmedia&parent=12276"}],"wp:term":[{"taxonomy":"product_brand","embeddable":true,"href":"https:\/\/cursos.talentup.cl\/index.php?rest_route=%2Fwp%2Fv2%2Fproduct_brand&post=12276"},{"taxonomy":"product_cat","embeddable":true,"href":"https:\/\/cursos.talentup.cl\/index.php?rest_route=%2Fwp%2Fv2%2Fproduct_cat&post=12276"},{"taxonomy":"product_tag","embeddable":true,"href":"https:\/\/cursos.talentup.cl\/index.php?rest_route=%2Fwp%2Fv2%2Fproduct_tag&post=12276"}],"curies":[{"name":"wp","href":"https:\/\/api.w.org\/{rel}","templated":true}]}}