{"id":12287,"date":"2023-01-10T04:40:19","date_gmt":"2023-01-10T07:40:19","guid":{"rendered":"https:\/\/cursos.talentup.cl\/?post_type=product&#038;p=12287"},"modified":"2024-02-07T23:37:34","modified_gmt":"2024-02-08T02:37:34","slug":"feng-shui-para-principiantes-activa-tu-prosperidad","status":"publish","type":"product","link":"https:\/\/cursos.talentup.cl\/?product=feng-shui-para-principiantes-activa-tu-prosperidad","title":{"rendered":"FENG SHUI PARA PRINCIPIANTES \u201cACTIVA TU PROSPERIDAD\u201d"},"content":{"rendered":"<p>\u00bfSientes que la energ\u00eda de tu abundancia no fluye adecuadamente?<\/p>\n<p>Con el masterclass FENG SHUI PARA PRINCIPIANTES \u00bb ACTIVA TU PROSPERIDAD\u201d; dominaras un m\u00e9todo ancestral 100% efectivo que te llevara a lograr los cambios necesarios para obtener prosperidad, armon\u00eda y equilibrio.<\/p>\n<p>\u00bfQU\u00c9 VAS A LOGRAR?<\/p>\n<p>Crearas la m\u00e1xima salud, riqueza y felicidad en tu vida.<\/p>\n<p>Armonizaras y equilibrar los espacios de tu casa, oficina, negocio, etc.<\/p>\n<p>Aprender\u00e1s en este curso, herramientas necesarias para atraer la armon\u00eda, como por ejemplo: como capturar el buen Sheng Chi, el mapa Ba Gua de las 8 aspiraciones, la teor\u00eda de los 5 elementos, el concepto de Yin y Yang, El Feng Shui de tu puerta principal y mucho m\u00e1s.<\/p>\n<p>Conocer\u00e1s los diferentes tipos de riqueza y c\u00f3mo lograr la estabilidad financiera.<\/p>\n<p>Aprender\u00e1s acerca de la buena y la mala energ\u00eda: c\u00f3mo eliminar la mala y mejorar la buena energ\u00eda para as\u00ed crear equilibrio y armon\u00eda en tu vida. <\/p>\n<p>Sabr\u00e1s c\u00f3mo hacer esto, con la energ\u00eda del espacio que te rodea: \u00a1como en tu comedor y en tu cocina!<\/p>\n<p>Descubrir\u00e1s qu\u00e9 puede estar afectando tu trabajo o caus\u00e1ndote problemas y c\u00f3mo hacer para mejorarlo e impulsarte a obtener mejores resultados.<\/p>\n<p>Acceder\u00e1s al certificado avalado por Hotmart y Seminarios Online.<\/p>\n<p>\u00bfC\u00d3MO LO VAS A LOGRAR?<\/p>\n<p>A trav\u00e9s del siguiente contenido, estructurado paso a paso:<\/p>\n<p>MODULO No.1 Feng Shui para principiantes \u201cactiva tu prosperidad\u201d<\/p>\n<p>Introducci\u00f3n <\/p>\n<p>M\u00d3DULO No.2 Parte pr\u00e1ctica.<\/p>\n<p>Historia del feng shui<br \/>\nEscuela de las formas<br \/>\nAtrayendo la buena energ\u00eda.<br \/>\n\u00bfC\u00f3mo buscar las aflicciones de feng shui en todo tu ambiente?<br \/>\nConcepto del yin y del yang.<br \/>\nTeor\u00eda de los 5 elementos.<br \/>\nMapa ba gua de las 8 aspiraciones.<br \/>\nActiva tu buena reputaci\u00f3n.<br \/>\nMejora tus relaciones.<br \/>\nActiva tus proyectos y tus descendientes.<br \/>\nAtrae benefactores, mentores y personas que ayuden.<br \/>\nMejora tu actividad laboral.<br \/>\nDesarrolla tu conocimiento y espiritualidad.<br \/>\nEquilibra tus relaciones familiares.<br \/>\nAtrae la riqueza a tu vida.<br \/>\nMejora y equilibra tu salud.<br \/>\nFeng shui de tu puerta principal.<br \/>\nFeng shui para tu cocina y comedor.<br \/>\nPon en pr\u00e1ctica lo aprendido.<\/p>\n<p>MODULO No.3: (Material adicional &#8211; BONOS).<\/p>\n<p>Acumulamiento y desorden.<br \/>\nFlor de melocot\u00f3n.<\/p>\n<p>MODULO No.4: (Video respuestas).<\/p>\n<p>Preguntas y respuestas frecuentes.<\/p>\n<p>ACERCA DE LA PRODUCTORA<\/p>\n<p>Desarrollado por CLAUDIA MORA, caminante buscadora de la verdad, quien en ese camino ha podido tener acceso a mucha informaci\u00f3n valiosa que le ha permitido hacer un profundo trabajo en el mejoramiento personal o desarrollo espiritual<\/p>\n<p>Desde el 2002 cuando conoce la herramienta maravillosa del Feng Shui, siente una gran atracci\u00f3n por el tema y por entender como poder llevar salud a los espacios, as\u00ed que se dedica a aprender todo acerca del Feng Shui y como amalgamar con \u00e9l, todos sus conocimientos para hacer un acompa\u00f1amiento muy completo a sus clientes. <\/p>\n<p>Su dedicaci\u00f3n, su buen \u00e1nimo, su trabajo, compromiso e incondicionalidad le han permitido desarrollar habilidades para un manejo integral, eficiente y eficaz de todas sus comprensiones y conocimientos.<\/p>\n","protected":false},"excerpt":{"rendered":"<p>\u00bfSientes que la energ\u00eda de tu abundancia no fluye adecuadamente?<\/p>\n<p>Con el masterclass FENG SHUI PARA PRINCIPIANTES \u00bb ACTIVA TU PROSPERIDAD\u201d; dominaras un m\u00e9todo ancestral 100% efectivo que te llevara a lograr los cambios necesarios para obtener prosperidad, armon\u00eda y equilibrio.<\/p>\n","protected":false},"featured_media":6732,"template":"","meta":{"_joinchat":[]},"product_brand":[],"product_cat":[326,344],"product_tag":[],"class_list":{"0":"post-12287","1":"product","2":"type-product","3":"status-publish","4":"has-post-thumbnail","6":"product_cat-espiritualidad","7":"product_cat-todos","9":"first","10":"instock","11":"sale","12":"shipping-taxable","13":"product-type-external"},"_links":{"self":[{"href":"https:\/\/cursos.talentup.cl\/index.php?rest_route=\/wp\/v2\/product\/12287","targetHints":{"allow":["GET"]}}],"collection":[{"href":"https:\/\/cursos.talentup.cl\/index.php?rest_route=\/wp\/v2\/product"}],"about":[{"href":"https:\/\/cursos.talentup.cl\/index.php?rest_route=\/wp\/v2\/types\/product"}],"version-history":[{"count":2,"href":"https:\/\/cursos.talentup.cl\/index.php?rest_route=\/wp\/v2\/product\/12287\/revisions"}],"predecessor-version":[{"id":14411,"href":"https:\/\/cursos.talentup.cl\/index.php?rest_route=\/wp\/v2\/product\/12287\/revisions\/14411"}],"wp:featuredmedia":[{"embeddable":true,"href":"https:\/\/cursos.talentup.cl\/index.php?rest_route=\/wp\/v2\/media\/6732"}],"wp:attachment":[{"href":"https:\/\/cursos.talentup.cl\/index.php?rest_route=%2Fwp%2Fv2%2Fmedia&parent=12287"}],"wp:term":[{"taxonomy":"product_brand","embeddable":true,"href":"https:\/\/cursos.talentup.cl\/index.php?rest_route=%2Fwp%2Fv2%2Fproduct_brand&post=12287"},{"taxonomy":"product_cat","embeddable":true,"href":"https:\/\/cursos.talentup.cl\/index.php?rest_route=%2Fwp%2Fv2%2Fproduct_cat&post=12287"},{"taxonomy":"product_tag","embeddable":true,"href":"https:\/\/cursos.talentup.cl\/index.php?rest_route=%2Fwp%2Fv2%2Fproduct_tag&post=12287"}],"curies":[{"name":"wp","href":"https:\/\/api.w.org\/{rel}","templated":true}]}}