{"id":12316,"date":"2023-01-10T04:40:23","date_gmt":"2023-01-10T07:40:23","guid":{"rendered":"https:\/\/cursos.talentup.cl\/?post_type=product&#038;p=12316"},"modified":"2024-02-07T23:37:34","modified_gmt":"2024-02-08T02:37:34","slug":"tarot-pro","status":"publish","type":"product","link":"https:\/\/cursos.talentup.cl\/?product=tarot-pro","title":{"rendered":"TAROT PRO"},"content":{"rendered":"<p>\u00bfHas pensado en ganar dinero mientras ayudas a personas con sus dudas, duelos y sue\u00f1os por medio del Tarot? <\/p>\n<p>Con EL MASTER CLASS TAROT PRO, no importa si no sabes nada sobre el Tarot, en menos de 30 d\u00edas tendr\u00e1s el conocimiento necesario para interpretar y consultar las cartas.<\/p>\n<p>Esta t\u00e9cnica ancestral te ayuda a darle sentido a hechos y situaciones en el pasado, presente y futuro.<\/p>\n<p>\u00bfQU\u00c9 VAS A LOGRAR?<\/p>\n<p>Aprender\u00e1s el significado de TODAS las 78 cartas del Tarot de Rider Waite &#8211; El Tarot m\u00e1s conocido.<\/p>\n<p>Conocer\u00e1s la interpretaci\u00f3n de la importancia de los colores, formas, e im\u00e1genes de las cartas.<\/p>\n<p>Conocer\u00e1s la interpretaci\u00f3n del SIGNIFICADO de las 78 cartas del Tarot.<\/p>\n<p>Conocer\u00e1s los mensajes ocultos y m\u00edsticos de los 22 arcanos mayores.<\/p>\n<p>Aprender\u00e1s 4 lecciones con la explicaci\u00f3n de los 56 ARCANOS MENORES (El oro, las copas, los bastos y las espadas).<\/p>\n<p>Aprender\u00e1s a responder las preguntas de tus clientes en base a las cartas y sus significados.<\/p>\n<p>Aprender\u00e1s a interpretar los mensajes, leer el ambiente y las cartas y hacerles preguntas ADECUADAS a tus clientes para que puedan encontrar su camino.<\/p>\n<p>Empezar\u00e1s una lectura de cartas profesional.<\/p>\n<p>Organizar\u00e1s las cartas del Tarot conforme la sesi\u00f3n de lectura avance y tus clientes hagan preguntas.<\/p>\n<p>Aprender\u00e1s c\u00f3mo comportarse profesionalmente sin influenciar la interpretaci\u00f3n de tus clientes y lograr ayudarlos al m\u00e1ximo.<\/p>\n<p>Acceder\u00e1s al certificado avalado por Hotmart y Seminarios Online.<\/p>\n<p>\u00bfC\u00d3MO LO VAS A LOGRAR?<\/p>\n<p>A trav\u00e9s del siguiente contenido estructurado paso a paso:<\/p>\n<p>1. Introducci\u00f3n al curso Tarot PRO y saludo personal de Eugenia Marcos.<br \/>\n2. \u00bfQu\u00e9 es el Tarot? Para qu\u00e9 sirve y de d\u00f3nde viene.<br \/>\n3. La divisi\u00f3n de las cartas del Tarot.<br \/>\n4. Arcano mayor 0: El Loco.<br \/>\n5. Arcano mayor 1: El Mago.<br \/>\n6. Arcano mayor 2: La Sacerdotisa.<br \/>\n7. Arcano mayor 3: La Emperatriz.<br \/>\n8. Arcano mayo 4: El Emperador.<br \/>\n9. Arcano mayor 5: El Papa o el Sumo Sacerdote.<br \/>\n10. Arcano mayor 6: Los Enamorados.<br \/>\n11. Arcano mayor 7: El Carro.<br \/>\n12. Arcano mayor 8: La Justicia.<br \/>\n13. Arcano mayor 9: El Ermita\u00f1o.<br \/>\n14. Arcano mayor 10: La Rueda de la Fortuna.<br \/>\n15. Arcano mayor 11: La Fuerza.<br \/>\n16. Arcano mayor 12: El Colgado.<br \/>\n17. Arcano mayor 13: La Muerte.<br \/>\n18. Arcano mayor 14: La Templanza.<br \/>\n19. Arcano mayor 15: El Diablo.<br \/>\n20. Arcano mayor 16: La Torre.<br \/>\n21. Arcano mayor 17: La Estrella.<br \/>\n22. Arcano mayor 18: La Luna.<br \/>\n23. Arcano mayor 19: El Sol.<br \/>\n24. Arcano mayor 20: El Juicio.<br \/>\n25. Arcano mayor 21: EL Mundo.<br \/>\n26. BONO 1: Arcanos menores: Las 13 cartas DEL ORO.<br \/>\n27. BONO 1: Arcanos menores: Las 13 cartas DE LOS BASTOS.<br \/>\n28. BONO 1: Arcanos menores: Las 13 cartas DEL AGUA (LAS COPAS).<br \/>\n29. BONO 1: Arcanos menores: Las 13 cartas DE LAS ESPADAS.<br \/>\n30. BONO 2: Ejemplo de una tirada para lectura del Tarot.<br \/>\n31. BONO 3: C\u00f3mo conseguir tus primeros clientes para hacer lecturas de Tarot y ganar Dinero.<br \/>\n32. BONO 4: Lecci\u00f3n interactiva de Lectura de Tarot (1).<br \/>\n33. BONO 4: Lecci\u00f3n interactiva de Lectura de Tarot (2)<br \/>\n34. Despedida y agradecimientos.<\/p>\n<p>BONUS ADICIONALES<\/p>\n<p>1. Los 4 videos con la explicaci\u00f3n de los 56 arcanos menores.<br \/>\n2. Video con el ejemplo de una tirada y lectura de cartas del Tarot.<br \/>\n3. Video con Tips para conseguir tus primeros clientes haciendo lecturas de Tarot y ganar dinero.<br \/>\n4. Videos de lectura de Tarot Interactiva.<br \/>\n5. Lista con los links para que puedas conseguir f\u00e1cilmente tus cartas del Tarot.<\/p>\n<p>ACERCA DE LA PRODUCTORA<\/p>\n<p>Desarrollado por EUGENIA MARCOS, Tarotista Profesional de Latinoam\u00e9rica con muchos a\u00f1os de experiencia haciendo lecturas del Tarot. <\/p>\n<p>Sus lecturas y videos han impactado a MILLONES de personas gracias al gran alcance y comunidad que tiene en redes sociales con casi 500 MIL seguidores y fans. As\u00ed es, MEDIO MILL\u00d3N DE SEGUIDORES. <\/p>\n<p>Eugenia ha generado miles de d\u00f3lares gracias al Tarot y te ense\u00f1ara a hacerlo t\u00fa tambi\u00e9n.  <\/p>\n<p>Privacidad<br \/>\nTu informaci\u00f3n est\u00e1 100% segura<br \/>\nCompra segura<br \/>\nAmbiente seguro y autenticado<br \/>\nEntrega por email<br \/>\nAcceso al producto entregado por email<br \/>\nContenido aprobado<br \/>\n100% revisado y aprobado<\/p>\n<p>??<\/p>\n","protected":false},"excerpt":{"rendered":"<p>\u00bfHas pensado en ganar dinero mientras ayudas a personas con sus dudas, duelos y sue\u00f1os por medio del Tarot? <\/p>\n<p>Con EL MASTER CLASS TAROT PRO, no importa si no sabes nada sobre el Tarot, en menos de 30 d\u00edas tendr\u00e1s el conocimiento necesario para interpretar y consultar las cartas.<\/p>\n<p>Esta t\u00e9cnica ancestral te ayuda a darle sentido a hechos y situaciones en el pasado, presente y futuro.<\/p>\n","protected":false},"featured_media":6736,"template":"","meta":{"_joinchat":[]},"product_brand":[],"product_cat":[326,344],"product_tag":[],"class_list":{"0":"post-12316","1":"product","2":"type-product","3":"status-publish","4":"has-post-thumbnail","6":"product_cat-espiritualidad","7":"product_cat-todos","9":"first","10":"instock","11":"sale","12":"shipping-taxable","13":"product-type-external"},"_links":{"self":[{"href":"https:\/\/cursos.talentup.cl\/index.php?rest_route=\/wp\/v2\/product\/12316","targetHints":{"allow":["GET"]}}],"collection":[{"href":"https:\/\/cursos.talentup.cl\/index.php?rest_route=\/wp\/v2\/product"}],"about":[{"href":"https:\/\/cursos.talentup.cl\/index.php?rest_route=\/wp\/v2\/types\/product"}],"version-history":[{"count":2,"href":"https:\/\/cursos.talentup.cl\/index.php?rest_route=\/wp\/v2\/product\/12316\/revisions"}],"predecessor-version":[{"id":14414,"href":"https:\/\/cursos.talentup.cl\/index.php?rest_route=\/wp\/v2\/product\/12316\/revisions\/14414"}],"wp:featuredmedia":[{"embeddable":true,"href":"https:\/\/cursos.talentup.cl\/index.php?rest_route=\/wp\/v2\/media\/6736"}],"wp:attachment":[{"href":"https:\/\/cursos.talentup.cl\/index.php?rest_route=%2Fwp%2Fv2%2Fmedia&parent=12316"}],"wp:term":[{"taxonomy":"product_brand","embeddable":true,"href":"https:\/\/cursos.talentup.cl\/index.php?rest_route=%2Fwp%2Fv2%2Fproduct_brand&post=12316"},{"taxonomy":"product_cat","embeddable":true,"href":"https:\/\/cursos.talentup.cl\/index.php?rest_route=%2Fwp%2Fv2%2Fproduct_cat&post=12316"},{"taxonomy":"product_tag","embeddable":true,"href":"https:\/\/cursos.talentup.cl\/index.php?rest_route=%2Fwp%2Fv2%2Fproduct_tag&post=12316"}],"curies":[{"name":"wp","href":"https:\/\/api.w.org\/{rel}","templated":true}]}}