{"id":12320,"date":"2023-01-10T04:40:24","date_gmt":"2023-01-10T07:40:24","guid":{"rendered":"https:\/\/cursos.talentup.cl\/?post_type=product&#038;p=12320"},"modified":"2024-02-07T23:37:35","modified_gmt":"2024-02-08T02:37:35","slug":"7-pasos-para-leer-el-tarot","status":"publish","type":"product","link":"https:\/\/cursos.talentup.cl\/?product=7-pasos-para-leer-el-tarot","title":{"rendered":"7 PASOS PARA LEER EL TAROT"},"content":{"rendered":"<p>La interpretaci\u00f3n del Tarot es apasionante para sanar muchos aspectos de la vida emocional de las personas.<\/p>\n<p>Con el MasterClass 7 PASOS PARA LEER EL TAROT, aprende a ser un excelente tarotista y terapeuta con una ruta f\u00e1cil y sencilla.<\/p>\n<p>Conoce la magia de los colores, su simbolog\u00eda y la forma como se miran los personajes.<\/p>\n<p>Adem\u00e1s, obtiene herramientas de la programaci\u00f3n neuroling\u00fc\u00edstica para reprogramar la mente con ideas m\u00e1s positivas, que te lleven a vivir con un mayor bienestar.<\/p>\n<p>\u00bfQU\u00c9 VAS A LOGRAR?<\/p>\n<p>Aprender\u00e1s a ser un profesional certificado en la lectura del tarot sanador, brindando una excelente herramienta a tus pacientes, familiares y amigos.<\/p>\n<p>Aprender\u00e1s c\u00f3mo crear para ti un ambiente sano y agradable, al igual que rutinas de meditaci\u00f3n y sanaci\u00f3n para mejorar tu vida en todos los diferentes aspectos.<\/p>\n<p>Conocer\u00e1s los colores y su implementaci\u00f3n energ\u00e9tica en la vida diaria, al igual que aprender\u00e1s a leer el tarot seg\u00fan estos colores para guiar a las personas a una excelente sanaci\u00f3n.<\/p>\n<p>Incorporar\u00e1s los arcanos mayores uno a uno con sus diversas simbolog\u00edas, para que, a la hora de leerlos, tengas muchas herramientas para darle a tu consultante la mejor experiencia sanadora. <\/p>\n<p>Obtendr\u00e1s herramientas de la PNL (Programaci\u00f3n Neuro Ling\u00fc\u00edstica), enfocado en la interpretaci\u00f3n del tarot, donde comprender\u00e1s c\u00f3mo est\u00e1 organizado el cerebro del consultante y ense\u00f1arle, as\u00ed como reprogramar su mente con ideas m\u00e1s positivas que le lleven a vivir su vida en mayor bienestar. <\/p>\n<p>Te pondr\u00e1s en sinton\u00eda con tus dones espirituales para fusionarlos con la teor\u00eda y convertirte en un experto en esta t\u00e9cnica desde una visi\u00f3n cient\u00edfica &#8211; terap\u00e9utica. <\/p>\n<p>Conectar\u00e1s con los diferentes tipos de tiradas en el momento de hacer una lectura de cartas, analizando desde esta t\u00e9cnica quien es tu consultante y como guiarlo de la mejor manera. <\/p>\n<p>Vencer\u00e1s el miedo al qu\u00e9 \u201cdir\u00e1n\u201d o el temor a ser llamado \u201cbruja\u201d por practicar esta herramienta, pues te sentir\u00e1s en una formaci\u00f3n tan seria, te\u00f3rica y terap\u00e9utica, que al contrario te sentir\u00e1s orgulloso de trabajar en esta profesi\u00f3n. <\/p>\n<p>Conocer\u00e1s teor\u00edas de las constelaciones familiares (sanaci\u00f3n intergeneracional), para que, en el momento de hacer la lectura, puedas guiar a tu paciente a la sanaci\u00f3n con todo su sistema familiar. <\/p>\n<p>Realizar\u00e1s un reto para cada paso, con el objetivo de incorporar todos los conocimientos adquiridos. <\/p>\n<p>Acceder\u00e1s al certificado avalado por Hotmart y Seminarios Online.<\/p>\n<p>\u00bfC\u00d3MO LO VAS A LOGRAR?<\/p>\n<p>A trav\u00e9s del siguiente contenido estructurado paso a paso:<\/p>\n<p>VIDEO 1: Introducci\u00f3n.<br \/>\nVIDEO 2: Presentaci\u00f3n personal de Gina Ardila.<br \/>\nVIDEO 3: Importancia e Historia de la interpretaci\u00f3n.<br \/>\nVIDEO 4: Metodolog\u00eda de interpretaci\u00f3n del tarot.<br \/>\nVIDEO 5: Ambientaci\u00f3n para la lectura del tarot.<br \/>\nVIDEO 6: Introducci\u00f3n a los 7 pasos para leer el tarot.<br \/>\nVIDEO 7: PASO 1 \/ Los colores.<br \/>\nVIDEO 8: PASO 2 \/ Las miradas.<br \/>\nVIDEO 9: PASO 3 \/ Los personajes.<br \/>\nVIDEO 10: PASO 4 \/ Las dualidades.<br \/>\nVIDEO 11: PASO 5 \/ La energ\u00eda.<br \/>\nVIDEO 12: PASO 6 \/ Tipos de tiradas.<br \/>\nVIDEO 13: PASO 7 \/ La interpretaci\u00f3n del tarot.<br \/>\nVIDEO 14: Recomendaciones y despedida. <\/p>\n<p>ACERCA DE LA PRODUCTORA<\/p>\n<p>Desarrollado por GINA ARDILA, Mentora del Ser, colombiana, mujer medicina.  <\/p>\n<p>Lleva m\u00e1s de 25 a\u00f1os trabajando en pro de la sanaci\u00f3n interior y el desarrollo personal. <\/p>\n<p>Conferencista, educadora, terapeuta, M\u00e9dica tradicional China con especializaci\u00f3n en terapias alternativas, reikista, PNL, consteladora familiar y tarotista.<\/p>\n<p>Gracias a las formaciones que ha realizado y su experiencia ha creado metodolog\u00edas propias que imparte a trav\u00e9s de sus cursos y diversas formaciones, permiti\u00e9ndole a miles de personas que se instruyan de manera profesional en el arte de la terapia emocional. <\/p>\n<p>Ha trabajado para empresas de gran reconocimiento, con una gran experiencia como oradora en auditorios masivos, al igual que en proyectos de educaci\u00f3n para la mejora de sistemas sociales y culturales. <\/p>\n<p>Hoy en d\u00eda, atiende pacientes de todas partes del mundo y realiza formaciones permanentes de temas espirituales, donde se une la ciencia y el alma, ella se ha dedicado a crear experiencias de aprendizaje, que m\u00e1s all\u00e1 de un simple conocimiento se convierta en una gran transformaci\u00f3n. <\/p>\n","protected":false},"excerpt":{"rendered":"<p>La interpretaci\u00f3n del Tarot es apasionante para sanar muchos aspectos de la vida emocional de las personas.<\/p>\n<p>Con el MasterClass 7 PASOS PARA LEER EL TAROT, aprende a ser un excelente tarotista y terapeuta con una ruta f\u00e1cil y sencilla.<\/p>\n<p>Conoce la magia de los colores, su simbolog\u00eda y la forma como se miran los personajes.<\/p>\n<p>Adem\u00e1s, obtiene herramientas de la programaci\u00f3n neuroling\u00fc\u00edstica para reprogramar la mente con ideas m\u00e1s positivas, que te lleven a vivir con un mayor bienestar.<\/p>\n","protected":false},"featured_media":6740,"template":"","meta":{"_joinchat":[]},"product_brand":[],"product_cat":[326,344],"product_tag":[],"class_list":{"0":"post-12320","1":"product","2":"type-product","3":"status-publish","4":"has-post-thumbnail","6":"product_cat-espiritualidad","7":"product_cat-todos","9":"first","10":"instock","11":"sale","12":"shipping-taxable","13":"product-type-external"},"_links":{"self":[{"href":"https:\/\/cursos.talentup.cl\/index.php?rest_route=\/wp\/v2\/product\/12320","targetHints":{"allow":["GET"]}}],"collection":[{"href":"https:\/\/cursos.talentup.cl\/index.php?rest_route=\/wp\/v2\/product"}],"about":[{"href":"https:\/\/cursos.talentup.cl\/index.php?rest_route=\/wp\/v2\/types\/product"}],"version-history":[{"count":2,"href":"https:\/\/cursos.talentup.cl\/index.php?rest_route=\/wp\/v2\/product\/12320\/revisions"}],"predecessor-version":[{"id":14418,"href":"https:\/\/cursos.talentup.cl\/index.php?rest_route=\/wp\/v2\/product\/12320\/revisions\/14418"}],"wp:featuredmedia":[{"embeddable":true,"href":"https:\/\/cursos.talentup.cl\/index.php?rest_route=\/wp\/v2\/media\/6740"}],"wp:attachment":[{"href":"https:\/\/cursos.talentup.cl\/index.php?rest_route=%2Fwp%2Fv2%2Fmedia&parent=12320"}],"wp:term":[{"taxonomy":"product_brand","embeddable":true,"href":"https:\/\/cursos.talentup.cl\/index.php?rest_route=%2Fwp%2Fv2%2Fproduct_brand&post=12320"},{"taxonomy":"product_cat","embeddable":true,"href":"https:\/\/cursos.talentup.cl\/index.php?rest_route=%2Fwp%2Fv2%2Fproduct_cat&post=12320"},{"taxonomy":"product_tag","embeddable":true,"href":"https:\/\/cursos.talentup.cl\/index.php?rest_route=%2Fwp%2Fv2%2Fproduct_tag&post=12320"}],"curies":[{"name":"wp","href":"https:\/\/api.w.org\/{rel}","templated":true}]}}