{"id":12323,"date":"2023-01-10T04:40:24","date_gmt":"2023-01-10T07:40:24","guid":{"rendered":"https:\/\/cursos.talentup.cl\/?post_type=product&#038;p=12323"},"modified":"2024-02-07T23:37:37","modified_gmt":"2024-02-08T02:37:37","slug":"mandalas-para-ninos","status":"publish","type":"product","link":"https:\/\/cursos.talentup.cl\/?product=mandalas-para-ninos","title":{"rendered":"MANDALAS PARA NI\u00d1OS"},"content":{"rendered":"<p>\u00bfTienes un ni\u00f1o que con la crisis no sabe c\u00f3mo ocupar su cabeza y est\u00e1 literalmente pegado a un computador, Tablet o celular? <\/p>\n<p>Est\u00e1 comprobado que estos comportamientos afectan su inteligencia relacional y sus habilidades intelectuales y creativas.<\/p>\n<p>Con el programa MANDALAS PARA NI\u00d1OS, adquieres un MasterClass dise\u00f1ado para el disfrute de tus hijos.<\/p>\n<p>Activa su universo creativo con una explosi\u00f3n de color que adem\u00e1s cumple con una funci\u00f3n terap\u00e9utica que armonizar\u00e1 su vida.<\/p>\n<p>\u00bfQU\u00c9 VAS A LOGRAR?<\/p>\n<p>Concretar\u00e1s procesos de autoregulaci\u00f3n, de descanso, de tranquilidad, de alegr\u00eda, de creatividad y de paz.<\/p>\n<p>El ni\u00f1o aprender\u00e1 a disfrutar de cada video, ante cada posibilidad, enriqueciendo su esp\u00edritu.<\/p>\n<p>Entender\u00e1s que el Arte-Espiritual, puede producir cambios satisfactorios en los ni\u00f1os, sin necesidades de elementos qu\u00edmicos o procesos de terapias interminables de acompa\u00f1amiento.<\/p>\n<p>Encontrar\u00e1s el punto exacto para el dise\u00f1o de un C\u00edrculo Sagrado.<\/p>\n<p>Aprender\u00e1n nociones de geometr\u00eda b\u00e1sicas para diversos dise\u00f1os.<\/p>\n<p>Aprender\u00e1n a liberarse, mediante la mano alzada, produciendo detalles y contenido personal, en cada dise\u00f1o.<\/p>\n<p>Aprender\u00e1n a pintar y combinar colores.<\/p>\n<p>Aprender\u00e1n a utilizar diferentes tipos de fibras y fibrones.<\/p>\n<p>Pondr\u00e1s brillo a tus obras.<\/p>\n<p>Aprender\u00e1n t\u00e9cnicas m\u00e1gicas que utilizar\u00e1n sobre sus obras.<\/p>\n<p>Aprender\u00e1n a recortar y buscar un destino fel\u00edz a cada uno de sus Mandalas.<\/p>\n<p>Aprender\u00e1n a descubrir c\u00f3mo compartirlos.<\/p>\n<p>Entender\u00e1s, observando al ni\u00f1o, que \u00e9ste puede sortear de una manera diferente, los momentos especiales, que la pandemia obliga a sostener.<\/p>\n<p>Aprender\u00e1s a acompa\u00f1arlo y luego a dejarlo libre en el descubrimiento de nuevas alternativas a partir de las t\u00e9cnicas presentadas, para su mayor disfrute y alegr\u00eda.<\/p>\n<p>Acceder\u00e1s al certificado avalado por Hotmart y Seminarios Online.<\/p>\n<p>\u00bfC\u00d3MO LO VAS A LOGRAR?<\/p>\n<p>VIDEO 1: Historia de los Mandalas<br \/>\nVIDEO 2: Dise\u00f1o del Primer C\u00edrculo Sagrado<br \/>\nVIDEO 3: L\u00edneas Curvas<br \/>\nVIDEO 4: L\u00edneas Rectas<br \/>\nVIDEO 5: Puntillas<br \/>\nVIDEO 6: Elementos para utilizar<br \/>\nVIDEO 7: Pintando con l\u00e1pices de colores<br \/>\nVIDEO 8: Pintando con fibras<br \/>\nVIDEO 9: Remarcando y \u00a1a brillar!<br \/>\nVIDEO 10: L\u00edneas m\u00faltiples<br \/>\nVIDEO 11: Recorte del Mandala y Regalo<br \/>\nVIDEO 12: Mandala ARCO IRIS &#8211; Primera Parte<br \/>\nVIDEO 13: Mandala ARCO IRIS &#8211; Segunda Parte<br \/>\nVIDEO 14: Mandala ARCO IRIS &#8211; Tercera Parte<br \/>\nVIDEO 15: Entramados y pasteles<br \/>\nVIDEO 16: Acompa\u00f1ando al ni\u00f1o (ni\u00f1os ejercitando la t\u00e9cnica)<br \/>\nVIDEO 17: Meditaci\u00f3n final.<\/p>\n<p>ACERCA DEL PRODUCTOR<\/p>\n<p>Desarrollado por MAR\u00cdA CELESTE JORD\u00c1N, coach espiritual y profesora de arte, locutora, escritora, madre m\u00faltiple y amorosa. <\/p>\n<p>Con un despertar espiritual que ya tiene 40 a\u00f1os de disfrute y crecimiento.<\/p>\n<p>Ha desarrollado un Taller de Arte \u00abEt\u00e9rea-Arte\u00bb donde se brindan innumerables cantidades de cursos, seminarios y terapias para ni\u00f1os y adultos. Desde el nivel art\u00edstico, hasta el espiritual. Sobre todo, en combinaci\u00f3n de ambas t\u00e9cnicas.<\/p>\n<p>Tambi\u00e9n, ha desarrollado un Or\u00e1culo de M\u00e1ndalas Terap\u00e9uticos para el despertar y acompa\u00f1amiento de las personas, con textos e im\u00e1genes propias.<\/p>\n<p>Completando la secuencia con la creaci\u00f3n de una Radio Online Espiritual \u00abEt\u00e9rea-Radio\u00bb.<\/p>\n","protected":false},"excerpt":{"rendered":"<p>\u00bfTienes un ni\u00f1o que con la crisis no sabe c\u00f3mo ocupar su cabeza y est\u00e1 literalmente pegado a un computador, Tablet o celular? <\/p>\n<p>Est\u00e1 comprobado que estos comportamientos afectan su inteligencia relacional y sus habilidades intelectuales y creativas.<\/p>\n<p>Con el programa MANDALAS PARA NI\u00d1OS, adquieres un MasterClass dise\u00f1ado para el disfrute de tus hijos.<\/p>\n<p>Activa su universo creativo con una explosi\u00f3n de color que adem\u00e1s cumple con una funci\u00f3n terap\u00e9utica que armonizar\u00e1 su vida.<\/p>\n","protected":false},"featured_media":6743,"template":"","meta":{"_joinchat":[]},"product_brand":[],"product_cat":[326,344],"product_tag":[],"class_list":{"0":"post-12323","1":"product","2":"type-product","3":"status-publish","4":"has-post-thumbnail","6":"product_cat-espiritualidad","7":"product_cat-todos","9":"first","10":"instock","11":"sale","12":"shipping-taxable","13":"product-type-external"},"_links":{"self":[{"href":"https:\/\/cursos.talentup.cl\/index.php?rest_route=\/wp\/v2\/product\/12323","targetHints":{"allow":["GET"]}}],"collection":[{"href":"https:\/\/cursos.talentup.cl\/index.php?rest_route=\/wp\/v2\/product"}],"about":[{"href":"https:\/\/cursos.talentup.cl\/index.php?rest_route=\/wp\/v2\/types\/product"}],"version-history":[{"count":2,"href":"https:\/\/cursos.talentup.cl\/index.php?rest_route=\/wp\/v2\/product\/12323\/revisions"}],"predecessor-version":[{"id":14421,"href":"https:\/\/cursos.talentup.cl\/index.php?rest_route=\/wp\/v2\/product\/12323\/revisions\/14421"}],"wp:featuredmedia":[{"embeddable":true,"href":"https:\/\/cursos.talentup.cl\/index.php?rest_route=\/wp\/v2\/media\/6743"}],"wp:attachment":[{"href":"https:\/\/cursos.talentup.cl\/index.php?rest_route=%2Fwp%2Fv2%2Fmedia&parent=12323"}],"wp:term":[{"taxonomy":"product_brand","embeddable":true,"href":"https:\/\/cursos.talentup.cl\/index.php?rest_route=%2Fwp%2Fv2%2Fproduct_brand&post=12323"},{"taxonomy":"product_cat","embeddable":true,"href":"https:\/\/cursos.talentup.cl\/index.php?rest_route=%2Fwp%2Fv2%2Fproduct_cat&post=12323"},{"taxonomy":"product_tag","embeddable":true,"href":"https:\/\/cursos.talentup.cl\/index.php?rest_route=%2Fwp%2Fv2%2Fproduct_tag&post=12323"}],"curies":[{"name":"wp","href":"https:\/\/api.w.org\/{rel}","templated":true}]}}