{"id":12324,"date":"2023-01-10T04:40:24","date_gmt":"2023-01-10T07:40:24","guid":{"rendered":"https:\/\/cursos.talentup.cl\/?post_type=product&#038;p=12324"},"modified":"2024-02-07T23:37:37","modified_gmt":"2024-02-08T02:37:37","slug":"tarot-desde-cero","status":"publish","type":"product","link":"https:\/\/cursos.talentup.cl\/?product=tarot-desde-cero","title":{"rendered":"TAROT DESDE CERO"},"content":{"rendered":"<p>El TAROT, es un camino de crecimiento y una conexi\u00f3n profunda con nuestra energ\u00eda.<\/p>\n<p>Con el programa TAROT DESDE CERO, conoce tu mundo interior a trav\u00e9s de las cartas. Entiende su significado detr\u00e1s de este juego de colores, im\u00e1genes, s\u00edmbolos y n\u00fameros que atrapan diferentes mensajes.<\/p>\n<p>Aprende esta hermosa experiencia reveladora gracias a un conocimiento ancestral. Desbloquea tus obst\u00e1culos para que puedas fluir mejor y tener una vida m\u00e1s exitosa.<br \/>\nAprende y ens\u00e9\u00f1ale a otros c\u00f3mo hacerlo.<\/p>\n<p>\u00bfQU\u00c9 VAS A LOGRAR?<\/p>\n<p>El cuidado y conservaci\u00f3n del juego de cartas de Tarot.<\/p>\n<p>La estructura numerol\u00f3gica de las cartas del tarot y como interpretarlas en una lectura.<\/p>\n<p>La importancia y el significado de los colores y como a trav\u00e9s de ellos comprender lo que cada carta est\u00e1 diciendo.<\/p>\n<p>El mensaje que cada uno de los 22 Arcanos Mayores tiene para decirte y como trabajar con esta informaci\u00f3n.<\/p>\n<p>Como desarrollar una comprensi\u00f3n clara de los mensajes positivos y negativos de las cartas para as\u00ed poder transmutarlos en aprendizaje y trabajo enfocados en el crecimiento y desarrollo personal.<\/p>\n<p>Como relacionar todos los conocimientos anteriormente descriptos para realizar una lectura completa del tarot ubicadas en tiempo y espacio.<\/p>\n<p>Como enfocarte y trabajar con estas cartas desde la objetividad, sin juicio ni expectativas para lograr una lectura clara y ciertamente beneficiosa para todos los involucrados.<\/p>\n<p>Acceder al certificado avalado por Hotmart y Seminarios Online.<\/p>\n<p>\u00bfC\u00d3MO LO VAS A LOGRAR?<\/p>\n<p>A trav\u00e9s de los videos e im\u00e1genes de las cartas que conforman este curso contaras con todas las herramientas para convertirte en un experto en interpretaci\u00f3n y traducci\u00f3n de los mensajes de las cartas del Tarot.<\/p>\n<p>Parte No. 1 &#8211; Presentaci\u00f3n \u2013 Mariana Scherr<br \/>\nParte No. 2 &#8211; Conectados por Telegram<br \/>\nParte No. 3 &#8211; Informaci\u00f3n a descargar<br \/>\nParte No. 4 &#8211; El mazo de tarot \u2013 Variantes<br \/>\nParte No. 5 &#8211; Los colores en el tarot<br \/>\nParte No. 6 &#8211; Esquema numerol\u00f3gico<br \/>\nParte No. 7 &#8211; El loco<br \/>\nParte No. 8 &#8211; El mago<br \/>\nParte No. 9 &#8211; La papisa<br \/>\nParte No. 10 &#8211; La emperatriz<br \/>\nParte No. 11 &#8211; El emperador<br \/>\nParte No. 12 &#8211; El papa<br \/>\nParte No. 13 &#8211; Los enamorados<br \/>\nParte No. 14 &#8211; El carro<br \/>\nParte No. 15 &#8211; La justicia<br \/>\nParte No. 16 &#8211; El ermita\u00f1o<br \/>\nParte No. 17 &#8211; La rueda de la fortuna<br \/>\nParte No. 18 &#8211; La fuerza<br \/>\nParte No. 19 &#8211; El colgado<br \/>\nParte No. 20 &#8211; La muerte<br \/>\nParte No. 21 &#8211; La templanza<br \/>\nParte No. 22 &#8211; El diablo<br \/>\nParte No. 23 &#8211; La torre<br \/>\nParte No. 24 &#8211; La estrella<br \/>\nParte No. 25 &#8211; La luna<br \/>\nParte No. 26 &#8211; El sol<br \/>\nParte No. 27 &#8211; El juicio<br \/>\nParte No. 28 &#8211; El mundo<br \/>\nParte No. 29 &#8211; Historia de los 22 arcanos mayores<br \/>\nParte No. 30 &#8211; Ejemplos de tiradas de tarot<\/p>\n<p>ACERCA DE LA PRODUCTORA<\/p>\n<p>Desarrollado por MARIANA SCHERR, especialista en la lectura del Tarot seg\u00fan la concepci\u00f3n e interpretaci\u00f3n que del mismo hace Alejandro Jodorovsky. <\/p>\n<p>Formada como Consteladora familiar, en Buenos Aires, Argentina y en Bogot\u00e1, Colombia, certificada y abalada por la Hellinger Sciencia de Alemania. <\/p>\n<p>Integr\u00f3 la energ\u00eda propia de las Constelaciones Familiares con la fuerza y la sabidur\u00eda de los Arcanos del Tarot, implementando as\u00ed en su quehacer terap\u00e9utico las Constelaciones Tarol\u00f3gicas. <\/p>\n<p>Lectora y docente internacional en Registros Akashicos, Tarot Terap\u00e9utico, Constelaciones Familiares grupales y personales. Junto a la Dra. Marianela Vallejo Valencia, de Colombia, desarroll\u00f3 las Constelaciones Unipersonales y las Improntas Transgeneracionales.<br \/>\nCoautora del libro\u201d Vivencias que sanan\u201d. <\/p>\n","protected":false},"excerpt":{"rendered":"<p>El TAROT, es un camino de crecimiento y una conexi\u00f3n profunda con nuestra energ\u00eda.<\/p>\n<p>Con el programa TAROT DESDE CERO, conoce tu mundo interior a trav\u00e9s de las cartas. Entiende su significado detr\u00e1s de este juego de colores, im\u00e1genes, s\u00edmbolos y n\u00fameros que atrapan diferentes mensajes.<\/p>\n<p>Aprende esta hermosa experiencia reveladora gracias a un conocimiento ancestral. Desbloquea tus obst\u00e1culos para que puedas fluir mejor y tener una vida m\u00e1s exitosa.<br \/>\nAprende y ens\u00e9\u00f1ale a otros c\u00f3mo hacerlo.<\/p>\n","protected":false},"featured_media":6744,"template":"","meta":{"_joinchat":[]},"product_brand":[],"product_cat":[326,344],"product_tag":[],"class_list":{"0":"post-12324","1":"product","2":"type-product","3":"status-publish","4":"has-post-thumbnail","6":"product_cat-espiritualidad","7":"product_cat-todos","9":"first","10":"instock","11":"sale","12":"shipping-taxable","13":"product-type-external"},"_links":{"self":[{"href":"https:\/\/cursos.talentup.cl\/index.php?rest_route=\/wp\/v2\/product\/12324","targetHints":{"allow":["GET"]}}],"collection":[{"href":"https:\/\/cursos.talentup.cl\/index.php?rest_route=\/wp\/v2\/product"}],"about":[{"href":"https:\/\/cursos.talentup.cl\/index.php?rest_route=\/wp\/v2\/types\/product"}],"version-history":[{"count":2,"href":"https:\/\/cursos.talentup.cl\/index.php?rest_route=\/wp\/v2\/product\/12324\/revisions"}],"predecessor-version":[{"id":14422,"href":"https:\/\/cursos.talentup.cl\/index.php?rest_route=\/wp\/v2\/product\/12324\/revisions\/14422"}],"wp:featuredmedia":[{"embeddable":true,"href":"https:\/\/cursos.talentup.cl\/index.php?rest_route=\/wp\/v2\/media\/6744"}],"wp:attachment":[{"href":"https:\/\/cursos.talentup.cl\/index.php?rest_route=%2Fwp%2Fv2%2Fmedia&parent=12324"}],"wp:term":[{"taxonomy":"product_brand","embeddable":true,"href":"https:\/\/cursos.talentup.cl\/index.php?rest_route=%2Fwp%2Fv2%2Fproduct_brand&post=12324"},{"taxonomy":"product_cat","embeddable":true,"href":"https:\/\/cursos.talentup.cl\/index.php?rest_route=%2Fwp%2Fv2%2Fproduct_cat&post=12324"},{"taxonomy":"product_tag","embeddable":true,"href":"https:\/\/cursos.talentup.cl\/index.php?rest_route=%2Fwp%2Fv2%2Fproduct_tag&post=12324"}],"curies":[{"name":"wp","href":"https:\/\/api.w.org\/{rel}","templated":true}]}}