{"id":12330,"date":"2023-01-10T04:40:24","date_gmt":"2023-01-10T07:40:24","guid":{"rendered":"https:\/\/cursos.talentup.cl\/?post_type=product&#038;p=12330"},"modified":"2024-02-07T23:37:37","modified_gmt":"2024-02-08T02:37:37","slug":"supera-el-duelo","status":"publish","type":"product","link":"https:\/\/cursos.talentup.cl\/?product=supera-el-duelo","title":{"rendered":"SUPERA EL DUELO"},"content":{"rendered":"<p>Los seres humanos tendemos a construir el significado de nuestra existencia y el proyecto de vida junto a otras personas a nivel familiar, pareja o de amistad. Desarrollamos relaciones muy fuertes con los seres que ocupan un lugar importante en nuestra vida. <\/p>\n<p>Cuando una persona querida fallece ese espacio queda vac\u00edo con una p\u00e9rdida irreversible generando fuertes reacciones emocionales y comportamentales que caracterizan el Duelo. <\/p>\n<p>Atravesar el proceso de Duelo es necesario, pues es la forma en nos construimos a nosotros mismos. Sin embargo, nos resistimos a la idea de la muerte y de otros sucesos tr\u00e1gicos que implican p\u00e9rdidas y no siempre contamos con las herramientas necesarias para afrontarlos de una manera saludable. Experimentamos una sensaci\u00f3n de aislamiento, ira intensa, culpa, depresi\u00f3n, o incluso, detonar el inicio de alguna enfermedad.<\/p>\n<p>\u00bfQU\u00c9 VAS A LOGRAR?<\/p>\n<p>Con esta MasterClass lograr\u00e1s:<\/p>\n<p>Comprender c\u00f3mo funciona tu cerebro y c\u00f3mo aquellas reacciones emocionales y comportamentales; (Duelo) est\u00e1n determinadas por tus reacciones cognitivas.<\/p>\n<p>Tener herramientas psicol\u00f3gicas para identificar los conceptos y creencias que has adquirido, con acciones saludables respecto a la p\u00e9rdida de tu ser querido.<\/p>\n<p>Comprender el impacto que tiene este sistema de creencias sobre tu cuerpo y tus emociones. (Enfermedades psicosom\u00e1ticas)<\/p>\n<p>Entender c\u00f3mo puedes resignificar y canalizar (sublimar) estas emociones para alcanzar un estado de mayor tranquilidad.<\/p>\n<p>Conservar un espacio afectivo que redimensione aquella persona que ya no est\u00e1 y puedas retomar el dominio de tu experiencia de vida y de tu realidad.<\/p>\n<p>Adquirir la pr\u00e1ctica regular de la t\u00e9cnica de los 5 pasos para impactar de manera sustancial y positiva la experiencia emocional de cualquier persona.<\/p>\n<p>Estimular el pensamiento auto dirigido y disminuir los pensamientos autom\u00e1ticos o distorsionados.<\/p>\n<p>Tener una herramienta permanente (T\u00e9cnica de 5 pasos) y aplicable a todas las esferas de tu vida.<\/p>\n<p>Contar con el acompa\u00f1amiento de un profesional certificado; con herramientas te\u00f3rico\/pr\u00e1cticas para manejar el duelo ligado tambi\u00e9n a su historia personal.<\/p>\n<p>Acceder a sesiones semanales de acompa\u00f1amiento en vivo v\u00eda ZOOM.<\/p>\n<p>Manejar de forma saludable y consiente tu propio proceso de duelo y apoyar mejor el proceso de duelo otras personas.<\/p>\n<p>Contar\u00e1s con una serie de recursos adicionales para profundizar y ampliar tu comprensi\u00f3n del proceso.<\/p>\n<p>Brindarles a otros psic\u00f3logos la posibilidad de reestructurar su manejo terap\u00e9utico a partir de un conocimiento aplicado.<\/p>\n<p>\u00bfA QUI\u00c9N EST\u00c1 DIRIGIDO?<\/p>\n<p>A cualquier persona, sin importar su edad o ideolog\u00eda, que haya experimentado la p\u00e9rdida de un ser querido y tenga la disposici\u00f3n para volver a construirse y asumir su realidad de la mejor manera posible. <\/p>\n<p>\u00bfC\u00d3MO LO VAS A LOGRAR?<\/p>\n<p>Mediante una t\u00e9cnica conformada por 5 sencillos y poderosos pasos basados en la indagaci\u00f3n profunda de tus creencias y la transformaci\u00f3n de las mismas. Podr\u00e1s elegir de manera consciente y voluntaria nuevos acuerdos para tu vida (nuevas creencias), aceptar los eventos externos sobre los cuales no tienes control y retomar el mando de tu experiencia interna de la realidad. Todo lo anterior, a partir de las siguientes tem\u00e1ticas:<\/p>\n<p>Parte 1: Descripci\u00f3n del curso.<br \/>\nParte 2: Proceso de acompa\u00f1amiento.<br \/>\nParte 3: C\u00f3mo funciona mi mente; esquema de pensamiento.<br \/>\nParte 4: C\u00f3mo genero la interpretaci\u00f3n de los eventos.<br \/>\nParte 5: El proceso Consciente e Inconsciente.<br \/>\nParte 6: Posturas para adoptar frente a los eventos de mi vida.<br \/>\nParte 7: C\u00f3mo funcionan mis emociones.<br \/>\nParte 8: Instrucciones para comenzar el trabajo<br \/>\nParte 9: Material de trabajo.<br \/>\nParte 10: Identificando las creencias.<br \/>\nParte 11: Paso 1: Indagaci\u00f3n inicial de la creencia.<br \/>\nParte 12: Paso 2: Identificaci\u00f3n del impacto de cada creencia en m\u00ed.<br \/>\nParte 13: Paso 3: C\u00f3mo ser\u00eda mi vida sin esa creencia.<br \/>\nParte 14: Paso 4: Inversi\u00f3n de las creencias (4 formas).<br \/>\nParte 15: Paso 5: Construcci\u00f3n de nuevas creencias.<br \/>\nParte 16: Ejemplos completos de todo el trabajo.<br \/>\nParte 17: Recomendaciones generales para realizar el trabajo.<br \/>\nParte 18: Recursos adicionales para gesti\u00f3n de emociones. <\/p>\n<p>ACERCA DEL PRODUCTOR<\/p>\n<p>Desarrollado por OSCAR MES\u00cdAS. Coach y Entrenador certificado (coaching transformacional, coaching ontol\u00f3gico y PNL). Ha entrenado a m\u00e1s de 2.000 personas en diferentes ciudades de Colombia, Ecuador y Venezuela. Actualmente es Director General de \u201cParticipaci\u00f3n total\u201d, empresa que ofrece entrenamientos de vida.<\/p>\n<p>Debido al impacto de varias p\u00e9rdidas\/duelos en distintos momentos de la vida, decide compartir con otras personas c\u00f3mo ha logrado atravesar el duelo y hacer de estos eventos un nuevo comenzar en su vida.<\/p>\n","protected":false},"excerpt":{"rendered":"<p>Los seres humanos tendemos a construir el significado de nuestra existencia y el proyecto de vida junto a otras personas a nivel familiar, pareja o de amistad. Desarrollamos relaciones muy fuertes con los seres que ocupan un lugar importante en nuestra vida. <\/p>\n<p>Cuando una persona querida fallece ese espacio queda vac\u00edo con una p\u00e9rdida irreversible generando fuertes reacciones emocionales y comportamentales que caracterizan el Duelo. <\/p>\n","protected":false},"featured_media":6750,"template":"","meta":{"_joinchat":[]},"product_brand":[],"product_cat":[326,344],"product_tag":[],"class_list":{"0":"post-12330","1":"product","2":"type-product","3":"status-publish","4":"has-post-thumbnail","6":"product_cat-espiritualidad","7":"product_cat-todos","9":"first","10":"instock","11":"sale","12":"shipping-taxable","13":"product-type-external"},"_links":{"self":[{"href":"https:\/\/cursos.talentup.cl\/index.php?rest_route=\/wp\/v2\/product\/12330","targetHints":{"allow":["GET"]}}],"collection":[{"href":"https:\/\/cursos.talentup.cl\/index.php?rest_route=\/wp\/v2\/product"}],"about":[{"href":"https:\/\/cursos.talentup.cl\/index.php?rest_route=\/wp\/v2\/types\/product"}],"version-history":[{"count":2,"href":"https:\/\/cursos.talentup.cl\/index.php?rest_route=\/wp\/v2\/product\/12330\/revisions"}],"predecessor-version":[{"id":14428,"href":"https:\/\/cursos.talentup.cl\/index.php?rest_route=\/wp\/v2\/product\/12330\/revisions\/14428"}],"wp:featuredmedia":[{"embeddable":true,"href":"https:\/\/cursos.talentup.cl\/index.php?rest_route=\/wp\/v2\/media\/6750"}],"wp:attachment":[{"href":"https:\/\/cursos.talentup.cl\/index.php?rest_route=%2Fwp%2Fv2%2Fmedia&parent=12330"}],"wp:term":[{"taxonomy":"product_brand","embeddable":true,"href":"https:\/\/cursos.talentup.cl\/index.php?rest_route=%2Fwp%2Fv2%2Fproduct_brand&post=12330"},{"taxonomy":"product_cat","embeddable":true,"href":"https:\/\/cursos.talentup.cl\/index.php?rest_route=%2Fwp%2Fv2%2Fproduct_cat&post=12330"},{"taxonomy":"product_tag","embeddable":true,"href":"https:\/\/cursos.talentup.cl\/index.php?rest_route=%2Fwp%2Fv2%2Fproduct_tag&post=12330"}],"curies":[{"name":"wp","href":"https:\/\/api.w.org\/{rel}","templated":true}]}}