{"id":12338,"date":"2023-01-10T04:40:25","date_gmt":"2023-01-10T07:40:25","guid":{"rendered":"https:\/\/cursos.talentup.cl\/?post_type=product&#038;p=12338"},"modified":"2024-02-07T23:37:38","modified_gmt":"2024-02-08T02:37:38","slug":"7-pasos-sencillos-para-organizar-tus-finanzas","status":"publish","type":"product","link":"https:\/\/cursos.talentup.cl\/?product=7-pasos-sencillos-para-organizar-tus-finanzas","title":{"rendered":"7 PASOS SENCILLOS PARA ORGANIZAR TUS FINANZAS"},"content":{"rendered":"<p>\u00bfQuieres atraer m\u00e1s dinero a tu vida?<\/p>\n<p>Con el MasterClass 7 PASOS SENCILLOS Y DEFINITIVOS PARA ORGANIZAR TUS FINANZAS, mezclar\u00e1s inteligencia financiera y emocional para controlar tu dinero a largo plazo.<\/p>\n<p>\u00bfQU\u00c9 VAS A LOGRAR?<\/p>\n<p>Atraer\u00e1s m\u00e1s dinero a tu vida y mantenerlo, gracias a tu cambio de creencias.  <\/p>\n<p>Distribuir\u00e1s adecuadamente tu presupuesto.  <\/p>\n<p>Tendr\u00e1s m\u00e1s dinero en tu bolsillo al final de mes ya que controlas tus gastos hormiga. <\/p>\n<p>Te sentir\u00e1s feliz y tranquilo porque est\u00e1s haciendo lo correcto con tu dinero.<\/p>\n<p>Gastar\u00e1s menos de lo que ganas, ahorrar\u00e1s y entender\u00e1s la importancia de invertir.<\/p>\n<p>Acceder\u00e1s al certificado avalado por Hotmart y Seminarios Online.<\/p>\n<p>\u00bfC\u00d3MO LO VAS A LOGRAR?<\/p>\n<p>A trav\u00e9s del siguiente contenido, estructurado paso a paso:<\/p>\n<p>M\u00f3dulo 1 Introducci\u00f3n<\/p>\n<p>Presentaci\u00f3n \u00c1ngela Gonz\u00e1lez.<br \/>\nInteligencia emocional.<br \/>\nInteligencia financiera.<\/p>\n<p>M\u00f3dulo 2 Introducci\u00f3n a las finanzas personales<\/p>\n<p>Introducci\u00f3n a las finanzas personales.<br \/>\nLa importancia de la inteligencia financiera.<br \/>\nC\u00f3mo gastar de manera inteligente.<br \/>\nConceptos claves de las finanzas personales.<br \/>\nC\u00f3mo educar financieramente a tus hijos.<br \/>\nReto m\u00f3dulo 1.<\/p>\n<p>M\u00f3dulo 3 Brecha entre el saber y el hacer<\/p>\n<p>Programaciones limitantes.<br \/>\nEl poder de la mente subconsciente.<br \/>\nReprogramando creencias.<br \/>\nReto 2.<\/p>\n<p>M\u00f3dulo 4 Planificaci\u00f3n y presupuesto<\/p>\n<p>Qu\u00e9 es un presupuesto.<br \/>\nDistribuci\u00f3n ideal de un presupuesto.<br \/>\nConsejos para generar un flujo de caja positivo.<br \/>\nGastos hormiga.<br \/>\nReto 3.<\/p>\n<p>M\u00f3dulo 5 H\u00e1bitos y emocionalidad<\/p>\n<p>Autoestima.<br \/>\nNivel de merecimiento.<br \/>\nPostergaci\u00f3n del placer.<br \/>\nMotivaci\u00f3n y sue\u00f1o.<br \/>\nReto 4.<\/p>\n<p>M\u00f3dulo 6 El ahorro y sus claves<\/p>\n<p>La importancia del ahorro.<br \/>\nH\u00e1bitos para el ahorro.<br \/>\nEscoger un buen producto.<br \/>\nCu\u00e1les son los principales veh\u00edculos para ahorrar.<br \/>\nReto 5.<\/p>\n<p>M\u00f3dulo 7 El reto de la autodisciplina<\/p>\n<p>La autodisciplina y el car\u00e1cter.<br \/>\nLa autodisciplina y la visi\u00f3n.<br \/>\nEl Auto refuerzo.<br \/>\nReto 6.<\/p>\n<p>M\u00f3dulo 8 La inversi\u00f3n y sus bondades<\/p>\n<p>La inversi\u00f3n y su importancia.<br \/>\n8 consejos para invertir.<br \/>\nEn qu\u00e9 invertir.<br \/>\nReto 7.<\/p>\n<p>M\u00f3dulo 9 Material adicional (BONOS)<br \/>\nRetos financieros seg\u00fan el temperamento. <\/p>\n<p>Test &#8212; Lo que crees acerca de ti mismo y acerca del dinero.<br \/>\nTest &#8212; Diagn\u00f3stico de su situaci\u00f3n financiera actual.<br \/>\nPlan para salir de tus deudas.<br \/>\nMaterial adicional de uso gratuito.<\/p>\n<p>M\u00f3dulo 10 Video Respuestas<\/p>\n<p>\u00bfPor qu\u00e9 reprogramar mi subconsciente en las noches?<\/p>\n<p>M\u00f3dulo 11 \u00bfC\u00f3mo obtener tu certificado?<\/p>\n<p>\u00bfC\u00f3mo obtener tu certificado?<\/p>\n<p>ACERCA DE LOS PRODUCTORES<\/p>\n<p>Desarrollado por \u00c1NGELA MAR\u00cdA GONZALES VINASCO y JAIME ANDR\u00c9S COLLAZOS <\/p>\n<p>\u00c1ngela Mar\u00eda Gonzales Vinasco es Psic\u00f3loga Cl\u00ednica de enfoque cognitivo conductual, Universidad Javeriana, Cali. Certificada en terapia racional emotiva conductual b\u00e1sico y avanzado (TREC). Instituto Albert Ellis. Diplomado en desarrollo e intervenci\u00f3n psicol\u00f3gica, Universidad Javeriana Cali. Diplomado en Coaching y PNL, CUME Colombia. <\/p>\n<p>Conferencista invitada en diversos seminarios sobre temas de educaci\u00f3n emocional. Es autora invitada sobre temas de Salud Emocional en la revista Artemisa. Es columnista del Diario El Pa\u00eds. \u00c1ngela cuenta con 13 a\u00f1os de experiencia en psicolog\u00eda educativa, organizacional y cl\u00ednica imbanaco y en consultas particulares atendiendo todo tipo de problem\u00e1ticas del comportamiento del ser humano; ansiedades, depresiones, adicci\u00f3n a las compras y des\u00f3rdenes financieros.  <\/p>\n<p>Jaime Andr\u00e9s Collazos es Economista de la Universidad Icesi con una MBA de la Universidad del Valle. 17 a\u00f1os trabajando en una de las m\u00e1s importantes entidades del sector financiero en Colombia analizando e investigando la econom\u00eda. Es columnista del Diario El Pa\u00eds<\/p>\n","protected":false},"excerpt":{"rendered":"<p>\u00bfQuieres atraer m\u00e1s dinero a tu vida?<\/p>\n<p>Con el MasterClass 7 PASOS SENCILLOS Y DEFINITIVOS PARA ORGANIZAR TUS FINANZAS, mezclar\u00e1s inteligencia financiera y emocional para controlar tu dinero a largo plazo.<\/p>\n","protected":false},"featured_media":3771,"template":"","meta":{"_joinchat":[]},"product_brand":[],"product_cat":[327,344],"product_tag":[],"class_list":{"0":"post-12338","1":"product","2":"type-product","3":"status-publish","4":"has-post-thumbnail","6":"product_cat-finanzas-e-inversion","7":"product_cat-todos","9":"first","10":"instock","11":"sale","12":"shipping-taxable","13":"product-type-external"},"_links":{"self":[{"href":"https:\/\/cursos.talentup.cl\/index.php?rest_route=\/wp\/v2\/product\/12338","targetHints":{"allow":["GET"]}}],"collection":[{"href":"https:\/\/cursos.talentup.cl\/index.php?rest_route=\/wp\/v2\/product"}],"about":[{"href":"https:\/\/cursos.talentup.cl\/index.php?rest_route=\/wp\/v2\/types\/product"}],"version-history":[{"count":2,"href":"https:\/\/cursos.talentup.cl\/index.php?rest_route=\/wp\/v2\/product\/12338\/revisions"}],"predecessor-version":[{"id":14437,"href":"https:\/\/cursos.talentup.cl\/index.php?rest_route=\/wp\/v2\/product\/12338\/revisions\/14437"}],"wp:featuredmedia":[{"embeddable":true,"href":"https:\/\/cursos.talentup.cl\/index.php?rest_route=\/wp\/v2\/media\/3771"}],"wp:attachment":[{"href":"https:\/\/cursos.talentup.cl\/index.php?rest_route=%2Fwp%2Fv2%2Fmedia&parent=12338"}],"wp:term":[{"taxonomy":"product_brand","embeddable":true,"href":"https:\/\/cursos.talentup.cl\/index.php?rest_route=%2Fwp%2Fv2%2Fproduct_brand&post=12338"},{"taxonomy":"product_cat","embeddable":true,"href":"https:\/\/cursos.talentup.cl\/index.php?rest_route=%2Fwp%2Fv2%2Fproduct_cat&post=12338"},{"taxonomy":"product_tag","embeddable":true,"href":"https:\/\/cursos.talentup.cl\/index.php?rest_route=%2Fwp%2Fv2%2Fproduct_tag&post=12338"}],"curies":[{"name":"wp","href":"https:\/\/api.w.org\/{rel}","templated":true}]}}