{"id":12378,"date":"2023-01-10T04:40:29","date_gmt":"2023-01-10T07:40:29","guid":{"rendered":"https:\/\/cursos.talentup.cl\/?post_type=product&#038;p=12378"},"modified":"2024-02-07T23:37:39","modified_gmt":"2024-02-08T02:37:39","slug":"planificacion-financiera-para-el-retiro","status":"publish","type":"product","link":"https:\/\/cursos.talentup.cl\/?product=planificacion-financiera-para-el-retiro","title":{"rendered":"PLANIFICACI\u00d3N FINANCIERA PARA EL RETIRO"},"content":{"rendered":"<p>Si quieres disfrutar plenamente de tu vida cuando te jubiles, si quieres tiempo para viajar, para tus hobbies, para practicar tus deportes favoritos, desarrollar talentos y actividades que te apasionen, este Master Class es para ti.<\/p>\n<p>Con el MASTER CLASS PLANIFICACION FINANCIERA PARA EL RETIRO, desarrollar\u00e1s la planificaci\u00f3n financiera personal para tu plan de pensi\u00f3n internacional, comenzando con lo que tienes ahora, para optimizar rentabilidades.<\/p>\n<p>\u00bfQU\u00c9 VAS A LOGRAR?<\/p>\n<p>Lograr\u00e1s ver c\u00f3mo transformarte de ahorrista a inversionista para poder ser rentista.<\/p>\n<p>Identificar\u00e1s la problem\u00e1tica de la pensi\u00f3n en el mundo.<\/p>\n<p>Comprender\u00e1s la necesidad de armar un plan privado de pensi\u00f3n para estar protegido.<\/p>\n<p>Visualizar\u00e1s c\u00f3mo evitar el dolor que viven hoy los jubilados con pensiones del 30% de su necesidad real para cubrir necesidades b\u00e1sicas.<\/p>\n<p>Ver\u00e1s la importancia de la educaci\u00f3n financiera y su aporte a una mejor calidad de vida.<\/p>\n<p>Clasificar\u00e1s los beneficios en la vida real de planificaci\u00f3n financiera personal, familiar y corporativa. <\/p>\n<p>Analizar\u00e1s c\u00f3mo viene aumentando la esperanza de vida, y c\u00f3mo prepararnos econ\u00f3micamente para vivir la cuarta edad, de los 80 a los 100 a\u00f1os. <\/p>\n<p>Dividir\u00e1s la l\u00ednea de la vida para diferenciar las etapas activa de la pasiva. C\u00f3mo prepararnos con nuestra renta.<\/p>\n<p>Dar\u00e1s una introducci\u00f3n al M\u00e9todo Kakebo. C\u00f3mo clasificar los gastos y evitar compras impulsivas que no nos suman bienestar.<\/p>\n<p>Ver\u00e1s estrategias de inversi\u00f3n a corto, mediano y largo plazo seg\u00fan los objetivos de vida que te propongas, para el logro de tus metas.<\/p>\n<p>Diferenciar\u00e1s las tres estrategias de inversi\u00f3n seg\u00fan el perfil de inversor para que puedas elegir cu\u00e1l te viene mejor.<\/p>\n<p>Ver\u00e1s ventajas de los Planes con garant\u00eda de capital y rentabilidad. C\u00f3mo funcionan.<\/p>\n<p>Analizar\u00e1s dos problemas que se desprenden de Vivir poco o vivir mucho, su soluci\u00f3n desde la planificaci\u00f3n financiera.<\/p>\n<p>Planificar\u00e1s cuando hay hijos con capacidades especiales, c\u00f3mo protegerlos financieramente si faltamos.<\/p>\n<p>Analizar\u00e1s la planificaci\u00f3n financiera para gastos de salud, cuidados y reemplazo de ingresos.<\/p>\n<p>Planificar\u00e1s la educaci\u00f3n de los hijos o nietos. El regalo de la herencia en educaci\u00f3n.<\/p>\n<p>Aprender\u00e1s a proteger el capital societario, las personas claves en la sociedad y su valor econ\u00f3mico. Herencia en empresas.<\/p>\n<p>Planificar\u00e1s proyectos a mediano plazo, para diferentes momentos de la vida, mudanzas, viajes, proyectos laborales y mejoras.<\/p>\n<p>Conocer\u00e1s los beneficios de los planes en Estados Unidos, caracter\u00edsticas, objetivos, servicios. Concepto de seguridad jur\u00eddica.<\/p>\n<p>Acceder\u00e1s al certificado avalado por Hotmart y Seminarios Online.<\/p>\n<p>\u00bfC\u00d3MO LO VAS A LOGRAR?<\/p>\n<p>A trav\u00e9s del siguiente contenido estructurado paso a paso:<\/p>\n<p>1. Introducci\u00f3n a la educaci\u00f3n financiera.<br \/>\n2. Problem\u00e1tica global de los fondos de pensi\u00f3n.<br \/>\n3. Definici\u00f3n planificaci\u00f3n financiera. L\u00ednea de la vida.<br \/>\n4. Definici\u00f3n del plan de pensi\u00f3n. Evoluci\u00f3n del dinero.<br \/>\n5. Planificaci\u00f3n sucesoria. Otros planes.<br \/>\n6. Protecci\u00f3n patrimonial familiar.<br \/>\n7. Protecci\u00f3n financiera en salud.<br \/>\n8. Planificaci\u00f3n y protecci\u00f3n societaria.<br \/>\n9. Planificando para la educaci\u00f3n.<br \/>\n10. Todos los planes en Estados Unidos.<br \/>\n11. Agradecimiento. Bonos y Regalos. Contacto.<\/p>\n<p>ACERCA DE LA PRODUCTORA<\/p>\n<p>Desarrollado por LILIANA MALAMUD, Argentina, planificadora financiera, capacitadora de equipos, coach y productora de seguros desde hace 25 a\u00f1os.<\/p>\n<p>Le apasiona poder colaborar con sus conocimientos a una mejor calidad de vida de las personas, ayudando a construir y proteger su patrimonio.<\/p>\n<p>Ha trabajado con diversas compa\u00f1\u00edas, con miles de clientes y asesores a lo largo de todos estos a\u00f1os, adquiriendo un interesante bagaje de conocimientos para poder brindar colaborando as\u00ed con la sociedad.<\/p>\n","protected":false},"excerpt":{"rendered":"<p>Si quieres disfrutar plenamente de tu vida cuando te jubiles, si quieres tiempo para viajar, para tus hobbies, para practicar tus deportes favoritos, desarrollar talentos y actividades que te apasionen, este Master Class es para ti.<\/p>\n<p>Con el MASTER CLASS PLANIFICACION FINANCIERA PARA EL RETIRO, desarrollar\u00e1s la planificaci\u00f3n financiera personal para tu plan de pensi\u00f3n internacional, comenzando con lo que tienes ahora, para optimizar rentabilidades.<\/p>\n","protected":false},"featured_media":3781,"template":"","meta":{"_joinchat":[]},"product_brand":[],"product_cat":[327,344],"product_tag":[],"class_list":{"0":"post-12378","1":"product","2":"type-product","3":"status-publish","4":"has-post-thumbnail","6":"product_cat-finanzas-e-inversion","7":"product_cat-todos","9":"first","10":"instock","11":"sale","12":"shipping-taxable","13":"product-type-external"},"_links":{"self":[{"href":"https:\/\/cursos.talentup.cl\/index.php?rest_route=\/wp\/v2\/product\/12378","targetHints":{"allow":["GET"]}}],"collection":[{"href":"https:\/\/cursos.talentup.cl\/index.php?rest_route=\/wp\/v2\/product"}],"about":[{"href":"https:\/\/cursos.talentup.cl\/index.php?rest_route=\/wp\/v2\/types\/product"}],"version-history":[{"count":2,"href":"https:\/\/cursos.talentup.cl\/index.php?rest_route=\/wp\/v2\/product\/12378\/revisions"}],"predecessor-version":[{"id":14447,"href":"https:\/\/cursos.talentup.cl\/index.php?rest_route=\/wp\/v2\/product\/12378\/revisions\/14447"}],"wp:featuredmedia":[{"embeddable":true,"href":"https:\/\/cursos.talentup.cl\/index.php?rest_route=\/wp\/v2\/media\/3781"}],"wp:attachment":[{"href":"https:\/\/cursos.talentup.cl\/index.php?rest_route=%2Fwp%2Fv2%2Fmedia&parent=12378"}],"wp:term":[{"taxonomy":"product_brand","embeddable":true,"href":"https:\/\/cursos.talentup.cl\/index.php?rest_route=%2Fwp%2Fv2%2Fproduct_brand&post=12378"},{"taxonomy":"product_cat","embeddable":true,"href":"https:\/\/cursos.talentup.cl\/index.php?rest_route=%2Fwp%2Fv2%2Fproduct_cat&post=12378"},{"taxonomy":"product_tag","embeddable":true,"href":"https:\/\/cursos.talentup.cl\/index.php?rest_route=%2Fwp%2Fv2%2Fproduct_tag&post=12378"}],"curies":[{"name":"wp","href":"https:\/\/api.w.org\/{rel}","templated":true}]}}