{"id":12382,"date":"2023-01-10T04:40:30","date_gmt":"2023-01-10T07:40:30","guid":{"rendered":"https:\/\/cursos.talentup.cl\/?post_type=product&#038;p=12382"},"modified":"2024-02-07T23:37:39","modified_gmt":"2024-02-08T02:37:39","slug":"de-deudas-a-inversiones-para-mujeres","status":"publish","type":"product","link":"https:\/\/cursos.talentup.cl\/?product=de-deudas-a-inversiones-para-mujeres","title":{"rendered":"DE DEUDAS A INVERSIONES PARA MUJERES"},"content":{"rendered":"<p>\u00bfTe gusta el emprendimiento y la innovaci\u00f3n, pero pareciera que mientras m\u00e1s trabajas el dinero menos te alcanza?<\/p>\n<p>Con el MASTER CLASS DE DEUDAS A INVERSIONES PARA MUJERES dormir\u00e1s tranquila y feliz libre de Deudas.<\/p>\n<p>Conocer\u00e1s el paso a paso que te llevar\u00e1 de tener deudas a ser una mujer inversionista, entendiendo como se juega el juego del dinero.<\/p>\n<p>\u00bfQU\u00c9 VAS A LOGRAR?<\/p>\n<p>Conocer\u00e1s y te identificar\u00e1s con las personalidades financieras.<\/p>\n<p>Entender\u00e1s como funciona nuestro cerebro y lo que nos rodea cuando aplicamos en SAR.<\/p>\n<p>Aprender\u00e1s a planificar seg\u00fan lo deseado.<\/p>\n<p>Aprender\u00e1s a identificar de donde partir para salir de deudas.<\/p>\n<p>Conocer\u00e1s el m\u00e9todo bolo de nieve para salir de deudas.<\/p>\n<p>Aprender\u00e1s a identificar en qu\u00e9 momento puedes pensar en pasar a inversiones.<\/p>\n<p>Conocer\u00e1s los tipos de inversiones seg\u00fan su riesgo.<\/p>\n<p>Aprender\u00e1s como llevar tus finanzas de forma funcional y sencilla.<\/p>\n<p>Conocer\u00e1s c\u00f3mo elegir determinada distribuci\u00f3n en los diferentes tipos de cartera de inversiones.<\/p>\n<p>Conocer\u00e1s una orientaci\u00f3n sobre estados financieros, manejo de las tarjetas de cr\u00e9dito y los Niveles Neurol\u00f3gicos del Pensamiento.<\/p>\n<p>Acceder\u00e1s al certificado avalado por Hotmart y Seminarios Online.<\/p>\n<p>\u00bfC\u00d3MO LO VAS A LOGRAR?<\/p>\n<p>A trav\u00e9s de los siguientes m\u00f3dulos y lecciones te llevar\u00e9 paso a paso por las soluciones una a una a todas las problem\u00e1ticas que una mujer enfrenta cuando sus deudas empiezan a crecer y no encuentra salida.<\/p>\n<p>VIDEO 1:\tPresentaci\u00f3n.<br \/>\nVIDEO 2:\tJustificaci\u00f3n.<br \/>\nVIDEO 3:\tRecomendaciones.<br \/>\nVIDEO 4:\tC\u00f3mo lo vas a lograr.<br \/>\nVIDEO 5:\tPersonalidad Financiera.<br \/>\nVIDEO 6:\tLa Anal\u00edtica.<br \/>\nVIDEO 7: \tLa Impulsiva.<br \/>\nVIDEO 8: \tLa Temerosa.<br \/>\nVIDEO 9:\tLa Derrochadora.<br \/>\nVIDEO 10:\tEnfoque (SAR).<br \/>\nVIDEO 11:\tQue quieres lograr y en cuanto tiempo.<br \/>\nVIDEO 12:\tSaber con qu\u00e9 cuentas.<br \/>\nVIDEO 13:\tFlujo de efectivo I.<br \/>\nVIDEO 14:\tFlujo de efectivo II.<br \/>\nVIDEO 15:\tFlujo de efectivo III.<br \/>\nVIDEO 16:\tPlan de acci\u00f3n.<br \/>\nVIDEO 17:\tPago de deudas.<br \/>\nVIDEO 18:\tC\u00f3mo hacer que el dinero te sobre.<br \/>\nVIDEO 19:\tEntender el juego del dinero.<br \/>\nVIDEO 20:\tCuando pasar a Inversiones.<br \/>\nVIDEO 21:\tTipos de Inversiones.<br \/>\nVIDEO 22:\tCon que inversiones comenzar.<br \/>\nVIDEO 23:\tBroker a utilizar.<br \/>\nVIDEO 24:\tTradingview plataforma de an\u00e1lisis.<br \/>\nVIDEO 25:\tAn\u00e1lisis 1.<br \/>\nVIDEO 26:\tAn\u00e1lisis 2.<br \/>\nVIDEO 27:\tDistribuci\u00f3n de la cartera de inversiones.<br \/>\nVIDEO 28:\tEl poder del Inter\u00e9s Compuesto.<br \/>\nVIDEO 29:\tInter\u00e9s Compuesto II.<br \/>\nVIDEO 30:  Bonos.<br \/>\nVIDEO 31:  Estado de Resultados.<br \/>\nVIDEO 32:  Presupuesto.<br \/>\nVIDEO 33:  Uso de las Tarjetas de Cr\u00e9dito.<br \/>\nVIDEO 34:  Niveles Neurol\u00f3gicos del Pensamiento.<br \/>\nVIDEO 35:  Conclusiones.<\/p>\n<p>ACERCA DE LA PRODUCTORA<\/p>\n<p>Desarrollado por BETTY SALAS, emprendedora, madre y esposa, profesional en el \u00e1rea Contable y Financiera desde hace m\u00e1s de 15 a\u00f1os, M\u00e1ster en Finanzas; M\u00e1ster Trainer en PNL, Coach Financiero.<\/p>\n<p>Ha trabajado con cientos de personas ayud\u00e1ndoles a organizar sus finanzas y a salir de deudas. <\/p>\n<p>Se ha entrenado con los mejores de la industria, para brindar a sus clientes herramientas que los lleve a un siguiente nivel.<\/p>\n<p>Tiene un lema \u201cAMO APRENDER, PERO M\u00c1S AMO ENSE\u00d1AR, YA QUE EL ENSE\u00d1AR ME PERMITE APRENDER DOBLE\u201d y es porque realmente para ella, nuestras limitaciones y falta de cumplimiento de metas est\u00e1 en la escasez del conocimiento. <\/p>\n","protected":false},"excerpt":{"rendered":"<p>\u00bfTe gusta el emprendimiento y la innovaci\u00f3n, pero pareciera que mientras m\u00e1s trabajas el dinero menos te alcanza?<\/p>\n<p>Con el MASTER CLASS DE DEUDAS A INVERSIONES PARA MUJERES dormir\u00e1s tranquila y feliz libre de Deudas.<\/p>\n<p>Conocer\u00e1s el paso a paso que te llevar\u00e1 de tener deudas a ser una mujer inversionista, entendiendo como se juega el juego del dinero.<\/p>\n","protected":false},"featured_media":3785,"template":"","meta":{"_joinchat":[]},"product_brand":[],"product_cat":[327,344],"product_tag":[],"class_list":{"0":"post-12382","1":"product","2":"type-product","3":"status-publish","4":"has-post-thumbnail","6":"product_cat-finanzas-e-inversion","7":"product_cat-todos","9":"first","10":"instock","11":"sale","12":"shipping-taxable","13":"product-type-external"},"_links":{"self":[{"href":"https:\/\/cursos.talentup.cl\/index.php?rest_route=\/wp\/v2\/product\/12382","targetHints":{"allow":["GET"]}}],"collection":[{"href":"https:\/\/cursos.talentup.cl\/index.php?rest_route=\/wp\/v2\/product"}],"about":[{"href":"https:\/\/cursos.talentup.cl\/index.php?rest_route=\/wp\/v2\/types\/product"}],"version-history":[{"count":2,"href":"https:\/\/cursos.talentup.cl\/index.php?rest_route=\/wp\/v2\/product\/12382\/revisions"}],"predecessor-version":[{"id":14451,"href":"https:\/\/cursos.talentup.cl\/index.php?rest_route=\/wp\/v2\/product\/12382\/revisions\/14451"}],"wp:featuredmedia":[{"embeddable":true,"href":"https:\/\/cursos.talentup.cl\/index.php?rest_route=\/wp\/v2\/media\/3785"}],"wp:attachment":[{"href":"https:\/\/cursos.talentup.cl\/index.php?rest_route=%2Fwp%2Fv2%2Fmedia&parent=12382"}],"wp:term":[{"taxonomy":"product_brand","embeddable":true,"href":"https:\/\/cursos.talentup.cl\/index.php?rest_route=%2Fwp%2Fv2%2Fproduct_brand&post=12382"},{"taxonomy":"product_cat","embeddable":true,"href":"https:\/\/cursos.talentup.cl\/index.php?rest_route=%2Fwp%2Fv2%2Fproduct_cat&post=12382"},{"taxonomy":"product_tag","embeddable":true,"href":"https:\/\/cursos.talentup.cl\/index.php?rest_route=%2Fwp%2Fv2%2Fproduct_tag&post=12382"}],"curies":[{"name":"wp","href":"https:\/\/api.w.org\/{rel}","templated":true}]}}