{"id":12389,"date":"2023-01-10T04:40:30","date_gmt":"2023-01-10T07:40:30","guid":{"rendered":"https:\/\/cursos.talentup.cl\/?post_type=product&#038;p=12389"},"modified":"2024-02-07T23:37:41","modified_gmt":"2024-02-08T02:37:41","slug":"analisis-financiero-para-emprendedores-y-empresas","status":"publish","type":"product","link":"https:\/\/cursos.talentup.cl\/?product=analisis-financiero-para-emprendedores-y-empresas","title":{"rendered":"AN\u00c1LISIS FINANCIERO PARA EMPRENDEDORES Y EMPRESAS"},"content":{"rendered":"<p>Los estados financieros son informes peri\u00f3dicos que debe realizar todo negocio, pero la mayor\u00eda de los emprendedores no los tiene sobre su escritorio para diagnosticar su empresa y tomar las decisiones correctas.<\/p>\n<p>Con el MasterClass ANALISIS FINANCIERO PARA EMPRENDEDORES Y EMPRESAS, aprende los principios contables para presentar estados financieros con la claridad que tu negocio necesita.<\/p>\n<p>Interpreta los diferentes indicadores financieros.<\/p>\n<p>Entiende c\u00f3mo realizar los ajustes para garantizar el futuro y rentabilidad de la empresa sin correr riesgos innecesarios.<\/p>\n<p>\u00bfQU\u00c9 VAS A LOGRAR?<\/p>\n<p>Conocer\u00e1s un poco los conceptos y principios contables para que comprendas el origen de la informaci\u00f3n.<\/p>\n<p>Conocer\u00e1s las principales cuentas y su estructura para entender c\u00f3mo se construyen los estados financieros.<\/p>\n<p>Entender\u00e1s el objetivo de las finanzas y la importancia de los estados financieros como el informe peri\u00f3dico de la gesti\u00f3n de la empresa.<\/p>\n<p>Conocer\u00e1s los principales estados financieros y la diferencia de cada uno.<\/p>\n<p>Aprender\u00e1s a interpretar y analizar los estados financieros.<\/p>\n<p>Conocer\u00e1s el uso del an\u00e1lisis vertical y horizontal en cada uno de ellos.<\/p>\n<p>Conocer\u00e1s los distintos indicadores financieros y su interpretaci\u00f3n.<\/p>\n<p>Entender\u00e1s los indicadores de liquidez y de rentabilidad para diagnosticar el estado de tu empresa.<\/p>\n<p>Aprender\u00e1s d\u00f3nde debes realizar los ajustes, donde aplicar los correctivos a nivel interno y estrat\u00e9gicos para el futuro de su empresa.<\/p>\n<p>\u00bfC\u00d3MO LO VAS A LOGRAR?<\/p>\n<p>A trav\u00e9s del siguiente contenido:<\/p>\n<p>Video 1. Introducci\u00f3n.<br \/>\nVideo 2. Conceptos y principios contables.<br \/>\nVideo 3. Cuentas PUC.<br \/>\nVideo 4. Finanzas y estados financieros.<br \/>\nVideo 5. Balance general.<br \/>\nVideo 6. Estado de resultados.<br \/>\nVideo 7. Flujo de caja.<br \/>\nVideo 8. Notas a los estados financieros.<br \/>\nVideo 9. An\u00e1lisis horizontal.<br \/>\nVideo 10. An\u00e1lisis vertical.<br \/>\nVideo 11. Indicadores financieros parte 1.<br \/>\nVideo 12. Indicadores financieros parte 2.<br \/>\nVideo 13. Conclusiones.<\/p>\n<p>ACERCA DEL PRODUCTOR<\/p>\n<p>Desarrollado por JOS\u00c9 LUIS IZQUIERDO JARAMILLO, Administrador de Empresas Cum Laude de la Universidad Icesi 2002.<\/p>\n<p>Auditor Interno en Contabilidad y Procesos.<\/p>\n<p>15 a\u00f1os de experiencia trabajando con micro, peque\u00f1as y medianas empresas (MiPyme), entre ellas, como Director Ejecutivo de Ascomy \u2013 Asociaci\u00f3n de Comerciantes del Municipio de Yumbo, y 6 a\u00f1os en el \u00e1rea comercial de grandes empresas en el sector servicios en Colpatria, luego BBVA Horizonte y consumo masivo en Fleischmann Foods en la Costa Norte. <\/p>\n<p>Actualmente, es consultor Pyme principalmente con la marca Stanzia Home y Marketer Digital.<\/p>\n","protected":false},"excerpt":{"rendered":"<p>Los estados financieros son informes peri\u00f3dicos que debe realizar todo negocio, pero la mayor\u00eda de los emprendedores no los tiene sobre su escritorio para diagnosticar su empresa y tomar las decisiones correctas.<\/p>\n<p>Con el MasterClass ANALISIS FINANCIERO PARA EMPRENDEDORES Y EMPRESAS, aprende los principios contables para presentar estados financieros con la claridad que tu negocio necesita.<\/p>\n<p>Interpreta los diferentes indicadores financieros.<\/p>\n<p>Entiende c\u00f3mo realizar los ajustes para garantizar el futuro y rentabilidad de la empresa sin correr riesgos innecesarios.<\/p>\n","protected":false},"featured_media":3792,"template":"","meta":{"_joinchat":[]},"product_brand":[],"product_cat":[327,344],"product_tag":[],"class_list":{"0":"post-12389","1":"product","2":"type-product","3":"status-publish","4":"has-post-thumbnail","6":"product_cat-finanzas-e-inversion","7":"product_cat-todos","9":"first","10":"instock","11":"sale","12":"shipping-taxable","13":"product-type-external"},"_links":{"self":[{"href":"https:\/\/cursos.talentup.cl\/index.php?rest_route=\/wp\/v2\/product\/12389","targetHints":{"allow":["GET"]}}],"collection":[{"href":"https:\/\/cursos.talentup.cl\/index.php?rest_route=\/wp\/v2\/product"}],"about":[{"href":"https:\/\/cursos.talentup.cl\/index.php?rest_route=\/wp\/v2\/types\/product"}],"version-history":[{"count":2,"href":"https:\/\/cursos.talentup.cl\/index.php?rest_route=\/wp\/v2\/product\/12389\/revisions"}],"predecessor-version":[{"id":14458,"href":"https:\/\/cursos.talentup.cl\/index.php?rest_route=\/wp\/v2\/product\/12389\/revisions\/14458"}],"wp:featuredmedia":[{"embeddable":true,"href":"https:\/\/cursos.talentup.cl\/index.php?rest_route=\/wp\/v2\/media\/3792"}],"wp:attachment":[{"href":"https:\/\/cursos.talentup.cl\/index.php?rest_route=%2Fwp%2Fv2%2Fmedia&parent=12389"}],"wp:term":[{"taxonomy":"product_brand","embeddable":true,"href":"https:\/\/cursos.talentup.cl\/index.php?rest_route=%2Fwp%2Fv2%2Fproduct_brand&post=12389"},{"taxonomy":"product_cat","embeddable":true,"href":"https:\/\/cursos.talentup.cl\/index.php?rest_route=%2Fwp%2Fv2%2Fproduct_cat&post=12389"},{"taxonomy":"product_tag","embeddable":true,"href":"https:\/\/cursos.talentup.cl\/index.php?rest_route=%2Fwp%2Fv2%2Fproduct_tag&post=12389"}],"curies":[{"name":"wp","href":"https:\/\/api.w.org\/{rel}","templated":true}]}}