{"id":12390,"date":"2023-01-10T04:40:30","date_gmt":"2023-01-10T07:40:30","guid":{"rendered":"https:\/\/cursos.talentup.cl\/?post_type=product&#038;p=12390"},"modified":"2024-02-07T23:37:41","modified_gmt":"2024-02-08T02:37:41","slug":"crypto-inversor-exitoso","status":"publish","type":"product","link":"https:\/\/cursos.talentup.cl\/?product=crypto-inversor-exitoso","title":{"rendered":"CRYPTO INVERSOR EXITOSO"},"content":{"rendered":"<p>\u00bfTe gustar\u00eda iniciar en el mundo de las criptomonedas? \u00bfhas incursionado en \u00e9l, pero no has tenido resultados?<\/p>\n<p>Con el MasterClass CRIPTO INVERSOR EXITOSO aprende desde cero c\u00f3mo invertir en el mercado de las criptomonedas y generar alta rentabilidad.<\/p>\n<p>Desarrolla las habilidades de inversi\u00f3n en criptomonedas y cambia tu situaci\u00f3n financiera por completo.<\/p>\n<p>Aprende todas las t\u00e9cnicas y conceptos que se requieren para convertirte en un Cripto Inversor.                                                                        <\/p>\n<p>Haz parte de la econom\u00eda del futuro.  <\/p>\n<p>\u00bfQU\u00c9 VAS A LOGRAR?<\/p>\n<p>Aprender\u00e1s desde cero c\u00f3mo funciona el mercado de las criptomonedas. <\/p>\n<p>Aprender\u00e1s a crear y administrar tus recursos a trav\u00e9s de una billetera digital, todo explicado paso a paso.  <\/p>\n<p>Aprender\u00e1s a crear y administrar e intercambiar cripto-activos a trav\u00e9s de un Exchange, todo explicado paso a paso. <\/p>\n<p>Aprender\u00e1s a desarrollar la psicolog\u00eda ganadora de un inversor de \u00e9xito. <\/p>\n<p>Comprar\u00e1s y vender\u00e1s criptomonedas a trav\u00e9s de mercados online. <\/p>\n<p>Acceder\u00e1s al certificado avalado por Hotmart y Seminarios Online.<\/p>\n<p>\u00bfC\u00d3MO LO VAS A LOGRAR?<\/p>\n<p>A trav\u00e9s del siguiente contenido estructurado paso a paso:<\/p>\n<p>VIDEO 1: Introducci\u00f3n &#8211; bienvenida y presentaci\u00f3n.<br \/>\nVIDEO 2: Qu\u00e9 vas a aprender en este curso y recomendaciones.<br \/>\nVIDEO 3: Glosario \u00abCripto-abecedario\u00bb.<br \/>\nVIDEO 4: Principios y bases de las criptomonedas.<br \/>\nVIDEO 5: \u00bfQu\u00e9 es una criptomoneda?<br \/>\nVIDEO 6: \u00bfQu\u00e9 es un altcoin?<br \/>\nVIDEO 7: \u00bfQu\u00e9 es un token?<br \/>\nVIDEO 8: \u00bfQu\u00e9 es un Stablecoin?<br \/>\nVIDEO 9: C\u00f3mo evaluar un proyecto.<br \/>\nVIDEO 10: \u00bfQu\u00e9 necesitas para empezar a invertir en criptomonedas?<br \/>\nVIDEO 11: Dispositivos y requerimientos t\u00e9cnicos.<br \/>\nVIDEO 12: \u00bfQu\u00e9 es una Wallet?<br \/>\nVIDEO 13: Tipos de wallet.<br \/>\n VIDEO 14: Seguridad y verificaci\u00f3n de una wallet.<br \/>\nVIDEO 15: Formas de adquirir criptomonedas.<br \/>\nVIDEO 16: C\u00f3mo crear tu wallet.<br \/>\nVIDEO 17: Diferencias entre una wallet y un Exchange.<br \/>\nVIDEO 18: Exchange Binance.<br \/>\nVIDEO 19: Registro en Exchange binance.<br \/>\nVIDEO 20: Verificaci\u00f3n de la cuenta binance.<br \/>\nVIDEO 21: Como asegurar tu cuenta binance.<br \/>\nVIDEO 22: Sistema de referidos.<br \/>\nVIDEO 23: Como agregar saldo con tu cuenta de banco para comprar USDT (Tether).<br \/>\nVIDEO 24: C\u00f3mo Intercambiar USDT por criptomonedas y tokens.<br \/>\nVIDEO 25: C\u00f3mo enviar dinero a otra Wallet.<br \/>\nVIDEO 26: Plataforma Exchange CoinSuper Como registrarse.<br \/>\nVIDEO 27: Verificaci\u00f3n de la cuenta de Exchange Coinsuper.<br \/>\nVIDEO 28: Como asegurar tu cuenta Exchange Coinsuper.<br \/>\nVIDEO 29: Sistema de referidos de Exchange Coinsuper.<br \/>\nVIDEO 30: C\u00f3mo agregar saldo a tu cuenta de banco para comprar USDT.<br \/>\nVIDEO 31: C\u00f3mo intercambiar USDT por criptomonedas y Tokens.<br \/>\nVIDEO 32: C\u00f3mo enviar dinero a otra wallet.<\/p>\n<p>VIDEO 33: \t<\/p>\n<p>Bono 1: <\/p>\n<p>Masterclass \u201cLa Psicolog\u00eda de un operador de criptomonedas\u201d<\/p>\n<p>Bono 2: <\/p>\n<p>1. Comprar y vender en localbitcoin desde cualquier parte del mundo.<br \/>\n2. C\u00f3mo registrarte en localbitcoin.<br \/>\n3. C\u00f3mo verificar la cuenta de localbitcoin.<br \/>\n4. C\u00f3mo asegurar la cuenta de localbitcoin.<br \/>\n5. Parametros para encontrar el usuario ideal para una transacci\u00f3n.<br \/>\n6. C\u00f3mo comprar y vender criptomonedas con localbitcoin.<\/p>\n<p>ACERCA DEL PRODUCTOR<\/p>\n<p>Desarrollado por DANIEL GOMEZ, experto en inversiones con Criptomonedas, con m\u00e1s m\u00e1s de dos a\u00f1os de experiencia en los que a trav\u00e9s de la prueba y error ha logrado encontrar la manera precisa de invertir y diversificar el capital, lo cual le ha permitido generar ganancias a partir de la valorizaci\u00f3n de los cripto-activos. <\/p>\n<p>Toda esta experiencia y tips las pone a tu disposici\u00f3n para que t\u00fa tambi\u00e9n puedas iniciar el camino en este ecosistema digital y as\u00ed evitar los posibles errores que se pueden cometer cuando estamos iniciando.<\/p>\n","protected":false},"excerpt":{"rendered":"<p>\u00bfTe gustar\u00eda iniciar en el mundo de las criptomonedas? \u00bfhas incursionado en \u00e9l, pero no has tenido resultados?<\/p>\n<p>Con el MasterClass CRIPTO INVERSOR EXITOSO aprende desde cero c\u00f3mo invertir en el mercado de las criptomonedas y generar alta rentabilidad.<\/p>\n<p>Desarrolla las habilidades de inversi\u00f3n en criptomonedas y cambia tu situaci\u00f3n financiera por completo.<\/p>\n<p>Aprende todas las t\u00e9cnicas y conceptos que se requieren para convertirte en un Cripto Inversor.                                                                        <\/p>\n<p>Haz parte de la econom\u00eda del futuro.  <\/p>\n","protected":false},"featured_media":3793,"template":"","meta":{"_joinchat":[]},"product_brand":[],"product_cat":[327,344],"product_tag":[],"class_list":{"0":"post-12390","1":"product","2":"type-product","3":"status-publish","4":"has-post-thumbnail","6":"product_cat-finanzas-e-inversion","7":"product_cat-todos","9":"first","10":"instock","11":"sale","12":"shipping-taxable","13":"product-type-external"},"_links":{"self":[{"href":"https:\/\/cursos.talentup.cl\/index.php?rest_route=\/wp\/v2\/product\/12390","targetHints":{"allow":["GET"]}}],"collection":[{"href":"https:\/\/cursos.talentup.cl\/index.php?rest_route=\/wp\/v2\/product"}],"about":[{"href":"https:\/\/cursos.talentup.cl\/index.php?rest_route=\/wp\/v2\/types\/product"}],"version-history":[{"count":2,"href":"https:\/\/cursos.talentup.cl\/index.php?rest_route=\/wp\/v2\/product\/12390\/revisions"}],"predecessor-version":[{"id":14459,"href":"https:\/\/cursos.talentup.cl\/index.php?rest_route=\/wp\/v2\/product\/12390\/revisions\/14459"}],"wp:featuredmedia":[{"embeddable":true,"href":"https:\/\/cursos.talentup.cl\/index.php?rest_route=\/wp\/v2\/media\/3793"}],"wp:attachment":[{"href":"https:\/\/cursos.talentup.cl\/index.php?rest_route=%2Fwp%2Fv2%2Fmedia&parent=12390"}],"wp:term":[{"taxonomy":"product_brand","embeddable":true,"href":"https:\/\/cursos.talentup.cl\/index.php?rest_route=%2Fwp%2Fv2%2Fproduct_brand&post=12390"},{"taxonomy":"product_cat","embeddable":true,"href":"https:\/\/cursos.talentup.cl\/index.php?rest_route=%2Fwp%2Fv2%2Fproduct_cat&post=12390"},{"taxonomy":"product_tag","embeddable":true,"href":"https:\/\/cursos.talentup.cl\/index.php?rest_route=%2Fwp%2Fv2%2Fproduct_tag&post=12390"}],"curies":[{"name":"wp","href":"https:\/\/api.w.org\/{rel}","templated":true}]}}