{"id":12403,"date":"2023-01-10T04:40:31","date_gmt":"2023-01-10T07:40:31","guid":{"rendered":"https:\/\/cursos.talentup.cl\/?post_type=product&#038;p=12403"},"modified":"2024-02-07T23:37:42","modified_gmt":"2024-02-08T02:37:42","slug":"invierte-en-bitcoin","status":"publish","type":"product","link":"https:\/\/cursos.talentup.cl\/?product=invierte-en-bitcoin","title":{"rendered":"INVIERTE EN BITCOIN"},"content":{"rendered":"<p>Muchos hemos o\u00eddo hablar de las criptomonedas conocidas como &#8216;Bitcoin&#8217;, o \u201cmoneda digital\u201d. Aunque es dif\u00edcil compararla con la moneda corriente porque su uso solo se hace por internet, esta moneda cobra m\u00e1s vigencia en la medida en que es m\u00e1s aceptada como m\u00e9todo de pago en bares, restaurantes, almacenes de cadena etc\u2026<\/p>\n<p>Adem\u00e1s, es un m\u00e9todo de inversi\u00f3n muy interesante porque tiene alzas muy significativas con las que se aumenta el valor y los beneficios para quien la usa adecuadamente.<\/p>\n<p>En este MasterClass comprender\u00e1s todo lo que necesitas saber sobre el Bitcoin para que tengas \u00e9xito en tu inversi\u00f3n sin tener ning\u00fan tipo de conocimiento previo.<\/p>\n<p>\u00bfQUE VAS A LOGRAR?<\/p>\n<p>Aprender como naci\u00f3 el Bitcoin y cu\u00e1l ha sido su evoluci\u00f3n en el tiempo para convertirse en la mayor invenci\u00f3n digital despu\u00e9s del Internet.<\/p>\n<p>Comprender c\u00f3mo funciona el Bitcoin y el Blockchain, as\u00ed como su modelo de seguridad.<\/p>\n<p>Aplicar estos conocimientos para adquirir Bitcoins de una forma sencilla y segura.<\/p>\n<p>Saber c\u00f3mo hacer uso de Bitcoins, para comprar productos en internet o en establecimientos f\u00edsicos, pagar por servicios, transferir o vender.<\/p>\n<p>Si buscas una forma f\u00e1cil y r\u00e1pida para aprender sobre bitcoin, este curso es para ti.<\/p>\n<p>\u00bfCOMO LO VAS A LOGRAR?<\/p>\n<p>El curso est\u00e1 conformado por 4 cap\u00edtulos presentados de forma muy amena y con ejemplos calor. Por m\u00e1s de 3 horas en video vas adquirir todos los conocimientos que requieres para aprender sobre Bitcoin en estos 4 cap\u00edtulos y lecciones:<\/p>\n<p>\u00bfQu\u00e9 es el Bitcoin y su Historia?<\/p>\n<p>\u00bfC\u00f3mo funciona el Bitcoin?<\/p>\n<p>Comprar, Usar y Vender Bitcoins.<\/p>\n<p>Preguntas Frecuentes.<\/p>\n<p>Los cuatro cap\u00edtulos son presentados en un total de 9 videos o partes as\u00ed:<\/p>\n<p>Parte No.1 &#8211; Introducci\u00f3n al Curso sobre Bitcoin.<\/p>\n<p>Parte No.2 &#8211; \u00bfQu\u00e9 es el Bitcoin y cu\u00e1l es su historia?<\/p>\n<p>Parte No.3 &#8211; \u00bfC\u00f3mo funciona el Bitcoin y Qu\u00e9 es el Blockchain?<\/p>\n<p>Parte No.4 &#8211; Demostraci\u00f3n de Criptograf\u00eda.<\/p>\n<p>Parte No.5 &#8211; Abriendo tu Monedero Virtual.<\/p>\n<p>Parte No.6 &#8211; Adquiriendo Bitcoins.<\/p>\n<p>Parte No.7 &#8211; Usar y Vender Bitcoins.<\/p>\n<p>Parte No.8 &#8211; Enviar y Recibir Bitcoins(Ejercicio Pr\u00e1ctico)<\/p>\n<p>Parte No.9 &#8211; Preguntas Frecuentes.<\/p>\n<p>ACERCA DEL PRODUCTOR<\/p>\n<p>Desarrollado por MARLON MART\u00cdNEZ, Ingeniero de Sistemas, con una Maestr\u00eda en Direcci\u00f3n de Negocios y Certificado en Gesti\u00f3n de Proyectos. Nacido en Cali, Colombia, amante de la tecnolog\u00eda y los emprendimientos digitales. Usuario de Bitcoin desde hace m\u00e1s de 5 a\u00f1os. En este MasterClass comparte toda su experiencia sobre esta gran innovaci\u00f3n tecnol\u00f3gica que representa el Bitcoin, procurando que sea un curso sumamente did\u00e1ctico, al grano, explicando todo lo necesario a la hora de adentrarse en este fascinante mundo del BITCOIN.<\/p>\n","protected":false},"excerpt":{"rendered":"<p>Muchos hemos o\u00eddo hablar de las criptomonedas conocidas como &#8216;Bitcoin&#8217;, o \u201cmoneda digital\u201d. Aunque es dif\u00edcil compararla con la moneda corriente porque su uso solo se hace por internet, esta moneda cobra m\u00e1s vigencia en la medida en que es m\u00e1s aceptada como m\u00e9todo de pago en bares, restaurantes, almacenes de cadena etc\u2026<\/p>\n<p>Adem\u00e1s, es un m\u00e9todo de inversi\u00f3n muy interesante porque tiene alzas muy significativas con las que se aumenta el valor y los beneficios para quien la usa adecuadamente.<\/p>\n<p>En este MasterClass comprender\u00e1s todo lo que necesitas saber sobre el Bitcoin para que tengas \u00e9xito en tu inversi\u00f3n sin tener ning\u00fan tipo de conocimiento previo.<\/p>\n","protected":false},"featured_media":3806,"template":"","meta":{"_joinchat":[]},"product_brand":[],"product_cat":[327,344],"product_tag":[],"class_list":{"0":"post-12403","1":"product","2":"type-product","3":"status-publish","4":"has-post-thumbnail","6":"product_cat-finanzas-e-inversion","7":"product_cat-todos","9":"first","10":"instock","11":"sale","12":"shipping-taxable","13":"product-type-external"},"_links":{"self":[{"href":"https:\/\/cursos.talentup.cl\/index.php?rest_route=\/wp\/v2\/product\/12403","targetHints":{"allow":["GET"]}}],"collection":[{"href":"https:\/\/cursos.talentup.cl\/index.php?rest_route=\/wp\/v2\/product"}],"about":[{"href":"https:\/\/cursos.talentup.cl\/index.php?rest_route=\/wp\/v2\/types\/product"}],"version-history":[{"count":2,"href":"https:\/\/cursos.talentup.cl\/index.php?rest_route=\/wp\/v2\/product\/12403\/revisions"}],"predecessor-version":[{"id":14472,"href":"https:\/\/cursos.talentup.cl\/index.php?rest_route=\/wp\/v2\/product\/12403\/revisions\/14472"}],"wp:featuredmedia":[{"embeddable":true,"href":"https:\/\/cursos.talentup.cl\/index.php?rest_route=\/wp\/v2\/media\/3806"}],"wp:attachment":[{"href":"https:\/\/cursos.talentup.cl\/index.php?rest_route=%2Fwp%2Fv2%2Fmedia&parent=12403"}],"wp:term":[{"taxonomy":"product_brand","embeddable":true,"href":"https:\/\/cursos.talentup.cl\/index.php?rest_route=%2Fwp%2Fv2%2Fproduct_brand&post=12403"},{"taxonomy":"product_cat","embeddable":true,"href":"https:\/\/cursos.talentup.cl\/index.php?rest_route=%2Fwp%2Fv2%2Fproduct_cat&post=12403"},{"taxonomy":"product_tag","embeddable":true,"href":"https:\/\/cursos.talentup.cl\/index.php?rest_route=%2Fwp%2Fv2%2Fproduct_tag&post=12403"}],"curies":[{"name":"wp","href":"https:\/\/api.w.org\/{rel}","templated":true}]}}