{"id":12436,"date":"2023-01-10T04:40:35","date_gmt":"2023-01-10T07:40:35","guid":{"rendered":"https:\/\/cursos.talentup.cl\/?post_type=product&#038;p=12436"},"modified":"2024-02-07T23:37:42","modified_gmt":"2024-02-08T02:37:42","slug":"preparacion-en-examen-first-step-para-ninos","status":"publish","type":"product","link":"https:\/\/cursos.talentup.cl\/?product=preparacion-en-examen-first-step-para-ninos","title":{"rendered":"PREPARACI\u00d3N EN EXAMEN FIRST STEP PARA NI\u00d1OS"},"content":{"rendered":"<p>\u00bfTe gustar\u00eda que tu hijo obtenga su primera certificaci\u00f3n internacional en ingl\u00e9s?<\/p>\n<p>Con el MasterClass PREPARACI\u00d3N EN EXAMEN FIRST STEP PARA NI\u00d1OS, tu hijo rendir\u00e1 y aprobar\u00e1 el examen que le otorgar\u00e1 una Certificaci\u00f3n Oficial Internacional v\u00e1lida en m\u00e1s de 50 pa\u00edses y de por vida.<\/p>\n<p>\u00bfQU\u00c9 VAS A LOGRAR?<\/p>\n<p>Aprender\u00e1n la escritura y la pronunciaci\u00f3n de una gran cantidad de palabras en ingl\u00e9s relacionadas a distintos temas de la vida cotidiana.<\/p>\n<p>Conocer\u00e1n las maneras b\u00e1sicas de saludar, como as\u00ed tambi\u00e9n preguntar y responder por el nombre de alguien, c\u00f3mo se siente, su lugar de origen o su edad en ingl\u00e9s.<\/p>\n<p>Tendr\u00e1n variadas y entretenidas actividades para practicar los contenidos te\u00f3ricos.<\/p>\n<p>Tendr\u00e1n acceso a un examen real de Anglia en el nivel de First Step y se ejercitar\u00e1n en su resoluci\u00f3n.<\/p>\n<p>Disfrutar\u00e1n de las clases de ingl\u00e9s ya que la teacher se enfoca en explicar todo de una forma entretenida y f\u00e1cil de entender.<\/p>\n<p>En definitiva, este curso le dar\u00e1 todos los conocimientos que necesita su hijo\/a para aprobar su examen de First Step con una Instituci\u00f3n de Inglaterra muy reconocida en el mundo.<\/p>\n<p>Acceder\u00e1s al certificado avalado por Hotmart y Seminarios Online.<\/p>\n<p>\u00bfC\u00d3MO LO VAS A LOGRAR?<\/p>\n<p>A trav\u00e9s del siguiente contenido, estructurado paso a paso:<\/p>\n<p>M\u00d3DULO 1 &#8211; INTRODUCCI\u00d3N<\/p>\n<p>Presentaci\u00f3n teacher.<br \/>\nQuien emite las certificaciones internacionales.<br \/>\nAcceso al grupo privado de telegram.<br \/>\nQue vas a lograr con este curso.<\/p>\n<p>M\u00d3DULO 2 &#8211; IN THE HOME<\/p>\n<p>In the home.<br \/>\nIn the home \u2013 exercises.<\/p>\n<p>M\u00d3DULO 3 &#8211; DAYS OF THE WEEK<\/p>\n<p>Days of the week.<br \/>\nDays of the week \u2013 exercises.<\/p>\n<p>M\u00d3DULO 4 &#8211; CARDINAL NUMBERS<\/p>\n<p>Cardinal numbers.<br \/>\nCardinal numbers \u2013 exercises.<\/p>\n<p>M\u00d3DULO 5 &#8211; COLOURS<\/p>\n<p>Colours.<br \/>\nColours \u2013 exercises.<\/p>\n<p>M\u00d3DULO 6 &#8211; NATURE &#8211; ANIMALS<\/p>\n<p>Nature \u2013 animals.<br \/>\nAnimals and nature \u2013 exercises.<\/p>\n<p>M\u00d3DULO 7 &#8211; I LOVE<\/p>\n<p>I love.<\/p>\n<p>M\u00d3DULO 8 &#8211; PEOPLE<\/p>\n<p>People.<br \/>\nPeople and family \u2013 exercises.<\/p>\n<p>M\u00d3DULO 9 &#8211; FACE<\/p>\n<p>Face.<br \/>\nFace \u2013 exercises.<br \/>\nFace draw a monster \u2013 exercises.<\/p>\n<p>M\u00d3DULO 10 &#8211; FOOD<\/p>\n<p>Food<br \/>\nFood \u2013 exercises.<\/p>\n<p>M\u00d3DULO 11 &#8211; SCHOOL &#8211; JOBS<\/p>\n<p>School \u2013 Jobs.<br \/>\nSchool &#8211; jobs \u2013 exercises.<\/p>\n<p>M\u00d3DULO 12 &#8211; TRANSPORTS &#8211; SPORTS<\/p>\n<p>Transport \u2013 sport.<br \/>\nTransports and sports \u2013 exercises.<\/p>\n<p>M\u00d3DULO 13 &#8211; RESPONSES<\/p>\n<p>Responses<br \/>\nResponses \u2013 exercises.<\/p>\n<p>M\u00d3DULO 14 &#8211; NOMINAL GROUPS<\/p>\n<p>Nominal groups.<br \/>\nNominal groups \u2013 exercises.<\/p>\n<p>M\u00d3DULO 15 &#8211; THERE IS &#8211; THERE ARE<\/p>\n<p>There is &#8211; there are.<br \/>\nThere is \/ there are \u2013 exercises.<\/p>\n<p>M\u00d3DULO 16 &#8211; GREETINGS &#8211; INFORMATION<\/p>\n<p>Greetings.<br \/>\nGreetings \/ information \u2013 exercises.<\/p>\n<p>M\u00d3DULO 17 &#8211; INSTRUCTIONS<\/p>\n<p>Instructions.<br \/>\nInstructions \u2013 exercises.<\/p>\n<p>M\u00d3DULO 18 &#8211; THE ALPHABET<\/p>\n<p>The alphabet.<br \/>\nThe alphabet \u2013 exercises.<\/p>\n<p>M\u00d3DULO 19 &#8211; PRACTICE 1<\/p>\n<p>Practice 1.<\/p>\n<p>M\u00d3DULO 20 &#8211; PRACTICE 2<\/p>\n<p>Practice 2.<\/p>\n<p>M\u00d3DULO 21 &#8211; LISTENING<\/p>\n<p>Listening.<\/p>\n<p>M\u00d3DULO 22 &#8211; BONOS<\/p>\n<p>Bono I: Libro digital Te\u00f3rico \u2013 Pr\u00e1ctico.<br \/>\nBono II: Material de Anglia.<\/p>\n<p>M\u00d3DULO 23 &#8211; VIDEO RESPUESTAS A PREGUNTAS FRECUENTES<\/p>\n<p>C\u00f3mo inscribirse para rendir el examen.<\/p>\n<p>M\u00d3DULO 24 \u2013 \u00bfC\u00d3MO OBTENER TU CERTIFICADO?<\/p>\n<p>\u00bfC\u00f3mo obtener tu certificado?<\/p>\n<p>ACERCA DE LA PRODUCTORA<\/p>\n<p>Desarrollado por Marta Silvia Ruiz, profesora de ingl\u00e9s en varias Escuelas Secundarias durante 10 a\u00f1os y en el centro de idiomas Piaget (fundado por ella en conjunto a otros colegas).<\/p>\n<p>Cuenta con la capacitaciones acad\u00e9micas y pedag\u00f3gicas necesarias para que el estudiante aprenda f\u00e1cilmente ingl\u00e9s.<\/p>\n<p>Es autora de libros de ingl\u00e9s y sigue capacit\u00e1ndose constantemente.<\/p>\n","protected":false},"excerpt":{"rendered":"<p>\u00bfTe gustar\u00eda que tu hijo obtenga su primera certificaci\u00f3n internacional en ingl\u00e9s?<\/p>\n<p>Con el MasterClass PREPARACI\u00d3N EN EXAMEN FIRST STEP PARA NI\u00d1OS, tu hijo rendir\u00e1 y aprobar\u00e1 el examen que le otorgar\u00e1 una Certificaci\u00f3n Oficial Internacional v\u00e1lida en m\u00e1s de 50 pa\u00edses y de por vida.<\/p>\n","protected":false},"featured_media":3849,"template":"","meta":{"_joinchat":[]},"product_brand":[],"product_cat":[328,344],"product_tag":[],"class_list":{"0":"post-12436","1":"product","2":"type-product","3":"status-publish","4":"has-post-thumbnail","6":"product_cat-idiomas","7":"product_cat-todos","9":"first","10":"instock","11":"sale","12":"shipping-taxable","13":"product-type-external"},"_links":{"self":[{"href":"https:\/\/cursos.talentup.cl\/index.php?rest_route=\/wp\/v2\/product\/12436","targetHints":{"allow":["GET"]}}],"collection":[{"href":"https:\/\/cursos.talentup.cl\/index.php?rest_route=\/wp\/v2\/product"}],"about":[{"href":"https:\/\/cursos.talentup.cl\/index.php?rest_route=\/wp\/v2\/types\/product"}],"version-history":[{"count":2,"href":"https:\/\/cursos.talentup.cl\/index.php?rest_route=\/wp\/v2\/product\/12436\/revisions"}],"predecessor-version":[{"id":14475,"href":"https:\/\/cursos.talentup.cl\/index.php?rest_route=\/wp\/v2\/product\/12436\/revisions\/14475"}],"wp:featuredmedia":[{"embeddable":true,"href":"https:\/\/cursos.talentup.cl\/index.php?rest_route=\/wp\/v2\/media\/3849"}],"wp:attachment":[{"href":"https:\/\/cursos.talentup.cl\/index.php?rest_route=%2Fwp%2Fv2%2Fmedia&parent=12436"}],"wp:term":[{"taxonomy":"product_brand","embeddable":true,"href":"https:\/\/cursos.talentup.cl\/index.php?rest_route=%2Fwp%2Fv2%2Fproduct_brand&post=12436"},{"taxonomy":"product_cat","embeddable":true,"href":"https:\/\/cursos.talentup.cl\/index.php?rest_route=%2Fwp%2Fv2%2Fproduct_cat&post=12436"},{"taxonomy":"product_tag","embeddable":true,"href":"https:\/\/cursos.talentup.cl\/index.php?rest_route=%2Fwp%2Fv2%2Fproduct_tag&post=12436"}],"curies":[{"name":"wp","href":"https:\/\/api.w.org\/{rel}","templated":true}]}}