{"id":12442,"date":"2023-01-10T04:40:36","date_gmt":"2023-01-10T07:40:36","guid":{"rendered":"https:\/\/cursos.talentup.cl\/?post_type=product&#038;p=12442"},"modified":"2024-02-07T23:37:43","modified_gmt":"2024-02-08T02:37:43","slug":"certificate-en-frances-con-el-metodo-peape","status":"publish","type":"product","link":"https:\/\/cursos.talentup.cl\/?product=certificate-en-frances-con-el-metodo-peape","title":{"rendered":"CERTIF\u00cdCATE EN FRANC\u00c9S CON EL M\u00c9TODO PE\u00c0PE"},"content":{"rendered":"<p>\u00bfSab\u00edas que ya no es suficiente solo conocer y hablar franc\u00e9s?<\/p>\n<p>Con el Master Class CERTIF\u00cdCATE EN FRANC\u00c9S CON EL M\u00c9TODO P\u00c9APE, Comprender\u00e1s y desarrollar\u00e1s las cuatro \u00e1reas de evaluaci\u00f3n para aprobar tu certificaci\u00f3n DELF.<\/p>\n<p>\u00bfQU\u00c9 VAS A LOGRAR?<\/p>\n<p>Tendr\u00e1s nuevas experiencias que vale la pena disfrutar, desde conocer otras culturas, conocer personas nuevas, viajar y hasta irte a vivir a un pa\u00eds extranjero.<\/p>\n<p>Aprender\u00e1s a comprender y desarrollar las 4 \u00e1reas de evaluaci\u00f3n para aprobar tu certificaci\u00f3n DELF, las cuales son: comprensi\u00f3n oral, comprensi\u00f3n escrita, producci\u00f3n escrita y producci\u00f3n oral.<\/p>\n<p>Descubrir\u00e1s c\u00f3mo est\u00e1n estructurados los ex\u00e1menes, lo que necesitas saber para aprobar cada nivel y lugares y fechas para aplicar tu examen.<\/p>\n<p>Pondr\u00e1s a prueba tu conocimiento con 5 ex\u00e1menes piloto que se te otorgar\u00e1n para que practiques las veces que te sea necesario, tendr\u00e1s la oportunidad de agendar una entrevista en vivo con la experta para practicar e ir puliendo detalles. <\/p>\n<p>Acceder\u00e1s al certificado avalado por Hotmart y Seminarios Online.<\/p>\n<p>\u00bfC\u00d3MO LO VAS A LOGRAR?<\/p>\n<p>A trav\u00e9s del siguiente contenido, estructurado paso a paso:<\/p>\n<p>M\u00d3DULO 1 &#8211; INTRODUCCI\u00d3N<\/p>\n<p>Introducci\u00f3n.<br \/>\nJustificaci\u00f3n \u00bfPor qu\u00e9 vas a aprender?<\/p>\n<p>M\u00d3DULO 2 <\/p>\n<p>Introducci\u00f3n.<br \/>\nVocabulario \u2013 el parque &#8211; vocabulaire &#8211; Au parc.<br \/>\nComprensi\u00f3n oral \u2013 el aniversario de Est\u00e9fano &#8211; compr\u00e9hension de l\u00b4oral &#8211; L\u00b4anniversaire de St\u00e9phane. Audio descargable.<br \/>\nComprensi\u00f3n escrita \u2013 la invitaci\u00f3n &#8211; compr\u00e9hension des \u00e9crits &#8211; L\u00b4invitation.<br \/>\nGram\u00e1tica &#8211; los pronombres personales &#8211; grammaire &#8211; Les pronoms personnels.<br \/>\nLos verbos &#8211; les verbes &#8211; \u00eatre, avoir.<br \/>\nLos ejercicios &#8211; les exercices. Ejercicios descargables.<\/p>\n<p>M\u00d3DULO 3 <\/p>\n<p>Introducci\u00f3n y vocabulario &#8211; las partes del cuerpo &#8211; vocabulaire &#8211; Les parties du corps.<br \/>\nComprensi\u00f3n oral &#8211; foto de la familia &#8211; compr\u00e9hension de l\u00b4oral &#8211; Photo de famille. Audio descargable.<br \/>\nComprensi\u00f3n escrita &#8211; mi familia &#8211; compr\u00e9hension des \u00e9crits &#8211; Ma famille.<br \/>\nGram\u00e1tica &#8211; los pronombres t\u00f3nicos \u2013 grammaire &#8211; Les pronoms toniques.<br \/>\nLos verbos &#8211; les verbes &#8211; parler.<br \/>\nLos ejercicios &#8211; les exercices. Ejercicios descargables.<\/p>\n<p>M\u00d3DULO 4<\/p>\n<p>Introducci\u00f3n y vocabulario &#8211; las nacionalidades &#8211; vocabulaire &#8211; Les nationalit\u00e9s.<br \/>\nComprensi\u00f3n oral &#8211; la pel\u00edcula &#8211; compr\u00e9hension de l\u00b4oral &#8211; Le film. Audio descargable.<br \/>\nComprensi\u00f3n escrita &#8211; me llamo Jessica &#8211; compr\u00e9hension des \u00e9crits &#8211; Je m\u00b4appelle Jessica.<br \/>\nGram\u00e1tica &#8211; los pronombres reflexivos &#8211; grammaire &#8211; Les pronoms r\u00e9fl\u00e9chis.<br \/>\nLos verbos \u2013 les verbes \u2013 manger.<br \/>\nLos ejercicios \u2013 les exercices. Ejercicios descargables.<\/p>\n<p>M\u00d3DULO 5<\/p>\n<p>Introducci\u00f3n y vocabulario &#8211; en el campo &#8211; vocabulaire &#8211; \u00c0 la campagne.<br \/>\nComprensi\u00f3n oral \u2013 en el cine &#8211; compr\u00e9hension de l\u00b4oral &#8211; Au cinema. Audio descargable.<br \/>\nComprensi\u00f3n escrita &#8211; una jornada de vacaciones &#8211; compr\u00e9hension des \u00e9crits &#8211; une journ\u00e9e de vacances.<br \/>\nGram\u00e1tica &#8211; el masculino y el femenino &#8211; grammaire &#8211; le masculin et le f\u00e9minin.<br \/>\nLos verbos &#8211; les verbes &#8211; commencer.<br \/>\nLos ejercicios \u2013 les exercices. Ejercicios descargables.<\/p>\n<p>M\u00d3DULO 6<\/p>\n<p>Introducci\u00f3n y vocabulario \u2013comprar en la miscel\u00e1nea &#8211; vocabulaire \u2013 Acheter \u00e0 l\u00b4\u00e9picerie.<br \/>\nComprensi\u00f3n oral \u2013 desayuno entre amigas &#8211; compr\u00e9hension de l\u00b4oral \u2013 D\u00e9jeuner entre amies. Audio descargable.<br \/>\nComprensi\u00f3n escrita \u2013 el mercado &#8211; compr\u00e9hension des \u00e9crits \u2013 Le march\u00e9.<br \/>\nGram\u00e1tica \u2013 el plural &#8211; grammaire \u2013 Le pluriel.<br \/>\nLos verbos \u2013 les verbes \u2013 payer.<br \/>\nLos ejercicios \u2013 les exercices. Ejercicios descargables.<\/p>\n<p>M\u00d3DULO 7 <\/p>\n<p>Introducci\u00f3n y vocabulario \u2013las partes de la casa \u2013 vocabulaire &#8211; Les pi\u00e8ces de la maison.<br \/>\nComprensi\u00f3n oral \u2013 una bonita casa &#8211; compr\u00e9hension de l\u00b4oral \u2013 Une Jolie maison. Audio descargable.<br \/>\nComprensi\u00f3n escrita \u2013 mi nueva casa &#8211; compr\u00e9hension des \u00e9crits \u2013 Ma nouvelle maison.<br \/>\nGram\u00e1tica \u2013 los art\u00edculos definidos e indefinidos &#8211; grammaire &#8211; Les articles d\u00e9finis et ind\u00e9finis.<br \/>\nLos verbos \u2013 les verbes \u2013 appeler.<br \/>\nLos ejercicios \u2013 les exercices. Ejercicios descargables.<\/p>\n<p>M\u00d3DULO 8<\/p>\n<p>Introducci\u00f3n y vocabulario \u2013 los lugares de la ciudad &#8211; vocabulaire \u2013 Les lieux de la ville.<br \/>\nComprensi\u00f3n oral \u2013 Prepara el caf\u00e9 &#8211; compr\u00e9hension de l\u00b4oral \u2013 Pr\u00e9pare le caf\u00e9. Audio descargable.<br \/>\nComprensi\u00f3n escrita \u2013 el centro comercial &#8211; compr\u00e9hension des \u00e9crits \u2013 Le centre commercial.<br \/>\nGram\u00e1tica \u2013 los art\u00edculos contractos &#8211; grammaire \u2013 Les articles contractes.<br \/>\nLos verbos \u2013 les verbes \u2013 Jeter.<br \/>\nLos ejercicios \u2013 les exercices. Ejercicios descargables.<\/p>\n<p>M\u00d3DULO 9<\/p>\n<p>Introducci\u00f3n y vocabulario \u2013la comida &#8211; vocabulaire \u2013 La nourriture.<br \/>\nComprensi\u00f3n oral \u2013un caf\u00e9 &#8211; compr\u00e9hension de l\u00b4oral \u2013Un caf\u00e9. Audio descargable.<br \/>\nComprensi\u00f3n escrita \u2013 los colores &#8211; compr\u00e9hension des \u00e9crits \u2013 Les couleurs.<br \/>\nGram\u00e1tica \u2013 los art\u00edculos partitivos &#8211; grammaire \u2013 Les articles partitifs.<br \/>\nLos verbos \u2013 les verbes \u2013 acheter, amener, pr\u00e9f\u00e9rer.<br \/>\nLos ejercicios \u2013 les exercices. Ejercicios descargables.<\/p>\n<p>M\u00d3DULO 10 <\/p>\n<p>Introducci\u00f3n y vocabulario \u2013los transportes &#8211; vocabulaire \u2013 Les transports.<br \/>\nComprensi\u00f3n oral \u2013 te voy a extra\u00f1ar &#8211; compr\u00e9hension de l\u00b4oral \u2013Tu vas me manquer. Audio descargable.<br \/>\nComprensi\u00f3n escrita -carta desde Londres &#8211; compr\u00e9hension des \u00e9crits \u2013Llettre de Londres.<br \/>\nGram\u00e1tica \u2013 la interrogaci\u00f3n &#8211; grammaire \u2013L\u00b4interrogation.<br \/>\nLos verbos \u2013 les verbes \u2013 finir, ha\u00efr\u00ac.<br \/>\nLos ejercicios \u2013 les exercices. Ejercicios descargables.<\/p>\n<p>M\u00d3DULO 11<\/p>\n<p>Introducci\u00f3n y vocabulario \u2013en la nieve &#8211; vocabulaire \u2013 \u00c0 la neige.<br \/>\nComprensi\u00f3n oral \u2013el encuentro &#8211; compr\u00e9hension de l\u00b4oral \u2013 Le rencontre. Audio descargable.<br \/>\nComprensi\u00f3n escrita \u2013 As\u00ed es mi vida &#8211; compr\u00e9hension des \u00e9crits \u2013 C\u00b4est ma vie.<br \/>\nGram\u00e1tica \u2013la negaci\u00f3n &#8211; grammaire \u2013 La n\u00e9gation.<br \/>\nLos verbos \u2013 les verbes \u2013 accomplir, convertir, garnir, m\u00fbrir, r\u00e9tablir.<br \/>\nLos ejercicios \u2013 les exercices. Ejercicios descargables.<\/p>\n<p>M\u00d3DULO 12<\/p>\n<p>Introducci\u00f3n y vocabulario \u2013los animales- vocabulaire \u2013 Les animaux.<br \/>\nComprensi\u00f3n oral \u2013 \u00bfC\u00f3mo te va? &#8211; compr\u00e9hension de l\u00f3ral \u2013 Commment vas tu? Audio descargable.<br \/>\nComprensi\u00f3n escrita \u2013 Un d\u00eda con Alice -compr\u00e9hension des \u00e9crits \u2013 Une journ\u00e9e avec Alice.<br \/>\nGram\u00e1tica \u2013las negaciones &#8211; grammaire \u2013 Les n\u00e9gations.<br \/>\nLos verbos \u2013 les verbes \u2013 aller, mourir, acqu\u00e9rir, fuir, tenir.<br \/>\nLos ejercicios \u2013 les exercices. Ejercicios descargables.<\/p>\n<p>M\u00d3DULO 13 <\/p>\n<p>Introducci\u00f3n y vocabulario \u2013la fecha &#8211; vocabulaire \u2013 La date.<br \/>\nComprensi\u00f3n oral \u2013 Y si salimos &#8211; compr\u00e9hension de l\u00b4oral \u2013 Si on allait. Audio descargable.<br \/>\nComprensi\u00f3n escrita \u2013 d\u00edas de la semana &#8211; compr\u00e9hension des \u00e9crits \u2013 Jours de la semaine.<br \/>\nGram\u00e1tica \u2013 los adjetivos posesivos &#8211; grammaire \u2013 Les adjectifs possessifs.<br \/>\nLos verbos \u2013 les verbes \u2013 venir, obtenir, se souvenir.<br \/>\nLos ejercicios \u2013 les exercices. Ejercicios descargables.<\/p>\n<p>M\u00d3DULO 14<\/p>\n<p>Introducci\u00f3n y vocabulario \u2013en la playa &#8211; vocabulaire \u2013 \u00c0 la plage.<br \/>\nComprensi\u00f3n oral \u2013 \u00bfTiene una habitaci\u00f3n? &#8211; compr\u00e9hension de l\u00b4oral &#8211; Vous avez une chambre? Audio descargable.<br \/>\nComprensi\u00f3n escrita -el viaje &#8211; compr\u00e9hension des \u00e9crits \u2013 Le voyage.<br \/>\nGram\u00e1tica \u2013los adjetivos calificativos &#8211; grammaire \u2013 Les adjectifs qualificatifs.<br \/>\nLos verbos \u2013 les verbes \u2013 faire, boire, croire.<br \/>\nLos ejercicios \u2013 les exercices. Ejercicios descargables.<\/p>\n<p>M\u00d3DULO 15<\/p>\n<p>Introducci\u00f3n y vocabulario \u2013 la ropa -vocabulaire \u2013Les v\u00eatements.<br \/>\nComprensi\u00f3n oral \u2013 la tienda de ropa -compr\u00e9hension de l\u00b4oral &#8211; La boutique de v\u00eatements. Audio descargable.<br \/>\nComprensi\u00f3n escrita \u2013 la carta &#8211; compr\u00e9hension des \u00e9crits \u2013 La lettre.<br \/>\nGram\u00e1tica \u2013 los adjetivos de color &#8211; grammaire \u2013 Les adjectifs de couleur.<br \/>\nLos verbos \u2013 les verbes \u2013 pouvoir, vouloir, voir, valoir, recevoir.<br \/>\nLos ejercicios \u2013 les exercices. Ejercicios descargables.<\/p>\n<p>M\u00d3DULO 16<\/p>\n<p>Introducci\u00f3n y vocabulario \u2013El clima &#8211; vocabulaire \u2013 le climat\/ la m\u00e9t\u00e9o.<br \/>\nComprensi\u00f3n oral \u2013 una conversaci\u00f3n telef\u00f3nica &#8211; compr\u00e9hension de l\u00b4oral &#8211; Une conversation t\u00e9l\u00e9phonique. Audio descargable.<br \/>\nComprensi\u00f3n escrita \u2013 la presentaci\u00f3n &#8211; compr\u00e9hension des \u00e9crits \u2013 La pr\u00e9sentation.<br \/>\nGram\u00e1tica \u2013 los adjetivos interrogativos &#8211; grammaire \u2013 Les adjectifs interrogatifs.<br \/>\nLos verbos \u2013 les verbes \u2013 devoir, falloir, savoir, s\u00b4asseoir.<br \/>\nLos ejercicios \u2013 les exercices. Ejercicios descargables.<\/p>\n<p>M\u00d3DULO 17<\/p>\n<p>Introducci\u00f3n y vocabulario \u2013 las estaciones del a\u00f1o &#8211; vocabulaire \u2013 Les saisons de l\u00b4ann\u00e9e.<br \/>\nComprensi\u00f3n oral \u2013 Proyectos para las vacaciones &#8211; compr\u00e9hension de l\u00b4oral &#8211; Projets pour les vacances. Audio descargable.<br \/>\nComprensi\u00f3n escrita \u2013las cuatro estaciones &#8211; compr\u00e9hension des \u00e9crits \u2013 Les quatre saisons.<br \/>\nGram\u00e1tica \u2013 los adjetivos demostrativos &#8211; grammaire \u2013 Les adjectifs d\u00e9monstratifs.<br \/>\nLos verbos \u2013 les verbes \u2013 offrir, couvrir, partir, dormir.<br \/>\nLos ejercicios \u2013 les exercices. Ejercicios descargables.<\/p>\n<p>M\u00d3DULO 18<\/p>\n<p>Introducci\u00f3n y vocabulario \u2013 las preposiciones &#8211; vocabulaire \u2013 Les pr\u00e9positions.<br \/>\nComprensi\u00f3n oral \u2013 un baguette, por favor &#8211; compr\u00e9hension de l\u00b4oral &#8211; Une baguette s\u00b4il vous plait. Audio descargable.<br \/>\nComprensi\u00f3n escrita \u2013 mi familia &#8211; compr\u00e9hension des \u00e9crits \u2013 Ma famille.<br \/>\nGram\u00e1tica \u2013 las preposiciones &#8211; grammaire \u2013 Les pr\u00e9positions.<br \/>\nLos verbos \u2013 les verbes \u2013 rire, dire, \u00e9crire, d\u00e9crire, lire.<br \/>\nLos ejercicios \u2013 les exercices. Ejercicios descargables.<\/p>\n<p>M\u00d3DULO 19<\/p>\n<p>Introducci\u00f3n y vocabulario \u2013la hora &#8211; vocabulaire \u2013 L\u00b4heure.<br \/>\nComprensi\u00f3n oral \u2013 una cita &#8211; compr\u00e9hension de l\u00b4oral &#8211; Un rendez &#8211; vous. Audio descargable.<br \/>\nComprensi\u00f3n escrita \u2013 La rutina diaria -compr\u00e9hension des \u00e9crits \u2013 La routine quotidienne.<br \/>\nGram\u00e1tica \u2013 Los pronombres de COD &#8211; grammaire \u2013 Les pronoms de COD.<br \/>\nLos verbos \u2013 les verbes \u2013conna\u00eetre, mettre, permettre.<br \/>\nLos ejercicios \u2013 les exercices. Ejercicios descargables.<\/p>\n<p>M\u00d3DULO 20<\/p>\n<p>Introducci\u00f3n y vocabulario \u2013la parentela &#8211; vocabulaire \u2013 La parent\u00e9.<br \/>\nComprensi\u00f3n oral \u2013 en el restaurante &#8211; compr\u00e9hension de l\u00b4oral &#8211; Dans le restaurant. Audio descargable.<br \/>\nComprensi\u00f3n escrita \u2013 mi familia &#8211; compr\u00e9hension des \u00e9crits \u2013 Ma famille.<br \/>\nGram\u00e1tica \u2013 los pronombres de COI &#8211; grammaire \u2013 les pronoms de COI.<br \/>\nLos verbos \u2013 les verbes \u2013attendre, peindre, coudre, r\u00e9soudre, prendre.<br \/>\nLos ejercicios \u2013 les exercices. Ejercicios descargables.<\/p>\n<p>M\u00d3DULO 21<\/p>\n<p>Introducci\u00f3n y Vocabulario \u2013en la estaci\u00f3n &#8211; vocabulaire \u2013 \u00c0 la gare.<br \/>\nComprensi\u00f3n oral \u2013en el aeropuerto &#8211; compr\u00e9hension de l\u00b4oral &#8211; \u00c0 l\u2019a\u00e9roport. Audio descargable.<br \/>\nComprensi\u00f3n escrita \u2013 los n\u00fameros &#8211; compr\u00e9hension des \u00e9crits \u2013 les nombres.<br \/>\nGram\u00e1tica \u2013 los pronombres de CC &#8211; grammaire \u2013 Les pronoms de CC.<br \/>\nLos verbos \u2013 les verbes \u2013 plaire, suivre, conclure, convaincre<br \/>\nLos ejercicios \u2013 les exercices. Ejercicios descargables.<\/p>\n<p>M\u00d3DULO 22 &#8211; BONO 1 <\/p>\n<p>Explicaci\u00f3n de los bonos.<br \/>\nBono 1. \u2013 Introducci\u00f3n al examen &#8211; Le dipl\u00f4me d\u00b4\u00e9tude en langue fran\u00e7aise DELF.<br \/>\nIntroducci\u00f3n al examen.<br \/>\nComprensi\u00f3n oral.<br \/>\nComprensi\u00f3n escrita.<br \/>\nProducci\u00f3n escrita.<br \/>\nProducci\u00f3n oral.<br \/>\nTipos de preguntas.<br \/>\nPrueba colectiva.<br \/>\nTipos de preguntas de la prueba colectiva.<br \/>\nEstructura y consejos de la comprensi\u00f3n oral.<br \/>\nEstructura y consejos de la comprensi\u00f3n escrita.<br \/>\nEstructura de la producci\u00f3n escrita.<br \/>\nConsejos para la producci\u00f3n escrita.<br \/>\nEstructura de la producci\u00f3n oral.<br \/>\nConsejos para la producci\u00f3n oral.<\/p>\n<p>M\u00f3dulo 23 &#8211; BONOS<\/p>\n<p>Bono 2: Respuesta de los ejercicios del curso.<br \/>\nBono 3: Gram\u00e1tica francesa del curso.<br \/>\nBono 4: Manual de los verbos en presente simple.<br \/>\nBono 5: 5 ex\u00e1menes de prueba.<\/p>\n<p>M\u00d3DULO 24 &#8211; RECOMENDACIONES <\/p>\n<p>Recomendaciones importantes.<\/p>\n<p>M\u00d3DULO 25 \u2013 VIDEO RESPUESTAS <\/p>\n<p>\u00bfPor qu\u00e9 es importante tener una certificaci\u00f3n?<br \/>\n\u00bfCu\u00e1ntos tipos de certificaciones existe?<br \/>\n\u00bfQu\u00e9 tiempo de validez tiene la certificaci\u00f3n DELF?<br \/>\n\u00bfQu\u00e9 es una certificaci\u00f3n nivel A1 o A2 y para que me sirve?<br \/>\n\u00bfDebo estar inscrito a alguna instituci\u00f3n para presentar el examen?<br \/>\n\u00bfPor qu\u00e9 es importante tomar un curso de preparaci\u00f3n?<br \/>\n\u00bfEn cu\u00e1nto tiempo me preparo para mi examen?<br \/>\n\u00bfCu\u00e1nto cuesta el examen?<br \/>\n\u00bfD\u00f3nde puedo presentar mi examen?<br \/>\n\u00bfQu\u00e9 duraci\u00f3n tiene el examen?<br \/>\n\u00bfQu\u00e9 sucede si no acredito mi examen?<br \/>\n\u00bfPuedo presentar varias veces mi examen?<br \/>\n\u00bfQu\u00e9 sigue despu\u00e9s de presentar el examen?<\/p>\n<p>ACERCA DE LA PRODUCTORA<\/p>\n<p>Desarrollado por MIRIAM ELIZABETH GONZ\u00c1LEZ TROLLE, pol\u00edglota, m\u00e1s de 15 a\u00f1os de experiencia la respaldan.<\/p>\n<p>A lo largo de su carrera ha impartido clases de franc\u00e9s, ingl\u00e9s, japon\u00e9s, alem\u00e1n y espa\u00f1ol para extranjeros a todos los niveles educativos.<\/p>\n<p>Ha preparado a cientos de alumnos para aprobar la certificaci\u00f3n DELF a trav\u00e9s de su innovador M\u00e9todo Pe\u00e0Pe, desarrollado tras a\u00f1os de investigaci\u00f3n y experiencia, tanto as\u00ed que diferentes instituciones educativas la han invitado a participar y capacitar a los docentes en la aplicaci\u00f3n de este m\u00e9todo comprobado por su efectividad y resultados en cientos de alumnos de todas las edades para el aprendizaje de cualquier idioma, enfocado en las claves y habilidades para que una persona aprenda s\u00ed o s\u00ed.<\/p>\n","protected":false},"excerpt":{"rendered":"<p>\u00bfSab\u00edas que ya no es suficiente solo conocer y hablar franc\u00e9s?<\/p>\n<p>Con el Master Class CERTIF\u00cdCATE EN FRANC\u00c9S CON EL M\u00c9TODO P\u00c9APE, Comprender\u00e1s y desarrollar\u00e1s las cuatro \u00e1reas de evaluaci\u00f3n para aprobar tu certificaci\u00f3n DELF.<\/p>\n","protected":false},"featured_media":3815,"template":"","meta":{"_joinchat":[]},"product_brand":[],"product_cat":[328,344],"product_tag":[],"class_list":{"0":"post-12442","1":"product","2":"type-product","3":"status-publish","4":"has-post-thumbnail","6":"product_cat-idiomas","7":"product_cat-todos","9":"first","10":"instock","11":"sale","12":"shipping-taxable","13":"product-type-external"},"_links":{"self":[{"href":"https:\/\/cursos.talentup.cl\/index.php?rest_route=\/wp\/v2\/product\/12442","targetHints":{"allow":["GET"]}}],"collection":[{"href":"https:\/\/cursos.talentup.cl\/index.php?rest_route=\/wp\/v2\/product"}],"about":[{"href":"https:\/\/cursos.talentup.cl\/index.php?rest_route=\/wp\/v2\/types\/product"}],"version-history":[{"count":2,"href":"https:\/\/cursos.talentup.cl\/index.php?rest_route=\/wp\/v2\/product\/12442\/revisions"}],"predecessor-version":[{"id":14481,"href":"https:\/\/cursos.talentup.cl\/index.php?rest_route=\/wp\/v2\/product\/12442\/revisions\/14481"}],"wp:featuredmedia":[{"embeddable":true,"href":"https:\/\/cursos.talentup.cl\/index.php?rest_route=\/wp\/v2\/media\/3815"}],"wp:attachment":[{"href":"https:\/\/cursos.talentup.cl\/index.php?rest_route=%2Fwp%2Fv2%2Fmedia&parent=12442"}],"wp:term":[{"taxonomy":"product_brand","embeddable":true,"href":"https:\/\/cursos.talentup.cl\/index.php?rest_route=%2Fwp%2Fv2%2Fproduct_brand&post=12442"},{"taxonomy":"product_cat","embeddable":true,"href":"https:\/\/cursos.talentup.cl\/index.php?rest_route=%2Fwp%2Fv2%2Fproduct_cat&post=12442"},{"taxonomy":"product_tag","embeddable":true,"href":"https:\/\/cursos.talentup.cl\/index.php?rest_route=%2Fwp%2Fv2%2Fproduct_tag&post=12442"}],"curies":[{"name":"wp","href":"https:\/\/api.w.org\/{rel}","templated":true}]}}