{"id":12443,"date":"2023-01-10T04:40:36","date_gmt":"2023-01-10T07:40:36","guid":{"rendered":"https:\/\/cursos.talentup.cl\/?post_type=product&#038;p=12443"},"modified":"2024-02-07T23:37:43","modified_gmt":"2024-02-08T02:37:43","slug":"aleman-super-facil","status":"publish","type":"product","link":"https:\/\/cursos.talentup.cl\/?product=aleman-super-facil","title":{"rendered":"ALEM\u00c1N SUPER F\u00c1CIL"},"content":{"rendered":"<p>\u00bfTe gustar\u00eda conocer los cuatro pasos para aprender y ser un experto hablando alem\u00e1n?<\/p>\n<p>Con el MasterClass ALEMAN S\u00daPER F\u00c1CIL, dominar\u00e1s cuatro reglas sencillas y f\u00e1ciles de aplicar, indispensables para el aprendizaje de este idioma.<\/p>\n<p>\u00bfQU\u00c9 VAS A LOGRAR?<\/p>\n<p>Aprender\u00e1s a dominar cuatro reglas sencillas y muy f\u00e1ciles de aplicar fundamentales para el aprendizaje del alem\u00e1n.<\/p>\n<p>Dominar\u00e1s la lectura, escritura y pronunciaci\u00f3n del alem\u00e1n aplicando las cuatro reglas.<\/p>\n<p>Mejorar\u00e1s tu pronunciaci\u00f3n y fon\u00e9tica logrando hablar de pausado a un alem\u00e1n fluido.<\/p>\n<p>Aprender\u00e1s a decodificar ya que este es uno de los pasos m\u00e1s importantes para entender el alem\u00e1n.<\/p>\n<p>Desarrollar\u00e1s tu mente en los procesos de memorizaci\u00f3n.<\/p>\n<p>Acceder\u00e1s al certificado avalado por Hotmart y Seminarios Online.<\/p>\n<p>\u00bfC\u00d3MO LO VAS A LOGRAR?<\/p>\n<p>A trav\u00e9s del siguiente contenido, estructurado paso a paso:<\/p>\n<p>M\u00d3DULO 1 &#8211; LOS CUATRO PASOS<\/p>\n<p>Paso 1: Decodificar el texto.<br \/>\nPaso 2: Escuchar el texto en alem\u00e1n y leer la decodificaci\u00f3n.<br \/>\nPaso 3: Escuchar los audios de manera pasiva con volumen bajo.<br \/>\nPaso 4: Escuchar, repetir, escribir, leer en voz alta, repetir practicar formar oraciones.<\/p>\n<p>M\u00d3DULO 2 &#8211; ALEM\u00c1N SUPER F\u00c1CIL NIVEL A1 B\u00c1SICO <\/p>\n<p>Introducci\u00f3n.<br \/>\nAlgunos consejos.<br \/>\nEntendiendo y ejecutando los 4 pasos.<br \/>\nConstrucci\u00f3n de la oraci\u00f3n A1.<br \/>\nEl pronombre personal A1.<br \/>\nEl verbo ser o estar A1.<br \/>\nLa conjugaci\u00f3n de los verbos en alem\u00e1n A1.<br \/>\nEl verbo y la negaci\u00f3n A1.<br \/>\nRepaso general de lo avanzado A1.<br \/>\nEl art\u00edculo determinado A1.<br \/>\nEl art\u00edculo indeterminado A1.<br \/>\nEl art\u00edculo indefinido negativo A1.<br \/>\nEl alfabeto A1.<br \/>\nDeletrear A1.<br \/>\nEl nombre en singular y plural A1.<br \/>\nReconociendo el objeto directo A1.<br \/>\nEl objeto directo A1.<br \/>\nEl imperativo A1.<br \/>\nEl verbo haben es siempre acusativo A1.<br \/>\nRepaso del material avanzado A1.<br \/>\nLos n\u00fameros A1.<br \/>\nLos tiempos del d\u00eda. la hora A1<br \/>\nEl pronombre demostrativo \u00e9sto (das) A1.<br \/>\nRepaso del material avanzado A1.<br \/>\nRepaso del material avanzado A1.<br \/>\nLos verbos divisibles A1.<br \/>\nLas preposiciones A1.<br \/>\nEl pronombre posesivo A1.<br \/>\nRepaso de lo avanzado A1.<br \/>\nEl nombre como objeto indirecto en la oraci\u00f3n A1.<br \/>\nMiembros de la familia y pronunciaci\u00f3n A1.<br \/>\nRepaso de lo avanzado A1.<br \/>\nLas preposiciones en Dativo A1.<br \/>\nPreposiciones en acusativo A1.<br \/>\nLos conectores A1.<br \/>\nLos adverbios de tiempo A1.<br \/>\nVerbos modales A1.<br \/>\nRepaso de los temas avanzados A1.<br \/>\nPreposiciones con acusativo y dativo A1.<br \/>\nEl pronombre personal A1.<br \/>\nRepaso del tema avanzado A1.<\/p>\n<p>M\u00d3DULO 3 &#8211; MATERIAL ADICIONAL (BONOS)<\/p>\n<p>Bono 1: El uso de la negaci\u00f3n en el alem\u00e1n.<br \/>\nBono 2: El adjetivo y m\u00e1s.<br \/>\nBono 3: La decodificaci\u00f3n.<\/p>\n<p>M\u00d3DULO 4 \u2013 VIDEO RESPUESTAS<\/p>\n<p>\u00bfC\u00f3mo usar el acusativo correctamente en el alem\u00e1n?<br \/>\n\u00bfEl nombre o sustantivo en alem\u00e1n es como en el castellano?<\/p>\n<p>M\u00d3DULO 5 &#8211; \u00bfC\u00d3MO OBTENER TU CERTIFICADO?<\/p>\n<p>\u00bfC\u00f3mo obtener tu certificado?<\/p>\n<p>ACERCA DEL PRODUCTOR<\/p>\n<p>Desarrollado por ERWIN JOACHIM BECKMANN ANTEZANA, profesional experto idiomas con m\u00e1s de 30 a\u00f1os de experiencia en la ense\u00f1anza del idioma alem\u00e1n.<\/p>\n<p>Actualmente tiene una academia donde ense\u00f1a el idioma alem\u00e1n a m\u00e1s de 200 profesionales en la salud que desean trabajar en Alemania, adem\u00e1s trabaja con reconocidas empresas en Alemania quienes le solicitan sus servicios de ense\u00f1ar a su personal a mejorar el alem\u00e1n.<\/p>\n","protected":false},"excerpt":{"rendered":"<p>\u00bfTe gustar\u00eda conocer los cuatro pasos para aprender y ser un experto hablando alem\u00e1n?<\/p>\n<p>Con el MasterClass ALEMAN S\u00daPER F\u00c1CIL, dominar\u00e1s cuatro reglas sencillas y f\u00e1ciles de aplicar, indispensables para el aprendizaje de este idioma.<\/p>\n","protected":false},"featured_media":3816,"template":"","meta":{"_joinchat":[]},"product_brand":[],"product_cat":[328,344],"product_tag":[],"class_list":{"0":"post-12443","1":"product","2":"type-product","3":"status-publish","4":"has-post-thumbnail","6":"product_cat-idiomas","7":"product_cat-todos","9":"first","10":"instock","11":"sale","12":"shipping-taxable","13":"product-type-external"},"_links":{"self":[{"href":"https:\/\/cursos.talentup.cl\/index.php?rest_route=\/wp\/v2\/product\/12443","targetHints":{"allow":["GET"]}}],"collection":[{"href":"https:\/\/cursos.talentup.cl\/index.php?rest_route=\/wp\/v2\/product"}],"about":[{"href":"https:\/\/cursos.talentup.cl\/index.php?rest_route=\/wp\/v2\/types\/product"}],"version-history":[{"count":2,"href":"https:\/\/cursos.talentup.cl\/index.php?rest_route=\/wp\/v2\/product\/12443\/revisions"}],"predecessor-version":[{"id":14482,"href":"https:\/\/cursos.talentup.cl\/index.php?rest_route=\/wp\/v2\/product\/12443\/revisions\/14482"}],"wp:featuredmedia":[{"embeddable":true,"href":"https:\/\/cursos.talentup.cl\/index.php?rest_route=\/wp\/v2\/media\/3816"}],"wp:attachment":[{"href":"https:\/\/cursos.talentup.cl\/index.php?rest_route=%2Fwp%2Fv2%2Fmedia&parent=12443"}],"wp:term":[{"taxonomy":"product_brand","embeddable":true,"href":"https:\/\/cursos.talentup.cl\/index.php?rest_route=%2Fwp%2Fv2%2Fproduct_brand&post=12443"},{"taxonomy":"product_cat","embeddable":true,"href":"https:\/\/cursos.talentup.cl\/index.php?rest_route=%2Fwp%2Fv2%2Fproduct_cat&post=12443"},{"taxonomy":"product_tag","embeddable":true,"href":"https:\/\/cursos.talentup.cl\/index.php?rest_route=%2Fwp%2Fv2%2Fproduct_tag&post=12443"}],"curies":[{"name":"wp","href":"https:\/\/api.w.org\/{rel}","templated":true}]}}