{"id":12449,"date":"2023-01-10T04:40:36","date_gmt":"2023-01-10T07:40:36","guid":{"rendered":"https:\/\/cursos.talentup.cl\/?post_type=product&#038;p=12449"},"modified":"2024-02-07T23:37:43","modified_gmt":"2024-02-08T02:37:43","slug":"aprende-chino-basico-para-hsk-1","status":"publish","type":"product","link":"https:\/\/cursos.talentup.cl\/?product=aprende-chino-basico-para-hsk-1","title":{"rendered":"APRENDE CHINO B\u00c1SICO PARA HSK 1"},"content":{"rendered":"<p>\u00a1Ya es hora de dominar el idioma m\u00e1s hablado del mundo!<\/p>\n<p>Con el MasterClass APRENDE CHINO B\u00c1SICO PARA HSK 1, mejorar\u00e1s tu nivel de chino para que apruebes el examen internacional de HSK nivel I, abrir\u00e1s oportunidades de educaci\u00f3n, inversiones y negocios.<\/p>\n<p>\u00bfQU\u00c9 VAS A LOGRAR?<\/p>\n<p>Podr\u00e1s acceder con las herramientas adecuadas para mejorar tu aprendizaje de chino mandar\u00edn de la mano con profesores nativos.<\/p>\n<p>Conocer\u00e1s algunos detalles de la cultural y pensamiento de China.  <\/p>\n<p>Este programa est\u00e1 desarrollado de manera te\u00f3rico-din\u00e1mico que te permita r\u00e1pidamente encontrar tu propio ritmo del aprendizaje. <\/p>\n<p>Aprender\u00e1s la pronunciaci\u00f3n, la escritura y gram\u00e1tica de forma sencilla.<\/p>\n<p>Conocer\u00e1s tambi\u00e9n el origen de las escrituras chinas. <\/p>\n<p>Aprender\u00e1s a comunicarte en Chino Mandar\u00edn desde la primera lecci\u00f3n.<\/p>\n<p>Aprender\u00e1s terminolog\u00edas usadas com\u00fanmente en el idioma.<\/p>\n<p>Aprender\u00e1s a pronunciar de manera fluida y correcta cada palabra.  <\/p>\n<p>Aprender\u00e1s a estructurar oraciones desde la primera lecci\u00f3n. <\/p>\n<p>Aprender\u00e1s a escribir los \u201cCARACTERES CHINOS\u201d desde la primera lecci\u00f3n. <\/p>\n<p>Aprender\u00e1s a interactuar con tus proveedores y\/o clientes.  <\/p>\n<p>Aprender\u00e1s a entender las canciones y pel\u00edculas chinas. <\/p>\n<p>Y lo mejor de todo \u00a1Aprender\u00e1s con profesores nativos que hablan perfectamente el espa\u00f1ol!<\/p>\n<p>Acceder\u00e1s al certificado avalado por Hotmart y Seminarios Online.<\/p>\n<p>\u00bfC\u00d3MO LO VAS A LOGRAR?<\/p>\n<p>A trav\u00e9s del siguiente contenido, estructurado paso a paso:<\/p>\n<p>M\u00f3dulo 1: Nociones fundamentales<\/p>\n<p>\u00bfQu\u00e9 es HSK?<br \/>\nTerminolog\u00eda y conceptos b\u00e1sicos.<br \/>\nHerramientas digitales.<\/p>\n<p>M\u00f3dulo 2: Desarrollo gramatical<\/p>\n<p>Libro de Texto y libro de ejercicios en PDF<br \/>\nLecci\u00f3n 1: Hola.<br \/>\nLecci\u00f3n 2: Gracias.<br \/>\nLecci\u00f3n 3: \u00bfCu\u00e1l es tu nombre?<br \/>\nLecci\u00f3n 4: Ella es mi profesora de chino.<br \/>\nLecci\u00f3n 5: Su hija tiene 20 a\u00f1os, este a\u00f1o.<\/p>\n<p>M\u00f3dulo 3: Estructuraci\u00f3n de enunciados<\/p>\n<p>Lecci\u00f3n 6: Yo s\u00e9 hablar chino.<br \/>\nLecci\u00f3n 7: \u00bfQu\u00e9 fecha es hoy?<br \/>\nLecci\u00f3n 8: Me gustar\u00eda tomar t\u00e9.<br \/>\nLecci\u00f3n 9: D\u00f3nde trabaja tu hijo?<br \/>\nLecci\u00f3n 10: \u00bfPuedo sentarme ac\u00e1?<\/p>\n<p>M\u00f3dulo 4: Expresiones cotidianas<\/p>\n<p>Lecci\u00f3n 11: \u00bfQu\u00e9 hora es ahora?<br \/>\nLecci\u00f3n 12: \u00bfC\u00f3mo est\u00e1 el clima de ma\u00f1ana?<br \/>\nLecci\u00f3n 13: \u00c9l est\u00e1 aprendiendo a cocinar comida china.<br \/>\nLecci\u00f3n 14: Ella compr\u00f3 mucha ropa.<br \/>\nLecci\u00f3n 15: Vine en avi\u00f3n.<\/p>\n<p>M\u00f3dulo 5: Pr\u00e1ctica de Hanzi<\/p>\n<p>Lecci\u00f3n 1: Hola.<br \/>\nLecci\u00f3n 2: Gracias.<br \/>\nLecci\u00f3n 3: \u00bfCu\u00e1l es tu nombre?<br \/>\nLecci\u00f3n 4: Ella es mi profesora de chino.<br \/>\nLecci\u00f3n 5: Su hija tiene 20 a\u00f1os, este a\u00f1o.<br \/>\nLecci\u00f3n 6: Yo s\u00e9 hablar chino.<br \/>\nLecci\u00f3n 7: \u00bfQu\u00e9 fecha es hoy?<br \/>\nLecci\u00f3n 8: Me gustar\u00eda tomar t\u00e9.<br \/>\nLecci\u00f3n 9: \u00bfD\u00f3nde trabaja tu hijo?<br \/>\nLecci\u00f3n 10: \u00bfPuedo sentarme ac\u00e1?<br \/>\nLecci\u00f3n 11: \u00bfQu\u00e9 hora es ahora?<br \/>\nLecci\u00f3n 12: \u00bfC\u00f3mo est\u00e1 el clima de ma\u00f1ana?<br \/>\nLecci\u00f3n 13: \u00c9l est\u00e1 aprendiendo a cocinar comida china.<br \/>\nLecci\u00f3n 14: Ella compr\u00f3 mucha ropa.<br \/>\nLecci\u00f3n 15: Vine en avi\u00f3n. <\/p>\n<p>M\u00f3dulo 6: Material adicional (Bonos) <\/p>\n<p>Simulaci\u00f3n de HSK 1 (Pack 1).<br \/>\nSimulaci\u00f3n de HSK 1 (Pack 2).<br \/>\nSimulaci\u00f3n de HSK 1 (Pack 3).<br \/>\nSimulaci\u00f3n de HSK 1 (Pack 4).<br \/>\nSimulaci\u00f3n de HSK 1 (Pack 5). <\/p>\n<p>M\u00f3dulo 7: Video respuestas<\/p>\n<p>Video respuesta 1.<br \/>\nVideo respuesta 2.<\/p>\n<p>ACERCA DEL PRODUCTOR<\/p>\n<p>Desarrollado por YATING CHI (LINA), profesora nativa del idioma Chino Mandar\u00edn para hablantes no nativos.<\/p>\n<p>Con m\u00e1s de 9 a\u00f1os de experiencia en el \u00e1mbito educativo (institucional y particular). <\/p>\n<p>Traductora e int\u00e9rprete del idioma Chino Mandar\u00edn, ingl\u00e9s y espa\u00f1ol. <\/p>\n<p>Part\u00edcipe de diversos foros de car\u00e1cter internacional (APEC 2013 en Lima, Per\u00fa Moda 2016, entre otros.)<\/p>\n","protected":false},"excerpt":{"rendered":"<p>\u00a1Ya es hora de dominar el idioma m\u00e1s hablado del mundo!<\/p>\n<p>Con el MasterClass APRENDE CHINO B\u00c1SICO PARA HSK 1, mejorar\u00e1s tu nivel de chino para que apruebes el examen internacional de HSK nivel I, abrir\u00e1s oportunidades de educaci\u00f3n, inversiones y negocios.<\/p>\n","protected":false},"featured_media":3822,"template":"","meta":{"_joinchat":[]},"product_brand":[],"product_cat":[328,344],"product_tag":[],"class_list":{"0":"post-12449","1":"product","2":"type-product","3":"status-publish","4":"has-post-thumbnail","6":"product_cat-idiomas","7":"product_cat-todos","9":"first","10":"instock","11":"sale","12":"shipping-taxable","13":"product-type-external"},"_links":{"self":[{"href":"https:\/\/cursos.talentup.cl\/index.php?rest_route=\/wp\/v2\/product\/12449","targetHints":{"allow":["GET"]}}],"collection":[{"href":"https:\/\/cursos.talentup.cl\/index.php?rest_route=\/wp\/v2\/product"}],"about":[{"href":"https:\/\/cursos.talentup.cl\/index.php?rest_route=\/wp\/v2\/types\/product"}],"version-history":[{"count":2,"href":"https:\/\/cursos.talentup.cl\/index.php?rest_route=\/wp\/v2\/product\/12449\/revisions"}],"predecessor-version":[{"id":14488,"href":"https:\/\/cursos.talentup.cl\/index.php?rest_route=\/wp\/v2\/product\/12449\/revisions\/14488"}],"wp:featuredmedia":[{"embeddable":true,"href":"https:\/\/cursos.talentup.cl\/index.php?rest_route=\/wp\/v2\/media\/3822"}],"wp:attachment":[{"href":"https:\/\/cursos.talentup.cl\/index.php?rest_route=%2Fwp%2Fv2%2Fmedia&parent=12449"}],"wp:term":[{"taxonomy":"product_brand","embeddable":true,"href":"https:\/\/cursos.talentup.cl\/index.php?rest_route=%2Fwp%2Fv2%2Fproduct_brand&post=12449"},{"taxonomy":"product_cat","embeddable":true,"href":"https:\/\/cursos.talentup.cl\/index.php?rest_route=%2Fwp%2Fv2%2Fproduct_cat&post=12449"},{"taxonomy":"product_tag","embeddable":true,"href":"https:\/\/cursos.talentup.cl\/index.php?rest_route=%2Fwp%2Fv2%2Fproduct_tag&post=12449"}],"curies":[{"name":"wp","href":"https:\/\/api.w.org\/{rel}","templated":true}]}}