{"id":12450,"date":"2023-01-10T04:40:36","date_gmt":"2023-01-10T07:40:36","guid":{"rendered":"https:\/\/cursos.talentup.cl\/?post_type=product&#038;p=12450"},"modified":"2024-02-07T23:37:43","modified_gmt":"2024-02-08T02:37:43","slug":"neuroingles","status":"publish","type":"product","link":"https:\/\/cursos.talentup.cl\/?product=neuroingles","title":{"rendered":"NEUROINGL\u00c9S"},"content":{"rendered":"<p>\u00bfCrees que es complicado aprender ingl\u00e9s?<\/p>\n<p>Con el MasterClass NEUROINGL\u00c9S, podr\u00e1s entender y hablar el idioma que tanto has anhelado, utilizando este novedoso m\u00e9todo.<\/p>\n<p>\u00bfQU\u00c9 VAS A LOGRAR?<\/p>\n<p>Entender\u00e1s el ingl\u00e9s de manera natural, as\u00ed como entiendes el espa\u00f1ol.<\/p>\n<p>Aprender\u00e1s el ingl\u00e9s de manera enfocada y coherente, aplicando lo que conozcas para que construyas oraciones.<\/p>\n<p>Aprender\u00e1s la pronunciaci\u00f3n adecuada de palabras porque ser\u00e1s guiado en cada lecci\u00f3n.<\/p>\n<p>Aprender\u00e1s m\u00e1s de 1000 palabras que te permitir\u00e1n tener una conversaci\u00f3n general.<\/p>\n<p>Aprender\u00e1s a construir oraciones en tu mente para luego hablarlas.<\/p>\n<p>Educar\u00e1s tu o\u00eddo a los sonidos de la lengua inglesa.<\/p>\n<p>Conocer la gram\u00e1tica de las oraciones habladas.<\/p>\n<p>Aprender\u00e1s a hablar con fluidez asociando tu mente a im\u00e1genes, es decir, usar\u00e1s la parte visual.<\/p>\n<p>Lograr\u00e1s responder de manera natural a preguntas que te hagan, para ello, contar\u00e1s con actividades donde tengas que responder de acuerdo a lo que veas.<\/p>\n<p>Desarrollar\u00e1s tus propios m\u00e9todos de aprendizaje.<\/p>\n<p>Usar\u00e1s tres estilos de aprendizaje que son: el visual, el auditivo y el kinest\u00e9sico (cuando lo hablas).<\/p>\n<p>Acceder\u00e1s al certificado avalado por Hotmart y Seminarios Online.<\/p>\n<p>\u00bfC\u00d3MO LO VAS A LOGRAR?<\/p>\n<p>A trav\u00e9s del siguiente contenido, estructurado paso a paso:<\/p>\n<p>M\u00f3dulo No.1 &#8211; Inicio<\/p>\n<p>Introducci\u00f3n.<br \/>\nJustificaci\u00f3n.<br \/>\nRecomendaciones.<\/p>\n<p>M\u00f3dulo No.2 &#8211; Neuroclases<\/p>\n<p>El alfabeto.<br \/>\nPronombres personales parte 1.<br \/>\nPronombres personales parte 2.<br \/>\nVerbo to be.<br \/>\nVocabulario 1.<br \/>\nSustantivos en plural.<br \/>\nArt\u00edculos parte 1.<br \/>\nArt\u00edculos parte 2.<br \/>\nAdjetivos.<br \/>\nDemostrativos parte 1.<br \/>\nDemostrativos parte 2.<br \/>\nExpresiones comunes.<br \/>\nN\u00fameros cardinales parte 1.<br \/>\nN\u00fameros cardinales parte 2.<br \/>\nN\u00fameros cardinales parte 3.<br \/>\nN\u00fameros cardinales parte 4.<br \/>\nN\u00fameros cardinales parte 5.<br \/>\nVocabulario 2.<br \/>\nPreposiciones in y on.<br \/>\nHow much \/ how many &#8211; there is \/ there are.<br \/>\nPreposiciones de lugar.<br \/>\nVocabulario 3.<br \/>\nLa hora.<br \/>\nPosesivos.<br \/>\nVocabulario 4.<br \/>\nLos verbos parte 1.<br \/>\nLos verbos parte 2.<br \/>\nPresente simple parte 1.<br \/>\nPresente simple parte 1 &#8211; verbo to be (forma afirmativa).<br \/>\nPresente simple parte 1 &#8211; verbo to be (forma negativa).<br \/>\nPresente simple parte 1 &#8211; verbo to be (forma interrogativa).<br \/>\nPresente simple parte 2.<br \/>\nPresente simple parte 2 &#8211; otros verbos (forma afirmativa).<br \/>\nPresente simple parte 2 &#8211; otros verbos (forma negativa).<br \/>\nPresente simple parte 2 &#8211; otros verbos (forma interrogativa).<br \/>\nPresente continuo.<br \/>\nN\u00fameros ordinales parte 1.<br \/>\nN\u00fameros ordinales parte 2.<br \/>\nVocabulario 5.<br \/>\nFuturo con going to.<br \/>\nVerbo auxiliar modal can.<br \/>\nComparativos.<br \/>\nSuperlativos.<br \/>\nVocabulario 6.<br \/>\nPronombre objeto.<br \/>\nFuturo simple.<br \/>\nPasado simple parte 1.<br \/>\nPasado simple parte 1 &#8211; verbo to be (forma afirmativa).<br \/>\nPasado simple parte 1 &#8211; verbo to be (forma negativa).<br \/>\nPasado simple parte 1 &#8211; verbo to be (forma interrogativa).<br \/>\nPasado simple parte 2.<br \/>\nPasado simple parte 3 &#8211; otros verbos (forma afirmativa).<br \/>\nPasado simple parte 3 &#8211; otros verbos (forma negativa).<br \/>\nPasado simple parte 3 &#8211; otros verbos (forma interrogativa).<br \/>\nPasado continuo.<br \/>\nVocabulario 7.<br \/>\nPresente perfecto.<br \/>\nPresente perfecto &#8211; afirmativo.<br \/>\nPresente perfecto &#8211; negativo.<br \/>\nPresente perfecto &#8211; interrogativo.<br \/>\nPasado perfecto.<br \/>\nPasado perfecto &#8211; afirmativo.<br \/>\nPasado perfecto &#8211; negativo.<br \/>\nPasado perfecto &#8211; interrogativo.<br \/>\nVerbo modal should.<br \/>\nVerbo modal must.<br \/>\nVerbo modal would.<br \/>\nVerbo modal could.<br \/>\nVerbo modal may.<br \/>\nVerbo modal might.<\/p>\n<p>M\u00f3dulo No.3 &#8211; Neuroactiviades<\/p>\n<p>Introducci\u00f3n a las neuroactividades.<br \/>\nNeuroactividad 1.<br \/>\nNeuroactividad 2.<br \/>\nNeuroactividad 3.<br \/>\nNeuroactividad 4.<br \/>\nNeuroactividad 5.<\/p>\n<p>M\u00f3dulo No.4 &#8211; Neuroaudios<\/p>\n<p>Introducci\u00f3n a los Neuroaudios.<br \/>\nLista de Neuroaudios.<\/p>\n<p>M\u00f3dulo No.5 &#8211; Material adicional y complementario<\/p>\n<p>Introducci\u00f3n al Material adicional y complementario.<\/p>\n<p>M\u00f3dulo No.6 &#8211; Video respuestas a preguntas frecuentes<\/p>\n<p>\u00bfCu\u00e1nto tiempo te demoraste aprendiendo ingl\u00e9s?<br \/>\n\u00bfQu\u00e9 recomendaci\u00f3n das para aprender ingl\u00e9s?<br \/>\n\u00bfCu\u00e1l es m\u00e1s f\u00e1cil: el ingl\u00e9s o el espa\u00f1ol?<\/p>\n<p>ACERCA DEL PRODUCTOR<\/p>\n<p>Desarrollado por SANTIAGO MART\u00cdNEZ, profesor de ingl\u00e9s con certificaci\u00f3n internacional B2 bajo el Marco Com\u00fan Europeo de Referencia para Lenguas.<\/p>\n<p>Con experiencia de seis a\u00f1os ense\u00f1ando a personas con edades de cuatro a\u00f1os hasta mayores de 50 en instituciones educativas formales y no formales, desarrollando t\u00e9cnicas y estrategias de acuerdo a las edades y necesidades.<\/p>\n","protected":false},"excerpt":{"rendered":"<p>\u00bfCrees que es complicado aprender ingl\u00e9s?<\/p>\n<p>Con el MasterClass NEUROINGL\u00c9S, podr\u00e1s entender y hablar el idioma que tanto has anhelado, utilizando este novedoso m\u00e9todo.<\/p>\n","protected":false},"featured_media":3823,"template":"","meta":{"_joinchat":[]},"product_brand":[],"product_cat":[328,344],"product_tag":[],"class_list":{"0":"post-12450","1":"product","2":"type-product","3":"status-publish","4":"has-post-thumbnail","6":"product_cat-idiomas","7":"product_cat-todos","9":"first","10":"instock","11":"sale","12":"shipping-taxable","13":"product-type-external"},"_links":{"self":[{"href":"https:\/\/cursos.talentup.cl\/index.php?rest_route=\/wp\/v2\/product\/12450","targetHints":{"allow":["GET"]}}],"collection":[{"href":"https:\/\/cursos.talentup.cl\/index.php?rest_route=\/wp\/v2\/product"}],"about":[{"href":"https:\/\/cursos.talentup.cl\/index.php?rest_route=\/wp\/v2\/types\/product"}],"version-history":[{"count":2,"href":"https:\/\/cursos.talentup.cl\/index.php?rest_route=\/wp\/v2\/product\/12450\/revisions"}],"predecessor-version":[{"id":14489,"href":"https:\/\/cursos.talentup.cl\/index.php?rest_route=\/wp\/v2\/product\/12450\/revisions\/14489"}],"wp:featuredmedia":[{"embeddable":true,"href":"https:\/\/cursos.talentup.cl\/index.php?rest_route=\/wp\/v2\/media\/3823"}],"wp:attachment":[{"href":"https:\/\/cursos.talentup.cl\/index.php?rest_route=%2Fwp%2Fv2%2Fmedia&parent=12450"}],"wp:term":[{"taxonomy":"product_brand","embeddable":true,"href":"https:\/\/cursos.talentup.cl\/index.php?rest_route=%2Fwp%2Fv2%2Fproduct_brand&post=12450"},{"taxonomy":"product_cat","embeddable":true,"href":"https:\/\/cursos.talentup.cl\/index.php?rest_route=%2Fwp%2Fv2%2Fproduct_cat&post=12450"},{"taxonomy":"product_tag","embeddable":true,"href":"https:\/\/cursos.talentup.cl\/index.php?rest_route=%2Fwp%2Fv2%2Fproduct_tag&post=12450"}],"curies":[{"name":"wp","href":"https:\/\/api.w.org\/{rel}","templated":true}]}}