{"id":12453,"date":"2023-01-10T04:40:36","date_gmt":"2023-01-10T07:40:36","guid":{"rendered":"https:\/\/cursos.talentup.cl\/?post_type=product&#038;p=12453"},"modified":"2024-02-07T23:37:44","modified_gmt":"2024-02-08T02:37:44","slug":"portugues-para-principiantes","status":"publish","type":"product","link":"https:\/\/cursos.talentup.cl\/?product=portugues-para-principiantes","title":{"rendered":"PORTUGU\u00c9S PARA PRINCIPIANTES"},"content":{"rendered":"<p>\u00bfSe voce fala espa\u00f1ol, voc\u00ea sabia que aprender portugu\u00eas \u00e9 muito f\u00e1cil?<\/p>\n<p>Con el masterclass PORTUGU\u00c9S PARA PRINCIPIANTES<br \/>\naprender\u00e1s las palabras, expresiones y pronunciaci\u00f3n correcta de la tercera lengua mas hablada del alfabeto latino.<\/p>\n<p>\u00bfQU\u00c9 VAS A LOGRAR?<\/p>\n<p>Conocer\u00e1s que el portugu\u00e9s es el idioma m\u00e1s f\u00e1cil de aprender s\u00ed hablas espa\u00f1ol.<\/p>\n<p>Aprender\u00e1s las formas correctas de saludar y despedirte.<\/p>\n<p>Sabr\u00e1s la fon\u00e9tica del abecedario.<\/p>\n<p>Podr\u00e1s identificar los d\u00edas de la semana y los meses del a\u00f1o.<\/p>\n<p>Entender\u00e1s la estructura para realizar preguntas correctamente.<\/p>\n<p>Aprender\u00e1s como decir los n\u00fameros.<\/p>\n<p>Aprender\u00e1s como mencionar los colores.<\/p>\n<p>Sabr\u00e1s como realizar tu presentaci\u00f3n personal correctamente.<\/p>\n<p>Conocer\u00e1s las comidas m\u00e1s t\u00edpicas de Brasil.<\/p>\n<p>Podr\u00e1s describir tu rutina diaria.<\/p>\n<p>Aprender\u00e1s el vocabulario de familia.<\/p>\n<p>Manejar\u00e1s el acento portugu\u00e9s.<\/p>\n<p>Aprender\u00e1s el vocabulario de los diferentes tipos de verbos.<\/p>\n<p>Acceder\u00e1s al certificado avalado por Hotmart y Seminarios Online.<\/p>\n<p>\u00bfC\u00d3MO LO VAS A LOGRAR?<\/p>\n<p>A trav\u00e9s del siguiente contenido, estructurado paso a paso:<\/p>\n<p>M\u00f3dulo No.1 Bienvenida al curso<\/p>\n<p>Video 1 &#8211; Introducci\u00f3n.<\/p>\n<p>M\u00f3dulo No.2 Pronuncia<\/p>\n<p>Video 2 \u2013 Alfabeto.<br \/>\nVideo 3 \u2013 Vocales y consonantes.<br \/>\nVideo 4 &#8211; N\u00fameros.<br \/>\nVideo 5 &#8211; Colores.<\/p>\n<p>M\u00f3dulo No.3 Fon\u00e9tica<\/p>\n<p>Video 6 \u2013 Fon\u00e9tica I.<br \/>\nVideo 7 \u2013 Fon\u00e9tica II.<br \/>\nVideo 8 \u2013 Fon\u00e9tica III.<br \/>\nVideo 9 \u2013 Consonantes mudas y d\u00edgrafos.<br \/>\nVideo 10 \u2013 Acentos do portugu\u00e9s.<\/p>\n<p>M\u00f3dulo No.4 Presentaci\u00f3n personal<\/p>\n<p>Video 11 \u2013 Presentaci\u00f3n personal.<br \/>\nVideo 12 &#8211; Comprimentos.<br \/>\nVideo 13 &#8211; Despedidas.<br \/>\nVideo 14 \u2013 Cumprimientos y presentaci\u00f3n personal.<br \/>\nVideo 15 \u2013 Expresiones cotidianas.<\/p>\n<p>M\u00f3dulo No.5 Art\u00edculos definidos e indefinidos<\/p>\n<p>Video 16 \u2013 Art\u00edculos definidos e indefinidos.<\/p>\n<p>M\u00f3dulo No.6 Verbos regulares e irregulares<\/p>\n<p>Video 17 \u2013 Verbos irregulares en el tiempo presente SER ESTAR IR TENER.<br \/>\nVideo 18 \u2013 Verbos regulares AR ER IR.<\/p>\n<p>M\u00f3dulo No.7 Preposiciones<\/p>\n<p>Video 19 \u2013 Preposiciones.<br \/>\nVideo 20 &#8211; Contracciones.<\/p>\n<p>M\u00f3dulo No.8 Pronombres interrogativos<\/p>\n<p>Video 21 \u2013 Palabras interrogativas.<br \/>\nVideo 22 \u2013 Verbo IR medios de transporte.<br \/>\nVideo 23 &#8211; Pronombres demostrativos.<\/p>\n<p>M\u00f3dulo No.9 Vocabulario I<\/p>\n<p>Video 24 \u2013 Pronombres posesivos.<br \/>\nVideo 25 \u2013 Vocabulario de familia.<br \/>\nVideo 26 \u2013 Descripci\u00f3n f\u00edsica.<br \/>\nVideo 27 -Verbos querer, poder e hacer.<br \/>\nVideo 28 &#8211; Profesiones.<\/p>\n<p>M\u00f3dulo No.10 Rutinas<\/p>\n<p>Video 29 \u2013 D\u00edas de la semana.<br \/>\nVideo 30 \u2013 Meses del a\u00f1o.<br \/>\nVideo 31 \u2013 Comidas.<br \/>\nVideo 32 &#8211; Rutina.<\/p>\n<p>M\u00f3dulo No.11 Vocabulario II<\/p>\n<p>Video 33 \u2013 Futuro inmediato.<br \/>\nVideo 34 \u2013 Presente continuo.<br \/>\nVideo 35 &#8211; Plurales.<\/p>\n<p>M\u00f3dulo No.12 (Material adicional &#8211; BONOS)<\/p>\n<p>Video 36 \u2013 Bono I Clase gratuita.<br \/>\nVideo 37 \u2013 Bono II MasterClass.<\/p>\n<p>M\u00f3dulo No.13 (Video respuestas)<\/p>\n<p>Video 38 \u2013\u00bfCu\u00e1nto tiempo deber\u00eda practicar el portugu\u00e9s?.<br \/>\nVideo 39 \u2013 \u00bfC\u00f3mo aprender mejor el portugu\u00e9s?.<\/p>\n<p>M\u00f3dulo No.14 Despedida<\/p>\n<p>Video 40 \u2013 Despedida.<\/p>\n<p>ACERCA DEL PRODUCTOR<\/p>\n<p>Desarrollado por el profesor ALEXANDER PELISSONI licenciado en portugu\u00e9s nativo, nacido en Sao Paulo- Brasil con m\u00e1ster en ense\u00f1anza en lengua extranjera con m\u00e1s de siete a\u00f1os de experiencia catedr\u00e1tico universitario, con experiencia en ense\u00f1anza de siete a\u00f1os en docencia.<\/p>\n<p>Consciente de las diferentes formas de aprendizaje y de que cada persona tiene metas diferentes, Alexander Pelissoni ofrece servicios de tutor\u00edas y clases privadas personalizadas online y presenciales, a grupos, a j\u00f3venes y adultos para el afianzamiento de las habilidades en portugu\u00e9s como lengua extranjera. <\/p>\n<p>Tiene como principio adaptarse a las necesidades espec\u00edficas de cada estudiante y as\u00ed permitirles alcanzar sus objetivos de forma eficiente y pr\u00e1ctica.<\/p>\n","protected":false},"excerpt":{"rendered":"<p>\u00bfSe voce fala espa\u00f1ol, voc\u00ea sabia que aprender portugu\u00eas \u00e9 muito f\u00e1cil?<\/p>\n<p>Con el masterclass PORTUGU\u00c9S PARA PRINCIPIANTES<br \/>\naprender\u00e1s las palabras, expresiones y pronunciaci\u00f3n correcta de la tercera lengua mas hablada del alfabeto latino.<\/p>\n","protected":false},"featured_media":3826,"template":"","meta":{"_joinchat":[]},"product_brand":[],"product_cat":[328,344],"product_tag":[],"class_list":{"0":"post-12453","1":"product","2":"type-product","3":"status-publish","4":"has-post-thumbnail","6":"product_cat-idiomas","7":"product_cat-todos","9":"first","10":"instock","11":"sale","12":"shipping-taxable","13":"product-type-external"},"_links":{"self":[{"href":"https:\/\/cursos.talentup.cl\/index.php?rest_route=\/wp\/v2\/product\/12453","targetHints":{"allow":["GET"]}}],"collection":[{"href":"https:\/\/cursos.talentup.cl\/index.php?rest_route=\/wp\/v2\/product"}],"about":[{"href":"https:\/\/cursos.talentup.cl\/index.php?rest_route=\/wp\/v2\/types\/product"}],"version-history":[{"count":2,"href":"https:\/\/cursos.talentup.cl\/index.php?rest_route=\/wp\/v2\/product\/12453\/revisions"}],"predecessor-version":[{"id":14492,"href":"https:\/\/cursos.talentup.cl\/index.php?rest_route=\/wp\/v2\/product\/12453\/revisions\/14492"}],"wp:featuredmedia":[{"embeddable":true,"href":"https:\/\/cursos.talentup.cl\/index.php?rest_route=\/wp\/v2\/media\/3826"}],"wp:attachment":[{"href":"https:\/\/cursos.talentup.cl\/index.php?rest_route=%2Fwp%2Fv2%2Fmedia&parent=12453"}],"wp:term":[{"taxonomy":"product_brand","embeddable":true,"href":"https:\/\/cursos.talentup.cl\/index.php?rest_route=%2Fwp%2Fv2%2Fproduct_brand&post=12453"},{"taxonomy":"product_cat","embeddable":true,"href":"https:\/\/cursos.talentup.cl\/index.php?rest_route=%2Fwp%2Fv2%2Fproduct_cat&post=12453"},{"taxonomy":"product_tag","embeddable":true,"href":"https:\/\/cursos.talentup.cl\/index.php?rest_route=%2Fwp%2Fv2%2Fproduct_tag&post=12453"}],"curies":[{"name":"wp","href":"https:\/\/api.w.org\/{rel}","templated":true}]}}