{"id":12454,"date":"2023-01-10T04:40:36","date_gmt":"2023-01-10T07:40:36","guid":{"rendered":"https:\/\/cursos.talentup.cl\/?post_type=product&#038;p=12454"},"modified":"2024-02-07T23:37:42","modified_gmt":"2024-02-08T02:37:42","slug":"trucos-para-aprender-ingles-basico-desde-cero","status":"publish","type":"product","link":"https:\/\/cursos.talentup.cl\/?product=trucos-para-aprender-ingles-basico-desde-cero","title":{"rendered":"TRUCOS PARA APRENDER INGL\u00c9S B\u00c1SICO DESDE CERO"},"content":{"rendered":"<p>\u00bfSabias que el ingles es el idioma mas hablado en todo el mundo?<\/p>\n<p>Con el MasterClass TRUCOS PARA APRENDER INGL\u00c9S B\u00c1SICO DESDE CERO PARA ADULTOS podr\u00e1s aprender desde cero a comunicarte en un idioma que te abrir\u00e1 las puertas a muchos mercados.<\/p>\n<p>\u00bfQU\u00c9 VAS A LOGRAR?<\/p>\n<p>Conocer\u00e1s los mejores trucos para aprender el vocabulario necesario para empezar aprender ingl\u00e9s.<\/p>\n<p>Derribar\u00e1s varios mitos que existen a la hora de aprender ingl\u00e9s desde cero.<\/p>\n<p>Entender\u00e1s el proceso que hay detr\u00e1s de la construcci\u00f3n de preguntas y respuestas b\u00e1sicas en ingl\u00e9s.<\/p>\n<p>Dominar\u00e1s el uso de expresiones del d\u00eda a d\u00eda que te brindar\u00e1n la confianza necesaria a la hora de expresarse en conversaciones b\u00e1sicas del ingl\u00e9s.<\/p>\n<p>Aprender\u00e1s c\u00f3mo pronunciar de una manera m\u00e1s simple y f\u00e1cil el vocabulario m\u00e1s esencial y com\u00fan a la hora de empezar hablar ingl\u00e9s.<\/p>\n<p>Conocer\u00e1s varias t\u00e9cnicas de estudio que te permitir\u00e1n desarrollar una pr\u00e1ctica aut\u00f3noma y constante del idioma sin importar donde est\u00e9s.<\/p>\n<p>Lograr\u00e1s comunicarte con confianza y entender a los dem\u00e1s en temas relacionados al d\u00eda a d\u00eda.<\/p>\n<p>Perder\u00e1s el miedo a empezar a hablar en ingl\u00e9s con los ejercicios pr\u00e1cticos que encontrar\u00e1s dentro del curso.<\/p>\n<p>Acceder\u00e1s al certificado avalado por Hotmart y Seminarios Online.<\/p>\n<p>\u00bfC\u00d3MO LO VAS A LOGRAR?<\/p>\n<p>A trav\u00e9s del siguiente contenido, estructurado paso a paso:<\/p>\n<p>M\u00f3dulo de Introducci\u00f3n<\/p>\n<p>Introducci\u00f3n al curso.<br \/>\n\u00bfPor qu\u00e9 es importante tener unas buenas bases de ingl\u00e9s?.<\/p>\n<p>M\u00f3dulo 1: Todo lo que debes saber sobre el alfabeto en ingl\u00e9s<\/p>\n<p>\u00bfPor qu\u00e9 es importante aprender el alfabeto en ingl\u00e9s?.<br \/>\nMitos y consideraciones importantes al aprender el alfabeto.<br \/>\nTrucos de pronunciaci\u00f3n de las letras del alfabeto.<br \/>\nT\u00e9cnicas de estudio del alfabeto.<br \/>\nExpresiones \u00fatiles que debes aprender en este momento.<br \/>\nPr\u00e1ctica de spelling.<br \/>\nConsejos de pr\u00e1ctica y conclusi\u00f3n.<\/p>\n<p>M\u00f3dulo 2: Frases y Herramientas Salvavidas del ingl\u00e9s<\/p>\n<p>\u00bfQu\u00e9 es importante a la hora de empezar a aprender ingl\u00e9s?.<br \/>\nFrases salvavidas.<br \/>\nSaludos informales y formales.<br \/>\nFundamentos b\u00e1sicos de gram\u00e1tica.<br \/>\nConsejos y t\u00e9cnicas de estudio.<br \/>\nHerramienta salvavida para aprender y mejorar tu vocabulario.<br \/>\nRecomendaciones finales.<\/p>\n<p>M\u00f3dulo 3: Aprende a hablar sobre ti<\/p>\n<p>Lecci\u00f3n de vocabulario y pronunciaci\u00f3n: pronunciaci\u00f3n de preguntas b\u00e1sicas.<br \/>\nLecci\u00f3n de gram\u00e1tica: el misterio del verbo to be explicado de manera simple y f\u00e1cil.<br \/>\nTips salvavidas de gram\u00e1tica.<br \/>\nSimulaci\u00f3n de conversaci\u00f3n.<br \/>\n\u00bfC\u00f3mo practicar el verbo to be en internet?.<br \/>\nTest del verbo to be.<\/p>\n<p>M\u00f3dulo # 4: Trucos de pronunciaci\u00f3n para dominar los n\u00fameros, correos y tel\u00e9fonos en ingl\u00e9s<\/p>\n<p>Trucos para pronunciar los n\u00fameros.<br \/>\nTrucos para escribir los n\u00fameros.<br \/>\n\u00bfC\u00f3mo decir tu correo electr\u00f3nico f\u00e1cilmente?.<br \/>\nPr\u00e1ctica de gram\u00e1tica interesante.<br \/>\nSimulaci\u00f3n de conversaci\u00f3n.<br \/>\nTest de los n\u00fameros y s\u00edmbolos del correo en ingl\u00e9s.<\/p>\n<p>M\u00f3dulo 5: Trucos para aprender a hablar sobre tu familia en ingl\u00e9s<\/p>\n<p>Trucos para pronunciar los miembros de la familia.<br \/>\nTrucos de gram\u00e1tica para hablar sobre la familia.<br \/>\nSimulaci\u00f3n de conversaci\u00f3n sobre la familia.<br \/>\nConsejos y t\u00e9cnicas de estudio.<br \/>\nTest de los miembros de la familia.<\/p>\n<p>M\u00f3dulo 6: Trucos para aprender a usar los plurales en ingl\u00e9s<\/p>\n<p>Trucos de pronunciaci\u00f3n de los plurales.<br \/>\nTrucos de gram\u00e1tica de los plurales.<br \/>\nSimulaci\u00f3n de conversaci\u00f3n.<br \/>\nConsejos y t\u00e9cnicas de estudio.<br \/>\nTest de los plurales en ingl\u00e9s.<\/p>\n<p>M\u00f3dulo 7: Trucos para dominar el uso del Can y Can&#8217;t<\/p>\n<p>Trucos de pronunciaci\u00f3n de las habilidades principales.<br \/>\nTrucos para usar y pronunciar el can y can&#8217;t.<br \/>\nSimulaci\u00f3n de conversaci\u00f3n sobre las habilidades.<br \/>\nConsejos y t\u00e9cnicas de estudio.<br \/>\nTest del uso del can y can&#8217;t.<\/p>\n<p>M\u00f3dulo 8: Trucos y expresiones para hablar sobre tus preferencias en ingl\u00e9s<\/p>\n<p>Trucos de gram\u00e1tica para hablar de lo que te gusta y no te gusta.<br \/>\nExpresiones \u00fatiles para hablar de lo que te gusta y no te gusta.<br \/>\nSimulaci\u00f3n de conversaci\u00f3n sobre preferencias.<br \/>\nConsejos y t\u00e9cnicas de estudio.<br \/>\nTest de preferencias en ingl\u00e9s.<\/p>\n<p>M\u00f3dulo 9: Trucos para hablar f\u00e1cilmente sobre los lugares de tu ciudad<\/p>\n<p>Trucos para pronunciar los lugares de tu ciudad.<br \/>\nTrucos de gram\u00e1tica para hablar de los lugares de tu ciudad.<br \/>\nSimulaci\u00f3n de conversaci\u00f3n sobre lugares.<br \/>\nConsejos y t\u00e9cnicas de estudio.<br \/>\nTest de los lugares de la ciudad.<\/p>\n<p>M\u00f3dulo 10: Trucos para hablar del d\u00eda a d\u00eda sin problemas<\/p>\n<p>Trucos para pronunciar las rutinas diarias.<br \/>\nTrucos de gram\u00e1tica para hablar del d\u00eda a d\u00eda (presente simple).<br \/>\nTrucos para dominar el uso de do y does en presente simple.<br \/>\nTrucos pr\u00e1cticos para hacer preguntas con do y does.<br \/>\nTrucos para hacer preguntas m\u00e1s elaboradas con las palabras wh.<br \/>\nSimulaci\u00f3n de conversaci\u00f3n sobre rutinas diarias.<br \/>\nConsejos y t\u00e9cnicas de estudio.<br \/>\nTest del presente simple.<\/p>\n<p>M\u00f3dulo de Bonus adicionales<\/p>\n<p>Bonus # 1: Aprende a usar 20 preguntas f\u00e1ciles en ingl\u00e9s para toda ocasi\u00f3n.<br \/>\nBonus # 2: Conoce 15 verbos muy usados en ingl\u00e9s.<br \/>\nBonus # 3: Descubre 5 maneras de practicar ingl\u00e9s por tu cuenta.<br \/>\nBonus # 4: Aprende las diferencias importantes entre el espa\u00f1ol y el ingl\u00e9s.<\/p>\n<p>M\u00f3dulo de Video Respuestas (Se actualiza constantemente)<\/p>\n<p>\u00bfCu\u00e1nto tiempo debo practicar al d\u00eda?.<br \/>\n\u00bfCu\u00e1nto tiempo me voy a demorar para aprender ingl\u00e9s?.<\/p>\n<p>ACERCA DEL PRODUCTOR<\/p>\n<p>Desarrollado por SIM\u00d3N RAM\u00cdREZ S\u00c1ENZ m\u00e1s conocido en redes sociales c\u00f3mo \u201cSim\u00f3n S\u00e1enz English\u201d es un profesor certificado en la ense\u00f1anza del ingl\u00e9s y que con su particular metodolog\u00eda de ense\u00f1anza a trav\u00e9s de trucos ha cautivado a m\u00e1s de 630.000 estudiantes a trav\u00e9s de todas sus redes sociales. <\/p>\n<p>Actualmente se dedica a la creaci\u00f3n de contenido digital para la ense\u00f1anza del ingl\u00e9s y tiene presencia activa en Instagram, Tiktok y Youtube. Adem\u00e1s, es asesor y consultor de ingl\u00e9s impactando as\u00ed la vida de cientos de personas que sue\u00f1an con hablar este idioma.<\/p>\n","protected":false},"excerpt":{"rendered":"<p>\u00bfSabias que el ingles es el idioma mas hablado en todo el mundo?<\/p>\n<p>Con el MasterClass TRUCOS PARA APRENDER INGL\u00c9S B\u00c1SICO DESDE CERO PARA ADULTOS podr\u00e1s aprender desde cero a comunicarte en un idioma que te abrir\u00e1 las puertas a muchos mercados.<\/p>\n","protected":false},"featured_media":3827,"template":"","meta":{"_joinchat":[]},"product_brand":[],"product_cat":[328,344],"product_tag":[],"class_list":{"0":"post-12454","1":"product","2":"type-product","3":"status-publish","4":"has-post-thumbnail","6":"product_cat-idiomas","7":"product_cat-todos","9":"first","10":"instock","11":"sale","12":"shipping-taxable","13":"product-type-external"},"_links":{"self":[{"href":"https:\/\/cursos.talentup.cl\/index.php?rest_route=\/wp\/v2\/product\/12454","targetHints":{"allow":["GET"]}}],"collection":[{"href":"https:\/\/cursos.talentup.cl\/index.php?rest_route=\/wp\/v2\/product"}],"about":[{"href":"https:\/\/cursos.talentup.cl\/index.php?rest_route=\/wp\/v2\/types\/product"}],"version-history":[{"count":2,"href":"https:\/\/cursos.talentup.cl\/index.php?rest_route=\/wp\/v2\/product\/12454\/revisions"}],"predecessor-version":[{"id":14493,"href":"https:\/\/cursos.talentup.cl\/index.php?rest_route=\/wp\/v2\/product\/12454\/revisions\/14493"}],"wp:featuredmedia":[{"embeddable":true,"href":"https:\/\/cursos.talentup.cl\/index.php?rest_route=\/wp\/v2\/media\/3827"}],"wp:attachment":[{"href":"https:\/\/cursos.talentup.cl\/index.php?rest_route=%2Fwp%2Fv2%2Fmedia&parent=12454"}],"wp:term":[{"taxonomy":"product_brand","embeddable":true,"href":"https:\/\/cursos.talentup.cl\/index.php?rest_route=%2Fwp%2Fv2%2Fproduct_brand&post=12454"},{"taxonomy":"product_cat","embeddable":true,"href":"https:\/\/cursos.talentup.cl\/index.php?rest_route=%2Fwp%2Fv2%2Fproduct_cat&post=12454"},{"taxonomy":"product_tag","embeddable":true,"href":"https:\/\/cursos.talentup.cl\/index.php?rest_route=%2Fwp%2Fv2%2Fproduct_tag&post=12454"}],"curies":[{"name":"wp","href":"https:\/\/api.w.org\/{rel}","templated":true}]}}