{"id":12456,"date":"2023-01-10T04:40:37","date_gmt":"2023-01-10T07:40:37","guid":{"rendered":"https:\/\/cursos.talentup.cl\/?post_type=product&#038;p=12456"},"modified":"2024-02-07T23:37:44","modified_gmt":"2024-02-08T02:37:44","slug":"piensa-en-ingles","status":"publish","type":"product","link":"https:\/\/cursos.talentup.cl\/?product=piensa-en-ingles","title":{"rendered":"PIENSA EN INGL\u00c9S"},"content":{"rendered":"<p>\u00a1El ingl\u00e9s es el idioma universal, facilita la comunicaci\u00f3n y el comercio a nivel internacional!<\/p>\n<p>Con el MASTER CLASS PIENSA EN INGL\u00c9S, tendr\u00e1s acceso a m\u00e1s oportunidades laborales o a estudiar en el pa\u00eds que quieras. <\/p>\n<p>Aqu\u00ed alcanzar\u00e1s el nivel B1 referencia por el marco com\u00fan europeo, mejorar\u00e1s tu expresi\u00f3n oral, escrita, tu comprensi\u00f3n de lectura y mucho m\u00e1s.<\/p>\n<p>\u00bfQU\u00c9 VAS A LOGRAR?<\/p>\n<p>Alcanzar\u00e1s el nivel B1 referenciado por el marco com\u00fan Europeo con las lecciones, diapositivas, los pdfs con la informaci\u00f3n de repaso y evaluaciones.<\/p>\n<p>Aprender\u00e1s expresi\u00f3n oral y escrita, aprendiendo saludos, vocabulario, pedir y dar informaci\u00f3n personal, presentaciones y descripciones sencillas de lugares y personas.<\/p>\n<p>Aprender\u00e1s comprensi\u00f3n de lectura, leyendo correctamente textos y frases con un amplio vocabulario.<\/p>\n<p>Mejorar\u00e1s tu comprensi\u00f3n auditiva al escuchar de manera repetitiva verbos y conjugaciones de oraciones, podr\u00e1s escuchar palabras entendiendo que quieren decir y c\u00f3mo las puedes utilizar. Apoyados con material adicional dentro del curso tendr\u00e1s un aprendizaje m\u00e1s s\u00f3lido.<\/p>\n<p>Entender\u00e1s y comunicar\u00e1s cuestiones sencillas en diferentes \u00e1mbitos, como personales, laborales e informales.<\/p>\n<p>Acceder\u00e1s al certificado avalado por Hotmart y Seminarios Online.<\/p>\n<p>\u00bfC\u00d3MO LO VAS A LOGRAR?<\/p>\n<p>A trav\u00e9s del siguiente contenido estructurado paso a paso:<\/p>\n<p>Video 1 &#8211; Presentaci\u00f3n.<br \/>\nVideo 2 &#8211; Introducci\u00f3n.<br \/>\nVideo 3 &#8211; Invitaci\u00f3n redes sociales.<br \/>\nV\u00eddeo 4 &#8211; Estructura curso.<br \/>\nV\u00eddeo 5 &#8211; Nivel 1 lecci\u00f3n 1 familia.<br \/>\nV\u00eddeo 6 &#8211; Repaso familia.<br \/>\nV\u00eddeo 7 &#8211; Lecci\u00f3n 2 bienvenido a mi casa.<br \/>\nV\u00eddeo 8 &#8211; Repaso bienvenido a mi casa.<br \/>\nV\u00eddeo 9 &#8211; Lecci\u00f3n 3 pronombres personales.<br \/>\nV\u00eddeo 10 &#8211; Repaso pronombres personales.<br \/>\nV\u00eddeo 11 &#8211; Lecci\u00f3n 4 n\u00fameros.<br \/>\nV\u00eddeo 12 &#8211; Repaso n\u00fameros + PDF Evaluaci\u00f3n lecci\u00f3n 1 \u2013 4.<br \/>\nV\u00eddeo 13 &#8211; Lecci\u00f3n 5 mi ropa.<br \/>\nV\u00eddeo 14 &#8211; Repaso mi ropa.<br \/>\nV\u00eddeo 15 &#8211; Lecci\u00f3n 6 verbo have.<br \/>\nV\u00eddeo 16 &#8211; Repaso verbo have.<br \/>\nV\u00eddeo 17 &#8211; Lecci\u00f3n 7 ocupaciones.<br \/>\nV\u00eddeo 18 &#8211; Repaso ocupaciones.<br \/>\nV\u00eddeo 19 -Lecci\u00f3n 8 preposiciones de tiempo.<br \/>\nV\u00eddeo 20 &#8211; Repaso preposiciones de tiempo + PDF Evaluaci\u00f3n lecci\u00f3n 5- 8.<br \/>\nV\u00eddeo 21 -Lecci\u00f3n 9 la hora.<br \/>\nV\u00eddeo 22 &#8211; Repaso la hora.<br \/>\nV\u00eddeo 23 &#8211; Lecci\u00f3n 10 los verbos.<br \/>\nV\u00eddeo 24 &#8211; Repaso los verbos.<br \/>\nV\u00eddeo 25 &#8211; Lecci\u00f3n 11 can\/can\u00b4t.<br \/>\nV\u00eddeo 26 &#8211; Repaso can\/can\u00b4t.<\/p>\n<p>PDF- Evaluaci\u00f3n lecci\u00f3n 9 \u2013 11.<\/p>\n<p>V\u00eddeo 27 &#8211; Lecci\u00f3n 12 adjetivos.<br \/>\nV\u00eddeo 28 &#8211; Repaso adjetivos.<br \/>\nV\u00eddeo 29 &#8211; Lecci\u00f3n 13 igualdad.<br \/>\nV\u00eddeo 30 &#8211; Lecci\u00f3n 14 superlativo: m\u00e1ximo y m\u00ednimo.<br \/>\nV\u00eddeo 31 &#8211; Repaso superlativo + PDF Evaluaci\u00f3n lecci\u00f3n 12-14.<\/p>\n<p>PDF- Evaluaci\u00f3n final lecci\u00f3n 1-14.<\/p>\n<p>V\u00eddeo 32 &#8211; Nivel 2 lecci\u00f3n 1 acciones  comunes.<br \/>\nV\u00eddeo 33 &#8211; Repaso acciones comunes.<br \/>\nV\u00eddeo 34 &#8211; Lecci\u00f3n 2 frutas.<br \/>\nV\u00eddeo 35 &#8211; Repaso frutas.<br \/>\nV\u00eddeo 36 &#8211; Lecci\u00f3n 3 comida y bocadillos.<br \/>\nV\u00eddeo 37 &#8211; Repaso comida y bocadillos.<br \/>\nV\u00eddeo 38 &#8211; Lecci\u00f3n 4 contenedores.<br \/>\nV\u00eddeo 39 &#8211; Repaso contenedores.<\/p>\n<p>PDF Evaluaci\u00f3n lecci\u00f3n 1-4 (book2).<\/p>\n<p>V\u00eddeo 40 &#8211; Lecci\u00f3n 5 adverbios de frecuencia.<br \/>\nV\u00eddeo 41 &#8211; Repaso adverbios de frecuencia.<br \/>\nV\u00eddeo 42 &#8211; Lecci\u00f3n 6 conjugaci\u00f3n ING.<br \/>\nV\u00eddeo 43 &#8211; Repaso conjugaci\u00f3n ING.<br \/>\nV\u00eddeo 44 &#8211; Lecci\u00f3n 7 deber\u00eda.<br \/>\nV\u00eddeo 45 &#8211; Repaso deber\u00eda.<br \/>\nV\u00eddeo 46 &#8211; Lecci\u00f3n 8 deber.<br \/>\nV\u00eddeo 47 &#8211; Repaso deber.<\/p>\n<p>PDF Evaluaci\u00f3n lecci\u00f3n 5-8 (book2).<\/p>\n<p>V\u00eddeo 48 &#8211; Lecci\u00f3n 9 podr\u00eda.<br \/>\nV\u00eddeo 49 &#8211; Repaso podr\u00eda.<br \/>\nV\u00eddeo 50 &#8211; Lecci\u00f3n 10 har\u00eda.<br \/>\nV\u00eddeo 51 &#8211; Repaso har\u00eda.<br \/>\nV\u00eddeo 52 &#8211; Lecci\u00f3n 11 comparaci\u00f3n de adjetivos.<br \/>\nV\u00eddeo 53 &#8211; Repaso comparaci\u00f3n de adjetivos.<\/p>\n<p>PDF Evaluaci\u00f3n Lecci\u00f3n 9-11 (book2).\t<\/p>\n<p>V\u00eddeo 54 &#8211; Lecci\u00f3n 12 adverbios de manera.<br \/>\nV\u00eddeo 55 &#8211; Lecci\u00f3n 13 will\/wont.<br \/>\nV\u00eddeo 56 &#8211; Lecci\u00f3n 14 el modo imperativo.<br \/>\nV\u00eddeo 57 &#8211; Repaso el modo imperativo + PDF Evaluaci\u00f3n lecci\u00f3n 12-14 (book2).<\/p>\n<p>PDF Evaluaci\u00f3n Final: List of words.<\/p>\n<p>V\u00eddeo 58 &#8211; Bonus football.<br \/>\nV\u00eddeo 59 &#8211; Bonus m\u00fasica.<br \/>\nMaterial de apoyo<\/p>\n<p>ACERCA DEL PRODUCTOR<\/p>\n<p>Desarrollado por WILSON LEONARDO HAM\u00d3N NEIRA, es licenciado en ingl\u00e9s como lengua extranjera de la universidad Abierta y a Distancia UNAD.<\/p>\n<p>Tambi\u00e9n es especialista en aprendizaje aut\u00f3nomo y Magister en Tecnolog\u00eda de la Universidad de Cartagena UDEC. Cuenta con m\u00e1s de 15 a\u00f1os de experiencia en la ense\u00f1anza del idioma ingl\u00e9s. <\/p>\n<p>Cuenta con certificado Internacional en pedagog\u00eda para la ense\u00f1anza del ingl\u00e9s. Certificado TEFL, Ex\u00e1menes internacionales de nivel C1 en todas las habilidades del ingl\u00e9s. <\/p>\n<p>Es fundador de la Academia Piense en ingl\u00e9s donde se orientan procesos de certificaci\u00f3n internacional a estudiantes de grado sexto, 11 a\u00f1os, en adelante. <\/p>\n<p>Desde la Academia Piense en ingl\u00e9s nace el curso digital Piense en ingl\u00e9s, el cual busca firmar a personas de todo el mundo en el dominio del idioma ingl\u00e9s.<\/p>\n","protected":false},"excerpt":{"rendered":"<p>\u00a1El ingl\u00e9s es el idioma universal, facilita la comunicaci\u00f3n y el comercio a nivel internacional!<\/p>\n<p>Con el MASTER CLASS PIENSA EN INGL\u00c9S, tendr\u00e1s acceso a m\u00e1s oportunidades laborales o a estudiar en el pa\u00eds que quieras. <\/p>\n<p>Aqu\u00ed alcanzar\u00e1s el nivel B1 referencia por el marco com\u00fan europeo, mejorar\u00e1s tu expresi\u00f3n oral, escrita, tu comprensi\u00f3n de lectura y mucho m\u00e1s.<\/p>\n","protected":false},"featured_media":3829,"template":"","meta":{"_joinchat":[]},"product_brand":[],"product_cat":[328,344],"product_tag":[],"class_list":{"0":"post-12456","1":"product","2":"type-product","3":"status-publish","4":"has-post-thumbnail","6":"product_cat-idiomas","7":"product_cat-todos","9":"first","10":"instock","11":"sale","12":"shipping-taxable","13":"product-type-external"},"_links":{"self":[{"href":"https:\/\/cursos.talentup.cl\/index.php?rest_route=\/wp\/v2\/product\/12456","targetHints":{"allow":["GET"]}}],"collection":[{"href":"https:\/\/cursos.talentup.cl\/index.php?rest_route=\/wp\/v2\/product"}],"about":[{"href":"https:\/\/cursos.talentup.cl\/index.php?rest_route=\/wp\/v2\/types\/product"}],"version-history":[{"count":2,"href":"https:\/\/cursos.talentup.cl\/index.php?rest_route=\/wp\/v2\/product\/12456\/revisions"}],"predecessor-version":[{"id":14495,"href":"https:\/\/cursos.talentup.cl\/index.php?rest_route=\/wp\/v2\/product\/12456\/revisions\/14495"}],"wp:featuredmedia":[{"embeddable":true,"href":"https:\/\/cursos.talentup.cl\/index.php?rest_route=\/wp\/v2\/media\/3829"}],"wp:attachment":[{"href":"https:\/\/cursos.talentup.cl\/index.php?rest_route=%2Fwp%2Fv2%2Fmedia&parent=12456"}],"wp:term":[{"taxonomy":"product_brand","embeddable":true,"href":"https:\/\/cursos.talentup.cl\/index.php?rest_route=%2Fwp%2Fv2%2Fproduct_brand&post=12456"},{"taxonomy":"product_cat","embeddable":true,"href":"https:\/\/cursos.talentup.cl\/index.php?rest_route=%2Fwp%2Fv2%2Fproduct_cat&post=12456"},{"taxonomy":"product_tag","embeddable":true,"href":"https:\/\/cursos.talentup.cl\/index.php?rest_route=%2Fwp%2Fv2%2Fproduct_tag&post=12456"}],"curies":[{"name":"wp","href":"https:\/\/api.w.org\/{rel}","templated":true}]}}